{"id":9251,"date":"2020-01-21T14:00:46","date_gmt":"2020-01-21T11:00:46","guid":{"rendered":"https:\/\/tuzlahortum.com.tr\/?post_type=product&#038;p=9251"},"modified":"2024-03-21T17:38:29","modified_gmt":"2024-03-21T14:38:29","slug":"kumlama-nozulu-gomme-kopya","status":"publish","type":"product","link":"https:\/\/tuzlahortum.com.tr\/en\/product\/kumlama-nozulu-gomme-kopya\/","title":{"rendered":"Sandblasting Nozzle \u2013 Recessed (Kennametal)"},"content":{"rendered":"<h2>Sandblasting Nozzle \u2013 Recessed (Kennametal)<\/h2>","protected":false},"excerpt":{"rendered":"<p>Sandblasting Nozzle \u2013 Recessed (Kennametal)<\/p>","protected":false},"featured_media":9258,"comment_status":"open","ping_status":"closed","template":"","meta":{"jetpack_post_was_ever_published":false},"product_brand":[],"product_cat":[2326],"product_tag":[931,911,925,924],"class_list":{"0":"post-9251","1":"product","2":"type-product","3":"status-publish","4":"has-post-thumbnail","6":"product_cat-kumlama-malzemeleri","7":"product_tag-gomme","8":"product_tag-kumlama","9":"product_tag-kumlama-nozulu","10":"product_tag-nozul","12":"first","13":"instock","14":"taxable","15":"shipping-taxable","16":"product-type-variable"},"jetpack-related-posts":[{"id":770,"url":"https:\/\/tuzlahortum.com.tr\/en\/product\/kumlama-nozulu-gomme\/","url_meta":{"origin":9251,"position":0},"title":"Sandblasting Nozzle \u2013 Recessed","author":"admin","date":"6 February 2019","format":false,"excerpt":"Kumlama Nozulu - G\u00f6mme400 saat \u00e7al\u0131\u015fma kapasitelidir. Manevra kabiliyeti sa\u011flayarak dar alanlar\u0131 kumlamada kullan\u0131l\u0131r. 6,5mm den 12,5mm \u00a0delik \u00e7aplar\u0131na kadar kullan\u0131m alan\u0131n\u0131za g\u00f6re tercih edebilirsiniz. 1 \u00bc\u201d hortumlarda HTC g\u00f6mme nozul i\u00e7 \u00e7ap\u0131 32mm kullan\u0131l\u0131r. 1\u201d hortumlarda GTC ise i\u00e7 \u00e7ap\u0131 25mm kullan\u0131l\u0131r.\u00a0\u00a0 120mm uzunlu\u011fundad\u0131r.","rel":"","context":"Similar post","block_context":{"text":"Similar post","link":""},"img":{"alt_text":"","src":"https:\/\/i0.wp.com\/tuzlahortum.com.tr\/wp-content\/uploads\/urunler\/Kumlama\/gomme_nozul.png?fit=665%2C309&ssl=1&resize=350%2C200","width":350,"height":200,"srcset":"https:\/\/i0.wp.com\/tuzlahortum.com.tr\/wp-content\/uploads\/urunler\/Kumlama\/gomme_nozul.png?fit=665%2C309&ssl=1&resize=350%2C200 1x, https:\/\/i0.wp.com\/tuzlahortum.com.tr\/wp-content\/uploads\/urunler\/Kumlama\/gomme_nozul.png?fit=665%2C309&ssl=1&resize=525%2C300 1.5x"},"classes":[]},{"id":775,"url":"https:\/\/tuzlahortum.com.tr\/en\/product\/plastik-kumlama-nozul-tutucu\/","url_meta":{"origin":9251,"position":1},"title":"Plastic Sandblasting Nozzle Holder","author":"admin","date":"6 February 2019","format":false,"excerpt":"Plastic Sandblasting Nozzle HolderSandblasting nozzle holder heads; It provides optimum connection with the sandblasting hose by holding the nozzle tightly with its flexible and screw structure. With its non-heavy, lightweight structure, it does not tire the operator with its weight in the sandblasting process and provides ergonomic use. It can be easily mounted to the blast hose or blast pipe through screwing holes.","rel":"","context":"Similar post","block_context":{"text":"Similar post","link":""},"img":{"alt_text":"","src":"https:\/\/i0.wp.com\/tuzlahortum.com.tr\/wp-content\/uploads\/urunler\/Kumlama\/kumlama-nozul-tutucu.jpg?fit=233%2C216&ssl=1&resize=350%2C200","width":350,"height":200},"classes":[]},{"id":768,"url":"https:\/\/tuzlahortum.com.tr\/en\/product\/kumlama-nozulu-boron-carbide\/","url_meta":{"origin":9251,"position":2},"title":"Sandblasting Nozzle (Boron Carbide)","author":"admin","date":"6 February 2019","format":false,"excerpt":"Kumlama Nozulu (Boron Carbide)\u00a0Boron carbide \u00f6zelli\u011fine sahip 1000 saat \u00e7al\u0131\u015fma kapasiteli kumlama nozuludur. 6,5mm den 12,5mm delik \u00e7aplar\u0131na kadar kullan\u0131m alan\u0131n\u0131za g\u00f6re tercih edebilirsiniz. 130mm uzunlu\u011fundad\u0131r.","rel":"","context":"Similar post","block_context":{"text":"Similar post","link":""},"img":{"alt_text":"","src":"https:\/\/i0.wp.com\/tuzlahortum.com.tr\/wp-content\/uploads\/urunler\/Kumlama\/kumlama_nozulu.jpg?fit=380%2C298&ssl=1&resize=350%2C200","width":350,"height":200},"classes":[]},{"id":9054,"url":"https:\/\/tuzlahortum.com.tr\/en\/product\/kumlama-nozulu-performer-nozul-1000\/","url_meta":{"origin":9251,"position":3},"title":"Sandblasting Nozzle \u2013 Performer Nozzle 1000","author":"\u0130smail \u00c7elik","date":"9 April 2019","format":false,"excerpt":"Sandblasting Nozzle - Performer Nozzle 1000Performer is an advanced model with high performance. It is equipped with a high abrasion resistant liner and a robust, lightweight polyurethane sleeve. The Contracor Performer series of sandblasting nozzles is suitable for aluminum oxide, silicon carbide, steel grit or highly abrasive sandblasting. Available in five different sizes. It is easy to adjust the compressed air supply and...","rel":"","context":"Similar post","block_context":{"text":"Similar post","link":""},"img":{"alt_text":"","src":"https:\/\/i0.wp.com\/tuzlahortum.com.tr\/wp-content\/uploads\/2019\/04\/performer-1000.png?fit=650%2C325&ssl=1&resize=350%2C200","width":350,"height":200,"srcset":"https:\/\/i0.wp.com\/tuzlahortum.com.tr\/wp-content\/uploads\/2019\/04\/performer-1000.png?fit=650%2C325&ssl=1&resize=350%2C200 1x, https:\/\/i0.wp.com\/tuzlahortum.com.tr\/wp-content\/uploads\/2019\/04\/performer-1000.png?fit=650%2C325&ssl=1&resize=525%2C300 1.5x"},"classes":[]},{"id":9042,"url":"https:\/\/tuzlahortum.com.tr\/en\/product\/kumlama-nozulu-performer-nozul-400\/","url_meta":{"origin":9251,"position":4},"title":"Sandblasting Nozzle \u2013 Performer Nozzle 400","author":"\u0130smail \u00c7elik","date":"9 April 2019","format":false,"excerpt":"Sandblasting Nozzle - Performer Nozzle 400Performer is an advanced model with high performance. It is equipped with a high abrasion resistant liner and a robust, lightweight polyurethane cover. The Contracor Performer series of sandblasting nozzles is suitable for aluminum oxide, silicon carbide, steel grit or highly abrasive sandblasting. Available in five different sizes. It is easy to adjust the compressed air supply and...","rel":"","context":"Similar post","block_context":{"text":"Similar post","link":""},"img":{"alt_text":"","src":"https:\/\/i0.wp.com\/tuzlahortum.com.tr\/wp-content\/uploads\/2019\/04\/performer-400.png?fit=650%2C323&ssl=1&resize=350%2C200","width":350,"height":200,"srcset":"https:\/\/i0.wp.com\/tuzlahortum.com.tr\/wp-content\/uploads\/2019\/04\/performer-400.png?fit=650%2C323&ssl=1&resize=350%2C200 1x, https:\/\/i0.wp.com\/tuzlahortum.com.tr\/wp-content\/uploads\/2019\/04\/performer-400.png?fit=650%2C323&ssl=1&resize=525%2C300 1.5x"},"classes":[]},{"id":9048,"url":"https:\/\/tuzlahortum.com.tr\/en\/product\/kumlama-nozulu-performer-nozul-600\/","url_meta":{"origin":9251,"position":5},"title":"Sandblasting Nozzle \u2013 Performer Nozzle 600","author":"\u0130smail \u00c7elik","date":"9 April 2019","format":false,"excerpt":"Sandblasting Nozzle - Performer Nozzle 600Performer is an advanced model with high performance. It is equipped with a high abrasion resistant liner and a robust, lightweight polyurethane cover. The Contracor Performer series of sandblasting nozzles is suitable for aluminum oxide, silicon carbide, steel grit or highly abrasive sandblasting. Available in five different sizes. To adjust the compressed air supply and...","rel":"","context":"Similar post","block_context":{"text":"Similar post","link":""},"img":{"alt_text":"","src":"https:\/\/i0.wp.com\/tuzlahortum.com.tr\/wp-content\/uploads\/2019\/04\/performer-600.png?fit=650%2C304&ssl=1&resize=350%2C200","width":350,"height":200,"srcset":"https:\/\/i0.wp.com\/tuzlahortum.com.tr\/wp-content\/uploads\/2019\/04\/performer-600.png?fit=650%2C304&ssl=1&resize=350%2C200 1x, https:\/\/i0.wp.com\/tuzlahortum.com.tr\/wp-content\/uploads\/2019\/04\/performer-600.png?fit=650%2C304&ssl=1&resize=525%2C300 1.5x"},"classes":[]}],"jetpack_sharing_enabled":true,"jetpack_likes_enabled":true,"_links":{"self":[{"href":"https:\/\/tuzlahortum.com.tr\/en\/wp-json\/wp\/v2\/product\/9251","targetHints":{"allow":["GET"]}}],"collection":[{"href":"https:\/\/tuzlahortum.com.tr\/en\/wp-json\/wp\/v2\/product"}],"about":[{"href":"https:\/\/tuzlahortum.com.tr\/en\/wp-json\/wp\/v2\/types\/product"}],"replies":[{"embeddable":true,"href":"https:\/\/tuzlahortum.com.tr\/en\/wp-json\/wp\/v2\/comments?post=9251"}],"wp:featuredmedia":[{"embeddable":true,"href":"https:\/\/tuzlahortum.com.tr\/en\/wp-json\/wp\/v2\/media\/9258"}],"wp:attachment":[{"href":"https:\/\/tuzlahortum.com.tr\/en\/wp-json\/wp\/v2\/media?parent=9251"}],"wp:term":[{"taxonomy":"product_brand","embeddable":true,"href":"https:\/\/tuzlahortum.com.tr\/en\/wp-json\/wp\/v2\/product_brand?post=9251"},{"taxonomy":"product_cat","embeddable":true,"href":"https:\/\/tuzlahortum.com.tr\/en\/wp-json\/wp\/v2\/product_cat?post=9251"},{"taxonomy":"product_tag","embeddable":true,"href":"https:\/\/tuzlahortum.com.tr\/en\/wp-json\/wp\/v2\/product_tag?post=9251"}],"curies":[{"name":"wp","href":"https:\/\/api.w.org\/{rel}","templated":true}]}}