{"id":919,"date":"2019-02-06T23:55:49","date_gmt":"2019-02-06T20:55:49","guid":{"rendered":"http:\/\/hortum.com.tr\/product\/import-placeholder-for-449\/"},"modified":"2024-03-21T17:40:45","modified_gmt":"2024-03-21T14:40:45","slug":"trelleborg-starkler","status":"publish","type":"product","link":"https:\/\/tuzlahortum.com.tr\/en\/product\/trelleborg-starkler\/","title":{"rendered":"Trelleborg STARKLER"},"content":{"rendered":"<h2>Trelleborg STARKLER<\/h2>\n<div>Water\/Drain applications<\/div>\n<div>High pressure cleaning processes and using hot or cold water and many different liquids<\/div>\n<div>multipurpose hose for general drain applications (see chemical resistance chart for EPDM).<\/div>\n<div>Suitable for all sectors: construction and public works, industry, agriculture, etc.<\/div>\n<div>Advantages<\/div>\n<div>* Extremely resistant to aging and atmospheric conditions.<\/div>\n<div>*Wide operating temperature range (-30\u00b0C to +100\u00b0C).<\/div>\n<div>*Wide variety of diameters.<\/div>\n<div>*Excellent mechanical properties.<\/div>\n<div>* Resistant to many liquids.<\/div>\n<div>* Attractive, neat appearance.<\/div>\n<div>*Long lifetime.<\/div>\n<div>technical description<\/div>\n<div>Inner tube: EPDM, black, straight.<\/div>\n<div>Reinforcement: synthetic textile.<\/div>\n<div>Coating : EPDM, black, smooth for INS from 12.7 to 25.4mm, with fabric look for INS from 30 to 38mm.<\/div>\n<div>Temperature range: -30\u00b0C to +100\u00b0C.<\/div>\n<div>Standard\/Approval :<\/div>\n<div>Conforms to NF EN ISO 1403 type 2 (excluding marking).<\/div>\n<div>\n<div class=\"video video-fit mb\" style=\"padding-top:56.25%;\"><p><iframe loading=\"lazy\" title=\"Measurement Confusion (Inch, Finger, Haze, Millimeter)\" width=\"1020\" height=\"574\" src=\"https:\/\/www.youtube.com\/embed\/uKk6AG_AZls?feature=oembed\" frameborder=\"0\" allow=\"accelerometer; autoplay; clipboard-write; encrypted-media; gyroscope; picture-in-picture; web-share\" referrerpolicy=\"strict-origin-when-cross-origin\" allowfullscreen><\/iframe><\/p>\n<\/div>\n<div class=\"video video-fit mb\" style=\"padding-top:56.25%;\"><p>https:\/\/www.youtube.com\/watch?v=O8ZlzKEjfEQ%20<\/p>\n<\/div>\n<\/div>\n<p><img data-recalc-dims=\"1\" loading=\"lazy\" decoding=\"async\" class=\"alignnone size-medium wp-image-2083\" src=\"https:\/\/i0.wp.com\/hortum.com.tr\/wp-content\/uploads\/urunler\/trelleborg\/Trelleborg-STARKLER-800x183.jpg?resize=800%2C183\" alt=\"\" width=\"800\" height=\"183\" title=\"\" srcset=\"https:\/\/i0.wp.com\/tuzlahortum.com.tr\/wp-content\/uploads\/urunler\/trelleborg\/Trelleborg-STARKLER.jpg?resize=800%2C183&amp;ssl=1 800w, https:\/\/i0.wp.com\/tuzlahortum.com.tr\/wp-content\/uploads\/urunler\/trelleborg\/Trelleborg-STARKLER.jpg?resize=768%2C176&amp;ssl=1 768w, https:\/\/i0.wp.com\/tuzlahortum.com.tr\/wp-content\/uploads\/urunler\/trelleborg\/Trelleborg-STARKLER.jpg?resize=600%2C137&amp;ssl=1 600w, https:\/\/i0.wp.com\/tuzlahortum.com.tr\/wp-content\/uploads\/urunler\/trelleborg\/Trelleborg-STARKLER.jpg?w=844&amp;ssl=1 844w\" sizes=\"auto, (max-width: 800px) 100vw, 800px\" \/><\/p>","protected":false},"excerpt":{"rendered":"<p>Trelleborg STARKLER Su\/Tahliye uygulamalar\u0131 Y\u00fcksek bas\u0131n\u00e7la temizleme i\u015flemleri ve s\u0131cak veya so\u011fuk su ve bir\u00e7ok farkl\u0131 s\u0131v\u0131n\u0131n kullan\u0131ld\u0131\u011f\u0131 genel tahliye uygulamalar\u0131na y\u00f6nelik \u00e7ok ama\u00e7l\u0131 hortum (EPDM i\u00e7in kimyasal diren\u00e7 tablosuna\u00a0bak\u0131n\u0131z). T\u00fcm sekt\u00f6rler i\u00e7in uygundur: in\u015faat ve bay\u0131nd\u0131rl\u0131k hizmetleri, end\u00fcstri, tar\u0131m, vs. Avantajlar *Eskime ve atmosfer ko\u015fullar\u0131na kar\u015f\u0131 son derece dayan\u0131kl\u0131. *Geni\u015f \u00e7al\u0131\u015fma s\u0131cakl\u0131\u011f\u0131 aral\u0131\u011f\u0131 (-30\u00b0C [&#8230;]\n","protected":false},"featured_media":2674,"comment_status":"open","ping_status":"closed","template":"","meta":{"jetpack_post_was_ever_published":false},"product_brand":[],"product_cat":[1185],"product_tag":[556,1199,295,1198,531,1197,555,1187,652,525,1023],"class_list":{"0":"post-919","1":"product","2":"type-product","3":"status-publish","4":"has-post-thumbnail","6":"product_cat-su-ve-sulama-hortumlari","7":"product_tag-asinmaya-yuksek-dayanim","8":"product_tag-bayindirlik-hizmetleri","9":"product_tag-endustri","10":"product_tag-insaat-hizmetleri","11":"product_tag-sicak-su","12":"product_tag-soguk-su","13":"product_tag-su","14":"product_tag-su-tahliyesi","15":"product_tag-tarim","16":"product_tag-temizlik","17":"product_tag-yuksek-basinc","19":"first","20":"instock","21":"taxable","22":"shipping-taxable","23":"product-type-variable"},"jetpack-related-posts":[{"id":910,"url":"https:\/\/tuzlahortum.com.tr\/en\/product\/trelleborg-colorado-s\/","url_meta":{"origin":919,"position":0},"title":"Trelleborg COLORADO S","author":"admin","date":"6 February 2019","format":false,"excerpt":"Trelleborg COLORADO SSu\/Tahliye uygulamalar\u0131 Zorlu ko\u015fullar alt\u0131ndaki her t\u00fcrl\u00fc orta bas\u0131n\u00e7l\u0131 end\u00fcstriyel ve tar\u0131msal uygulamalarda su\u00a0tahliyesi. Avantajlar *Eskime ve atmosfer ko\u015fullar\u0131na kar\u015f\u0131 son derece dayan\u0131kl\u0131. *Kolay depolama ve ta\u015f\u0131ma i\u00e7in d\u00fcz olarak sar\u0131l\u0131r. *Darbe, k\u0131r\u0131lma ve a\u015f\u0131nmaya kar\u015f\u0131 dayan\u0131kl\u0131 yap\u0131. *100\u00b0C'ye kadar olan s\u0131v\u0131lar i\u00e7in. *Geni\u015f \u00e7e\u015fitlilikte \u00e7aplar. Teknik a\u00e7\u0131klama\u2026","rel":"","context":"Similar post","block_context":{"text":"Similar post","link":""},"img":{"alt_text":"","src":"https:\/\/i0.wp.com\/tuzlahortum.com.tr\/wp-content\/uploads\/2019\/02\/COLORADO-S.jpg?fit=800%2C800&ssl=1&resize=350%2C200","width":350,"height":200,"srcset":"https:\/\/i0.wp.com\/tuzlahortum.com.tr\/wp-content\/uploads\/2019\/02\/COLORADO-S.jpg?fit=800%2C800&ssl=1&resize=350%2C200 1x, https:\/\/i0.wp.com\/tuzlahortum.com.tr\/wp-content\/uploads\/2019\/02\/COLORADO-S.jpg?fit=800%2C800&ssl=1&resize=525%2C300 1.5x, https:\/\/i0.wp.com\/tuzlahortum.com.tr\/wp-content\/uploads\/2019\/02\/COLORADO-S.jpg?fit=800%2C800&ssl=1&resize=700%2C400 2x"},"classes":[]},{"id":916,"url":"https:\/\/tuzlahortum.com.tr\/en\/product\/trelleborg-ost-epdm-16bar\/","url_meta":{"origin":919,"position":1},"title":"Trelleborg OST EPDM 16BAR","author":"admin","date":"6 February 2019","format":false,"excerpt":"Trelleborg OST EPDM 16BARSu\/Vakum uygulamalar\u0131 Evsel su, end\u00fcstriyel su, at\u0131k sular, \u00e7amurlu su ve s\u0131v\u0131 g\u00fcbrenin \u00e7ekilmesi ve tahliyesi i\u00e7in. Avantajlar *End\u00fcstrinin t\u00fcm alanlar\u0131nda kullan\u0131lan pompalara uygun geni\u015f \u00e7e\u015fitlilikte \u00e7aplar. *M\u00fckemmel esneklik. *T\u00fcm \u00e7aplarda 16 bar'l\u0131k sabit \u00e7al\u0131\u015fma bas\u0131nc\u0131. *Is\u0131ya kar\u015f\u0131 y\u00fcksek dayan\u0131m, iletken ve a\u015f\u0131nmaya kar\u015f\u0131 dayan\u0131kl\u0131 i\u00e7 lastik.\u2026","rel":"","context":"Similar post","block_context":{"text":"Similar post","link":""},"img":{"alt_text":"","src":"https:\/\/i0.wp.com\/tuzlahortum.com.tr\/wp-content\/uploads\/2019\/02\/OST-EPDM-16BAR.jpg?fit=800%2C800&ssl=1&resize=350%2C200","width":350,"height":200,"srcset":"https:\/\/i0.wp.com\/tuzlahortum.com.tr\/wp-content\/uploads\/2019\/02\/OST-EPDM-16BAR.jpg?fit=800%2C800&ssl=1&resize=350%2C200 1x, https:\/\/i0.wp.com\/tuzlahortum.com.tr\/wp-content\/uploads\/2019\/02\/OST-EPDM-16BAR.jpg?fit=800%2C800&ssl=1&resize=525%2C300 1.5x, https:\/\/i0.wp.com\/tuzlahortum.com.tr\/wp-content\/uploads\/2019\/02\/OST-EPDM-16BAR.jpg?fit=800%2C800&ssl=1&resize=700%2C400 2x"},"classes":[]},{"id":899,"url":"https:\/\/tuzlahortum.com.tr\/en\/product\/trelleborg-solvykler\/","url_meta":{"origin":919,"position":2},"title":"Trelleborg SOLVYKS","author":"admin","date":"6 February 2019","format":false,"excerpt":"Trelleborg SOLVYKLERSolventler\/Boyalar\/Cila ve Vernik Ester, keton, alkol bazl\u0131 boyalar ve bir\u00e7ok kimyasal i\u00e7in bas\u0131n\u00e7l\u0131 hizmet hatt\u0131. Avantajlar *Hortum kaplamas\u0131 korozif kimyasal s\u0131\u00e7ramas\u0131na kar\u015f\u0131 dayan\u0131kl\u0131d\u0131r. *Silikon i\u00e7ermez. *Hortum esnekli\u011fini geni\u015f bir s\u0131cakl\u0131k aral\u0131\u011f\u0131nda korur. *Antistatik i\u00e7 lastik. Teknik a\u00e7\u0131klama \u0130\u00e7 t\u00fcp :\u00a0kimyasal maddelere dayan\u0131kl\u0131 EPDM, siyah, d\u00fcz. Takviye :\u00a0sentetik tekstil. Kaplama\u2026","rel":"","context":"Similar post","block_context":{"text":"Similar post","link":""},"img":{"alt_text":"","src":"https:\/\/i0.wp.com\/tuzlahortum.com.tr\/wp-content\/uploads\/2019\/02\/SOLVYKLER.jpg?fit=800%2C800&ssl=1&resize=350%2C200","width":350,"height":200,"srcset":"https:\/\/i0.wp.com\/tuzlahortum.com.tr\/wp-content\/uploads\/2019\/02\/SOLVYKLER.jpg?fit=800%2C800&ssl=1&resize=350%2C200 1x, https:\/\/i0.wp.com\/tuzlahortum.com.tr\/wp-content\/uploads\/2019\/02\/SOLVYKLER.jpg?fit=800%2C800&ssl=1&resize=525%2C300 1.5x, https:\/\/i0.wp.com\/tuzlahortum.com.tr\/wp-content\/uploads\/2019\/02\/SOLVYKLER.jpg?fit=800%2C800&ssl=1&resize=700%2C400 2x"},"classes":[]},{"id":909,"url":"https:\/\/tuzlahortum.com.tr\/en\/product\/trelleborg-cascade\/","url_meta":{"origin":919,"position":3},"title":"Trelleborg CASCADE","author":"admin","date":"6 February 2019","format":false,"excerpt":"Trelleborg CASCADESu\/Temizlik ve y\u0131kama End\u00fcstriyel alanlar veya \u015fehirlerde su tahliyesi ve binalar veya bay\u0131nd\u0131rl\u0131k hizmetlerinde su tahliye uygulamalar\u0131. Avantajlar *Eskime ve atmosfer ko\u015fullar\u0131na kar\u015f\u0131 son derece dayan\u0131kl\u0131. *Y\u00fcksek esneklik ve kavramay\u0131 kolayla\u015ft\u0131ran oluklu kaplama. Teknik a\u00e7\u0131klama \u0130\u00e7 t\u00fcp :\u00a0SBR, siyah, d\u00fcz. Takviye :\u00a0sentetik tekstil. Kaplama :\u00a0EPDM, ye\u015fil, oluklu. S\u0131cakl\u0131k aral\u0131\u011f\u0131\u2026","rel":"","context":"Similar post","block_context":{"text":"Similar post","link":""},"img":{"alt_text":"","src":"https:\/\/i0.wp.com\/tuzlahortum.com.tr\/wp-content\/uploads\/2019\/02\/CASCADE.jpg?fit=800%2C800&ssl=1&resize=350%2C200","width":350,"height":200,"srcset":"https:\/\/i0.wp.com\/tuzlahortum.com.tr\/wp-content\/uploads\/2019\/02\/CASCADE.jpg?fit=800%2C800&ssl=1&resize=350%2C200 1x, https:\/\/i0.wp.com\/tuzlahortum.com.tr\/wp-content\/uploads\/2019\/02\/CASCADE.jpg?fit=800%2C800&ssl=1&resize=525%2C300 1.5x, https:\/\/i0.wp.com\/tuzlahortum.com.tr\/wp-content\/uploads\/2019\/02\/CASCADE.jpg?fit=800%2C800&ssl=1&resize=700%2C400 2x"},"classes":[]},{"id":911,"url":"https:\/\/tuzlahortum.com.tr\/en\/product\/trelleborg-klerheat\/","url_meta":{"origin":919,"position":4},"title":"Trelleborg KLERHEAT","author":"admin","date":"6 February 2019","format":false,"excerpt":"Trelleborg KLERHEATSu\/So\u011futma uygulamalar\u0131 \u00c7elikhaneler, cam \u00fcretim tesisleri, d\u00f6k\u00fcmhaneler, vs.'de bulunan ergitme y\u00fczeylerinde end\u00fcstriyel so\u011futma hortumu olarak ve kablo so\u011futma hortumu olarak kullan\u0131l\u0131r. Ayr\u0131ca y\u00fcksek s\u0131cakl\u0131klardaki \u00e7al\u0131\u015fma alanlar\u0131nda ve elektriksel a\u00e7\u0131dan izolasyonlu hortum gereken uygulamalarda kullan\u0131l\u0131r. Avantajlar *\u00c7elik s\u0131\u00e7ramas\u0131na ve +400\u00b0C ge\u00e7ici radyasyon s\u0131cakl\u0131\u011f\u0131na kar\u015f\u0131\u00a0dayan\u0131kl\u0131d\u0131r. *D\u0131\u015f kaplamas\u0131 cam \u00f6rg\u00fc kuma\u015ftan yap\u0131lm\u0131\u015ft\u0131r\u2026","rel":"","context":"Similar post","block_context":{"text":"Similar post","link":""},"img":{"alt_text":"","src":"https:\/\/i0.wp.com\/tuzlahortum.com.tr\/wp-content\/uploads\/2019\/02\/KLERHEAT.jpg?fit=800%2C800&ssl=1&resize=350%2C200","width":350,"height":200,"srcset":"https:\/\/i0.wp.com\/tuzlahortum.com.tr\/wp-content\/uploads\/2019\/02\/KLERHEAT.jpg?fit=800%2C800&ssl=1&resize=350%2C200 1x, https:\/\/i0.wp.com\/tuzlahortum.com.tr\/wp-content\/uploads\/2019\/02\/KLERHEAT.jpg?fit=800%2C800&ssl=1&resize=525%2C300 1.5x, https:\/\/i0.wp.com\/tuzlahortum.com.tr\/wp-content\/uploads\/2019\/02\/KLERHEAT.jpg?fit=800%2C800&ssl=1&resize=700%2C400 2x"},"classes":[]},{"id":662,"url":"https:\/\/tuzlahortum.com.tr\/en\/product\/trelleborg-vulcain\/","url_meta":{"origin":919,"position":5},"title":"Trelleborg VULCAIN+","author":"admin","date":"6 February 2019","format":false,"excerpt":"Trelleborg VULCAIN+Hava\/Bas\u0131n\u00e7l\u0131 hava uygulamalar\u0131 Pn\u00f6matik aletler ve pn\u00f6matik kontrol hatlar\u0131 i\u00e7in (\u00f6r. boya p\u00fcsk\u00fcrtme tabancalar\u0131). Avantajlar *Statik iletken i\u00e7 lastik. *\u00d6zellikle d\u00fc\u015f\u00fck s\u0131cakl\u0131klarda olduk\u00e7a esnektir. *S\u0131cak suya uygundur. Teknik a\u00e7\u0131klama \u0130\u00e7 t\u00fcp :\u00a0EPDM, siyah, d\u00fcz. Takviye :\u00a0sentetik tekstil. Kaplama :\u00a0EPDM, mavi, d\u00fcz. S\u0131cakl\u0131k aral\u0131\u011f\u0131 :\u00a0-40\u00b0C to +100\u00b0C. Elektriksel \u00f6zellikler :\u00a0iletken\u2026","rel":"","context":"Similar post","block_context":{"text":"Similar post","link":""},"img":{"alt_text":"","src":"https:\/\/i0.wp.com\/tuzlahortum.com.tr\/wp-content\/uploads\/2019\/02\/VULCAIN.jpg?fit=800%2C800&ssl=1&resize=350%2C200","width":350,"height":200,"srcset":"https:\/\/i0.wp.com\/tuzlahortum.com.tr\/wp-content\/uploads\/2019\/02\/VULCAIN.jpg?fit=800%2C800&ssl=1&resize=350%2C200 1x, https:\/\/i0.wp.com\/tuzlahortum.com.tr\/wp-content\/uploads\/2019\/02\/VULCAIN.jpg?fit=800%2C800&ssl=1&resize=525%2C300 1.5x, https:\/\/i0.wp.com\/tuzlahortum.com.tr\/wp-content\/uploads\/2019\/02\/VULCAIN.jpg?fit=800%2C800&ssl=1&resize=700%2C400 2x"},"classes":[]}],"jetpack_sharing_enabled":true,"jetpack_likes_enabled":true,"_links":{"self":[{"href":"https:\/\/tuzlahortum.com.tr\/en\/wp-json\/wp\/v2\/product\/919","targetHints":{"allow":["GET"]}}],"collection":[{"href":"https:\/\/tuzlahortum.com.tr\/en\/wp-json\/wp\/v2\/product"}],"about":[{"href":"https:\/\/tuzlahortum.com.tr\/en\/wp-json\/wp\/v2\/types\/product"}],"replies":[{"embeddable":true,"href":"https:\/\/tuzlahortum.com.tr\/en\/wp-json\/wp\/v2\/comments?post=919"}],"wp:featuredmedia":[{"embeddable":true,"href":"https:\/\/tuzlahortum.com.tr\/en\/wp-json\/wp\/v2\/media\/2674"}],"wp:attachment":[{"href":"https:\/\/tuzlahortum.com.tr\/en\/wp-json\/wp\/v2\/media?parent=919"}],"wp:term":[{"taxonomy":"product_brand","embeddable":true,"href":"https:\/\/tuzlahortum.com.tr\/en\/wp-json\/wp\/v2\/product_brand?post=919"},{"taxonomy":"product_cat","embeddable":true,"href":"https:\/\/tuzlahortum.com.tr\/en\/wp-json\/wp\/v2\/product_cat?post=919"},{"taxonomy":"product_tag","embeddable":true,"href":"https:\/\/tuzlahortum.com.tr\/en\/wp-json\/wp\/v2\/product_tag?post=919"}],"curies":[{"name":"wp","href":"https:\/\/api.w.org\/{rel}","templated":true}]}}