{"id":918,"date":"2019-02-06T23:55:48","date_gmt":"2019-02-06T20:55:48","guid":{"rendered":"http:\/\/hortum.com.tr\/product\/import-placeholder-for-447\/"},"modified":"2024-03-21T17:40:46","modified_gmt":"2024-03-21T14:40:46","slug":"trelleborg-redwater","status":"publish","type":"product","link":"https:\/\/tuzlahortum.com.tr\/en\/product\/trelleborg-redwater\/","title":{"rendered":"Trelleborg REDWATER"},"content":{"rendered":"<h2>Trelleborg REDWATER<\/h2>\n<div>Water\/Cleaning and washing<\/div>\n<div>Water discharge under pressure in industrial areas or cities.<\/div>\n<div>Advantages<\/div>\n<div>*Durable hose.<\/div>\n<div>*High resistance to abrasion thanks to its wall thickness.<\/div>\n<div>technical description<\/div>\n<div>Inner tube : SBR for ID\u226425mm, EPDM for ID&gt;25mm, black, plain.<\/div>\n<div>Reinforcement: synthetic textile.<\/div>\n<div>Coating : SBR, red, fabric look for DIA&gt;25mm, plain for DIA \u226425mm.<\/div>\n<div>Temperature range: -25\u00b0C to +70\u00b0C.<\/div>\n<div>\n<div class=\"video video-fit mb\" style=\"padding-top:56.25%;\"><p><iframe loading=\"lazy\" title=\"Measurement Confusion (Inch, Finger, Haze, Millimeter)\" width=\"1020\" height=\"574\" src=\"https:\/\/www.youtube.com\/embed\/uKk6AG_AZls?feature=oembed\" frameborder=\"0\" allow=\"accelerometer; autoplay; clipboard-write; encrypted-media; gyroscope; picture-in-picture; web-share\" referrerpolicy=\"strict-origin-when-cross-origin\" allowfullscreen><\/iframe><\/p>\n<\/div>\n<div class=\"video video-fit mb\" style=\"padding-top:56.25%;\"><p>https:\/\/www.youtube.com\/watch?v=O8ZlzKEjfEQ%20<\/p>\n<\/div>\n<\/div>\n<p><img data-recalc-dims=\"1\" loading=\"lazy\" decoding=\"async\" class=\"alignnone size-medium wp-image-2085\" src=\"https:\/\/i0.wp.com\/hortum.com.tr\/wp-content\/uploads\/urunler\/trelleborg\/Trelleborg-REDWATER-800x321.jpg?resize=800%2C321\" alt=\"\" width=\"800\" height=\"321\" title=\"\" srcset=\"https:\/\/i0.wp.com\/tuzlahortum.com.tr\/wp-content\/uploads\/urunler\/trelleborg\/Trelleborg-REDWATER.jpg?resize=800%2C321&amp;ssl=1 800w, https:\/\/i0.wp.com\/tuzlahortum.com.tr\/wp-content\/uploads\/urunler\/trelleborg\/Trelleborg-REDWATER.jpg?resize=768%2C308&amp;ssl=1 768w, https:\/\/i0.wp.com\/tuzlahortum.com.tr\/wp-content\/uploads\/urunler\/trelleborg\/Trelleborg-REDWATER.jpg?resize=600%2C241&amp;ssl=1 600w, https:\/\/i0.wp.com\/tuzlahortum.com.tr\/wp-content\/uploads\/urunler\/trelleborg\/Trelleborg-REDWATER.jpg?w=844&amp;ssl=1 844w\" sizes=\"auto, (max-width: 800px) 100vw, 800px\" \/><\/p>","protected":false},"excerpt":{"rendered":"<p>Trelleborg REDWATER Su\/Temizlik ve y\u0131kama End\u00fcstriyel alanlarda veya \u015fehirlerde bas\u0131n\u00e7 alt\u0131nda su tahliyesi. Avantajlar *Dayan\u0131kl\u0131 hortum. *Et kal\u0131nl\u0131\u011f\u0131 sayesinde a\u015f\u0131nmaya kar\u015f\u0131 y\u00fcksek dayan\u0131m. Teknik a\u00e7\u0131klama \u0130\u00e7 t\u00fcp :\u00a0\u0130\u00c7\u226425mm i\u00e7in SBR, \u0130\u00c7&gt;25mm i\u00e7in EPDM, siyah, d\u00fcz. Takviye :\u00a0sentetik tekstil. Kaplama :\u00a0SBR, k\u0131rm\u0131z\u0131, \u0130\u00c7&gt;25mm i\u00e7in kuma\u015f g\u00f6r\u00fcn\u00fcml\u00fc, \u0130\u00c7\u226425mm i\u00e7in d\u00fcz. S\u0131cakl\u0131k aral\u0131\u011f\u0131 :\u00a0-25\u00b0C to +70\u00b0C.<\/p>","protected":false},"featured_media":2672,"comment_status":"open","ping_status":"closed","template":"","meta":{"jetpack_post_was_ever_published":false},"product_brand":[],"product_cat":[1185],"product_tag":[556,357,2167,2168,555,1187,525],"class_list":{"0":"post-918","1":"product","2":"type-product","3":"status-publish","4":"has-post-thumbnail","6":"product_cat-su-ve-sulama-hortumlari","7":"product_tag-asinmaya-yuksek-dayanim","8":"product_tag-endustriyel","9":"product_tag-endustriyel-alanlarda","10":"product_tag-sehirlerde","11":"product_tag-su","12":"product_tag-su-tahliyesi","13":"product_tag-temizlik","15":"first","16":"instock","17":"taxable","18":"shipping-taxable","19":"product-type-variable"},"jetpack-related-posts":[{"id":661,"url":"https:\/\/tuzlahortum.com.tr\/en\/product\/trelleborg-supermines\/","url_meta":{"origin":918,"position":0},"title":"Trelleborg SUPERMINES","author":"admin","date":"6 February 2019","format":false,"excerpt":"Trelleborg SUPERMINESHava\/Bas\u0131n\u00e7l\u0131 hava uygulamalar\u0131 \u015eantiyeler, in\u015faat projeleri, maden ocaklar\u0131, vs. i\u00e7in ekstra a\u011f\u0131r ko\u015fullara uygun kompres\u00f6r\u00a0hortumu. Avantajlar *Yorulma, k\u0131r\u0131lma ve b\u00fck\u00fclmeye kar\u015f\u0131 y\u00fcksek dayan\u0131m. *A\u015f\u0131nma, atmosfer ko\u015fullar\u0131 ve engebeli ve ya\u011fl\u0131 y\u00fczeyler \u00fczerinde s\u00fcr\u00fcklemeye kar\u015f\u0131\u00a0m\u00fckemmel dayan\u0131m. *\u0130yi so\u011fuk esneklik. *Oksijen tahliyesi i\u00e7in uygun (sadece \u0130\u00c7\u226425mm). *\u015eeffaf kaplama (sar\u0131 renkte). Teknik\u2026","rel":"","context":"Similar post","block_context":{"text":"Similar post","link":""},"img":{"alt_text":"","src":"https:\/\/i0.wp.com\/tuzlahortum.com.tr\/wp-content\/uploads\/2019\/02\/SUPERMINES.jpg?fit=800%2C800&ssl=1&resize=350%2C200","width":350,"height":200,"srcset":"https:\/\/i0.wp.com\/tuzlahortum.com.tr\/wp-content\/uploads\/2019\/02\/SUPERMINES.jpg?fit=800%2C800&ssl=1&resize=350%2C200 1x, https:\/\/i0.wp.com\/tuzlahortum.com.tr\/wp-content\/uploads\/2019\/02\/SUPERMINES.jpg?fit=800%2C800&ssl=1&resize=525%2C300 1.5x, https:\/\/i0.wp.com\/tuzlahortum.com.tr\/wp-content\/uploads\/2019\/02\/SUPERMINES.jpg?fit=800%2C800&ssl=1&resize=700%2C400 2x"},"classes":[]},{"id":659,"url":"https:\/\/tuzlahortum.com.tr\/en\/product\/trelleborg-maxair\/","url_meta":{"origin":918,"position":1},"title":"Trelleborg MAXAIR","author":"admin","date":"6 February 2019","format":false,"excerpt":"Trelleborg MAXAIRHava\/Bas\u0131n\u00e7l\u0131 hava uygulamalar\u0131 Pn\u00f6matik aletler ve genel ama\u00e7lar i\u00e7in end\u00fcstriyel ve di\u011fer uygulamalara y\u00f6nelik bas\u0131n\u00e7l\u0131 hava\u00a0hortumu. T\u00fcm uygulamalara y\u00f6nelik s\u0131k\u0131\u015ft\u0131r\u0131lm\u0131\u015f hava, oksijen (sadece \u0130\u00c7\u226425mm) ve ark kayna\u011f\u0131nda kullan\u0131lan asal gazlardan argon, nitrojen ve karbondioksit i\u00e7in uygundur. Ayr\u0131ca end\u00fcstriyel su\u00a0tar\u0131msal spreylemede kullan\u0131lan sulu \u00e7\u00f6zeltiler veya em\u00fclsiyonlar, badana, dezenfeksiyon, asitler ve\u2026","rel":"","context":"Similar post","block_context":{"text":"Similar post","link":""},"img":{"alt_text":"","src":"https:\/\/i0.wp.com\/tuzlahortum.com.tr\/wp-content\/uploads\/2019\/02\/MAXAIR.jpg?fit=800%2C800&ssl=1&resize=350%2C200","width":350,"height":200,"srcset":"https:\/\/i0.wp.com\/tuzlahortum.com.tr\/wp-content\/uploads\/2019\/02\/MAXAIR.jpg?fit=800%2C800&ssl=1&resize=350%2C200 1x, https:\/\/i0.wp.com\/tuzlahortum.com.tr\/wp-content\/uploads\/2019\/02\/MAXAIR.jpg?fit=800%2C800&ssl=1&resize=525%2C300 1.5x, https:\/\/i0.wp.com\/tuzlahortum.com.tr\/wp-content\/uploads\/2019\/02\/MAXAIR.jpg?fit=800%2C800&ssl=1&resize=700%2C400 2x"},"classes":[]},{"id":660,"url":"https:\/\/tuzlahortum.com.tr\/en\/product\/trelleborg-normines-ii\/","url_meta":{"origin":918,"position":2},"title":"Trelleborg NORMINES II","author":"admin","date":"6 February 2019","format":false,"excerpt":"Trelleborg NORMINES IIHava\/Bas\u0131n\u00e7l\u0131 hava uygulamalar\u0131 Kaya deliciler, a\u015f\u0131nd\u0131r\u0131c\u0131 ve slot makinesi, per\u00e7in ve \u00e7apak temizleme \u00e7eki\u00e7leri, vs. gibi pn\u00f6matik makinelerde kullan\u0131lan ekstra a\u011f\u0131r \u00e7al\u0131\u015fma ko\u015fullar\u0131na uygun hava hortumu. Madencilik end\u00fcstrisi, in\u015faat, imalat end\u00fcstrisi ve di\u011ferlerinde kullan\u0131lan \u00e7ok ama\u00e7l\u0131 bas\u0131n\u00e7l\u0131\u00a0hava hortumu. T\u00fcm uygulamalara y\u00f6nelik s\u0131k\u0131\u015ft\u0131r\u0131lm\u0131\u015f hava, oksijen (sadece \u0130\u00c7\u226425mm) ve ark\u2026","rel":"","context":"Similar post","block_context":{"text":"Similar post","link":""},"img":{"alt_text":"","src":"https:\/\/i0.wp.com\/tuzlahortum.com.tr\/wp-content\/uploads\/2019\/02\/NORMINES-II.jpg?fit=800%2C800&ssl=1&resize=350%2C200","width":350,"height":200,"srcset":"https:\/\/i0.wp.com\/tuzlahortum.com.tr\/wp-content\/uploads\/2019\/02\/NORMINES-II.jpg?fit=800%2C800&ssl=1&resize=350%2C200 1x, https:\/\/i0.wp.com\/tuzlahortum.com.tr\/wp-content\/uploads\/2019\/02\/NORMINES-II.jpg?fit=800%2C800&ssl=1&resize=525%2C300 1.5x, https:\/\/i0.wp.com\/tuzlahortum.com.tr\/wp-content\/uploads\/2019\/02\/NORMINES-II.jpg?fit=800%2C800&ssl=1&resize=700%2C400 2x"},"classes":[]},{"id":946,"url":"https:\/\/tuzlahortum.com.tr\/en\/product\/trelleborg-boat-fuel-hose-iso-7840-a1\/","url_meta":{"origin":918,"position":3},"title":"Trelleborg BOAT FUEL HOSE ISO 7840 A1","author":"admin","date":"6 February 2019","format":false,"excerpt":"Trelleborg BOAT FUEL HOSE ISO 7840 A1Ya\u011f Tekne uygulamalar\u0131nda kullan\u0131lan yanmaya dayan\u0131kl\u0131 yak\u0131t hortumu. Spor teknelerde CEN gerekliliklerine uygun. Avantajlar *Ge\u00e7irim direnci konusunda en y\u00fcksek standard\u0131 kar\u015f\u0131lar. *Uluslararas\u0131 Deniz Belgelendirme Enstit\u00fcs\u00fc taraf\u0131ndan belgelendirilmi\u015ftir. Teknik a\u00e7\u0131klama \u0130\u00e7 t\u00fcp :\u00a0NBR, siyah, d\u00fcz. Takviye :\u00a0\u0130\u00c7>25mm i\u00e7in g\u00f6m\u00fcl\u00fc \u00e7elik helis bulunan sentetik tekstil \u00f6rg\u00fc.\u2026","rel":"","context":"Similar post","block_context":{"text":"Similar post","link":""},"img":{"alt_text":"","src":"https:\/\/i0.wp.com\/tuzlahortum.com.tr\/wp-content\/uploads\/2019\/02\/BOAT-FUEL-HOSE-ISO-7840-A1.jpg?fit=800%2C800&ssl=1&resize=350%2C200","width":350,"height":200,"srcset":"https:\/\/i0.wp.com\/tuzlahortum.com.tr\/wp-content\/uploads\/2019\/02\/BOAT-FUEL-HOSE-ISO-7840-A1.jpg?fit=800%2C800&ssl=1&resize=350%2C200 1x, https:\/\/i0.wp.com\/tuzlahortum.com.tr\/wp-content\/uploads\/2019\/02\/BOAT-FUEL-HOSE-ISO-7840-A1.jpg?fit=800%2C800&ssl=1&resize=525%2C300 1.5x, https:\/\/i0.wp.com\/tuzlahortum.com.tr\/wp-content\/uploads\/2019\/02\/BOAT-FUEL-HOSE-ISO-7840-A1.jpg?fit=800%2C800&ssl=1&resize=700%2C400 2x"},"classes":[]},{"id":913,"url":"https:\/\/tuzlahortum.com.tr\/en\/product\/trelleborg-osm-ii\/","url_meta":{"origin":918,"position":4},"title":"Trelleborg OSM II","author":"admin","date":"6 February 2019","format":false,"excerpt":"Trelleborg OSM IISu\/Vakum uygulamalar\u0131 Evsel su, end\u00fcstriyel su, deniz suyu ve at\u0131k sular\u0131n \u00e7ekilmesi ve tahliyesi. Avantajlar *\u0130ste\u011fe g\u00f6re \u00e7e\u015fitli uzunluklarda kesilerek teslim edilebilir. *Ezilmeye kar\u015f\u0131 \u00e7ok y\u00fcksek diren\u00e7. *Hortumdaki \u00fc\u00e7 katl\u0131 paralel helisler \u00e7e\u015fitli ba\u011flant\u0131 par\u00e7alar\u0131 ile daha kolay d\u00f6\u015fenmesi i\u00e7in yumu\u015fak bir yap\u0131 kazand\u0131r\u0131r. Teknik a\u00e7\u0131klama \u0130\u00e7 t\u00fcp\u2026","rel":"","context":"Similar post","block_context":{"text":"Similar post","link":""},"img":{"alt_text":"","src":"https:\/\/i0.wp.com\/tuzlahortum.com.tr\/wp-content\/uploads\/2019\/02\/OSM-II.jpg?fit=800%2C800&ssl=1&resize=350%2C200","width":350,"height":200,"srcset":"https:\/\/i0.wp.com\/tuzlahortum.com.tr\/wp-content\/uploads\/2019\/02\/OSM-II.jpg?fit=800%2C800&ssl=1&resize=350%2C200 1x, https:\/\/i0.wp.com\/tuzlahortum.com.tr\/wp-content\/uploads\/2019\/02\/OSM-II.jpg?fit=800%2C800&ssl=1&resize=525%2C300 1.5x, https:\/\/i0.wp.com\/tuzlahortum.com.tr\/wp-content\/uploads\/2019\/02\/OSM-II.jpg?fit=800%2C800&ssl=1&resize=700%2C400 2x"},"classes":[]},{"id":933,"url":"https:\/\/tuzlahortum.com.tr\/en\/product\/trelleborg-altiplus\/","url_meta":{"origin":918,"position":5},"title":"Trelleborg ALTIPLUS","author":"admin","date":"6 February 2019","format":false,"excerpt":"Trelleborg ALTIPLUSTar\u0131m\/P\u00fcsk\u00fcrtme Y\u00fcksek bas\u0131n\u00e7ta tar\u0131msal p\u00fcsk\u00fcrtme (fungisit, yabani ot \u00f6ld\u00fcr\u00fcc\u00fcler, b\u00f6cek ila\u00e7lar\u0131, vs.). Ayn\u0131 zamanda boya p\u00fcsk\u00fcrtme ve binalar\u0131n dezenfeksiyonu ve y\u00fcksek bas\u0131n\u00e7ta su tahliyesi\u00a0i\u00e7in uygundur. Avantajlar *Ekstra a\u011f\u0131r \u00e7al\u0131\u015fma ko\u015fullar\u0131na uygun y\u00fcksek performans hortumu. *M\u00fckemmel ba\u011flant\u0131 par\u00e7as\u0131 tutu\u015fu. *Geni\u015f \u00e7e\u015fitlilikte \u00e7aplar. *\u0130z b\u0131rakmayan kaplama. * \u0130yi eskime ve a\u015f\u0131nma\u2026","rel":"","context":"Similar post","block_context":{"text":"Similar post","link":""},"img":{"alt_text":"","src":"https:\/\/i0.wp.com\/tuzlahortum.com.tr\/wp-content\/uploads\/2019\/02\/ALTIPLUS.jpg?fit=800%2C800&ssl=1&resize=350%2C200","width":350,"height":200,"srcset":"https:\/\/i0.wp.com\/tuzlahortum.com.tr\/wp-content\/uploads\/2019\/02\/ALTIPLUS.jpg?fit=800%2C800&ssl=1&resize=350%2C200 1x, https:\/\/i0.wp.com\/tuzlahortum.com.tr\/wp-content\/uploads\/2019\/02\/ALTIPLUS.jpg?fit=800%2C800&ssl=1&resize=525%2C300 1.5x, https:\/\/i0.wp.com\/tuzlahortum.com.tr\/wp-content\/uploads\/2019\/02\/ALTIPLUS.jpg?fit=800%2C800&ssl=1&resize=700%2C400 2x"},"classes":[]}],"jetpack_sharing_enabled":true,"jetpack_likes_enabled":true,"_links":{"self":[{"href":"https:\/\/tuzlahortum.com.tr\/en\/wp-json\/wp\/v2\/product\/918","targetHints":{"allow":["GET"]}}],"collection":[{"href":"https:\/\/tuzlahortum.com.tr\/en\/wp-json\/wp\/v2\/product"}],"about":[{"href":"https:\/\/tuzlahortum.com.tr\/en\/wp-json\/wp\/v2\/types\/product"}],"replies":[{"embeddable":true,"href":"https:\/\/tuzlahortum.com.tr\/en\/wp-json\/wp\/v2\/comments?post=918"}],"wp:featuredmedia":[{"embeddable":true,"href":"https:\/\/tuzlahortum.com.tr\/en\/wp-json\/wp\/v2\/media\/2672"}],"wp:attachment":[{"href":"https:\/\/tuzlahortum.com.tr\/en\/wp-json\/wp\/v2\/media?parent=918"}],"wp:term":[{"taxonomy":"product_brand","embeddable":true,"href":"https:\/\/tuzlahortum.com.tr\/en\/wp-json\/wp\/v2\/product_brand?post=918"},{"taxonomy":"product_cat","embeddable":true,"href":"https:\/\/tuzlahortum.com.tr\/en\/wp-json\/wp\/v2\/product_cat?post=918"},{"taxonomy":"product_tag","embeddable":true,"href":"https:\/\/tuzlahortum.com.tr\/en\/wp-json\/wp\/v2\/product_tag?post=918"}],"curies":[{"name":"wp","href":"https:\/\/api.w.org\/{rel}","templated":true}]}}