{"id":917,"date":"2019-02-06T23:55:48","date_gmt":"2019-02-06T20:55:48","guid":{"rendered":"http:\/\/hortum.com.tr\/product\/import-placeholder-for-467\/"},"modified":"2024-03-21T17:40:47","modified_gmt":"2024-03-21T14:40:47","slug":"trelleborg-osx","status":"publish","type":"product","link":"https:\/\/tuzlahortum.com.tr\/en\/product\/trelleborg-osx\/","title":{"rendered":"Trelleborg OSX"},"content":{"rendered":"<h2>Trelleborg OSX<\/h2>\n<div>Water\/Vacuum applications<\/div>\n<div>Extraction and discharge of moderately abrasive solids used in various liquids and general industry.<\/div>\n<div>Agricultural applications such as planting seeds, drainage, sewage and water transport.<\/div>\n<div>used for plant equipment (pumping groundwater).<\/div>\n<div>Advantages<\/div>\n<div>*Transparent PVC, high tensile strength steel helix pull and discharge hose.<\/div>\n<div>*Fly properly.<\/div>\n<div>*Maximum strength.<\/div>\n<div>*Maximum bending radius that does not block the flow.<\/div>\n<div>*Excellent resistance to pressure, full vacuum and accidental crushing.<\/div>\n<div>*Chemical resistance.<\/div>\n<div>*Food grade PVC (JANESCO approved), max. Alcohol discharge up to 18\u00b0.<\/div>\n<div>technical description<\/div>\n<div>Inner tube: food grade PVC, transparent, straight.<\/div>\n<div>Reinforcement: high tensile steel.<\/div>\n<div>Coating: PVC, transparent, slightly corrugated.<\/div>\n<div>Temperature range : -5\u00b0C to +50\u00b0C.<\/div>\n<div>Electrical properties : non-conductive.<\/div>\n<div>Additional Information<\/div>\n<div>All technical data are valid for +20\u00b0C.<\/div>\n<div>Burst pressure = 2.5 working pressure at 20\u00b0C.<\/div>\n<div>\n<div class=\"video video-fit mb\" style=\"padding-top:56.25%;\"><p><iframe loading=\"lazy\" title=\"Measurement Confusion (Inch, Finger, Haze, Millimeter)\" width=\"1020\" height=\"574\" src=\"https:\/\/www.youtube.com\/embed\/uKk6AG_AZls?feature=oembed\" frameborder=\"0\" allow=\"accelerometer; autoplay; clipboard-write; encrypted-media; gyroscope; picture-in-picture; web-share\" referrerpolicy=\"strict-origin-when-cross-origin\" allowfullscreen><\/iframe><\/p>\n<\/div>\n<div class=\"video video-fit mb\" style=\"padding-top:56.25%;\"><p>https:\/\/www.youtube.com\/watch?v=O8ZlzKEjfEQ%20<\/p>\n<\/div>\n<\/div>\n<p><img data-recalc-dims=\"1\" loading=\"lazy\" decoding=\"async\" class=\"alignnone size-medium wp-image-2090\" src=\"https:\/\/i0.wp.com\/hortum.com.tr\/wp-content\/uploads\/urunler\/trelleborg\/Trelleborg-OSX-800x335.jpg?resize=800%2C335\" alt=\"\" width=\"800\" height=\"335\" title=\"\" srcset=\"https:\/\/i0.wp.com\/tuzlahortum.com.tr\/wp-content\/uploads\/urunler\/trelleborg\/Trelleborg-OSX.jpg?resize=800%2C335&amp;ssl=1 800w, https:\/\/i0.wp.com\/tuzlahortum.com.tr\/wp-content\/uploads\/urunler\/trelleborg\/Trelleborg-OSX.jpg?resize=768%2C322&amp;ssl=1 768w, https:\/\/i0.wp.com\/tuzlahortum.com.tr\/wp-content\/uploads\/urunler\/trelleborg\/Trelleborg-OSX.jpg?resize=600%2C251&amp;ssl=1 600w, https:\/\/i0.wp.com\/tuzlahortum.com.tr\/wp-content\/uploads\/urunler\/trelleborg\/Trelleborg-OSX.jpg?w=857&amp;ssl=1 857w\" sizes=\"auto, (max-width: 800px) 100vw, 800px\" \/><\/p>","protected":false},"excerpt":{"rendered":"<p>Trelleborg OSX Su\/Vakum uygulamalar\u0131 \u00c7e\u015fitli s\u0131v\u0131lar ve genel end\u00fcstride kullan\u0131lan orta derecede a\u015f\u0131nd\u0131r\u0131c\u0131 kat\u0131lar\u0131n \u00e7ekilmesi ve\u00a0tahliyesi. Tohum ekme, drenaj, kanalizasyon ve su ta\u015f\u0131ma gibi tar\u0131msal uygulamalar Ayr\u0131ca itfaiye ve tesis ekipman\u0131nda (yeralt\u0131 suyunun pompalanmas\u0131) i\u00e7in kullan\u0131l\u0131r. Avantajlar *\u015eeffaf PVC, y\u00fcksek \u00e7ekme dayan\u0131m\u0131na sahip \u00e7elik helisli \u00e7ekme ve tahliye hortumu. *D\u00fczg\u00fcn u\u00e7. *Maksimum dayan\u0131m. *Ak\u0131\u015f\u0131 engellemeyen [&#8230;]\n","protected":false},"featured_media":2662,"comment_status":"open","ping_status":"closed","template":"","meta":{"jetpack_post_was_ever_published":false},"product_brand":[],"product_cat":[1185],"product_tag":[556,1196,1195,555,343,525,1036],"class_list":{"0":"post-917","1":"product","2":"type-product","3":"status-publish","4":"has-post-thumbnail","6":"product_cat-su-ve-sulama-hortumlari","7":"product_tag-asinmaya-yuksek-dayanim","8":"product_tag-kati-asindirici","9":"product_tag-sivi","10":"product_tag-su","11":"product_tag-tahliye","12":"product_tag-temizlik","13":"product_tag-vakum","15":"first","16":"instock","17":"taxable","18":"shipping-taxable","19":"product-type-variable"},"jetpack-related-posts":[],"jetpack_sharing_enabled":true,"jetpack_likes_enabled":true,"_links":{"self":[{"href":"https:\/\/tuzlahortum.com.tr\/en\/wp-json\/wp\/v2\/product\/917","targetHints":{"allow":["GET"]}}],"collection":[{"href":"https:\/\/tuzlahortum.com.tr\/en\/wp-json\/wp\/v2\/product"}],"about":[{"href":"https:\/\/tuzlahortum.com.tr\/en\/wp-json\/wp\/v2\/types\/product"}],"replies":[{"embeddable":true,"href":"https:\/\/tuzlahortum.com.tr\/en\/wp-json\/wp\/v2\/comments?post=917"}],"wp:featuredmedia":[{"embeddable":true,"href":"https:\/\/tuzlahortum.com.tr\/en\/wp-json\/wp\/v2\/media\/2662"}],"wp:attachment":[{"href":"https:\/\/tuzlahortum.com.tr\/en\/wp-json\/wp\/v2\/media?parent=917"}],"wp:term":[{"taxonomy":"product_brand","embeddable":true,"href":"https:\/\/tuzlahortum.com.tr\/en\/wp-json\/wp\/v2\/product_brand?post=917"},{"taxonomy":"product_cat","embeddable":true,"href":"https:\/\/tuzlahortum.com.tr\/en\/wp-json\/wp\/v2\/product_cat?post=917"},{"taxonomy":"product_tag","embeddable":true,"href":"https:\/\/tuzlahortum.com.tr\/en\/wp-json\/wp\/v2\/product_tag?post=917"}],"curies":[{"name":"wp","href":"https:\/\/api.w.org\/{rel}","templated":true}]}}