{"id":916,"date":"2019-02-06T23:55:48","date_gmt":"2019-02-06T20:55:48","guid":{"rendered":"http:\/\/hortum.com.tr\/product\/import-placeholder-for-465\/"},"modified":"2024-03-21T17:40:48","modified_gmt":"2024-03-21T14:40:48","slug":"trelleborg-ost-epdm-16bar","status":"publish","type":"product","link":"https:\/\/tuzlahortum.com.tr\/en\/product\/trelleborg-ost-epdm-16bar\/","title":{"rendered":"Trelleborg OST EPDM 16BAR"},"content":{"rendered":"<h2>Trelleborg OST EPDM 16BAR<\/h2>\n<div>Water\/Vacuum applications<\/div>\n<div>For the extraction and discharge of domestic water, industrial water, wastewater, slurry and liquid manure.<\/div>\n<div>Advantages<\/div>\n<div>*Wide range of diameters suitable for pumps used in all areas of the industry.<\/div>\n<div>*Excellent flexibility.<\/div>\n<div>*Constant working pressure of 16 bar in all diameters.<\/div>\n<div>*High heat resistance, conductive and abrasion resistant inner tube.<\/div>\n<div>technical description<\/div>\n<div>Inner tube: EPDM, black, straight.<\/div>\n<div>Reinforcement: synthetic textile with embedded steel spring.<\/div>\n<div>Coating : EPDM, black, fabric look.<\/div>\n<div>Temperature range : -40\u00b0C to +120\u00b0C.<\/div>\n<div>Electrical properties : conductive inner tube, R&lt;104\u03a9\/m.<\/div>\n<div>Special features : abrasion ISO4649: 100mm3 max.<\/div>\n<div>\n<div class=\"video video-fit mb\" style=\"padding-top:56.25%;\"><p><iframe loading=\"lazy\" title=\"Measurement Confusion (Inch, Finger, Haze, Millimeter)\" width=\"1020\" height=\"574\" src=\"https:\/\/www.youtube.com\/embed\/uKk6AG_AZls?feature=oembed\" frameborder=\"0\" allow=\"accelerometer; autoplay; clipboard-write; encrypted-media; gyroscope; picture-in-picture; web-share\" referrerpolicy=\"strict-origin-when-cross-origin\" allowfullscreen><\/iframe><\/p>\n<\/div>\n<div class=\"video video-fit mb\" style=\"padding-top:56.25%;\"><p>https:\/\/www.youtube.com\/watch?v=O8ZlzKEjfEQ%20<\/p>\n<\/div>\n<\/div>\n<p><img data-recalc-dims=\"1\" loading=\"lazy\" decoding=\"async\" class=\"alignnone size-medium wp-image-2092\" src=\"https:\/\/i0.wp.com\/hortum.com.tr\/wp-content\/uploads\/urunler\/trelleborg\/Trelleborg-OST-EPDM-16BAR-800x230.jpg?resize=800%2C230\" alt=\"\" width=\"800\" height=\"230\" title=\"\" srcset=\"https:\/\/i0.wp.com\/tuzlahortum.com.tr\/wp-content\/uploads\/urunler\/trelleborg\/Trelleborg-OST-EPDM-16BAR.jpg?resize=800%2C230&amp;ssl=1 800w, https:\/\/i0.wp.com\/tuzlahortum.com.tr\/wp-content\/uploads\/urunler\/trelleborg\/Trelleborg-OST-EPDM-16BAR.jpg?resize=768%2C221&amp;ssl=1 768w, https:\/\/i0.wp.com\/tuzlahortum.com.tr\/wp-content\/uploads\/urunler\/trelleborg\/Trelleborg-OST-EPDM-16BAR.jpg?resize=600%2C173&amp;ssl=1 600w, https:\/\/i0.wp.com\/tuzlahortum.com.tr\/wp-content\/uploads\/urunler\/trelleborg\/Trelleborg-OST-EPDM-16BAR.jpg?w=852&amp;ssl=1 852w\" sizes=\"auto, (max-width: 800px) 100vw, 800px\" \/><\/p>","protected":false},"excerpt":{"rendered":"<p>Trelleborg OST EPDM 16BAR Su\/Vakum uygulamalar\u0131 Evsel su, end\u00fcstriyel su, at\u0131k sular, \u00e7amurlu su ve s\u0131v\u0131 g\u00fcbrenin \u00e7ekilmesi ve tahliyesi i\u00e7in. Avantajlar *End\u00fcstrinin t\u00fcm alanlar\u0131nda kullan\u0131lan pompalara uygun geni\u015f \u00e7e\u015fitlilikte \u00e7aplar. *M\u00fckemmel esneklik. *T\u00fcm \u00e7aplarda 16 bar&#8217;l\u0131k sabit \u00e7al\u0131\u015fma bas\u0131nc\u0131. *Is\u0131ya kar\u015f\u0131 y\u00fcksek dayan\u0131m, iletken ve a\u015f\u0131nmaya kar\u015f\u0131 dayan\u0131kl\u0131 i\u00e7 lastik. Teknik a\u00e7\u0131klama \u0130\u00e7 t\u00fcp [&#8230;]\n","protected":false},"featured_media":2661,"comment_status":"open","ping_status":"closed","template":"","meta":{"jetpack_post_was_ever_published":false},"product_brand":[],"product_cat":[1185],"product_tag":[556,1043,1192,618,1194,1193,555,343,525,1036],"class_list":{"0":"post-916","1":"product","2":"type-product","3":"status-publish","4":"has-post-thumbnail","6":"product_cat-su-ve-sulama-hortumlari","7":"product_tag-asinmaya-yuksek-dayanim","8":"product_tag-atik-su","9":"product_tag-camurlu-su","10":"product_tag-endustriyel-su","11":"product_tag-evsel-su","12":"product_tag-sivi-gubre","13":"product_tag-su","14":"product_tag-tahliye","15":"product_tag-temizlik","16":"product_tag-vakum","18":"first","19":"instock","20":"taxable","21":"shipping-taxable","22":"product-type-variable"},"jetpack-related-posts":[],"jetpack_sharing_enabled":true,"jetpack_likes_enabled":true,"_links":{"self":[{"href":"https:\/\/tuzlahortum.com.tr\/en\/wp-json\/wp\/v2\/product\/916","targetHints":{"allow":["GET"]}}],"collection":[{"href":"https:\/\/tuzlahortum.com.tr\/en\/wp-json\/wp\/v2\/product"}],"about":[{"href":"https:\/\/tuzlahortum.com.tr\/en\/wp-json\/wp\/v2\/types\/product"}],"replies":[{"embeddable":true,"href":"https:\/\/tuzlahortum.com.tr\/en\/wp-json\/wp\/v2\/comments?post=916"}],"wp:featuredmedia":[{"embeddable":true,"href":"https:\/\/tuzlahortum.com.tr\/en\/wp-json\/wp\/v2\/media\/2661"}],"wp:attachment":[{"href":"https:\/\/tuzlahortum.com.tr\/en\/wp-json\/wp\/v2\/media?parent=916"}],"wp:term":[{"taxonomy":"product_brand","embeddable":true,"href":"https:\/\/tuzlahortum.com.tr\/en\/wp-json\/wp\/v2\/product_brand?post=916"},{"taxonomy":"product_cat","embeddable":true,"href":"https:\/\/tuzlahortum.com.tr\/en\/wp-json\/wp\/v2\/product_cat?post=916"},{"taxonomy":"product_tag","embeddable":true,"href":"https:\/\/tuzlahortum.com.tr\/en\/wp-json\/wp\/v2\/product_tag?post=916"}],"curies":[{"name":"wp","href":"https:\/\/api.w.org\/{rel}","templated":true}]}}