{"id":914,"date":"2019-02-06T23:55:47","date_gmt":"2019-02-06T20:55:47","guid":{"rendered":"http:\/\/hortum.com.tr\/product\/import-placeholder-for-463\/"},"modified":"2024-03-21T17:40:49","modified_gmt":"2024-03-21T14:40:49","slug":"trelleborg-oss-iv","status":"publish","type":"product","link":"https:\/\/tuzlahortum.com.tr\/en\/product\/trelleborg-oss-iv\/","title":{"rendered":"Trelleborg OSS IV"},"content":{"rendered":"<h2>Trelleborg OSS IV<\/h2>\n<div>Water\/Vacuum applications<\/div>\n<div>For the extraction and discharge of domestic water, industrial water, wastewater, sludge and liquid manure (clamp ends).<\/div>\n<div>Advantages<\/div>\n<div>*Wide variety of diameters (up to 350mm) suitable for pumps used in all areas of the industry<\/div>\n<div>up to diameters available on request).<\/div>\n<div>*Different standard lengths are available in many diameters.<\/div>\n<div>*Excellent flexibility.<\/div>\n<div>technical description<\/div>\n<div>Inner tube: NR, black, straight.<\/div>\n<div>Reinforcement: synthetic textile with embedded steel spring.<\/div>\n<div>Coating : NR, black, fabric look, corrugated.<\/div>\n<div>Temperature range: -30\u00b0C to +60\u00b0C.<\/div>\n<div>Additional Information<\/div>\n<div>Other lengths and diameters up to 350mm are available on request. Based on hose diameter<\/div>\n<div>It is packaged as flat or in coils. It doesn&#039;t hug.<\/div>\n<div>OD=Hose body.<\/div>\n<div>\n<div class=\"video video-fit mb\" style=\"padding-top:56.25%;\"><p><iframe loading=\"lazy\" title=\"Measurement Confusion (Inch, Finger, Haze, Millimeter)\" width=\"1020\" height=\"574\" src=\"https:\/\/www.youtube.com\/embed\/uKk6AG_AZls?feature=oembed\" frameborder=\"0\" allow=\"accelerometer; autoplay; clipboard-write; encrypted-media; gyroscope; picture-in-picture; web-share\" referrerpolicy=\"strict-origin-when-cross-origin\" allowfullscreen><\/iframe><\/p>\n<\/div>\n<div class=\"video video-fit mb\" style=\"padding-top:56.25%;\"><p>https:\/\/www.youtube.com\/watch?v=O8ZlzKEjfEQ%20<\/p>\n<\/div>\n<\/div>\n<p><img data-recalc-dims=\"1\" loading=\"lazy\" decoding=\"async\" class=\"alignnone size-medium wp-image-2093\" src=\"https:\/\/i0.wp.com\/hortum.com.tr\/wp-content\/uploads\/urunler\/trelleborg\/Trelleborg-OSS-IV-670x400.jpg?resize=670%2C400\" alt=\"\" width=\"670\" height=\"400\" title=\"\" srcset=\"https:\/\/i0.wp.com\/tuzlahortum.com.tr\/wp-content\/uploads\/urunler\/trelleborg\/Trelleborg-OSS-IV.jpg?resize=670%2C400&amp;ssl=1 670w, https:\/\/i0.wp.com\/tuzlahortum.com.tr\/wp-content\/uploads\/urunler\/trelleborg\/Trelleborg-OSS-IV.jpg?resize=768%2C458&amp;ssl=1 768w, https:\/\/i0.wp.com\/tuzlahortum.com.tr\/wp-content\/uploads\/urunler\/trelleborg\/Trelleborg-OSS-IV.jpg?resize=600%2C358&amp;ssl=1 600w, https:\/\/i0.wp.com\/tuzlahortum.com.tr\/wp-content\/uploads\/urunler\/trelleborg\/Trelleborg-OSS-IV.jpg?w=858&amp;ssl=1 858w\" sizes=\"auto, (max-width: 670px) 100vw, 670px\" \/><\/p>","protected":false},"excerpt":{"rendered":"<p>Trelleborg OSS IV Su\/Vakum uygulamalar\u0131 Evsel su, end\u00fcstriyel su, at\u0131k sular, \u00e7amurlu su ve s\u0131v\u0131 g\u00fcbrenin \u00e7ekilmesi ve tahliyesi i\u00e7in\u00a0(kelep\u00e7eli u\u00e7lar). Avantajlar *End\u00fcstrinin t\u00fcm alanlar\u0131nda kullan\u0131lan pompalara uygun geni\u015f \u00e7e\u015fitlilikte \u00e7aplar (350mm&#8217;ye kadar olan \u00e7aplar talep \u00fczerine tedarik edilebilir). *Bir\u00e7ok \u00e7apta farkl\u0131 standart uzunluklar mevcuttur. *M\u00fckemmel esneklik. Teknik a\u00e7\u0131klama \u0130\u00e7 t\u00fcp :\u00a0NR, siyah, d\u00fcz. Takviye [&#8230;]\n","protected":false},"featured_media":2660,"comment_status":"open","ping_status":"closed","template":"","meta":{"jetpack_post_was_ever_published":false},"product_brand":[],"product_cat":[1185],"product_tag":[556,1043,1192,1194,1193,555,343,525,1036],"class_list":{"0":"post-914","1":"product","2":"type-product","3":"status-publish","4":"has-post-thumbnail","6":"product_cat-su-ve-sulama-hortumlari","7":"product_tag-asinmaya-yuksek-dayanim","8":"product_tag-atik-su","9":"product_tag-camurlu-su","10":"product_tag-evsel-su","11":"product_tag-sivi-gubre","12":"product_tag-su","13":"product_tag-tahliye","14":"product_tag-temizlik","15":"product_tag-vakum","17":"first","18":"instock","19":"taxable","20":"shipping-taxable","21":"product-type-variable"},"jetpack-related-posts":[],"jetpack_sharing_enabled":true,"jetpack_likes_enabled":true,"_links":{"self":[{"href":"https:\/\/tuzlahortum.com.tr\/en\/wp-json\/wp\/v2\/product\/914","targetHints":{"allow":["GET"]}}],"collection":[{"href":"https:\/\/tuzlahortum.com.tr\/en\/wp-json\/wp\/v2\/product"}],"about":[{"href":"https:\/\/tuzlahortum.com.tr\/en\/wp-json\/wp\/v2\/types\/product"}],"replies":[{"embeddable":true,"href":"https:\/\/tuzlahortum.com.tr\/en\/wp-json\/wp\/v2\/comments?post=914"}],"wp:featuredmedia":[{"embeddable":true,"href":"https:\/\/tuzlahortum.com.tr\/en\/wp-json\/wp\/v2\/media\/2660"}],"wp:attachment":[{"href":"https:\/\/tuzlahortum.com.tr\/en\/wp-json\/wp\/v2\/media?parent=914"}],"wp:term":[{"taxonomy":"product_brand","embeddable":true,"href":"https:\/\/tuzlahortum.com.tr\/en\/wp-json\/wp\/v2\/product_brand?post=914"},{"taxonomy":"product_cat","embeddable":true,"href":"https:\/\/tuzlahortum.com.tr\/en\/wp-json\/wp\/v2\/product_cat?post=914"},{"taxonomy":"product_tag","embeddable":true,"href":"https:\/\/tuzlahortum.com.tr\/en\/wp-json\/wp\/v2\/product_tag?post=914"}],"curies":[{"name":"wp","href":"https:\/\/api.w.org\/{rel}","templated":true}]}}