{"id":913,"date":"2019-02-06T23:55:47","date_gmt":"2019-02-06T20:55:47","guid":{"rendered":"http:\/\/hortum.com.tr\/product\/import-placeholder-for-460\/"},"modified":"2024-03-21T17:40:49","modified_gmt":"2024-03-21T14:40:49","slug":"trelleborg-osm-ii","status":"publish","type":"product","link":"https:\/\/tuzlahortum.com.tr\/en\/product\/trelleborg-osm-ii\/","title":{"rendered":"Trelleborg OSM II"},"content":{"rendered":"<h2>Trelleborg OSM II<\/h2>\n<div>Water\/Vacuum applications<\/div>\n<div>Extraction and discharge of domestic water, industrial water, sea water and wastewater.<\/div>\n<div>Advantages<\/div>\n<div>*Can be delivered by cutting in various lengths upon request.<\/div>\n<div>*Very high resistance to crushing.<\/div>\n<div>*Three-layer parallel helices in the hose for easier laying with various fittings<\/div>\n<div>It gives a soft texture.<\/div>\n<div>technical description<\/div>\n<div>Inner tube: SBR, black, straight.<\/div>\n<div>Reinforcement : synthetic textile, cords, embedded PET helix for ID&lt;70mm and for ID 89 to 100mm<\/div>\n<div>embedded steel helix.<\/div>\n<div>Coating : SBR, black, fabric look.<\/div>\n<div>Temperature range: -30\u00b0C to +60\u00b0C.<\/div>\n<div>\n<div class=\"video video-fit mb\" style=\"padding-top:56.25%;\"><p><iframe loading=\"lazy\" title=\"Measurement Confusion (Inch, Finger, Haze, Millimeter)\" width=\"1020\" height=\"574\" src=\"https:\/\/www.youtube.com\/embed\/uKk6AG_AZls?feature=oembed\" frameborder=\"0\" allow=\"accelerometer; autoplay; clipboard-write; encrypted-media; gyroscope; picture-in-picture; web-share\" referrerpolicy=\"strict-origin-when-cross-origin\" allowfullscreen><\/iframe><\/p>\n<\/div>\n<div class=\"video video-fit mb\" style=\"padding-top:56.25%;\"><p>https:\/\/www.youtube.com\/watch?v=O8ZlzKEjfEQ%20<\/p>\n<\/div>\n<\/div>\n<p><img data-recalc-dims=\"1\" loading=\"lazy\" decoding=\"async\" class=\"alignnone size-medium wp-image-2094\" src=\"https:\/\/i0.wp.com\/hortum.com.tr\/wp-content\/uploads\/urunler\/trelleborg\/Trelleborg-OSM-II-800x282.jpg?resize=800%2C282\" alt=\"\" width=\"800\" height=\"282\" title=\"\" srcset=\"https:\/\/i0.wp.com\/tuzlahortum.com.tr\/wp-content\/uploads\/urunler\/trelleborg\/Trelleborg-OSM-II.jpg?resize=800%2C282&amp;ssl=1 800w, https:\/\/i0.wp.com\/tuzlahortum.com.tr\/wp-content\/uploads\/urunler\/trelleborg\/Trelleborg-OSM-II.jpg?resize=768%2C271&amp;ssl=1 768w, https:\/\/i0.wp.com\/tuzlahortum.com.tr\/wp-content\/uploads\/urunler\/trelleborg\/Trelleborg-OSM-II.jpg?resize=600%2C212&amp;ssl=1 600w, https:\/\/i0.wp.com\/tuzlahortum.com.tr\/wp-content\/uploads\/urunler\/trelleborg\/Trelleborg-OSM-II.jpg?w=856&amp;ssl=1 856w\" sizes=\"auto, (max-width: 800px) 100vw, 800px\" \/><\/p>","protected":false},"excerpt":{"rendered":"<p>Trelleborg OSM II Su\/Vakum uygulamalar\u0131 Evsel su, end\u00fcstriyel su, deniz suyu ve at\u0131k sular\u0131n \u00e7ekilmesi ve tahliyesi. Avantajlar *\u0130ste\u011fe g\u00f6re \u00e7e\u015fitli uzunluklarda kesilerek teslim edilebilir. *Ezilmeye kar\u015f\u0131 \u00e7ok y\u00fcksek diren\u00e7. *Hortumdaki \u00fc\u00e7 katl\u0131 paralel helisler \u00e7e\u015fitli ba\u011flant\u0131 par\u00e7alar\u0131 ile daha kolay d\u00f6\u015fenmesi i\u00e7in yumu\u015fak bir yap\u0131 kazand\u0131r\u0131r. Teknik a\u00e7\u0131klama \u0130\u00e7 t\u00fcp :\u00a0SBR, siyah, d\u00fcz. Takviye [&#8230;]\n","protected":false},"featured_media":2659,"comment_status":"open","ping_status":"closed","template":"","meta":{"jetpack_post_was_ever_published":false},"product_brand":[],"product_cat":[1185],"product_tag":[556,1043,1191,555,343,525,1036],"class_list":{"0":"post-913","1":"product","2":"type-product","3":"status-publish","4":"has-post-thumbnail","6":"product_cat-su-ve-sulama-hortumlari","7":"product_tag-asinmaya-yuksek-dayanim","8":"product_tag-atik-su","9":"product_tag-deniz-suyu","10":"product_tag-su","11":"product_tag-tahliye","12":"product_tag-temizlik","13":"product_tag-vakum","15":"first","16":"instock","17":"taxable","18":"shipping-taxable","19":"product-type-variable"},"jetpack-related-posts":[],"jetpack_sharing_enabled":true,"jetpack_likes_enabled":true,"_links":{"self":[{"href":"https:\/\/tuzlahortum.com.tr\/en\/wp-json\/wp\/v2\/product\/913","targetHints":{"allow":["GET"]}}],"collection":[{"href":"https:\/\/tuzlahortum.com.tr\/en\/wp-json\/wp\/v2\/product"}],"about":[{"href":"https:\/\/tuzlahortum.com.tr\/en\/wp-json\/wp\/v2\/types\/product"}],"replies":[{"embeddable":true,"href":"https:\/\/tuzlahortum.com.tr\/en\/wp-json\/wp\/v2\/comments?post=913"}],"wp:featuredmedia":[{"embeddable":true,"href":"https:\/\/tuzlahortum.com.tr\/en\/wp-json\/wp\/v2\/media\/2659"}],"wp:attachment":[{"href":"https:\/\/tuzlahortum.com.tr\/en\/wp-json\/wp\/v2\/media?parent=913"}],"wp:term":[{"taxonomy":"product_brand","embeddable":true,"href":"https:\/\/tuzlahortum.com.tr\/en\/wp-json\/wp\/v2\/product_brand?post=913"},{"taxonomy":"product_cat","embeddable":true,"href":"https:\/\/tuzlahortum.com.tr\/en\/wp-json\/wp\/v2\/product_cat?post=913"},{"taxonomy":"product_tag","embeddable":true,"href":"https:\/\/tuzlahortum.com.tr\/en\/wp-json\/wp\/v2\/product_tag?post=913"}],"curies":[{"name":"wp","href":"https:\/\/api.w.org\/{rel}","templated":true}]}}