{"id":906,"date":"2019-02-06T23:55:27","date_gmt":"2019-02-06T20:55:27","guid":{"rendered":"http:\/\/hortum.com.tr\/product\/import-placeholder-for-454\/"},"modified":"2024-03-21T17:40:55","modified_gmt":"2024-03-21T14:40:55","slug":"trelleborg-aquakler-10","status":"publish","type":"product","link":"https:\/\/tuzlahortum.com.tr\/en\/product\/trelleborg-aquakler-10\/","title":{"rendered":"Trelleborg AQUAKLER 10"},"content":{"rendered":"<h2>Trelleborg AQUAKLER 10<\/h2>\n<div>Water\/Drain applications<\/div>\n<div>Between supply lines, hose wraps and watering spout for irrigation equipment<\/div>\n<div>connecting lines (length 5 to 10m) and water drain hose for building and public works.<\/div>\n<div>Advantages<\/div>\n<div>* It is a flexible, easy-to-carry, lightweight hose, but it is resistant to high operating pressures.<\/div>\n<div>*Wraps flat for easy storage and transport.<\/div>\n<div>*Natural rubber-based compound for optimum mechanical properties and wear, tear and tear<\/div>\n<div>combines resistance.<\/div>\n<div>technical description<\/div>\n<div>Inner tube: SBR\/NR, black, straight.<\/div>\n<div>Reinforcement: synthetic textile.<\/div>\n<div>Coating : SBR\/NR, black, fabric effect.<\/div>\n<div>Temperature range: -30\u00b0C to +70\u00b0C.<\/div>\n<div>\n<div class=\"video video-fit mb\" style=\"padding-top:56.25%;\"><p><iframe loading=\"lazy\" title=\"Measurement Confusion (Inch, Finger, Haze, Millimeter)\" width=\"1020\" height=\"574\" src=\"https:\/\/www.youtube.com\/embed\/uKk6AG_AZls?feature=oembed\" frameborder=\"0\" allow=\"accelerometer; autoplay; clipboard-write; encrypted-media; gyroscope; picture-in-picture; web-share\" referrerpolicy=\"strict-origin-when-cross-origin\" allowfullscreen><\/iframe><\/p>\n<\/div>\n<div class=\"video video-fit mb\" style=\"padding-top:56.25%;\"><p>https:\/\/www.youtube.com\/watch?v=O8ZlzKEjfEQ%20<\/p>\n<\/div>\n<\/div>\n<p><img data-recalc-dims=\"1\" loading=\"lazy\" decoding=\"async\" class=\"alignnone size-medium wp-image-2149\" src=\"https:\/\/i0.wp.com\/hortum.com.tr\/wp-content\/uploads\/urunler\/trelleborg\/TRELLEBORG-AQUAKLER-10-800x218.jpg?resize=800%2C218\" alt=\"\" width=\"800\" height=\"218\" title=\"\" srcset=\"https:\/\/i0.wp.com\/tuzlahortum.com.tr\/wp-content\/uploads\/urunler\/trelleborg\/TRELLEBORG-AQUAKLER-10.jpg?resize=800%2C218&amp;ssl=1 800w, https:\/\/i0.wp.com\/tuzlahortum.com.tr\/wp-content\/uploads\/urunler\/trelleborg\/TRELLEBORG-AQUAKLER-10.jpg?resize=768%2C209&amp;ssl=1 768w, https:\/\/i0.wp.com\/tuzlahortum.com.tr\/wp-content\/uploads\/urunler\/trelleborg\/TRELLEBORG-AQUAKLER-10.jpg?resize=600%2C164&amp;ssl=1 600w, https:\/\/i0.wp.com\/tuzlahortum.com.tr\/wp-content\/uploads\/urunler\/trelleborg\/TRELLEBORG-AQUAKLER-10.jpg?w=1020&amp;ssl=1 1020w\" sizes=\"auto, (max-width: 800px) 100vw, 800px\" \/><\/p>","protected":false},"excerpt":{"rendered":"<p>Trelleborg AQUAKLER 10 Su\/Tahliye uygulamalar\u0131 Sulama donan\u0131mlar\u0131 i\u00e7in besleme hatlar\u0131, hortum sarg\u0131lar\u0131 ve sulama muslu\u011fu aras\u0131nda ba\u011flant\u0131 hatlar\u0131 (uzunluk 5 ila 10m) ve bina ve bay\u0131nd\u0131rl\u0131k hizmetleri i\u00e7in su tahliye hortumu. Avantajlar *Esnek, kolay ta\u015f\u0131n\u0131r, hafif bir hortumdur ancak y\u00fcksek i\u015fletme bas\u0131n\u00e7lar\u0131na kar\u015f\u0131\u00a0dayan\u0131kl\u0131d\u0131r. *Kolay depolama ve ta\u015f\u0131ma i\u00e7in d\u00fcz olarak sar\u0131l\u0131r. *Do\u011fal kau\u00e7uk bazl\u0131 bile\u015fik [&#8230;]\n","protected":false},"featured_media":2622,"comment_status":"open","ping_status":"closed","template":"","meta":{"jetpack_post_was_ever_published":false},"product_brand":[],"product_cat":[1185],"product_tag":[1186,555,1187,525],"class_list":{"0":"post-906","1":"product","2":"type-product","3":"status-publish","4":"has-post-thumbnail","6":"product_cat-su-ve-sulama-hortumlari","7":"product_tag-asinamaya-yuksek-dayanim","8":"product_tag-su","9":"product_tag-su-tahliyesi","10":"product_tag-temizlik","12":"first","13":"instock","14":"taxable","15":"shipping-taxable","16":"product-type-variable"},"jetpack-related-posts":[{"id":908,"url":"https:\/\/tuzlahortum.com.tr\/en\/product\/trelleborg-aquakler-5\/","url_meta":{"origin":906,"position":0},"title":"Trelleborg AQUAKLER 5","author":"admin","date":"6 February 2019","format":false,"excerpt":"Trelleborg AQUAKLER 5Su\/Tahliye uygulamalar\u0131 Sulama donan\u0131mlar\u0131 i\u00e7in besleme hatlar\u0131, hortum sarg\u0131lar\u0131 ve sulama muslu\u011fu aras\u0131nda ba\u011flant\u0131 hatlar\u0131 (uzunluk 5 ila 10m) ve bina ve bay\u0131nd\u0131rl\u0131k hizmetleri i\u00e7in su tahliye hortumu. Avantajlar *Esnek, kolay ta\u015f\u0131n\u0131r, hafif bir hortumdur ancak y\u00fcksek i\u015fletme bas\u0131n\u00e7lar\u0131na kar\u015f\u0131\u00a0dayan\u0131kl\u0131d\u0131r. *Kolay depolama ve ta\u015f\u0131ma i\u00e7in d\u00fcz olarak sar\u0131l\u0131r.\u2026","rel":"","context":"Similar post","block_context":{"text":"Similar post","link":""},"img":{"alt_text":"","src":"https:\/\/i0.wp.com\/tuzlahortum.com.tr\/wp-content\/uploads\/2019\/02\/AQUA-5.jpg?fit=800%2C800&ssl=1&resize=350%2C200","width":350,"height":200,"srcset":"https:\/\/i0.wp.com\/tuzlahortum.com.tr\/wp-content\/uploads\/2019\/02\/AQUA-5.jpg?fit=800%2C800&ssl=1&resize=350%2C200 1x, https:\/\/i0.wp.com\/tuzlahortum.com.tr\/wp-content\/uploads\/2019\/02\/AQUA-5.jpg?fit=800%2C800&ssl=1&resize=525%2C300 1.5x, https:\/\/i0.wp.com\/tuzlahortum.com.tr\/wp-content\/uploads\/2019\/02\/AQUA-5.jpg?fit=800%2C800&ssl=1&resize=700%2C400 2x"},"classes":[]},{"id":913,"url":"https:\/\/tuzlahortum.com.tr\/en\/product\/trelleborg-osm-ii\/","url_meta":{"origin":906,"position":1},"title":"Trelleborg OSM II","author":"admin","date":"6 February 2019","format":false,"excerpt":"Trelleborg OSM IISu\/Vakum uygulamalar\u0131 Evsel su, end\u00fcstriyel su, deniz suyu ve at\u0131k sular\u0131n \u00e7ekilmesi ve tahliyesi. Avantajlar *\u0130ste\u011fe g\u00f6re \u00e7e\u015fitli uzunluklarda kesilerek teslim edilebilir. *Ezilmeye kar\u015f\u0131 \u00e7ok y\u00fcksek diren\u00e7. *Hortumdaki \u00fc\u00e7 katl\u0131 paralel helisler \u00e7e\u015fitli ba\u011flant\u0131 par\u00e7alar\u0131 ile daha kolay d\u00f6\u015fenmesi i\u00e7in yumu\u015fak bir yap\u0131 kazand\u0131r\u0131r. Teknik a\u00e7\u0131klama \u0130\u00e7 t\u00fcp\u2026","rel":"","context":"Similar post","block_context":{"text":"Similar post","link":""},"img":{"alt_text":"","src":"https:\/\/i0.wp.com\/tuzlahortum.com.tr\/wp-content\/uploads\/2019\/02\/OSM-II.jpg?fit=800%2C800&ssl=1&resize=350%2C200","width":350,"height":200,"srcset":"https:\/\/i0.wp.com\/tuzlahortum.com.tr\/wp-content\/uploads\/2019\/02\/OSM-II.jpg?fit=800%2C800&ssl=1&resize=350%2C200 1x, https:\/\/i0.wp.com\/tuzlahortum.com.tr\/wp-content\/uploads\/2019\/02\/OSM-II.jpg?fit=800%2C800&ssl=1&resize=525%2C300 1.5x, https:\/\/i0.wp.com\/tuzlahortum.com.tr\/wp-content\/uploads\/2019\/02\/OSM-II.jpg?fit=800%2C800&ssl=1&resize=700%2C400 2x"},"classes":[]},{"id":909,"url":"https:\/\/tuzlahortum.com.tr\/en\/product\/trelleborg-cascade\/","url_meta":{"origin":906,"position":2},"title":"Trelleborg CASCADE","author":"admin","date":"6 February 2019","format":false,"excerpt":"Trelleborg CASCADESu\/Temizlik ve y\u0131kama End\u00fcstriyel alanlar veya \u015fehirlerde su tahliyesi ve binalar veya bay\u0131nd\u0131rl\u0131k hizmetlerinde su tahliye uygulamalar\u0131. Avantajlar *Eskime ve atmosfer ko\u015fullar\u0131na kar\u015f\u0131 son derece dayan\u0131kl\u0131. *Y\u00fcksek esneklik ve kavramay\u0131 kolayla\u015ft\u0131ran oluklu kaplama. Teknik a\u00e7\u0131klama \u0130\u00e7 t\u00fcp :\u00a0SBR, siyah, d\u00fcz. Takviye :\u00a0sentetik tekstil. Kaplama :\u00a0EPDM, ye\u015fil, oluklu. S\u0131cakl\u0131k aral\u0131\u011f\u0131\u2026","rel":"","context":"Similar post","block_context":{"text":"Similar post","link":""},"img":{"alt_text":"","src":"https:\/\/i0.wp.com\/tuzlahortum.com.tr\/wp-content\/uploads\/2019\/02\/CASCADE.jpg?fit=800%2C800&ssl=1&resize=350%2C200","width":350,"height":200,"srcset":"https:\/\/i0.wp.com\/tuzlahortum.com.tr\/wp-content\/uploads\/2019\/02\/CASCADE.jpg?fit=800%2C800&ssl=1&resize=350%2C200 1x, https:\/\/i0.wp.com\/tuzlahortum.com.tr\/wp-content\/uploads\/2019\/02\/CASCADE.jpg?fit=800%2C800&ssl=1&resize=525%2C300 1.5x, https:\/\/i0.wp.com\/tuzlahortum.com.tr\/wp-content\/uploads\/2019\/02\/CASCADE.jpg?fit=800%2C800&ssl=1&resize=700%2C400 2x"},"classes":[]},{"id":914,"url":"https:\/\/tuzlahortum.com.tr\/en\/product\/trelleborg-oss-iv\/","url_meta":{"origin":906,"position":3},"title":"Trelleborg OSS IV","author":"admin","date":"6 February 2019","format":false,"excerpt":"Trelleborg OSS IVSu\/Vakum uygulamalar\u0131 Evsel su, end\u00fcstriyel su, at\u0131k sular, \u00e7amurlu su ve s\u0131v\u0131 g\u00fcbrenin \u00e7ekilmesi ve tahliyesi i\u00e7in\u00a0(kelep\u00e7eli u\u00e7lar). Avantajlar *End\u00fcstrinin t\u00fcm alanlar\u0131nda kullan\u0131lan pompalara uygun geni\u015f \u00e7e\u015fitlilikte \u00e7aplar (350mm'ye kadar olan \u00e7aplar talep \u00fczerine tedarik edilebilir). *Bir\u00e7ok \u00e7apta farkl\u0131 standart uzunluklar mevcuttur. *M\u00fckemmel esneklik. Teknik a\u00e7\u0131klama \u0130\u00e7 t\u00fcp\u2026","rel":"","context":"Similar post","block_context":{"text":"Similar post","link":""},"img":{"alt_text":"","src":"https:\/\/i0.wp.com\/tuzlahortum.com.tr\/wp-content\/uploads\/2019\/02\/OSS-IV.jpg?fit=800%2C800&ssl=1&resize=350%2C200","width":350,"height":200,"srcset":"https:\/\/i0.wp.com\/tuzlahortum.com.tr\/wp-content\/uploads\/2019\/02\/OSS-IV.jpg?fit=800%2C800&ssl=1&resize=350%2C200 1x, https:\/\/i0.wp.com\/tuzlahortum.com.tr\/wp-content\/uploads\/2019\/02\/OSS-IV.jpg?fit=800%2C800&ssl=1&resize=525%2C300 1.5x, https:\/\/i0.wp.com\/tuzlahortum.com.tr\/wp-content\/uploads\/2019\/02\/OSS-IV.jpg?fit=800%2C800&ssl=1&resize=700%2C400 2x"},"classes":[]},{"id":904,"url":"https:\/\/tuzlahortum.com.tr\/en\/product\/trelleborg-ap-blue\/","url_meta":{"origin":906,"position":4},"title":"Trelleborg AP BLUE","author":"admin","date":"6 February 2019","format":false,"excerpt":"Trelleborg AP BLUESu\/Tahliye uygulamalar\u0131 Su tahliyesi. Avantajlar *Kolay depolama ve ta\u015f\u0131ma i\u00e7in d\u00fcz olarak sar\u0131l\u0131r. *Hafif. *Y\u00fcksek uzunluk. *Geni\u015f \u00e7e\u015fitlilikte \u00e7aplar. Teknik a\u00e7\u0131klama \u0130\u00e7 t\u00fcp :\u00a0PVC, siyah, d\u00fcz. Takviye :\u00a0sentetik tekstil. Kaplama :\u00a0PVC, mavi, d\u00fcz. S\u0131cakl\u0131k aral\u0131\u011f\u0131 :\u00a0-10\u00b0C to +40\u00b0C. Ek bilgiler Bahsi ge\u00e7en \u00e7al\u0131\u015fma bas\u0131nc\u0131 ve patlama bas\u0131nc\u0131 +20\u00b0C\u2026","rel":"","context":"Similar post","block_context":{"text":"Similar post","link":""},"img":{"alt_text":"","src":"https:\/\/i0.wp.com\/tuzlahortum.com.tr\/wp-content\/uploads\/2019\/02\/AP-BLUE.jpg?fit=800%2C800&ssl=1&resize=350%2C200","width":350,"height":200,"srcset":"https:\/\/i0.wp.com\/tuzlahortum.com.tr\/wp-content\/uploads\/2019\/02\/AP-BLUE.jpg?fit=800%2C800&ssl=1&resize=350%2C200 1x, https:\/\/i0.wp.com\/tuzlahortum.com.tr\/wp-content\/uploads\/2019\/02\/AP-BLUE.jpg?fit=800%2C800&ssl=1&resize=525%2C300 1.5x, https:\/\/i0.wp.com\/tuzlahortum.com.tr\/wp-content\/uploads\/2019\/02\/AP-BLUE.jpg?fit=800%2C800&ssl=1&resize=700%2C400 2x"},"classes":[]},{"id":905,"url":"https:\/\/tuzlahortum.com.tr\/en\/product\/trelleborg-ap-red\/","url_meta":{"origin":906,"position":5},"title":"Trelleborg AP RED","author":"admin","date":"6 February 2019","format":false,"excerpt":"Trelleborg AP REDSu\/Tahliye uygulamalar\u0131 A\u011f\u0131r hizmet uygulamalar\u0131na y\u00f6nelik su tahliyesi. Avantajlar *Kolay depolama ve ta\u015f\u0131ma i\u00e7in d\u00fcz olarak sar\u0131l\u0131r. *Hafif. *Y\u00fcksek uzunluk. *Y\u00fcksek patlama bas\u0131nc\u0131. *Geni\u015f \u00e7e\u015fitlilikte \u00e7aplar. Teknik a\u00e7\u0131klama \u0130\u00e7 t\u00fcp :\u00a0PVC, siyah, d\u00fcz. Takviye :\u00a0sentetik tekstil. Kaplama :\u00a0PVC, k\u0131rm\u0131z\u0131, d\u00fcz. S\u0131cakl\u0131k aral\u0131\u011f\u0131 :\u00a0-10\u00b0C to +40\u00b0C. Ek bilgiler Bahsi\u2026","rel":"","context":"Similar post","block_context":{"text":"Similar post","link":""},"img":{"alt_text":"","src":"https:\/\/i0.wp.com\/tuzlahortum.com.tr\/wp-content\/uploads\/2019\/02\/AP-RED.jpg?fit=800%2C800&ssl=1&resize=350%2C200","width":350,"height":200,"srcset":"https:\/\/i0.wp.com\/tuzlahortum.com.tr\/wp-content\/uploads\/2019\/02\/AP-RED.jpg?fit=800%2C800&ssl=1&resize=350%2C200 1x, https:\/\/i0.wp.com\/tuzlahortum.com.tr\/wp-content\/uploads\/2019\/02\/AP-RED.jpg?fit=800%2C800&ssl=1&resize=525%2C300 1.5x, https:\/\/i0.wp.com\/tuzlahortum.com.tr\/wp-content\/uploads\/2019\/02\/AP-RED.jpg?fit=800%2C800&ssl=1&resize=700%2C400 2x"},"classes":[]}],"jetpack_sharing_enabled":true,"jetpack_likes_enabled":true,"_links":{"self":[{"href":"https:\/\/tuzlahortum.com.tr\/en\/wp-json\/wp\/v2\/product\/906","targetHints":{"allow":["GET"]}}],"collection":[{"href":"https:\/\/tuzlahortum.com.tr\/en\/wp-json\/wp\/v2\/product"}],"about":[{"href":"https:\/\/tuzlahortum.com.tr\/en\/wp-json\/wp\/v2\/types\/product"}],"replies":[{"embeddable":true,"href":"https:\/\/tuzlahortum.com.tr\/en\/wp-json\/wp\/v2\/comments?post=906"}],"wp:featuredmedia":[{"embeddable":true,"href":"https:\/\/tuzlahortum.com.tr\/en\/wp-json\/wp\/v2\/media\/2622"}],"wp:attachment":[{"href":"https:\/\/tuzlahortum.com.tr\/en\/wp-json\/wp\/v2\/media?parent=906"}],"wp:term":[{"taxonomy":"product_brand","embeddable":true,"href":"https:\/\/tuzlahortum.com.tr\/en\/wp-json\/wp\/v2\/product_brand?post=906"},{"taxonomy":"product_cat","embeddable":true,"href":"https:\/\/tuzlahortum.com.tr\/en\/wp-json\/wp\/v2\/product_cat?post=906"},{"taxonomy":"product_tag","embeddable":true,"href":"https:\/\/tuzlahortum.com.tr\/en\/wp-json\/wp\/v2\/product_tag?post=906"}],"curies":[{"name":"wp","href":"https:\/\/api.w.org\/{rel}","templated":true}]}}