{"id":9048,"date":"2019-04-09T12:08:07","date_gmt":"2019-04-09T09:08:07","guid":{"rendered":"https:\/\/tuzlahortum.com.tr\/?post_type=product&#038;p=9048"},"modified":"2024-03-21T17:38:31","modified_gmt":"2024-03-21T14:38:31","slug":"kumlama-nozulu-performer-nozul-600","status":"publish","type":"product","link":"https:\/\/tuzlahortum.com.tr\/en\/product\/kumlama-nozulu-performer-nozul-600\/","title":{"rendered":"Sandblasting Nozzle \u2013 Performer Nozzle 600"},"content":{"rendered":"<h2>Sandblasting Nozzle \u2013 Performer Nozzle 600<\/h2>\n<p style=\"font-weight: 400\">The Performer is a high-performance advanced model. It is equipped with a highly abrasion resistant liner and a robust, lightweight polyurethane sheath. With the Contracor Performer blast nozzle series, it is suitable for blasting aluminum oxide, silicon carbide, steel grit or highly abrasive blasting.<\/p>\n<p style=\"font-weight: 400\">Available in five different sizes. You can choose the right nozzle size to adjust the compressed air supply and optimize sand consumption.<\/p>\n<ul style=\"font-weight: 400\">\n<li>Made of wear-resistant silicon carbide (SiC).<\/li>\n<li>Service life: 600 hours<\/li>\n<li>Sheath: Polyurethane.<\/li>\n<li>Thread: Aluminum, suitable for 50 mm NHP nozzle holder.<\/li>\n<li>Inlet size: 32 mm<\/li>\n<\/ul>\n<table width=\"709\">\n<tbody>\n<tr>\n<td width=\"142\"><strong>Article No.<\/strong><\/td>\n<td width=\"130\"><strong>Type<\/strong><\/td>\n<td colspan=\"2\" width=\"437\"><strong>Description<\/strong><\/td>\n<\/tr>\n<tr>\n<td width=\"142\">10113072<\/td>\n<td colspan=\"2\" width=\"165\">Performer 600 x6.5<\/td>\n<td width=\"402\">Venturi nozzle, silicon carbide, 6.5 mm x 130 mm<\/td>\n<\/tr>\n<tr>\n<td width=\"142\">10113073<\/td>\n<td colspan=\"2\" width=\"165\">Performer 600 x8.0<\/td>\n<td width=\"402\">Venturi nozzle, silicon carbide, 8.0 mm x 150 mm<\/td>\n<\/tr>\n<tr>\n<td width=\"142\">10113074<\/td>\n<td colspan=\"2\" width=\"165\">Performer 600 x9.5<\/td>\n<td width=\"402\">Venturi nozzle, silicon carbide, 9.5 mm x 170 mm<\/td>\n<\/tr>\n<tr>\n<td width=\"142\">10113075<\/td>\n<td colspan=\"2\" width=\"165\">Performer 600 x11.0<\/td>\n<td width=\"402\">Venturi nozzle, silicon carbide, 11.0 mm x 200 mm<\/td>\n<\/tr>\n<tr>\n<td width=\"142\">10113076<\/td>\n<td colspan=\"2\" width=\"165\">Performer 600 x12.5<\/td>\n<td width=\"402\">Venturi nozzle, silicon carbide, 12.5 mm x 210 mm<\/td>\n<\/tr>\n<\/tbody>\n<\/table>","protected":false},"excerpt":{"rendered":"<p>Kumlama Nozulu &#8211; Performer Nozul 600 Performer, y\u00fcksek performansl\u0131 geli\u015fmi\u015f bir modeldir. Y\u00fcksek a\u015f\u0131nmaya dayan\u0131kl\u0131 g\u00f6mlek ve sa\u011flam, hafif poli\u00fcretan k\u0131l\u0131f ile donat\u0131lm\u0131\u015ft\u0131r. Contracor Performer kumlama nozul serisi ile al\u00fcminyum oksit, silikon karb\u00fcr, \u00e7elik grit veya y\u00fcksek derecede a\u015f\u0131nd\u0131r\u0131c\u0131 kumlama i\u00e7in uygundur. Be\u015f farkl\u0131 boyutta mevcuttur. Bas\u0131n\u00e7l\u0131 hava kayna\u011f\u0131n\u0131 ayarlamak ve kum t\u00fcketimini optimize etmek [&#8230;]\n","protected":false},"featured_media":9061,"comment_status":"open","ping_status":"closed","template":"","meta":{"jetpack_post_was_ever_published":false},"product_brand":[],"product_cat":[2326],"product_tag":[911,925,924,2294,2295,933],"class_list":{"0":"post-9048","1":"product","2":"type-product","3":"status-publish","4":"has-post-thumbnail","6":"product_cat-kumlama-malzemeleri","7":"product_tag-kumlama","8":"product_tag-kumlama-nozulu","9":"product_tag-nozul","10":"product_tag-performer-nozul","11":"product_tag-performer-nozul-600","12":"product_tag-tungsten","14":"first","15":"instock","16":"taxable","17":"shipping-taxable","18":"product-type-variable"},"jetpack-related-posts":[{"id":9054,"url":"https:\/\/tuzlahortum.com.tr\/en\/product\/kumlama-nozulu-performer-nozul-1000\/","url_meta":{"origin":9048,"position":0},"title":"Sandblasting Nozzle \u2013 Performer Nozzle 1000","author":"\u0130smail \u00c7elik","date":"9 April 2019","format":false,"excerpt":"Sandblasting Nozzle - Performer Nozzle 1000Performer is an advanced model with high performance. It is equipped with a high abrasion resistant liner and a robust, lightweight polyurethane sleeve. The Contracor Performer series of sandblasting nozzles is suitable for aluminum oxide, silicon carbide, steel grit or highly abrasive sandblasting. Available in five different sizes. It is easy to adjust the compressed air supply and...","rel":"","context":"Similar post","block_context":{"text":"Similar post","link":""},"img":{"alt_text":"","src":"https:\/\/i0.wp.com\/tuzlahortum.com.tr\/wp-content\/uploads\/2019\/04\/performer-1000.png?fit=650%2C325&ssl=1&resize=350%2C200","width":350,"height":200,"srcset":"https:\/\/i0.wp.com\/tuzlahortum.com.tr\/wp-content\/uploads\/2019\/04\/performer-1000.png?fit=650%2C325&ssl=1&resize=350%2C200 1x, https:\/\/i0.wp.com\/tuzlahortum.com.tr\/wp-content\/uploads\/2019\/04\/performer-1000.png?fit=650%2C325&ssl=1&resize=525%2C300 1.5x"},"classes":[]},{"id":9042,"url":"https:\/\/tuzlahortum.com.tr\/en\/product\/kumlama-nozulu-performer-nozul-400\/","url_meta":{"origin":9048,"position":1},"title":"Sandblasting Nozzle \u2013 Performer Nozzle 400","author":"\u0130smail \u00c7elik","date":"9 April 2019","format":false,"excerpt":"Sandblasting Nozzle - Performer Nozzle 400Performer is an advanced model with high performance. It is equipped with a high abrasion resistant liner and a robust, lightweight polyurethane cover. The Contracor Performer series of sandblasting nozzles is suitable for aluminum oxide, silicon carbide, steel grit or highly abrasive sandblasting. Available in five different sizes. It is easy to adjust the compressed air supply and...","rel":"","context":"Similar post","block_context":{"text":"Similar post","link":""},"img":{"alt_text":"","src":"https:\/\/i0.wp.com\/tuzlahortum.com.tr\/wp-content\/uploads\/2019\/04\/performer-400.png?fit=650%2C323&ssl=1&resize=350%2C200","width":350,"height":200,"srcset":"https:\/\/i0.wp.com\/tuzlahortum.com.tr\/wp-content\/uploads\/2019\/04\/performer-400.png?fit=650%2C323&ssl=1&resize=350%2C200 1x, https:\/\/i0.wp.com\/tuzlahortum.com.tr\/wp-content\/uploads\/2019\/04\/performer-400.png?fit=650%2C323&ssl=1&resize=525%2C300 1.5x"},"classes":[]},{"id":771,"url":"https:\/\/tuzlahortum.com.tr\/en\/product\/kumlama-nozulu-venturi-tungsten\/","url_meta":{"origin":9048,"position":2},"title":"Sandblasting Nozzle \u2013 Venturi (Tungsten)","author":"admin","date":"6 February 2019","format":false,"excerpt":"Kumlama Nozulu - Venturi (Tungsten)RTC TIP NOZUL A\u015f\u0131nmaya dayan\u0131kl\u0131 Venturi kumlama nozullar\u0131 tungsten karb\u00fcrden (TC) yap\u0131lm\u0131\u015ft\u0131r. Servis \u00f6mr\u00fc: 400 saat K\u0131l\u0131f: Kau\u00e7uk Di\u015fli: Kau\u00e7uk, 50 mm NHP nozul tutucusuna uygun. Giri\u015f \u00f6l\u00e7\u00fcs\u00fc: 32 mm Article No. Type Description 10112062 RTC-6.5 Venturi nozzle, tungsten carbide, 6.5 mm x 130 mm 10112063\u2026","rel":"","context":"Similar post","block_context":{"text":"Similar post","link":""},"img":{"alt_text":"","src":"https:\/\/i0.wp.com\/tuzlahortum.com.tr\/wp-content\/uploads\/urunler\/Kumlama\/kumlama_nozulu.jpg?fit=380%2C298&ssl=1&resize=350%2C200","width":350,"height":200},"classes":[]},{"id":769,"url":"https:\/\/tuzlahortum.com.tr\/en\/product\/kisa-kumlama-nozulu-venturi\/","url_meta":{"origin":9048,"position":3},"title":"Short Blasting Nozzle -Venturi","author":"admin","date":"6 February 2019","format":false,"excerpt":"K\u0131sa Kumlama Nozulu -VenturiSTC TIP NOZUL A\u015f\u0131nmaya dayan\u0131kl\u0131 K\u0131sa Venturi kumlama nozullar\u0131 tungsten karb\u00fcrden (TC) yap\u0131lm\u0131\u015ft\u0131r. Servis \u00f6mr\u00fc: 400 saat K\u0131l\u0131f: Kau\u00e7uk Di\u015fli: Kau\u00e7uk, 50 mm NHP nozul tutucusuna uygun. Giri\u015f \u00f6l\u00e7\u00fcs\u00fc: 25 mm Article No. Type Description 10112570 STC-5.0 Short Venturi nozzle, tungsten carbide, 5.0 mm x 80 mm\u2026","rel":"","context":"Similar post","block_context":{"text":"Similar post","link":""},"img":{"alt_text":"","src":"https:\/\/i0.wp.com\/tuzlahortum.com.tr\/wp-content\/uploads\/2019\/04\/k%C4%B1sa-kumlama-nozulu.jpg?fit=500%2C500&ssl=1&resize=350%2C200","width":350,"height":200},"classes":[]},{"id":9251,"url":"https:\/\/tuzlahortum.com.tr\/en\/product\/kumlama-nozulu-gomme-kopya\/","url_meta":{"origin":9048,"position":4},"title":"Sandblasting Nozzle \u2013 Recessed (Kennametal)","author":"\u0130smail \u00c7elik","date":"21 January 2020","format":false,"excerpt":"Sandblasting Nozzle - Recessed (Kennametal)","rel":"","context":"Similar post","block_context":{"text":"Similar post","link":""},"img":{"alt_text":"","src":"https:\/\/i0.wp.com\/tuzlahortum.com.tr\/wp-content\/uploads\/2020\/01\/Kennametal-Nozul-5.jpeg?fit=900%2C1200&ssl=1&resize=350%2C200","width":350,"height":200,"srcset":"https:\/\/i0.wp.com\/tuzlahortum.com.tr\/wp-content\/uploads\/2020\/01\/Kennametal-Nozul-5.jpeg?fit=900%2C1200&ssl=1&resize=350%2C200 1x, https:\/\/i0.wp.com\/tuzlahortum.com.tr\/wp-content\/uploads\/2020\/01\/Kennametal-Nozul-5.jpeg?fit=900%2C1200&ssl=1&resize=525%2C300 1.5x, https:\/\/i0.wp.com\/tuzlahortum.com.tr\/wp-content\/uploads\/2020\/01\/Kennametal-Nozul-5.jpeg?fit=900%2C1200&ssl=1&resize=700%2C400 2x"},"classes":[]},{"id":775,"url":"https:\/\/tuzlahortum.com.tr\/en\/product\/plastik-kumlama-nozul-tutucu\/","url_meta":{"origin":9048,"position":5},"title":"Plastic Sandblasting Nozzle Holder","author":"admin","date":"6 February 2019","format":false,"excerpt":"Plastic Sandblasting Nozzle HolderSandblasting nozzle holder heads; It provides optimum connection with the sandblasting hose by holding the nozzle tightly with its flexible and screw structure. With its non-heavy, lightweight structure, it does not tire the operator with its weight in the sandblasting process and provides ergonomic use. It can be easily mounted to the blast hose or blast pipe through screwing holes.","rel":"","context":"Similar post","block_context":{"text":"Similar post","link":""},"img":{"alt_text":"","src":"https:\/\/i0.wp.com\/tuzlahortum.com.tr\/wp-content\/uploads\/urunler\/Kumlama\/kumlama-nozul-tutucu.jpg?fit=233%2C216&ssl=1&resize=350%2C200","width":350,"height":200},"classes":[]}],"jetpack_sharing_enabled":true,"jetpack_likes_enabled":true,"_links":{"self":[{"href":"https:\/\/tuzlahortum.com.tr\/en\/wp-json\/wp\/v2\/product\/9048","targetHints":{"allow":["GET"]}}],"collection":[{"href":"https:\/\/tuzlahortum.com.tr\/en\/wp-json\/wp\/v2\/product"}],"about":[{"href":"https:\/\/tuzlahortum.com.tr\/en\/wp-json\/wp\/v2\/types\/product"}],"replies":[{"embeddable":true,"href":"https:\/\/tuzlahortum.com.tr\/en\/wp-json\/wp\/v2\/comments?post=9048"}],"wp:featuredmedia":[{"embeddable":true,"href":"https:\/\/tuzlahortum.com.tr\/en\/wp-json\/wp\/v2\/media\/9061"}],"wp:attachment":[{"href":"https:\/\/tuzlahortum.com.tr\/en\/wp-json\/wp\/v2\/media?parent=9048"}],"wp:term":[{"taxonomy":"product_brand","embeddable":true,"href":"https:\/\/tuzlahortum.com.tr\/en\/wp-json\/wp\/v2\/product_brand?post=9048"},{"taxonomy":"product_cat","embeddable":true,"href":"https:\/\/tuzlahortum.com.tr\/en\/wp-json\/wp\/v2\/product_cat?post=9048"},{"taxonomy":"product_tag","embeddable":true,"href":"https:\/\/tuzlahortum.com.tr\/en\/wp-json\/wp\/v2\/product_tag?post=9048"}],"curies":[{"name":"wp","href":"https:\/\/api.w.org\/{rel}","templated":true}]}}