{"id":9042,"date":"2019-04-09T12:02:58","date_gmt":"2019-04-09T09:02:58","guid":{"rendered":"https:\/\/tuzlahortum.com.tr\/?post_type=product&#038;p=9042"},"modified":"2024-03-21T17:38:31","modified_gmt":"2024-03-21T14:38:31","slug":"kumlama-nozulu-performer-nozul-400","status":"publish","type":"product","link":"https:\/\/tuzlahortum.com.tr\/en\/product\/kumlama-nozulu-performer-nozul-400\/","title":{"rendered":"Sandblasting Nozzle \u2013 Performer Nozzle 400"},"content":{"rendered":"<h2>Sandblasting Nozzle \u2013 Performer Nozzle 400<\/h2>\n<p style=\"font-weight: 400\">The Performer is a high-performance advanced model. It is equipped with a highly abrasion resistant liner and a robust, lightweight polyurethane sheath. With the Contracor Performer blast nozzle series, it is suitable for blasting aluminum oxide, silicon carbide, steel grit or highly abrasive blasting.<\/p>\n<p style=\"font-weight: 400\">Available in five different sizes. You can choose the right nozzle size to adjust the compressed air supply and optimize sand consumption.<\/p>\n<ul style=\"font-weight: 400\">\n<li>Made of wear-resistant tungsten carbide (TC).<\/li>\n<li>Service life: 400 hours<\/li>\n<li>Sheath: Polyurethane.<\/li>\n<li>Thread: Aluminum, suitable for 50 mm NHP nozzle holder.<\/li>\n<li>Inlet size: 32 mm<\/li>\n<\/ul>\n<table width=\"709\">\n<tbody>\n<tr>\n<td width=\"142\"><strong>Article No.<\/strong><\/td>\n<td width=\"130\"><strong>Type<\/strong><\/td>\n<td colspan=\"2\" width=\"437\"><strong>Description<\/strong><\/td>\n<\/tr>\n<tr>\n<td width=\"142\">10113062<\/td>\n<td colspan=\"2\" width=\"165\">Performer 400 x6.5<\/td>\n<td width=\"402\">Venturi nozzle, tungsten carbide, 6.5 mm x 130 mm<\/td>\n<\/tr>\n<tr>\n<td width=\"142\">10113063<\/td>\n<td colspan=\"2\" width=\"165\">Performer 400 x8.0<\/td>\n<td width=\"402\">Venturi nozzle, tungsten carbide, 8.0 mm x 150 mm<\/td>\n<\/tr>\n<tr>\n<td width=\"142\">10113064<\/td>\n<td colspan=\"2\" width=\"165\">Performer 400 x9.5<\/td>\n<td width=\"402\">Venturi nozzle, tungsten carbide, 9.5 mm x 170 mm<\/td>\n<\/tr>\n<tr>\n<td width=\"142\">10113065<\/td>\n<td colspan=\"2\" width=\"165\">Performer 400 x11.0<\/td>\n<td width=\"402\">Venturi nozzle, tungsten carbide, 11.0 mm x 200 mm<\/td>\n<\/tr>\n<tr>\n<td width=\"142\">10113066<\/td>\n<td colspan=\"2\" width=\"165\">Performer 400 x12.5<\/td>\n<td width=\"402\">Venturi nozzle, tungsten carbide, 12.5 mm x 210 mm<\/td>\n<\/tr>\n<\/tbody>\n<\/table>","protected":false},"excerpt":{"rendered":"<p>Kumlama Nozulu &#8211; Performer Nozul 400 Performer, y\u00fcksek performansl\u0131 geli\u015fmi\u015f bir modeldir. Y\u00fcksek a\u015f\u0131nmaya dayan\u0131kl\u0131 g\u00f6mlek ve sa\u011flam, hafif poli\u00fcretan k\u0131l\u0131f ile donat\u0131lm\u0131\u015ft\u0131r. Contracor Performer\u00a0kumlama nozul serisi ile al\u00fcminyum oksit, silikon karb\u00fcr, \u00e7elik grit veya y\u00fcksek derecede a\u015f\u0131nd\u0131r\u0131c\u0131 kumlama i\u00e7in uygundur. Be\u015f farkl\u0131 boyutta mevcuttur. Bas\u0131n\u00e7l\u0131 hava kayna\u011f\u0131n\u0131 ayarlamak ve kum t\u00fcketimini optimize etmek i\u00e7in [&#8230;]\n","protected":false},"featured_media":9060,"comment_status":"open","ping_status":"closed","template":"","meta":{"jetpack_post_was_ever_published":false},"product_brand":[],"product_cat":[2326],"product_tag":[911,925,924,2294,2293,933],"class_list":{"0":"post-9042","1":"product","2":"type-product","3":"status-publish","4":"has-post-thumbnail","6":"product_cat-kumlama-malzemeleri","7":"product_tag-kumlama","8":"product_tag-kumlama-nozulu","9":"product_tag-nozul","10":"product_tag-performer-nozul","11":"product_tag-performer-nozul-400","12":"product_tag-tungsten","14":"first","15":"instock","16":"taxable","17":"shipping-taxable","18":"product-type-variable"},"jetpack-related-posts":[],"jetpack_sharing_enabled":true,"jetpack_likes_enabled":true,"_links":{"self":[{"href":"https:\/\/tuzlahortum.com.tr\/en\/wp-json\/wp\/v2\/product\/9042","targetHints":{"allow":["GET"]}}],"collection":[{"href":"https:\/\/tuzlahortum.com.tr\/en\/wp-json\/wp\/v2\/product"}],"about":[{"href":"https:\/\/tuzlahortum.com.tr\/en\/wp-json\/wp\/v2\/types\/product"}],"replies":[{"embeddable":true,"href":"https:\/\/tuzlahortum.com.tr\/en\/wp-json\/wp\/v2\/comments?post=9042"}],"wp:featuredmedia":[{"embeddable":true,"href":"https:\/\/tuzlahortum.com.tr\/en\/wp-json\/wp\/v2\/media\/9060"}],"wp:attachment":[{"href":"https:\/\/tuzlahortum.com.tr\/en\/wp-json\/wp\/v2\/media?parent=9042"}],"wp:term":[{"taxonomy":"product_brand","embeddable":true,"href":"https:\/\/tuzlahortum.com.tr\/en\/wp-json\/wp\/v2\/product_brand?post=9042"},{"taxonomy":"product_cat","embeddable":true,"href":"https:\/\/tuzlahortum.com.tr\/en\/wp-json\/wp\/v2\/product_cat?post=9042"},{"taxonomy":"product_tag","embeddable":true,"href":"https:\/\/tuzlahortum.com.tr\/en\/wp-json\/wp\/v2\/product_tag?post=9042"}],"curies":[{"name":"wp","href":"https:\/\/api.w.org\/{rel}","templated":true}]}}