{"id":904,"date":"2019-02-06T23:55:27","date_gmt":"2019-02-06T20:55:27","guid":{"rendered":"http:\/\/hortum.com.tr\/product\/import-placeholder-for-458\/"},"modified":"2024-03-21T17:40:57","modified_gmt":"2024-03-21T14:40:57","slug":"trelleborg-ap-blue","status":"publish","type":"product","link":"https:\/\/tuzlahortum.com.tr\/en\/product\/trelleborg-ap-blue\/","title":{"rendered":"Trelleborg AP BLUE"},"content":{"rendered":"<h2>Trelleborg AP BLUE<\/h2>\n<div>Water\/Drain applications<\/div>\n<div>Water discharge.<\/div>\n<div>Advantages<\/div>\n<div>*Wraps flat for easy storage and transport.<\/div>\n<div>*Light.<\/div>\n<div>*High length.<\/div>\n<div>*Wide variety of diameters.<\/div>\n<div>technical description<\/div>\n<div>Inner tube: PVC, black, straight.<\/div>\n<div>Reinforcement: synthetic textile.<\/div>\n<div>Coating : PVC, blue, plain.<\/div>\n<div>Temperature range: -10\u00b0C to +40\u00b0C.<\/div>\n<div>Additional Information<\/div>\n<div>The mentioned working pressure and burst pressure are valid for +20\u00b0C.<\/div>\n<div>\n<div class=\"video video-fit mb\" style=\"padding-top:56.25%;\"><p><iframe loading=\"lazy\" title=\"Measurement Confusion (Inch, Finger, Haze, Millimeter)\" width=\"1020\" height=\"574\" src=\"https:\/\/www.youtube.com\/embed\/uKk6AG_AZls?feature=oembed\" frameborder=\"0\" allow=\"accelerometer; autoplay; clipboard-write; encrypted-media; gyroscope; picture-in-picture; web-share\" referrerpolicy=\"strict-origin-when-cross-origin\" allowfullscreen><\/iframe><\/p>\n<\/div>\n<div class=\"video video-fit mb\" style=\"padding-top:56.25%;\"><p>https:\/\/www.youtube.com\/watch?v=O8ZlzKEjfEQ%20<\/p>\n<\/div>\n<\/div>\n<p><img data-recalc-dims=\"1\" loading=\"lazy\" decoding=\"async\" class=\"alignnone size-medium wp-image-2137\" src=\"https:\/\/i0.wp.com\/hortum.com.tr\/wp-content\/uploads\/urunler\/trelleborg\/Trelleborg-AP-BLUE-800x290.jpg?resize=800%2C290\" alt=\"\" width=\"800\" height=\"290\" title=\"\" srcset=\"https:\/\/i0.wp.com\/tuzlahortum.com.tr\/wp-content\/uploads\/urunler\/trelleborg\/Trelleborg-AP-BLUE.jpg?resize=800%2C290&amp;ssl=1 800w, https:\/\/i0.wp.com\/tuzlahortum.com.tr\/wp-content\/uploads\/urunler\/trelleborg\/Trelleborg-AP-BLUE.jpg?resize=768%2C279&amp;ssl=1 768w, https:\/\/i0.wp.com\/tuzlahortum.com.tr\/wp-content\/uploads\/urunler\/trelleborg\/Trelleborg-AP-BLUE.jpg?resize=600%2C218&amp;ssl=1 600w, https:\/\/i0.wp.com\/tuzlahortum.com.tr\/wp-content\/uploads\/urunler\/trelleborg\/Trelleborg-AP-BLUE.jpg?w=962&amp;ssl=1 962w\" sizes=\"auto, (max-width: 800px) 100vw, 800px\" \/><\/p>","protected":false},"excerpt":{"rendered":"<p>Trelleborg AP BLUE Su\/Tahliye uygulamalar\u0131 Su tahliyesi. Avantajlar *Kolay depolama ve ta\u015f\u0131ma i\u00e7in d\u00fcz olarak sar\u0131l\u0131r. *Hafif. *Y\u00fcksek uzunluk. *Geni\u015f \u00e7e\u015fitlilikte \u00e7aplar. Teknik a\u00e7\u0131klama \u0130\u00e7 t\u00fcp :\u00a0PVC, siyah, d\u00fcz. Takviye :\u00a0sentetik tekstil. Kaplama :\u00a0PVC, mavi, d\u00fcz. S\u0131cakl\u0131k aral\u0131\u011f\u0131 :\u00a0-10\u00b0C to +40\u00b0C. Ek bilgiler Bahsi ge\u00e7en \u00e7al\u0131\u015fma bas\u0131nc\u0131 ve patlama bas\u0131nc\u0131 +20\u00b0C i\u00e7in ge\u00e7erlidir.<\/p>","protected":false},"featured_media":2619,"comment_status":"open","ping_status":"closed","template":"","meta":[],"product_brand":[],"product_cat":[1185],"product_tag":[1186,555,1187,525],"class_list":{"0":"post-904","1":"product","2":"type-product","3":"status-publish","4":"has-post-thumbnail","6":"product_cat-su-ve-sulama-hortumlari","7":"product_tag-asinamaya-yuksek-dayanim","8":"product_tag-su","9":"product_tag-su-tahliyesi","10":"product_tag-temizlik","12":"first","13":"instock","14":"taxable","15":"shipping-taxable","16":"product-type-variable"},"jetpack-related-posts":[{"id":905,"url":"https:\/\/tuzlahortum.com.tr\/en\/product\/trelleborg-ap-red\/","url_meta":{"origin":904,"position":0},"title":"Trelleborg AP RED","author":"admin","date":"6 February 2019","format":false,"excerpt":"Trelleborg AP REDSu\/Tahliye uygulamalar\u0131 A\u011f\u0131r hizmet uygulamalar\u0131na y\u00f6nelik su tahliyesi. Avantajlar *Kolay depolama ve ta\u015f\u0131ma i\u00e7in d\u00fcz olarak sar\u0131l\u0131r. *Hafif. *Y\u00fcksek uzunluk. *Y\u00fcksek patlama bas\u0131nc\u0131. *Geni\u015f \u00e7e\u015fitlilikte \u00e7aplar. Teknik a\u00e7\u0131klama \u0130\u00e7 t\u00fcp :\u00a0PVC, siyah, d\u00fcz. Takviye :\u00a0sentetik tekstil. Kaplama :\u00a0PVC, k\u0131rm\u0131z\u0131, d\u00fcz. S\u0131cakl\u0131k aral\u0131\u011f\u0131 :\u00a0-10\u00b0C to +40\u00b0C. Ek bilgiler Bahsi\u2026","rel":"","context":"Similar post","block_context":{"text":"Similar post","link":""},"img":{"alt_text":"","src":"https:\/\/i0.wp.com\/tuzlahortum.com.tr\/wp-content\/uploads\/2019\/02\/AP-RED.jpg?fit=800%2C800&ssl=1&resize=350%2C200","width":350,"height":200,"srcset":"https:\/\/i0.wp.com\/tuzlahortum.com.tr\/wp-content\/uploads\/2019\/02\/AP-RED.jpg?fit=800%2C800&ssl=1&resize=350%2C200 1x, https:\/\/i0.wp.com\/tuzlahortum.com.tr\/wp-content\/uploads\/2019\/02\/AP-RED.jpg?fit=800%2C800&ssl=1&resize=525%2C300 1.5x, https:\/\/i0.wp.com\/tuzlahortum.com.tr\/wp-content\/uploads\/2019\/02\/AP-RED.jpg?fit=800%2C800&ssl=1&resize=700%2C400 2x"},"classes":[]},{"id":917,"url":"https:\/\/tuzlahortum.com.tr\/en\/product\/trelleborg-osx\/","url_meta":{"origin":904,"position":1},"title":"Trelleborg OSX","author":"admin","date":"6 February 2019","format":false,"excerpt":"Trelleborg OSXSu\/Vakum uygulamalar\u0131 \u00c7e\u015fitli s\u0131v\u0131lar ve genel end\u00fcstride kullan\u0131lan orta derecede a\u015f\u0131nd\u0131r\u0131c\u0131 kat\u0131lar\u0131n \u00e7ekilmesi ve\u00a0tahliyesi. Tohum ekme, drenaj, kanalizasyon ve su ta\u015f\u0131ma gibi tar\u0131msal uygulamalar Ayr\u0131ca itfaiye ve tesis ekipman\u0131nda (yeralt\u0131 suyunun pompalanmas\u0131) i\u00e7in kullan\u0131l\u0131r. Avantajlar *\u015eeffaf PVC, y\u00fcksek \u00e7ekme dayan\u0131m\u0131na sahip \u00e7elik helisli \u00e7ekme ve tahliye hortumu. *D\u00fczg\u00fcn u\u00e7.\u2026","rel":"","context":"Similar post","block_context":{"text":"Similar post","link":""},"img":{"alt_text":"","src":"https:\/\/i0.wp.com\/tuzlahortum.com.tr\/wp-content\/uploads\/2019\/02\/OSX.jpg?fit=800%2C800&ssl=1&resize=350%2C200","width":350,"height":200,"srcset":"https:\/\/i0.wp.com\/tuzlahortum.com.tr\/wp-content\/uploads\/2019\/02\/OSX.jpg?fit=800%2C800&ssl=1&resize=350%2C200 1x, https:\/\/i0.wp.com\/tuzlahortum.com.tr\/wp-content\/uploads\/2019\/02\/OSX.jpg?fit=800%2C800&ssl=1&resize=525%2C300 1.5x, https:\/\/i0.wp.com\/tuzlahortum.com.tr\/wp-content\/uploads\/2019\/02\/OSX.jpg?fit=800%2C800&ssl=1&resize=700%2C400 2x"},"classes":[]},{"id":920,"url":"https:\/\/tuzlahortum.com.tr\/en\/product\/trelleborg-trelljet-560\/","url_meta":{"origin":904,"position":2},"title":"Trelleborg TRELLJET 560","author":"admin","date":"6 February 2019","format":false,"excerpt":"Trelleborg TRELLJET 560Su\/Y\u00fcksek bas\u0131n\u00e7l\u0131 p\u00fcsk\u00fcrtme \u00d6zel olarak profesyonel ve end\u00fcstriyel y\u00fcksek bas\u0131n\u00e7l\u0131 temizlik i\u00e7in tasarlanm\u0131\u015ft\u0131r. Makineler, ara\u00e7lar, zeminler, kamu alanlar\u0131, cepheler, vs. i\u00e7in etkilidir. Mobil bas\u0131n\u00e7l\u0131 y\u0131kay\u0131c\u0131lar, sabit tesisatlar ve tekerlek \u00fczerine monte uygulamalar i\u00e7in uygundur. Avantajlar *D\u00fcz kaplama. *Ya\u011fa, deterjana, a\u015f\u0131nmaya ve eskimeye dayan\u0131kl\u0131. *Y\u00fcksek \u00e7al\u0131\u015fma bas\u0131nc\u0131. *Y\u00fcksek s\u0131cakl\u0131k\u2026","rel":"","context":"Similar post","block_context":{"text":"Similar post","link":""},"img":{"alt_text":"","src":"https:\/\/i0.wp.com\/tuzlahortum.com.tr\/wp-content\/uploads\/2019\/02\/TRELLJET-560.jpg?fit=800%2C800&ssl=1&resize=350%2C200","width":350,"height":200,"srcset":"https:\/\/i0.wp.com\/tuzlahortum.com.tr\/wp-content\/uploads\/2019\/02\/TRELLJET-560.jpg?fit=800%2C800&ssl=1&resize=350%2C200 1x, https:\/\/i0.wp.com\/tuzlahortum.com.tr\/wp-content\/uploads\/2019\/02\/TRELLJET-560.jpg?fit=800%2C800&ssl=1&resize=525%2C300 1.5x, https:\/\/i0.wp.com\/tuzlahortum.com.tr\/wp-content\/uploads\/2019\/02\/TRELLJET-560.jpg?fit=800%2C800&ssl=1&resize=700%2C400 2x"},"classes":[]},{"id":898,"url":"https:\/\/tuzlahortum.com.tr\/en\/product\/trelleborg-multikler\/","url_meta":{"origin":904,"position":3},"title":"Trelleborg MULTICS","author":"admin","date":"6 February 2019","format":false,"excerpt":"Trelleborg MULTIKLERSolvents\/Paints\/Lacquer and Varnish Pressure service line for benzene, toluene and xylene based paints, lacquers, varnishes and certain chemicals. Also industrial paint spraying equipment. Advantages *Hose coating is resistant to abrasion and corrosive chemicals. *Silicone free. *Antistatic inner tube. Technical description Inner tube : NBR resistant to solvent based paints, black, smooth. Reinforcement","rel":"","context":"Similar post","block_context":{"text":"Similar post","link":""},"img":{"alt_text":"","src":"https:\/\/i0.wp.com\/tuzlahortum.com.tr\/wp-content\/uploads\/2019\/02\/MULTIKLER.jpg?fit=800%2C800&ssl=1&resize=350%2C200","width":350,"height":200,"srcset":"https:\/\/i0.wp.com\/tuzlahortum.com.tr\/wp-content\/uploads\/2019\/02\/MULTIKLER.jpg?fit=800%2C800&ssl=1&resize=350%2C200 1x, https:\/\/i0.wp.com\/tuzlahortum.com.tr\/wp-content\/uploads\/2019\/02\/MULTIKLER.jpg?fit=800%2C800&ssl=1&resize=525%2C300 1.5x, https:\/\/i0.wp.com\/tuzlahortum.com.tr\/wp-content\/uploads\/2019\/02\/MULTIKLER.jpg?fit=800%2C800&ssl=1&resize=700%2C400 2x"},"classes":[]},{"id":948,"url":"https:\/\/tuzlahortum.com.tr\/en\/product\/trelleborg-hydrok\/","url_meta":{"origin":904,"position":4},"title":"Trelleborg HYDRO&#039;K","author":"admin","date":"6 February 2019","format":false,"excerpt":"Trelleborg HYDRO'KYa\u011f ve petrol End\u00fcstriyel kullan\u0131ma y\u00f6nelik \u00e7ok ama\u00e7l\u0131 hortum Dizel ya\u011f\u0131, mineral ya\u011f ve aromatik i\u00e7eri\u011fi \u2264%50 olan gres i\u00e7indir. Hidrolik sistem ve tar\u0131m makinelerinde d\u00f6n\u00fc\u015f hortumu. Deniz suyu (motor so\u011futma) ve sulu\u00a0\u00e7\u00f6zeltiler. Ya\u011f, su, bas\u0131n\u00e7l\u0131 hava, gres, vs. i\u00e7in \u00e7ok ama\u00e7l\u0131 hortum. Avantajlar *Stok ihtiyac\u0131n\u0131 en aza indirgeyen\u2026","rel":"","context":"Similar post","block_context":{"text":"Similar post","link":""},"img":{"alt_text":"","src":"https:\/\/i0.wp.com\/tuzlahortum.com.tr\/wp-content\/uploads\/2019\/02\/HYDROK.jpg?fit=800%2C800&ssl=1&resize=350%2C200","width":350,"height":200,"srcset":"https:\/\/i0.wp.com\/tuzlahortum.com.tr\/wp-content\/uploads\/2019\/02\/HYDROK.jpg?fit=800%2C800&ssl=1&resize=350%2C200 1x, https:\/\/i0.wp.com\/tuzlahortum.com.tr\/wp-content\/uploads\/2019\/02\/HYDROK.jpg?fit=800%2C800&ssl=1&resize=525%2C300 1.5x, https:\/\/i0.wp.com\/tuzlahortum.com.tr\/wp-content\/uploads\/2019\/02\/HYDROK.jpg?fit=800%2C800&ssl=1&resize=700%2C400 2x"},"classes":[]},{"id":912,"url":"https:\/\/tuzlahortum.com.tr\/en\/product\/trelleborg-osl\/","url_meta":{"origin":904,"position":5},"title":"Trelleborg OSL","author":"admin","date":"6 February 2019","format":false,"excerpt":"Trelleborg OSLSu\/Vakum uygulamalar\u0131 Su, g\u0131da \u00fcr\u00fcnleri (ya\u011fl\u0131 s\u00fct \u00fcr\u00fcnleri hari\u00e7), p\u00fcsk\u00fcrtme sol\u00fcsyonlar, kum, at\u0131k su ve kimyasal \u00fcr\u00fcnlerin \u00e7ekilmesi ve tahliyesi (PVC i\u00e7in kimyasal dayan\u0131m tablosuna bak\u0131n\u0131z). Avantajlar *D\u00fczg\u00fcn u\u00e7. *\u0130ste\u011fe g\u00f6re \u00e7e\u015fitli uzunluklarda kesilerek teslim edilebilir. *Geni\u015f \u00e7e\u015fitlilikte \u00e7aplar. *Avrupa direktifine uygun g\u0131da kalitesinde. Teknik a\u00e7\u0131klama \u0130\u00e7 t\u00fcp :\u00a0PVC,\u2026","rel":"","context":"Similar post","block_context":{"text":"Similar post","link":""},"img":{"alt_text":"","src":"https:\/\/i0.wp.com\/tuzlahortum.com.tr\/wp-content\/uploads\/2019\/02\/OSL.jpg?fit=800%2C800&ssl=1&resize=350%2C200","width":350,"height":200,"srcset":"https:\/\/i0.wp.com\/tuzlahortum.com.tr\/wp-content\/uploads\/2019\/02\/OSL.jpg?fit=800%2C800&ssl=1&resize=350%2C200 1x, https:\/\/i0.wp.com\/tuzlahortum.com.tr\/wp-content\/uploads\/2019\/02\/OSL.jpg?fit=800%2C800&ssl=1&resize=525%2C300 1.5x, https:\/\/i0.wp.com\/tuzlahortum.com.tr\/wp-content\/uploads\/2019\/02\/OSL.jpg?fit=800%2C800&ssl=1&resize=700%2C400 2x"},"classes":[]}],"jetpack_sharing_enabled":true,"jetpack_likes_enabled":true,"_links":{"self":[{"href":"https:\/\/tuzlahortum.com.tr\/en\/wp-json\/wp\/v2\/product\/904","targetHints":{"allow":["GET"]}}],"collection":[{"href":"https:\/\/tuzlahortum.com.tr\/en\/wp-json\/wp\/v2\/product"}],"about":[{"href":"https:\/\/tuzlahortum.com.tr\/en\/wp-json\/wp\/v2\/types\/product"}],"replies":[{"embeddable":true,"href":"https:\/\/tuzlahortum.com.tr\/en\/wp-json\/wp\/v2\/comments?post=904"}],"wp:featuredmedia":[{"embeddable":true,"href":"https:\/\/tuzlahortum.com.tr\/en\/wp-json\/wp\/v2\/media\/2619"}],"wp:attachment":[{"href":"https:\/\/tuzlahortum.com.tr\/en\/wp-json\/wp\/v2\/media?parent=904"}],"wp:term":[{"taxonomy":"product_brand","embeddable":true,"href":"https:\/\/tuzlahortum.com.tr\/en\/wp-json\/wp\/v2\/product_brand?post=904"},{"taxonomy":"product_cat","embeddable":true,"href":"https:\/\/tuzlahortum.com.tr\/en\/wp-json\/wp\/v2\/product_cat?post=904"},{"taxonomy":"product_tag","embeddable":true,"href":"https:\/\/tuzlahortum.com.tr\/en\/wp-json\/wp\/v2\/product_tag?post=904"}],"curies":[{"name":"wp","href":"https:\/\/api.w.org\/{rel}","templated":true}]}}