{"id":9026,"date":"2019-04-02T13:30:01","date_gmt":"2019-04-02T10:30:01","guid":{"rendered":"https:\/\/tuzlahortum.com.tr\/?post_type=product&#038;p=9026"},"modified":"2024-03-21T17:38:32","modified_gmt":"2024-03-21T14:38:32","slug":"kumlama-tulumu-guderi","status":"publish","type":"product","link":"https:\/\/tuzlahortum.com.tr\/en\/product\/kumlama-tulumu-guderi\/","title":{"rendered":"Sandblasting Suit (Chamois)"},"content":{"rendered":"<h2>Sandblasting Suit (Chamois)<\/h2>\n<p>As it is known, in sandblasting operations, operators are affected by the sprayed consumables and the dust released.<\/p>\n<p>They work in very difficult conditions. For this reason, we are committed to the ease of movement and protection of operators.<\/p>\n<p>We are selling specially manufactured sandblasting coveralls. Produced in L-XL-XXL sizes and sandblasted<\/p>\n<p>Sandblasting suit specially designed to be worn in the process of<\/p>\n<p>It provides much better protection. The sandblasting suit we sell is especially suitable for working in closed environments.<\/p>\n<p>It is an ideal product for personnel. When used with a sandblasting mask, it can positively affect the operator&#039;s work.<\/p>\n<p>direction, provides ease of movement. The front part of the dry blasting suit, other than the mask cape, is subject to abrasion.<\/p>\n<p>Made of durable artificial chamois. For this reason, the blasting clothing provides the operator with optimum protection against bouncing sand particles.<\/p>\n<p>provides a degree of protection. The back part of the sandblasting garment will not burn the wearer and will allow the skin to breathe.<\/p>\n<p>It is made of frequently woven fabric and is dustproof. Sandblasting thanks to the elastics on the arms and feet<\/p>\n<p>It grips the boots and gloves worn under the overalls and prevents any dust from entering these areas.<\/p>","protected":false},"excerpt":{"rendered":"<p>Kumlama Tulumu (G\u00fcderi) Bilindi\u011fi gibi kumlama i\u015flemlerinde operat\u00f6rler p\u00fcsk\u00fcrt\u00fclen sarf malzemeleri ve a\u00e7\u0131\u011fa \u00e7\u0131kan toz nedeniyle olduk\u00e7a zor \u015fartlarda \u00e7al\u0131\u015fmaktad\u0131rlar. Bu nedenle bizler operat\u00f6rlerin hareket kolayl\u0131\u011f\u0131 ve korunmalar\u0131 i\u00e7in \u00f6zel olarak imal edilmi\u015f kumlama tulumu sat\u0131\u015f\u0131n\u0131 yapmaktay\u0131z. L-XL-XXL boyutlar\u0131nda \u00fcretilen ve kumlama i\u015fleminde giyilmek \u00fczere \u00f6zel olarak tasarlanm\u0131\u015f kumlama elbisesi di\u011fer tekstil \u00fcretimleri olan giysilere [&#8230;]\n","protected":false},"featured_media":1782,"comment_status":"open","ping_status":"closed","template":"","meta":{"jetpack_post_was_ever_published":false},"product_brand":[],"product_cat":[2326],"product_tag":[294,911,935,936,934],"class_list":{"0":"post-9026","1":"product","2":"type-product","3":"status-publish","4":"has-post-thumbnail","6":"product_cat-kumlama-malzemeleri","7":"product_tag-dayanikli","8":"product_tag-kumlama","9":"product_tag-kumlama-tulumu","10":"product_tag-toz-gecirmez","11":"product_tag-tulum","13":"first","14":"instock","15":"taxable","16":"shipping-taxable","17":"product-type-simple"},"jetpack-related-posts":[{"id":775,"url":"https:\/\/tuzlahortum.com.tr\/en\/product\/plastik-kumlama-nozul-tutucu\/","url_meta":{"origin":9026,"position":0},"title":"Plastic Sandblasting Nozzle Holder","author":"admin","date":"6 February 2019","format":false,"excerpt":"Plastic Sandblasting Nozzle HolderSandblasting nozzle holder heads; It provides optimum connection with the sandblasting hose by holding the nozzle tightly with its flexible and screw structure. With its non-heavy, lightweight structure, it does not tire the operator with its weight in the sandblasting process and provides ergonomic use. It can be easily mounted to the blast hose or blast pipe through screwing holes.","rel":"","context":"Similar post","block_context":{"text":"Similar post","link":""},"img":{"alt_text":"","src":"https:\/\/i0.wp.com\/tuzlahortum.com.tr\/wp-content\/uploads\/urunler\/Kumlama\/kumlama-nozul-tutucu.jpg?fit=233%2C216&ssl=1&resize=350%2C200","width":350,"height":200},"classes":[]},{"id":772,"url":"https:\/\/tuzlahortum.com.tr\/en\/product\/kumlama-tulumu\/","url_meta":{"origin":9026,"position":1},"title":"Sandblasting Coverall(Fabric)","author":"admin","date":"6 February 2019","format":false,"excerpt":"Kumlama Tulumu(Kuma\u015f)Kumlama tulumlar\u0131m\u0131z, toz ge\u00e7irmeyen, s\u0131k dokuma ve dayan\u0131kl\u0131 bir kuma\u015ftan imal edilmi\u015ftir. Maskeye ba\u011fland\u0131\u011f\u0131 noktadan toz girmesi halinde tozun, tulumun i\u00e7ine girmesine engel olacak ikinci bo\u011faz\u0131 mevcuttur.","rel":"","context":"Similar post","block_context":{"text":"Similar post","link":""},"img":{"alt_text":"","src":"https:\/\/i0.wp.com\/tuzlahortum.com.tr\/wp-content\/uploads\/urunler\/Kumlama\/kumlama_tulumu.jpg?fit=698%2C800&ssl=1&resize=350%2C200","width":350,"height":200,"srcset":"https:\/\/i0.wp.com\/tuzlahortum.com.tr\/wp-content\/uploads\/urunler\/Kumlama\/kumlama_tulumu.jpg?fit=698%2C800&ssl=1&resize=350%2C200 1x, https:\/\/i0.wp.com\/tuzlahortum.com.tr\/wp-content\/uploads\/urunler\/Kumlama\/kumlama_tulumu.jpg?fit=698%2C800&ssl=1&resize=525%2C300 1.5x"},"classes":[]},{"id":761,"url":"https:\/\/tuzlahortum.com.tr\/en\/product\/kumlama-maskesicontracor\/","url_meta":{"origin":9026,"position":2},"title":"Sandblasting Mask (Contracor)","author":"admin","date":"6 February 2019","format":false,"excerpt":"Sandblasting Mask (Contracor)","rel":"","context":"Similar post","block_context":{"text":"Similar post","link":""},"img":{"alt_text":"","src":"https:\/\/i0.wp.com\/tuzlahortum.com.tr\/wp-content\/uploads\/urunler\/Kumlama\/contracor-comfort-kumlama-maskesi-2.jpg?fit=250%2C250&ssl=1&resize=350%2C200","width":350,"height":200},"classes":[]},{"id":767,"url":"https:\/\/tuzlahortum.com.tr\/en\/product\/kumlama-maskesi\/","url_meta":{"origin":9026,"position":3},"title":"Sandblasting Mask(Plastic-Polyester)","author":"admin","date":"6 February 2019","format":false,"excerpt":"Sandblasting Mask(Plastic-Polyester)","rel":"","context":"Similar post","block_context":{"text":"Similar post","link":""},"img":{"alt_text":"","src":"https:\/\/i0.wp.com\/tuzlahortum.com.tr\/wp-content\/uploads\/2019\/03\/kumlama-maskesi-polyester11.jpg?fit=396%2C627&ssl=1&resize=350%2C200","width":350,"height":200},"classes":[]},{"id":9251,"url":"https:\/\/tuzlahortum.com.tr\/en\/product\/kumlama-nozulu-gomme-kopya\/","url_meta":{"origin":9026,"position":4},"title":"Sandblasting Nozzle \u2013 Recessed (Kennametal)","author":"\u0130smail \u00c7elik","date":"21 January 2020","format":false,"excerpt":"Sandblasting Nozzle - Recessed (Kennametal)","rel":"","context":"Similar post","block_context":{"text":"Similar post","link":""},"img":{"alt_text":"","src":"https:\/\/i0.wp.com\/tuzlahortum.com.tr\/wp-content\/uploads\/2020\/01\/Kennametal-Nozul-5.jpeg?fit=900%2C1200&ssl=1&resize=350%2C200","width":350,"height":200,"srcset":"https:\/\/i0.wp.com\/tuzlahortum.com.tr\/wp-content\/uploads\/2020\/01\/Kennametal-Nozul-5.jpeg?fit=900%2C1200&ssl=1&resize=350%2C200 1x, https:\/\/i0.wp.com\/tuzlahortum.com.tr\/wp-content\/uploads\/2020\/01\/Kennametal-Nozul-5.jpeg?fit=900%2C1200&ssl=1&resize=525%2C300 1.5x, https:\/\/i0.wp.com\/tuzlahortum.com.tr\/wp-content\/uploads\/2020\/01\/Kennametal-Nozul-5.jpeg?fit=900%2C1200&ssl=1&resize=700%2C400 2x"},"classes":[]},{"id":763,"url":"https:\/\/tuzlahortum.com.tr\/en\/product\/kumlama-kurtagzi-contasi\/","url_meta":{"origin":9026,"position":5},"title":"Sandblast Dovetail Gasket(Large)","author":"admin","date":"6 February 2019","format":false,"excerpt":"Kumlama Kurta\u011fz\u0131 Contas\u0131(B\u00fcy\u00fck)Kumlama Kurta\u011f\u0131zlar\u0131nda kullan\u0131lan yedek conta","rel":"","context":"Similar post","block_context":{"text":"Similar post","link":""},"img":{"alt_text":"","src":"https:\/\/i0.wp.com\/tuzlahortum.com.tr\/wp-content\/uploads\/urunler\/Kumlama\/kumlama_kurtagzi_contasi.jpg?fit=300%2C300&ssl=1&resize=350%2C200","width":350,"height":200},"classes":[]}],"jetpack_sharing_enabled":true,"jetpack_likes_enabled":true,"_links":{"self":[{"href":"https:\/\/tuzlahortum.com.tr\/en\/wp-json\/wp\/v2\/product\/9026","targetHints":{"allow":["GET"]}}],"collection":[{"href":"https:\/\/tuzlahortum.com.tr\/en\/wp-json\/wp\/v2\/product"}],"about":[{"href":"https:\/\/tuzlahortum.com.tr\/en\/wp-json\/wp\/v2\/types\/product"}],"replies":[{"embeddable":true,"href":"https:\/\/tuzlahortum.com.tr\/en\/wp-json\/wp\/v2\/comments?post=9026"}],"wp:featuredmedia":[{"embeddable":true,"href":"https:\/\/tuzlahortum.com.tr\/en\/wp-json\/wp\/v2\/media\/1782"}],"wp:attachment":[{"href":"https:\/\/tuzlahortum.com.tr\/en\/wp-json\/wp\/v2\/media?parent=9026"}],"wp:term":[{"taxonomy":"product_brand","embeddable":true,"href":"https:\/\/tuzlahortum.com.tr\/en\/wp-json\/wp\/v2\/product_brand?post=9026"},{"taxonomy":"product_cat","embeddable":true,"href":"https:\/\/tuzlahortum.com.tr\/en\/wp-json\/wp\/v2\/product_cat?post=9026"},{"taxonomy":"product_tag","embeddable":true,"href":"https:\/\/tuzlahortum.com.tr\/en\/wp-json\/wp\/v2\/product_tag?post=9026"}],"curies":[{"name":"wp","href":"https:\/\/api.w.org\/{rel}","templated":true}]}}