{"id":900,"date":"2019-02-06T23:55:26","date_gmt":"2019-02-06T20:55:26","guid":{"rendered":"http:\/\/hortum.com.tr\/product\/import-placeholder-for-55\/"},"modified":"2024-03-21T17:41:00","modified_gmt":"2024-03-21T14:41:00","slug":"bezli-su-hortumlari-hafif-tip","status":"publish","type":"product","link":"https:\/\/tuzlahortum.com.tr\/en\/product\/bezli-su-hortumlari-hafif-tip\/","title":{"rendered":"Cloth Water Hoses (Light Type)"},"content":{"rendered":"<h2>Cloth Water Hoses (Light Type)<\/h2>\n<div>AREAS OF USAGE: It can be used in all works where water is required to be transferred, such as industry, construction, agriculture and sports fields, according to working pressures.<\/div>\n<div><\/div>\n<div>CERTIFICATES: Hoses are TSE branded. TS2420 ISO 1403<\/div>\n<div><\/div>\n<div>CONSTRUCTION<\/div>\n<div>Bottom : SBR\/NR black moisture resistant<\/div>\n<div>Reinforcement: High strength cord fabric<\/div>\n<div>Upper: SBR black weather and abrasion resistant<\/div>\n<div><\/div>\n<div><div class=\"video video-fit mb\" style=\"padding-top:56.25%;\"><p><iframe loading=\"lazy\" title=\"Measurement Confusion (Inch, Finger, Haze, Millimeter)\" width=\"1020\" height=\"574\" src=\"https:\/\/www.youtube.com\/embed\/uKk6AG_AZls?feature=oembed\" frameborder=\"0\" allow=\"accelerometer; autoplay; clipboard-write; encrypted-media; gyroscope; picture-in-picture\" allowfullscreen><\/iframe><\/p>\n<\/div><\/div>","protected":false},"excerpt":{"rendered":"<p>Cloth Water Hoses (Light Type) AREAS OF USAGE : According to their working pressure, they can be used in all works where water needs to be transported such as industry, construction, agriculture and sports fields. CERTIFICATES : Hoses are TSE branded. TS2420 ISO 1403 CONTRUCTION Bottom : SBR\/NR black moisture resistant Reinforcement : High strength cord fabric Top : SBR black weather and abrasion resistant<\/p>","protected":false},"featured_media":1726,"comment_status":"open","ping_status":"closed","template":"","meta":[],"product_brand":[],"product_cat":[163],"product_tag":[795,673,786,1177,1178,787,789,723,788,818,796,793,794,791,792,652],"class_list":{"0":"post-900","1":"product","2":"type-product","3":"status-publish","4":"has-post-thumbnail","6":"product_cat-su-hortumlari","7":"product_tag-bahce","8":"product_tag-basincli-su-hortumu","9":"product_tag-bezli-su-hortumu","10":"product_tag-hafif-tip-bezli-su-hortumlari","11":"product_tag-ins","12":"product_tag-kaucuk-su-hortumu","13":"product_tag-lastik-su-hortumu","14":"product_tag-sanayi","15":"product_tag-sargili-su-hortumu","16":"product_tag-siyah-su-hortumu","17":"product_tag-spor-alanlari","18":"product_tag-su-basma-hortumu","19":"product_tag-su-bosaltma-hortumu","20":"product_tag-su-nakil","21":"product_tag-su-tahliye-hortumu","22":"product_tag-tarim","24":"first","25":"instock","26":"taxable","27":"shipping-taxable","28":"product-type-variable"},"jetpack-related-posts":[{"id":725,"url":"https:\/\/tuzlahortum.com.tr\/en\/product\/bezli-su-hortumlari-orta-tip\/","url_meta":{"origin":900,"position":0},"title":"Clothed Water Hoses (Medium Type)","author":"admin","date":"6 February 2019","format":false,"excerpt":"Bezli Su Hortumlar\u0131 (Orta Tip)KULLANIM ALANLARI : \u00c7al\u0131\u015fma bas\u0131n\u00e7lar\u0131na g\u00f6re sanayi, in\u015faat, tar\u0131m ve spor alanlar\u0131 gibi su nakledilmesi gereken t\u00fcm i\u015flerde kullan\u0131labilir. SERT\u0130F\u0130KALAR : Hortumlar TSE markal\u0131d\u0131r. TS2420 ISO 1403 KONTR\u00dcKS\u0130YON Alt : SBR\/NR siyah neme dayan\u0131kl\u0131 Takviye : Y\u00fcksek mukavemetli kord bezi \u00dcst : SBR siyah hava \u015fartlar\u0131na\u2026","rel":"","context":"Similar post","block_context":{"text":"Similar post","link":""},"img":{"alt_text":"","src":"https:\/\/i0.wp.com\/tuzlahortum.com.tr\/wp-content\/uploads\/urunler\/kaucuk\/superlas-orta-basinc-su-hortum.jpg?fit=360%2C270&ssl=1&resize=350%2C200","width":350,"height":200},"classes":[]},{"id":726,"url":"https:\/\/tuzlahortum.com.tr\/en\/product\/bezli-su-hortumlari-agir-tip\/","url_meta":{"origin":900,"position":1},"title":"Cloth Water Hoses (Heavy Type)","author":"admin","date":"6 February 2019","format":false,"excerpt":"Bezli Su Hortumlar\u0131 (A\u011f\u0131r Tip)KULLANIM ALANLARI : \u00c7al\u0131\u015fma bas\u0131n\u00e7lar\u0131na g\u00f6re sanayi, in\u015faat, tar\u0131m ve spor alanlar\u0131 gibi su nakledilmesi gereken t\u00fcm i\u015flerde kullan\u0131labilir. SERT\u0130F\u0130KALAR : Hortumlar TSE markal\u0131d\u0131r. TS2420 ISO 1403 KONTR\u00dcKS\u0130YON Alt : SBR\/NR siyah neme dayan\u0131kl\u0131 Takviye : Y\u00fcksek mukavemetli kord bezi \u00dcst : SBR siyah hava \u015fartlar\u0131na\u2026","rel":"","context":"Similar post","block_context":{"text":"Similar post","link":""},"img":{"alt_text":"","src":"https:\/\/i0.wp.com\/tuzlahortum.com.tr\/wp-content\/uploads\/urunler\/kaucuk\/superlas-orta-basinc-su-hortum.jpg?fit=360%2C270&ssl=1&resize=350%2C200","width":350,"height":200},"classes":[]},{"id":712,"url":"https:\/\/tuzlahortum.com.tr\/en\/product\/kompresor-hortumlari-hafif-tip\/","url_meta":{"origin":900,"position":2},"title":"Compressor Hoses (Light Type)","author":"admin","date":"6 February 2019","format":false,"excerpt":"Kompres\u00f6r Hortumlar\u0131 (Hafif Tip)KULLANIM ALANLARI : \u00c7al\u0131\u015fma bas\u0131n\u00e7lar\u0131na g\u00f6re maden ocaklar\u0131nda, end\u00fcstri ve in\u015faat i\u00e7in kullan\u0131\u015fl\u0131, sa\u011flam ve k\u0131r\u0131lmaya dayan\u0131kl\u0131 hava hortumlar\u0131. SERT\u0130F\u0130KALAR : Hortumlar TSE markal\u0131d\u0131r. TS745 EN ISO2398 KONTR\u00dcKS\u0130YON Alt : SBR\/NBR, siyah, su ve ya\u011f buhar\u0131 ihtiva eden bas\u0131n\u00e7l\u0131 havaya dayan\u0131kl\u0131 Takviye : Y\u00fcksek mukavemetli kord bezi\u2026","rel":"","context":"Similar post","block_context":{"text":"Similar post","link":""},"img":{"alt_text":"","src":"https:\/\/i0.wp.com\/tuzlahortum.com.tr\/wp-content\/uploads\/urunler\/kaucuk\/superlas-tip1-kompresor-hortumu.jpg?fit=360%2C270&ssl=1&resize=350%2C200","width":350,"height":200},"classes":[]},{"id":716,"url":"https:\/\/tuzlahortum.com.tr\/en\/product\/sanayi-tipi-su-hortumlari\/","url_meta":{"origin":900,"position":3},"title":"Industrial Water Hoses","author":"admin","date":"6 February 2019","format":false,"excerpt":"Sanayi Tipi Su Hortumlar\u0131KULLANIM ALANLARI : S\u0131cak su transferinde ve renkli olmas\u0131ndan dolay\u0131 g\u00f6ze hitap eden t\u00fcm i\u015flerde kullan\u0131labilir. SERT\u0130F\u0130KALAR : Hortumlar TSE markal\u0131d\u0131r. TS2420 TIP 2 EN ISO 1403 KONTR\u00dcKS\u0130YON Alt : SBR\/NR siyah neme dayan\u0131kl\u0131 Takviye : Y\u00fcksek mukavemetli kord bezi \u00dcst : SBR k\u0131rm\u0131z\u0131, her t\u00fcrl\u00fc iklim\u2026","rel":"","context":"Similar post","block_context":{"text":"Similar post","link":""},"img":{"alt_text":"","src":"https:\/\/i0.wp.com\/tuzlahortum.com.tr\/wp-content\/uploads\/urunler\/kaucuk\/superlas1.jpg?fit=360%2C270&ssl=1&resize=350%2C200","width":350,"height":200},"classes":[]},{"id":8622,"url":"https:\/\/tuzlahortum.com.tr\/en\/product\/bezli-su-verici-hortum10-bar\/","url_meta":{"origin":900,"position":4},"title":"Cloth Water Dispenser Hose (10 Bar)","author":"\u0130smail \u00c7elik","date":"21 March 2019","format":false,"excerpt":"Cloth Water Transmitter Hose (10 Bar) AREAS OF USAGE : Robust, flexible and receiver hose suitable for heavy duty applications in industry, construction and agriculture. CONTRUCTION Bottom : SBR\/NR black, glossy Reinforcement : High strength cord fabric Top : SBR black, resistant to all climatic conditions fghfgh test","rel":"","context":"Similar post","block_context":{"text":"Similar post","link":""},"img":{"alt_text":"","src":"https:\/\/i0.wp.com\/tuzlahortum.com.tr\/wp-content\/uploads\/urunler\/kaucuk\/superlas-bezli-su-verici-hortum.jpg?fit=360%2C270&ssl=1&resize=350%2C200","width":350,"height":200},"classes":[]},{"id":901,"url":"https:\/\/tuzlahortum.com.tr\/en\/product\/bezli-su-verici-hortum5-bar\/","url_meta":{"origin":900,"position":5},"title":"Cloth Water Dispenser Hose (5 Bar)","author":"admin","date":"6 February 2019","format":false,"excerpt":"Cloth Water Transmitter Hose (5 Bar) AREAS OF USAGE : It is used as a transmitter hose in discharge pumps. Prepared for easy transportation and storage. CONTRUCTION Bottom : SBR\/NR black, glossy Reinforcement : High strength cord fabric Top : SBR black, resistant to all climatic conditions","rel":"","context":"Similar post","block_context":{"text":"Similar post","link":""},"img":{"alt_text":"","src":"https:\/\/i0.wp.com\/tuzlahortum.com.tr\/wp-content\/uploads\/urunler\/kaucuk\/superlas-bezli-su-verici-hortum.jpg?fit=360%2C270&ssl=1&resize=350%2C200","width":350,"height":200},"classes":[]}],"jetpack_sharing_enabled":true,"jetpack_likes_enabled":true,"_links":{"self":[{"href":"https:\/\/tuzlahortum.com.tr\/en\/wp-json\/wp\/v2\/product\/900","targetHints":{"allow":["GET"]}}],"collection":[{"href":"https:\/\/tuzlahortum.com.tr\/en\/wp-json\/wp\/v2\/product"}],"about":[{"href":"https:\/\/tuzlahortum.com.tr\/en\/wp-json\/wp\/v2\/types\/product"}],"replies":[{"embeddable":true,"href":"https:\/\/tuzlahortum.com.tr\/en\/wp-json\/wp\/v2\/comments?post=900"}],"wp:featuredmedia":[{"embeddable":true,"href":"https:\/\/tuzlahortum.com.tr\/en\/wp-json\/wp\/v2\/media\/1726"}],"wp:attachment":[{"href":"https:\/\/tuzlahortum.com.tr\/en\/wp-json\/wp\/v2\/media?parent=900"}],"wp:term":[{"taxonomy":"product_brand","embeddable":true,"href":"https:\/\/tuzlahortum.com.tr\/en\/wp-json\/wp\/v2\/product_brand?post=900"},{"taxonomy":"product_cat","embeddable":true,"href":"https:\/\/tuzlahortum.com.tr\/en\/wp-json\/wp\/v2\/product_cat?post=900"},{"taxonomy":"product_tag","embeddable":true,"href":"https:\/\/tuzlahortum.com.tr\/en\/wp-json\/wp\/v2\/product_tag?post=900"}],"curies":[{"name":"wp","href":"https:\/\/api.w.org\/{rel}","templated":true}]}}