{"id":899,"date":"2019-02-06T23:55:26","date_gmt":"2019-02-06T20:55:26","guid":{"rendered":"http:\/\/hortum.com.tr\/product\/import-placeholder-for-494\/"},"modified":"2024-03-21T17:41:01","modified_gmt":"2024-03-21T14:41:01","slug":"trelleborg-solvykler","status":"publish","type":"product","link":"https:\/\/tuzlahortum.com.tr\/en\/product\/trelleborg-solvykler\/","title":{"rendered":"Trelleborg SOLVYKS"},"content":{"rendered":"<h2>Trelleborg SOLVYKS<\/h2>\n<p>Solvents\/Paints\/Polish and Varnish<\/p>\n<p>Pressure service line for ester, ketone, alcohol-based paints and many chemicals.<\/p>\n<p>Advantages<\/p>\n<p>*The hose coating is resistant to corrosive chemical splashes.<\/p>\n<p>*Does not contain silicone.<\/p>\n<p>* Maintains hose flexibility over a wide temperature range.<\/p>\n<p>*Antistatic inner tube.<\/p>\n<p>technical description<\/p>\n<p>Inner tube: chemical resistant EPDM, black, plain.<\/p>\n<p>Reinforcement: synthetic textile.<\/p>\n<p>Coating: chemical and abrasion resistant EPDM, green, smooth.<\/p>\n<p>Temperature range: -30\u00b0C to +100\u00b0C.<\/p>\n<p>Electrical properties : antistatic inner tube, R&lt;106\u03a9\/m.<\/p>\n<p>Unions\/Fittings<\/p>\n<p>Special paint hose couplings are recommended.<\/p>\n<div class=\"video video-fit mb\" style=\"padding-top:56.25%;\"><p><iframe loading=\"lazy\" title=\"Measurement Confusion (Inch, Finger, Haze, Millimeter)\" width=\"1020\" height=\"574\" src=\"https:\/\/www.youtube.com\/embed\/uKk6AG_AZls?feature=oembed\" frameborder=\"0\" allow=\"accelerometer; autoplay; clipboard-write; encrypted-media; gyroscope; picture-in-picture; web-share\" referrerpolicy=\"strict-origin-when-cross-origin\" allowfullscreen><\/iframe><\/p>\n<\/div>\n<div class=\"video video-fit mb\" style=\"padding-top:56.25%;\"><p>https:\/\/www.youtube.com\/watch?v=O8ZlzKEjfEQ%20<\/p>\n<\/div>","protected":false},"excerpt":{"rendered":"<p>Trelleborg SOLVYKLER Solventler\/Boyalar\/Cila ve Vernik Ester, keton, alkol bazl\u0131 boyalar ve bir\u00e7ok kimyasal i\u00e7in bas\u0131n\u00e7l\u0131 hizmet hatt\u0131. Avantajlar *Hortum kaplamas\u0131 korozif kimyasal s\u0131\u00e7ramas\u0131na kar\u015f\u0131 dayan\u0131kl\u0131d\u0131r. *Silikon i\u00e7ermez. *Hortum esnekli\u011fini geni\u015f bir s\u0131cakl\u0131k aral\u0131\u011f\u0131nda korur. *Antistatik i\u00e7 lastik. Teknik a\u00e7\u0131klama \u0130\u00e7 t\u00fcp :\u00a0kimyasal maddelere dayan\u0131kl\u0131 EPDM, siyah, d\u00fcz. Takviye :\u00a0sentetik tekstil. Kaplama :\u00a0kimyasala ve a\u015f\u0131nmaya kar\u015f\u0131 [&#8230;]\n","protected":false},"featured_media":2673,"comment_status":"open","ping_status":"closed","template":"","meta":{"jetpack_post_was_ever_published":false},"product_brand":[],"product_cat":[1169],"product_tag":[1175,558,692,1170,294,1173,290,1174,1176,691,1171],"class_list":{"0":"post-899","1":"product","2":"type-product","3":"status-publish","4":"has-post-thumbnail","6":"product_cat-solvent-boya-cila-ve-vernik-hortumlari","7":"product_tag-alkol-bazli-boya","8":"product_tag-basinc","9":"product_tag-boya","10":"product_tag-cila","11":"product_tag-dayanikli","12":"product_tag-ester","13":"product_tag-hortum","14":"product_tag-keton","15":"product_tag-kimyasal","16":"product_tag-solvent","17":"product_tag-vernik","19":"first","20":"instock","21":"taxable","22":"shipping-taxable","23":"product-type-variable"},"jetpack-related-posts":[{"id":898,"url":"https:\/\/tuzlahortum.com.tr\/en\/product\/trelleborg-multikler\/","url_meta":{"origin":899,"position":0},"title":"Trelleborg MULTICS","author":"admin","date":"6 February 2019","format":false,"excerpt":"Trelleborg MULTIKLERSolvents\/Paints\/Lacquer and Varnish Pressure service line for benzene, toluene and xylene based paints, lacquers, varnishes and certain chemicals. Also industrial paint spraying equipment. Advantages *Hose coating is resistant to abrasion and corrosive chemicals. *Silicone free. *Antistatic inner tube. Technical description Inner tube : NBR resistant to solvent based paints, black, smooth. Reinforcement","rel":"","context":"Similar post","block_context":{"text":"Similar post","link":""},"img":{"alt_text":"","src":"https:\/\/i0.wp.com\/tuzlahortum.com.tr\/wp-content\/uploads\/2019\/02\/MULTIKLER.jpg?fit=800%2C800&ssl=1&resize=350%2C200","width":350,"height":200,"srcset":"https:\/\/i0.wp.com\/tuzlahortum.com.tr\/wp-content\/uploads\/2019\/02\/MULTIKLER.jpg?fit=800%2C800&ssl=1&resize=350%2C200 1x, https:\/\/i0.wp.com\/tuzlahortum.com.tr\/wp-content\/uploads\/2019\/02\/MULTIKLER.jpg?fit=800%2C800&ssl=1&resize=525%2C300 1.5x, https:\/\/i0.wp.com\/tuzlahortum.com.tr\/wp-content\/uploads\/2019\/02\/MULTIKLER.jpg?fit=800%2C800&ssl=1&resize=700%2C400 2x"},"classes":[]},{"id":8095,"url":"https:\/\/tuzlahortum.com.tr\/en\/product\/trelleborg-chemikler-upe\/","url_meta":{"origin":899,"position":1},"title":"Trelleborg CHEMIKLER-UPE","author":"\u0130smail \u00c7elik","date":"14 March 2019","format":false,"excerpt":"Trelleborg CHEMIKLER-UPEKimyasal ve korozif \u00fcr\u00fcnler\/Transfer G\u00fc\u00e7l\u00fc asitler, y\u00fcksek aroma i\u00e7eri\u011fine sahip solventler, klorlanm\u0131\u015f veya oksijenlenmi\u015f solventler, aromatik hidrokarbonlar, vs. gibi korozif kimyasallar\u0131n t\u00fcm\u00fcn\u00fcn \u00e7ekilmesi ve tahliyesi. Karayolu ve demiryolu tankerleri, bo\u015faltma alanlar\u0131n\u0131n yan\u0131 s\u0131ra kimya tesisleri ve ilgili end\u00fcstrilerde kullan\u0131lan mobil ve sabit donan\u0131mlar i\u00e7indir. Avantajlar Geni\u015fi \u00e7e\u015fitlilikte kimyasallara uygun\u2026","rel":"","context":"Similar post","block_context":{"text":"Similar post","link":""},"img":{"alt_text":"","src":"https:\/\/i0.wp.com\/tuzlahortum.com.tr\/wp-content\/uploads\/2019\/02\/CHEMIKLER-UPE.jpg?fit=800%2C800&ssl=1&resize=350%2C200","width":350,"height":200,"srcset":"https:\/\/i0.wp.com\/tuzlahortum.com.tr\/wp-content\/uploads\/2019\/02\/CHEMIKLER-UPE.jpg?fit=800%2C800&ssl=1&resize=350%2C200 1x, https:\/\/i0.wp.com\/tuzlahortum.com.tr\/wp-content\/uploads\/2019\/02\/CHEMIKLER-UPE.jpg?fit=800%2C800&ssl=1&resize=525%2C300 1.5x, https:\/\/i0.wp.com\/tuzlahortum.com.tr\/wp-content\/uploads\/2019\/02\/CHEMIKLER-UPE.jpg?fit=800%2C800&ssl=1&resize=700%2C400 2x"},"classes":[]},{"id":897,"url":"https:\/\/tuzlahortum.com.tr\/en\/product\/trelleborg-breathing-hose-en-14593\/","url_meta":{"origin":899,"position":2},"title":"Trelleborg BREATHING HOSE EN 14593","author":"admin","date":"6 February 2019","format":false,"excerpt":"Trelleborg BREATHING HOSE EN 14593Soluma havas\u0131 Taze hava soluma maskeleri ve bas\u0131n\u00e7l\u0131 hava beslemesi i\u00e7in besleme hatt\u0131. Avantajlar *G\u00fcvenli ve sa\u011flam. *Y\u00fcksek s\u0131cakl\u0131k dayan\u0131m\u0131. *Y\u00fcksek esneklik. *A\u015f\u0131nmaya dayan\u0131kl\u0131 kaplama. *Antistatik. *EN 14593\/14594 onayl\u0131. Teknik a\u00e7\u0131klama \u0130\u00e7 t\u00fcp :\u00a0EPDM, siyah, d\u00fcz. Takviye :\u00a0aramid, \u00f6rg\u00fc. Kaplama :\u00a0EPDM, d\u00fcz, 7.2 ve 9.5mm \u0130\u00c7\u2026","rel":"","context":"Similar post","block_context":{"text":"Similar post","link":""},"img":{"alt_text":"","src":"https:\/\/i0.wp.com\/tuzlahortum.com.tr\/wp-content\/uploads\/2019\/02\/BREATHING-HOSE-EN-14593.jpg?fit=800%2C800&ssl=1&resize=350%2C200","width":350,"height":200,"srcset":"https:\/\/i0.wp.com\/tuzlahortum.com.tr\/wp-content\/uploads\/2019\/02\/BREATHING-HOSE-EN-14593.jpg?fit=800%2C800&ssl=1&resize=350%2C200 1x, https:\/\/i0.wp.com\/tuzlahortum.com.tr\/wp-content\/uploads\/2019\/02\/BREATHING-HOSE-EN-14593.jpg?fit=800%2C800&ssl=1&resize=525%2C300 1.5x, https:\/\/i0.wp.com\/tuzlahortum.com.tr\/wp-content\/uploads\/2019\/02\/BREATHING-HOSE-EN-14593.jpg?fit=800%2C800&ssl=1&resize=700%2C400 2x"},"classes":[]},{"id":949,"url":"https:\/\/tuzlahortum.com.tr\/en\/product\/trelleborg-polyoil\/","url_meta":{"origin":899,"position":3},"title":"Trelleborg POLYOIL","author":"admin","date":"6 February 2019","format":false,"excerpt":"Trelleborg POLYOILYa\u011f ve petrol Petrol \u00fcr\u00fcnlerinin y\u00fcksek bas\u0131n\u00e7 alt\u0131nda ta\u015f\u0131nmas\u0131 ve d\u00fc\u015f\u00fck bas\u0131n\u00e7l\u0131 hidrolik tahrik sistemleri ve\u00a0ya\u011f d\u00f6n\u00fc\u015f\u00fc. Ayr\u0131ca, hafif ve a\u011f\u0131r petrol t\u00fcrevlerinin, kimyasallar\u0131n ve antifriz maddelerin, ya\u011f i\u00e7eren bas\u0131n\u00e7l\u0131 hava, end\u00fcstriyel alkalin ve tuzlu suyun ta\u015f\u0131nmas\u0131. Avantajlar *Eskime, atmosfer ko\u015fullar\u0131 ve ozona kar\u015f\u0131 m\u00fckemmel dayan\u0131m. *Bas\u0131nca kar\u015f\u0131 \u00e7ok\u2026","rel":"","context":"Similar post","block_context":{"text":"Similar post","link":""},"img":{"alt_text":"","src":"https:\/\/i0.wp.com\/tuzlahortum.com.tr\/wp-content\/uploads\/2019\/02\/POLYOIL.jpg?fit=800%2C800&ssl=1&resize=350%2C200","width":350,"height":200,"srcset":"https:\/\/i0.wp.com\/tuzlahortum.com.tr\/wp-content\/uploads\/2019\/02\/POLYOIL.jpg?fit=800%2C800&ssl=1&resize=350%2C200 1x, https:\/\/i0.wp.com\/tuzlahortum.com.tr\/wp-content\/uploads\/2019\/02\/POLYOIL.jpg?fit=800%2C800&ssl=1&resize=525%2C300 1.5x, https:\/\/i0.wp.com\/tuzlahortum.com.tr\/wp-content\/uploads\/2019\/02\/POLYOIL.jpg?fit=800%2C800&ssl=1&resize=700%2C400 2x"},"classes":[]},{"id":662,"url":"https:\/\/tuzlahortum.com.tr\/en\/product\/trelleborg-vulcain\/","url_meta":{"origin":899,"position":4},"title":"Trelleborg VULCAIN+","author":"admin","date":"6 February 2019","format":false,"excerpt":"Trelleborg VULCAIN+Hava\/Bas\u0131n\u00e7l\u0131 hava uygulamalar\u0131 Pn\u00f6matik aletler ve pn\u00f6matik kontrol hatlar\u0131 i\u00e7in (\u00f6r. boya p\u00fcsk\u00fcrtme tabancalar\u0131). Avantajlar *Statik iletken i\u00e7 lastik. *\u00d6zellikle d\u00fc\u015f\u00fck s\u0131cakl\u0131klarda olduk\u00e7a esnektir. *S\u0131cak suya uygundur. Teknik a\u00e7\u0131klama \u0130\u00e7 t\u00fcp :\u00a0EPDM, siyah, d\u00fcz. Takviye :\u00a0sentetik tekstil. Kaplama :\u00a0EPDM, mavi, d\u00fcz. S\u0131cakl\u0131k aral\u0131\u011f\u0131 :\u00a0-40\u00b0C to +100\u00b0C. Elektriksel \u00f6zellikler :\u00a0iletken\u2026","rel":"","context":"Similar post","block_context":{"text":"Similar post","link":""},"img":{"alt_text":"","src":"https:\/\/i0.wp.com\/tuzlahortum.com.tr\/wp-content\/uploads\/2019\/02\/VULCAIN.jpg?fit=800%2C800&ssl=1&resize=350%2C200","width":350,"height":200,"srcset":"https:\/\/i0.wp.com\/tuzlahortum.com.tr\/wp-content\/uploads\/2019\/02\/VULCAIN.jpg?fit=800%2C800&ssl=1&resize=350%2C200 1x, https:\/\/i0.wp.com\/tuzlahortum.com.tr\/wp-content\/uploads\/2019\/02\/VULCAIN.jpg?fit=800%2C800&ssl=1&resize=525%2C300 1.5x, https:\/\/i0.wp.com\/tuzlahortum.com.tr\/wp-content\/uploads\/2019\/02\/VULCAIN.jpg?fit=800%2C800&ssl=1&resize=700%2C400 2x"},"classes":[]},{"id":919,"url":"https:\/\/tuzlahortum.com.tr\/en\/product\/trelleborg-starkler\/","url_meta":{"origin":899,"position":5},"title":"Trelleborg STARKLER","author":"admin","date":"6 February 2019","format":false,"excerpt":"Trelleborg STARKLERSu\/Tahliye uygulamalar\u0131 Y\u00fcksek bas\u0131n\u00e7la temizleme i\u015flemleri ve s\u0131cak veya so\u011fuk su ve bir\u00e7ok farkl\u0131 s\u0131v\u0131n\u0131n kullan\u0131ld\u0131\u011f\u0131 genel tahliye uygulamalar\u0131na y\u00f6nelik \u00e7ok ama\u00e7l\u0131 hortum (EPDM i\u00e7in kimyasal diren\u00e7 tablosuna\u00a0bak\u0131n\u0131z). T\u00fcm sekt\u00f6rler i\u00e7in uygundur: in\u015faat ve bay\u0131nd\u0131rl\u0131k hizmetleri, end\u00fcstri, tar\u0131m, vs. Avantajlar *Eskime ve atmosfer ko\u015fullar\u0131na kar\u015f\u0131 son derece dayan\u0131kl\u0131. *Geni\u015f\u2026","rel":"","context":"Similar post","block_context":{"text":"Similar post","link":""},"img":{"alt_text":"","src":"https:\/\/i0.wp.com\/tuzlahortum.com.tr\/wp-content\/uploads\/2019\/02\/STARKLER.jpg?fit=800%2C800&ssl=1&resize=350%2C200","width":350,"height":200,"srcset":"https:\/\/i0.wp.com\/tuzlahortum.com.tr\/wp-content\/uploads\/2019\/02\/STARKLER.jpg?fit=800%2C800&ssl=1&resize=350%2C200 1x, https:\/\/i0.wp.com\/tuzlahortum.com.tr\/wp-content\/uploads\/2019\/02\/STARKLER.jpg?fit=800%2C800&ssl=1&resize=525%2C300 1.5x, https:\/\/i0.wp.com\/tuzlahortum.com.tr\/wp-content\/uploads\/2019\/02\/STARKLER.jpg?fit=800%2C800&ssl=1&resize=700%2C400 2x"},"classes":[]}],"jetpack_sharing_enabled":true,"jetpack_likes_enabled":true,"_links":{"self":[{"href":"https:\/\/tuzlahortum.com.tr\/en\/wp-json\/wp\/v2\/product\/899","targetHints":{"allow":["GET"]}}],"collection":[{"href":"https:\/\/tuzlahortum.com.tr\/en\/wp-json\/wp\/v2\/product"}],"about":[{"href":"https:\/\/tuzlahortum.com.tr\/en\/wp-json\/wp\/v2\/types\/product"}],"replies":[{"embeddable":true,"href":"https:\/\/tuzlahortum.com.tr\/en\/wp-json\/wp\/v2\/comments?post=899"}],"wp:featuredmedia":[{"embeddable":true,"href":"https:\/\/tuzlahortum.com.tr\/en\/wp-json\/wp\/v2\/media\/2673"}],"wp:attachment":[{"href":"https:\/\/tuzlahortum.com.tr\/en\/wp-json\/wp\/v2\/media?parent=899"}],"wp:term":[{"taxonomy":"product_brand","embeddable":true,"href":"https:\/\/tuzlahortum.com.tr\/en\/wp-json\/wp\/v2\/product_brand?post=899"},{"taxonomy":"product_cat","embeddable":true,"href":"https:\/\/tuzlahortum.com.tr\/en\/wp-json\/wp\/v2\/product_cat?post=899"},{"taxonomy":"product_tag","embeddable":true,"href":"https:\/\/tuzlahortum.com.tr\/en\/wp-json\/wp\/v2\/product_tag?post=899"}],"curies":[{"name":"wp","href":"https:\/\/api.w.org\/{rel}","templated":true}]}}