{"id":897,"date":"2019-02-06T23:55:25","date_gmt":"2019-02-06T20:55:25","guid":{"rendered":"http:\/\/hortum.com.tr\/product\/import-placeholder-for-490\/"},"modified":"2024-03-21T17:41:03","modified_gmt":"2024-03-21T14:41:03","slug":"trelleborg-breathing-hose-en-14593","status":"publish","type":"product","link":"https:\/\/tuzlahortum.com.tr\/en\/product\/trelleborg-breathing-hose-en-14593\/","title":{"rendered":"Trelleborg BREATHING HOSE EN 14593"},"content":{"rendered":"<h2>Trelleborg BREATHING HOSE EN 14593<\/h2>\n<p>breathing air<\/p>\n<p>Supply line for fresh air breathing masks and compressed air supply.<\/p>\n<p>Advantages<\/p>\n<p>*Safe and robust.<\/p>\n<p>*High temperature resistance.<\/p>\n<p>*High flexibility.<\/p>\n<p>*Abrasion resistant coating.<\/p>\n<p>*Antistatic.<\/p>\n<p>*EN 14593\/14594 approved.<\/p>\n<p>technical description<\/p>\n<p>Inner tube: EPDM, black, straight.<\/p>\n<p>Reinforcement: aramid, braid.<\/p>\n<p>Coating : EPDM, plain, black for 7.2 and 9.5mm ID, green for 20mm ID.<\/p>\n<p>Temperature range : -40\u00b0C to +120\u00b0C.<\/p>\n<p>Electrical properties: conductive inner tube and lining,<\/p>\n<p>103\u03a9\/m &lt;R&lt;108\u03a9\/m.<\/p>\n<p>Standard\/Approval: EN 14593\/14594.<\/p>\n<div class=\"video video-fit mb\" style=\"padding-top:56.25%;\"><p><iframe loading=\"lazy\" title=\"Measurement Confusion (Inch, Finger, Haze, Millimeter)\" width=\"1020\" height=\"574\" src=\"https:\/\/www.youtube.com\/embed\/uKk6AG_AZls?feature=oembed\" frameborder=\"0\" allow=\"accelerometer; autoplay; clipboard-write; encrypted-media; gyroscope; picture-in-picture; web-share\" referrerpolicy=\"strict-origin-when-cross-origin\" allowfullscreen><\/iframe><\/p>\n<\/div>\n<div class=\"video video-fit mb\" style=\"padding-top:56.25%;\"><p>https:\/\/www.youtube.com\/watch?v=O8ZlzKEjfEQ%20<\/p>\n<\/div>\n<p><img data-recalc-dims=\"1\" loading=\"lazy\" decoding=\"async\" class=\"alignnone size-medium wp-image-2129\" src=\"https:\/\/i0.wp.com\/hortum.com.tr\/wp-content\/uploads\/urunler\/trelleborg\/Trelleborg-BREATHING-HOSE-EN-14593-800x94.jpg?resize=800%2C94\" alt=\"\" width=\"800\" height=\"94\" title=\"\" srcset=\"https:\/\/i0.wp.com\/tuzlahortum.com.tr\/wp-content\/uploads\/urunler\/trelleborg\/Trelleborg-BREATHING-HOSE-EN-14593.jpg?resize=800%2C94&amp;ssl=1 800w, https:\/\/i0.wp.com\/tuzlahortum.com.tr\/wp-content\/uploads\/urunler\/trelleborg\/Trelleborg-BREATHING-HOSE-EN-14593.jpg?resize=768%2C90&amp;ssl=1 768w, https:\/\/i0.wp.com\/tuzlahortum.com.tr\/wp-content\/uploads\/urunler\/trelleborg\/Trelleborg-BREATHING-HOSE-EN-14593.jpg?resize=600%2C71&amp;ssl=1 600w, https:\/\/i0.wp.com\/tuzlahortum.com.tr\/wp-content\/uploads\/urunler\/trelleborg\/Trelleborg-BREATHING-HOSE-EN-14593.jpg?w=1021&amp;ssl=1 1021w\" sizes=\"auto, (max-width: 800px) 100vw, 800px\" \/><\/p>","protected":false},"excerpt":{"rendered":"<p>Trelleborg BREATHING HOSE EN 14593 Soluma havas\u0131 Taze hava soluma maskeleri ve bas\u0131n\u00e7l\u0131 hava beslemesi i\u00e7in besleme hatt\u0131. Avantajlar *G\u00fcvenli ve sa\u011flam. *Y\u00fcksek s\u0131cakl\u0131k dayan\u0131m\u0131. *Y\u00fcksek esneklik. *A\u015f\u0131nmaya dayan\u0131kl\u0131 kaplama. *Antistatik. *EN 14593\/14594 onayl\u0131. Teknik a\u00e7\u0131klama \u0130\u00e7 t\u00fcp :\u00a0EPDM, siyah, d\u00fcz. Takviye :\u00a0aramid, \u00f6rg\u00fc. Kaplama :\u00a0EPDM, d\u00fcz, 7.2 ve 9.5mm \u0130\u00c7 i\u00e7in siyah, 20mm \u0130\u00c7 [&#8230;]\n","protected":false},"featured_media":2628,"comment_status":"open","ping_status":"closed","template":"","meta":{"jetpack_post_was_ever_published":false},"product_brand":[],"product_cat":[181],"product_tag":[290,1168],"class_list":{"0":"post-897","1":"product","2":"type-product","3":"status-publish","4":"has-post-thumbnail","6":"product_cat-soluma-havasi-hortumu","7":"product_tag-hortum","8":"product_tag-soluma","10":"first","11":"instock","12":"taxable","13":"shipping-taxable","14":"product-type-variable"},"jetpack-related-posts":[{"id":662,"url":"https:\/\/tuzlahortum.com.tr\/en\/product\/trelleborg-vulcain\/","url_meta":{"origin":897,"position":0},"title":"Trelleborg VULCAIN+","author":"admin","date":"6 February 2019","format":false,"excerpt":"Trelleborg VULCAIN+Hava\/Bas\u0131n\u00e7l\u0131 hava uygulamalar\u0131 Pn\u00f6matik aletler ve pn\u00f6matik kontrol hatlar\u0131 i\u00e7in (\u00f6r. boya p\u00fcsk\u00fcrtme tabancalar\u0131). Avantajlar *Statik iletken i\u00e7 lastik. *\u00d6zellikle d\u00fc\u015f\u00fck s\u0131cakl\u0131klarda olduk\u00e7a esnektir. *S\u0131cak suya uygundur. Teknik a\u00e7\u0131klama \u0130\u00e7 t\u00fcp :\u00a0EPDM, siyah, d\u00fcz. Takviye :\u00a0sentetik tekstil. Kaplama :\u00a0EPDM, mavi, d\u00fcz. S\u0131cakl\u0131k aral\u0131\u011f\u0131 :\u00a0-40\u00b0C to +100\u00b0C. Elektriksel \u00f6zellikler :\u00a0iletken\u2026","rel":"","context":"Similar post","block_context":{"text":"Similar post","link":""},"img":{"alt_text":"","src":"https:\/\/i0.wp.com\/tuzlahortum.com.tr\/wp-content\/uploads\/2019\/02\/VULCAIN.jpg?fit=800%2C800&ssl=1&resize=350%2C200","width":350,"height":200,"srcset":"https:\/\/i0.wp.com\/tuzlahortum.com.tr\/wp-content\/uploads\/2019\/02\/VULCAIN.jpg?fit=800%2C800&ssl=1&resize=350%2C200 1x, https:\/\/i0.wp.com\/tuzlahortum.com.tr\/wp-content\/uploads\/2019\/02\/VULCAIN.jpg?fit=800%2C800&ssl=1&resize=525%2C300 1.5x, https:\/\/i0.wp.com\/tuzlahortum.com.tr\/wp-content\/uploads\/2019\/02\/VULCAIN.jpg?fit=800%2C800&ssl=1&resize=700%2C400 2x"},"classes":[]},{"id":659,"url":"https:\/\/tuzlahortum.com.tr\/en\/product\/trelleborg-maxair\/","url_meta":{"origin":897,"position":1},"title":"Trelleborg MAXAIR","author":"admin","date":"6 February 2019","format":false,"excerpt":"Trelleborg MAXAIRHava\/Bas\u0131n\u00e7l\u0131 hava uygulamalar\u0131 Pn\u00f6matik aletler ve genel ama\u00e7lar i\u00e7in end\u00fcstriyel ve di\u011fer uygulamalara y\u00f6nelik bas\u0131n\u00e7l\u0131 hava\u00a0hortumu. T\u00fcm uygulamalara y\u00f6nelik s\u0131k\u0131\u015ft\u0131r\u0131lm\u0131\u015f hava, oksijen (sadece \u0130\u00c7\u226425mm) ve ark kayna\u011f\u0131nda kullan\u0131lan asal gazlardan argon, nitrojen ve karbondioksit i\u00e7in uygundur. Ayr\u0131ca end\u00fcstriyel su\u00a0tar\u0131msal spreylemede kullan\u0131lan sulu \u00e7\u00f6zeltiler veya em\u00fclsiyonlar, badana, dezenfeksiyon, asitler ve\u2026","rel":"","context":"Similar post","block_context":{"text":"Similar post","link":""},"img":{"alt_text":"","src":"https:\/\/i0.wp.com\/tuzlahortum.com.tr\/wp-content\/uploads\/2019\/02\/MAXAIR.jpg?fit=800%2C800&ssl=1&resize=350%2C200","width":350,"height":200,"srcset":"https:\/\/i0.wp.com\/tuzlahortum.com.tr\/wp-content\/uploads\/2019\/02\/MAXAIR.jpg?fit=800%2C800&ssl=1&resize=350%2C200 1x, https:\/\/i0.wp.com\/tuzlahortum.com.tr\/wp-content\/uploads\/2019\/02\/MAXAIR.jpg?fit=800%2C800&ssl=1&resize=525%2C300 1.5x, https:\/\/i0.wp.com\/tuzlahortum.com.tr\/wp-content\/uploads\/2019\/02\/MAXAIR.jpg?fit=800%2C800&ssl=1&resize=700%2C400 2x"},"classes":[]},{"id":916,"url":"https:\/\/tuzlahortum.com.tr\/en\/product\/trelleborg-ost-epdm-16bar\/","url_meta":{"origin":897,"position":2},"title":"Trelleborg OST EPDM 16BAR","author":"admin","date":"6 February 2019","format":false,"excerpt":"Trelleborg OST EPDM 16BARSu\/Vakum uygulamalar\u0131 Evsel su, end\u00fcstriyel su, at\u0131k sular, \u00e7amurlu su ve s\u0131v\u0131 g\u00fcbrenin \u00e7ekilmesi ve tahliyesi i\u00e7in. Avantajlar *End\u00fcstrinin t\u00fcm alanlar\u0131nda kullan\u0131lan pompalara uygun geni\u015f \u00e7e\u015fitlilikte \u00e7aplar. *M\u00fckemmel esneklik. *T\u00fcm \u00e7aplarda 16 bar'l\u0131k sabit \u00e7al\u0131\u015fma bas\u0131nc\u0131. *Is\u0131ya kar\u015f\u0131 y\u00fcksek dayan\u0131m, iletken ve a\u015f\u0131nmaya kar\u015f\u0131 dayan\u0131kl\u0131 i\u00e7 lastik.\u2026","rel":"","context":"Similar post","block_context":{"text":"Similar post","link":""},"img":{"alt_text":"","src":"https:\/\/i0.wp.com\/tuzlahortum.com.tr\/wp-content\/uploads\/2019\/02\/OST-EPDM-16BAR.jpg?fit=800%2C800&ssl=1&resize=350%2C200","width":350,"height":200,"srcset":"https:\/\/i0.wp.com\/tuzlahortum.com.tr\/wp-content\/uploads\/2019\/02\/OST-EPDM-16BAR.jpg?fit=800%2C800&ssl=1&resize=350%2C200 1x, https:\/\/i0.wp.com\/tuzlahortum.com.tr\/wp-content\/uploads\/2019\/02\/OST-EPDM-16BAR.jpg?fit=800%2C800&ssl=1&resize=525%2C300 1.5x, https:\/\/i0.wp.com\/tuzlahortum.com.tr\/wp-content\/uploads\/2019\/02\/OST-EPDM-16BAR.jpg?fit=800%2C800&ssl=1&resize=700%2C400 2x"},"classes":[]},{"id":899,"url":"https:\/\/tuzlahortum.com.tr\/en\/product\/trelleborg-solvykler\/","url_meta":{"origin":897,"position":3},"title":"Trelleborg SOLVYKS","author":"admin","date":"6 February 2019","format":false,"excerpt":"Trelleborg SOLVYKLERSolventler\/Boyalar\/Cila ve Vernik Ester, keton, alkol bazl\u0131 boyalar ve bir\u00e7ok kimyasal i\u00e7in bas\u0131n\u00e7l\u0131 hizmet hatt\u0131. Avantajlar *Hortum kaplamas\u0131 korozif kimyasal s\u0131\u00e7ramas\u0131na kar\u015f\u0131 dayan\u0131kl\u0131d\u0131r. *Silikon i\u00e7ermez. *Hortum esnekli\u011fini geni\u015f bir s\u0131cakl\u0131k aral\u0131\u011f\u0131nda korur. *Antistatik i\u00e7 lastik. Teknik a\u00e7\u0131klama \u0130\u00e7 t\u00fcp :\u00a0kimyasal maddelere dayan\u0131kl\u0131 EPDM, siyah, d\u00fcz. Takviye :\u00a0sentetik tekstil. Kaplama\u2026","rel":"","context":"Similar post","block_context":{"text":"Similar post","link":""},"img":{"alt_text":"","src":"https:\/\/i0.wp.com\/tuzlahortum.com.tr\/wp-content\/uploads\/2019\/02\/SOLVYKLER.jpg?fit=800%2C800&ssl=1&resize=350%2C200","width":350,"height":200,"srcset":"https:\/\/i0.wp.com\/tuzlahortum.com.tr\/wp-content\/uploads\/2019\/02\/SOLVYKLER.jpg?fit=800%2C800&ssl=1&resize=350%2C200 1x, https:\/\/i0.wp.com\/tuzlahortum.com.tr\/wp-content\/uploads\/2019\/02\/SOLVYKLER.jpg?fit=800%2C800&ssl=1&resize=525%2C300 1.5x, https:\/\/i0.wp.com\/tuzlahortum.com.tr\/wp-content\/uploads\/2019\/02\/SOLVYKLER.jpg?fit=800%2C800&ssl=1&resize=700%2C400 2x"},"classes":[]},{"id":949,"url":"https:\/\/tuzlahortum.com.tr\/en\/product\/trelleborg-polyoil\/","url_meta":{"origin":897,"position":4},"title":"Trelleborg POLYOIL","author":"admin","date":"6 February 2019","format":false,"excerpt":"Trelleborg POLYOILYa\u011f ve petrol Petrol \u00fcr\u00fcnlerinin y\u00fcksek bas\u0131n\u00e7 alt\u0131nda ta\u015f\u0131nmas\u0131 ve d\u00fc\u015f\u00fck bas\u0131n\u00e7l\u0131 hidrolik tahrik sistemleri ve\u00a0ya\u011f d\u00f6n\u00fc\u015f\u00fc. Ayr\u0131ca, hafif ve a\u011f\u0131r petrol t\u00fcrevlerinin, kimyasallar\u0131n ve antifriz maddelerin, ya\u011f i\u00e7eren bas\u0131n\u00e7l\u0131 hava, end\u00fcstriyel alkalin ve tuzlu suyun ta\u015f\u0131nmas\u0131. Avantajlar *Eskime, atmosfer ko\u015fullar\u0131 ve ozona kar\u015f\u0131 m\u00fckemmel dayan\u0131m. *Bas\u0131nca kar\u015f\u0131 \u00e7ok\u2026","rel":"","context":"Similar post","block_context":{"text":"Similar post","link":""},"img":{"alt_text":"","src":"https:\/\/i0.wp.com\/tuzlahortum.com.tr\/wp-content\/uploads\/2019\/02\/POLYOIL.jpg?fit=800%2C800&ssl=1&resize=350%2C200","width":350,"height":200,"srcset":"https:\/\/i0.wp.com\/tuzlahortum.com.tr\/wp-content\/uploads\/2019\/02\/POLYOIL.jpg?fit=800%2C800&ssl=1&resize=350%2C200 1x, https:\/\/i0.wp.com\/tuzlahortum.com.tr\/wp-content\/uploads\/2019\/02\/POLYOIL.jpg?fit=800%2C800&ssl=1&resize=525%2C300 1.5x, https:\/\/i0.wp.com\/tuzlahortum.com.tr\/wp-content\/uploads\/2019\/02\/POLYOIL.jpg?fit=800%2C800&ssl=1&resize=700%2C400 2x"},"classes":[]},{"id":660,"url":"https:\/\/tuzlahortum.com.tr\/en\/product\/trelleborg-normines-ii\/","url_meta":{"origin":897,"position":5},"title":"Trelleborg NORMINES II","author":"admin","date":"6 February 2019","format":false,"excerpt":"Trelleborg NORMINES IIHava\/Bas\u0131n\u00e7l\u0131 hava uygulamalar\u0131 Kaya deliciler, a\u015f\u0131nd\u0131r\u0131c\u0131 ve slot makinesi, per\u00e7in ve \u00e7apak temizleme \u00e7eki\u00e7leri, vs. gibi pn\u00f6matik makinelerde kullan\u0131lan ekstra a\u011f\u0131r \u00e7al\u0131\u015fma ko\u015fullar\u0131na uygun hava hortumu. Madencilik end\u00fcstrisi, in\u015faat, imalat end\u00fcstrisi ve di\u011ferlerinde kullan\u0131lan \u00e7ok ama\u00e7l\u0131 bas\u0131n\u00e7l\u0131\u00a0hava hortumu. T\u00fcm uygulamalara y\u00f6nelik s\u0131k\u0131\u015ft\u0131r\u0131lm\u0131\u015f hava, oksijen (sadece \u0130\u00c7\u226425mm) ve ark\u2026","rel":"","context":"Similar post","block_context":{"text":"Similar post","link":""},"img":{"alt_text":"","src":"https:\/\/i0.wp.com\/tuzlahortum.com.tr\/wp-content\/uploads\/2019\/02\/NORMINES-II.jpg?fit=800%2C800&ssl=1&resize=350%2C200","width":350,"height":200,"srcset":"https:\/\/i0.wp.com\/tuzlahortum.com.tr\/wp-content\/uploads\/2019\/02\/NORMINES-II.jpg?fit=800%2C800&ssl=1&resize=350%2C200 1x, https:\/\/i0.wp.com\/tuzlahortum.com.tr\/wp-content\/uploads\/2019\/02\/NORMINES-II.jpg?fit=800%2C800&ssl=1&resize=525%2C300 1.5x, https:\/\/i0.wp.com\/tuzlahortum.com.tr\/wp-content\/uploads\/2019\/02\/NORMINES-II.jpg?fit=800%2C800&ssl=1&resize=700%2C400 2x"},"classes":[]}],"jetpack_sharing_enabled":true,"jetpack_likes_enabled":true,"_links":{"self":[{"href":"https:\/\/tuzlahortum.com.tr\/en\/wp-json\/wp\/v2\/product\/897","targetHints":{"allow":["GET"]}}],"collection":[{"href":"https:\/\/tuzlahortum.com.tr\/en\/wp-json\/wp\/v2\/product"}],"about":[{"href":"https:\/\/tuzlahortum.com.tr\/en\/wp-json\/wp\/v2\/types\/product"}],"replies":[{"embeddable":true,"href":"https:\/\/tuzlahortum.com.tr\/en\/wp-json\/wp\/v2\/comments?post=897"}],"wp:featuredmedia":[{"embeddable":true,"href":"https:\/\/tuzlahortum.com.tr\/en\/wp-json\/wp\/v2\/media\/2628"}],"wp:attachment":[{"href":"https:\/\/tuzlahortum.com.tr\/en\/wp-json\/wp\/v2\/media?parent=897"}],"wp:term":[{"taxonomy":"product_brand","embeddable":true,"href":"https:\/\/tuzlahortum.com.tr\/en\/wp-json\/wp\/v2\/product_brand?post=897"},{"taxonomy":"product_cat","embeddable":true,"href":"https:\/\/tuzlahortum.com.tr\/en\/wp-json\/wp\/v2\/product_cat?post=897"},{"taxonomy":"product_tag","embeddable":true,"href":"https:\/\/tuzlahortum.com.tr\/en\/wp-json\/wp\/v2\/product_tag?post=897"}],"curies":[{"name":"wp","href":"https:\/\/api.w.org\/{rel}","templated":true}]}}