{"id":8960,"date":"2019-03-27T13:27:14","date_gmt":"2019-03-27T10:27:14","guid":{"rendered":"https:\/\/tuzlahortum.com.tr\/?post_type=product&#038;p=8960"},"modified":"2024-03-21T17:38:32","modified_gmt":"2024-03-21T14:38:32","slug":"sisme-para-hortumu","status":"publish","type":"product","link":"https:\/\/tuzlahortum.com.tr\/en\/product\/sisme-para-hortumu\/","title":{"rendered":"Inflatable Money Hose"},"content":{"rendered":"<h2>Inflatable Money Hose<\/h2>\n<p>-30\u00b0C +85\u00b0C<br \/>\nAir shaft hoses, usually spare parts for machines in the printing and textile industry<br \/>\nIt is used to increase the mobility of the shafts.<\/p>\n<p>&nbsp;<\/p>\n<div class=\"video video-fit mb\" style=\"padding-top:56.25%;\"><p><iframe loading=\"lazy\" title=\"Measurement Confusion (Inch, Finger, Haze, Millimeter)\" width=\"1020\" height=\"574\" src=\"https:\/\/www.youtube.com\/embed\/uKk6AG_AZls?feature=oembed\" frameborder=\"0\" allow=\"accelerometer; autoplay; clipboard-write; encrypted-media; gyroscope; picture-in-picture; web-share\" referrerpolicy=\"strict-origin-when-cross-origin\" allowfullscreen><\/iframe><\/p>\n<\/div>","protected":false},"excerpt":{"rendered":"<p>\u015ei\u015fme Para Hortumu -30\u00b0C +85\u00b0C Haval\u0131 mil hortumlar\u0131, genellikle matbaa ve tekstil sekt\u00f6r\u00fcnde makinalarda yedek par\u00e7a olarak millerin hareket kabiliyetini artt\u0131rmas\u0131nda kullan\u0131lmaktad\u0131r. &nbsp;<\/p>","protected":false},"featured_media":8979,"comment_status":"open","ping_status":"closed","template":"","meta":{"jetpack_post_was_ever_published":false},"product_brand":[],"product_cat":[162],"product_tag":[2161,1119,2238,2239,937,491,2299,938,2300,908],"class_list":{"0":"post-8960","1":"product","2":"type-product","3":"status-publish","4":"has-post-thumbnail","6":"product_cat-kumlama-hortumlari","7":"product_tag-bosaltim","8":"product_tag-emis","9":"product_tag-havali-mil","10":"product_tag-havali-mil-hortumlari","11":"product_tag-kumlama-hortumu","12":"product_tag-matbaa","13":"product_tag-para-hortumu","14":"product_tag-raspa-hortumu","15":"product_tag-sisme-para-hortumu","16":"product_tag-tekstil","18":"first","19":"instock","20":"taxable","21":"shipping-taxable","22":"product-type-variable"},"jetpack-related-posts":[{"id":5184,"url":"https:\/\/tuzlahortum.com.tr\/en\/product\/ozel-asinma-ve-kesici-uclara-dayanikli-hortumlar\/","url_meta":{"origin":8960,"position":0},"title":"Special Wear and Insert Resistant Hoses (Para Sigma)","author":"\u0130smail \u00c7elik","date":"26 February 2019","format":false,"excerpt":"\u00d6zel A\u015f\u0131nma ve Kesici U\u00e7lara Dayan\u0131kl\u0131 Hortumlar(Para Sigma)Cam, metal par\u00e7ac\u0131klar\u0131 ve quartz gibi maddelerin fabrika i\u00e7i veya tankerlere ta\u015f\u0131ma uygulamalar\u0131nda kullan\u0131lan \u00e7ok \u00f6zel hortumdur. 10 BAR -30\u00b0C+85\u00b0C \u00a0","rel":"","context":"Similar post","block_context":{"text":"Similar post","link":""},"img":{"alt_text":"","src":"https:\/\/i0.wp.com\/tuzlahortum.com.tr\/wp-content\/uploads\/2019\/02\/%C3%96ZEL-ASINMA-VE-KES%C4%B0C%C4%B0-U%C3%87LARDA-DAYANIKLI-PARA-SIGMA3.jpg?fit=625%2C597&ssl=1&resize=350%2C200","width":350,"height":200,"srcset":"https:\/\/i0.wp.com\/tuzlahortum.com.tr\/wp-content\/uploads\/2019\/02\/%C3%96ZEL-ASINMA-VE-KES%C4%B0C%C4%B0-U%C3%87LARDA-DAYANIKLI-PARA-SIGMA3.jpg?fit=625%2C597&ssl=1&resize=350%2C200 1x, https:\/\/i0.wp.com\/tuzlahortum.com.tr\/wp-content\/uploads\/2019\/02\/%C3%96ZEL-ASINMA-VE-KES%C4%B0C%C4%B0-U%C3%87LARDA-DAYANIKLI-PARA-SIGMA3.jpg?fit=625%2C597&ssl=1&resize=525%2C300 1.5x"},"classes":[]},{"id":692,"url":"https:\/\/tuzlahortum.com.tr\/en\/product\/pulverizator-ilaclama-hortumu\/","url_meta":{"origin":8960,"position":1},"title":"Pulverizer Spray Hose","author":"admin","date":"6 February 2019","format":false,"excerpt":"Pulverizat\u00f6r \u0130la\u00e7lama Hortumu\u00d6zellikler : \u2022 1. S\u0131n\u0131f PVC\u2019 den imal edilmi\u015ftir. \u2022 \u00c7ekmeye ve gerilmeye kar\u015f\u0131 y\u00fcksek derecede dayan\u0131kl\u0131d\u0131r. \u2022 -20\u00b0C ile +60\u00b0C aras\u0131nda s\u0131cakl\u0131\u011fa dayan\u0131kl\u0131d\u0131r. Kullan\u0131m Alanlar\u0131 : \u2022 Tar\u0131m sanayinde, y\u00fcksek bas\u0131n\u00e7l\u0131 ila\u00e7lama i\u015flerinde kullan\u0131l\u0131r. \u00a0","rel":"","context":"Similar post","block_context":{"text":"Similar post","link":""},"img":{"alt_text":"","src":"","width":0,"height":0},"classes":[]},{"id":5256,"url":"https:\/\/tuzlahortum.com.tr\/en\/product\/telli-karbon-ufleme-hortumu\/","url_meta":{"origin":8960,"position":2},"title":"Wired Carbon Blow Hose","author":"\u0130smail \u00c7elik","date":"27 February 2019","format":false,"excerpt":"Telli Karbon \u00dcfleme HortumuKULLANIM ALANLARI : Demir \u00c7elik Fabrikalar\u0131nda a\u015f\u0131nd\u0131r\u0131c\u0131 madde tozlar\u0131 ve k\u00f6m\u00fcr tozu emi\u015f ve bo\u015falt\u0131m\u0131nda kullan\u0131lan \u00f6zel hortumlard\u0131r. 10 BAR -30\u00b0C+85\u00b0C","rel":"","context":"Similar post","block_context":{"text":"Similar post","link":""},"img":{"alt_text":"","src":"https:\/\/i0.wp.com\/tuzlahortum.com.tr\/wp-content\/uploads\/urunler\/kaucuk\/superlas-telli-spiral-hortum.jpg?fit=360%2C270&ssl=1&resize=350%2C200","width":350,"height":200},"classes":[]},{"id":9100,"url":"https:\/\/tuzlahortum.com.tr\/en\/product\/marin-hortumu\/","url_meta":{"origin":8960,"position":3},"title":"Marine Hose","author":"\u0130smail \u00c7elik","date":"11 June 2019","format":false,"excerpt":"Marin Hortumu\u00d6zellikler : \u2022 \u00dcst kat 1. S\u0131n\u0131f PVC\u2019 den imal edilmi\u015ftir. \u2022 Alt kat beyaz PVC\u2019 den imal edilmi\u015ftir. \u2022 Y\u00fcksek kaliteli polyester takviye edilmi\u015ftir. \u2022 -5\u00b0C ile +65\u00b0C aras\u0131nda s\u0131cakl\u0131\u011fa dayan\u0131kl\u0131d\u0131r. Kullan\u0131m Alanlar\u0131 : \u2022 Tekne ve yatlarda, ev, bah\u00e7e sulama i\u015flerinde, k\u0131smen ya\u011f-yak\u0131ta dayan\u0131ml\u0131d\u0131r.","rel":"","context":"Similar post","block_context":{"text":"Similar post","link":""},"img":{"alt_text":"","src":"https:\/\/i0.wp.com\/tuzlahortum.com.tr\/wp-content\/uploads\/2019\/06\/Marin-Hortumu-2.jpg?resize=350%2C200&ssl=1","width":350,"height":200,"srcset":"https:\/\/i0.wp.com\/tuzlahortum.com.tr\/wp-content\/uploads\/2019\/06\/Marin-Hortumu-2.jpg?resize=350%2C200&ssl=1 1x, https:\/\/i0.wp.com\/tuzlahortum.com.tr\/wp-content\/uploads\/2019\/06\/Marin-Hortumu-2.jpg?resize=525%2C300&ssl=1 1.5x"},"classes":[]},{"id":934,"url":"https:\/\/tuzlahortum.com.tr\/en\/product\/thermo-kalorifer-hortumu\/","url_meta":{"origin":8960,"position":4},"title":"Thermo Heating Hose","author":"admin","date":"6 February 2019","format":false,"excerpt":"Thermo Kalorifer Hortumu\u00d6zellikler : \u2022 Is\u0131 yal\u0131t\u0131m\u0131 sa\u011flayan \u00f6zel \u00fcst kat. \u2022 Ya\u011f ge\u00e7irmez, elektrik iletmez, U.V. ve Ozon\u2019 a dayan\u0131kl\u0131d\u0131r. \u2022 -20\u00b0C ile +65\u00b0C aras\u0131nda s\u0131cakl\u0131\u011fa dayan\u0131kl\u0131d\u0131r. Kullan\u0131m Alanlar\u0131 : \u2022 S\u0131cak su aktar\u0131m\u0131nda ve devirdaim i\u015flerinde kullan\u0131l\u0131r.","rel":"","context":"Similar post","block_context":{"text":"Similar post","link":""},"img":{"alt_text":"","src":"https:\/\/i0.wp.com\/hortum.com.tr\/wp-content\/uploads\/urunler\/plastik\/Thermo-Kalorifer-Hortumu-2.jpg?resize=350%2C200","width":350,"height":200,"srcset":"https:\/\/i0.wp.com\/hortum.com.tr\/wp-content\/uploads\/urunler\/plastik\/Thermo-Kalorifer-Hortumu-2.jpg?resize=350%2C200 1x, https:\/\/i0.wp.com\/hortum.com.tr\/wp-content\/uploads\/urunler\/plastik\/Thermo-Kalorifer-Hortumu-2.jpg?resize=525%2C300 1.5x"},"classes":[]},{"id":862,"url":"https:\/\/tuzlahortum.com.tr\/en\/product\/ls-tipi-beyaz-spiralli-lavabo-sifon-hortumu-standart\/","url_meta":{"origin":8960,"position":5},"title":"LS Type White Spiral Sink Siphon Hose (STANDARD)","author":"admin","date":"6 February 2019","format":false,"excerpt":"LS Tipi Beyaz Spiralli Lavabo Sifon Hortumu (STANDART)LS ve LLS Tipi hortumlar\u0131n i\u00e7 y\u00fczeyinin d\u00fczg\u00fcn olu\u015fu su ak\u0131\u015f\u0131n\u0131 kolayla\u015ft\u0131ran en \u00f6nemli \u00f6zelli\u011fidir. \u00d6zellikler Verici olarak kullan\u0131labilir. Esnek \u015feffaf PVC, y\u00fcksek mukavemetli, k\u0131r\u0131lmaya kar\u015f\u0131 maksimum dayan\u0131kl\u0131 sert PVC takviyesiyle \u00fcretilmektedir. \u0130\u00e7 y\u00fczey d\u00fcz, d\u0131\u015f y\u00fczey bo\u011fumludur. \u00c7al\u0131\u015fma S\u0131cakl\u0131\u011f\u0131 -5\u00b0C ile +60\u00b0C\u2026","rel":"","context":"Similar post","block_context":{"text":"Similar post","link":""},"img":{"alt_text":"","src":"https:\/\/i0.wp.com\/tuzlahortum.com.tr\/wp-content\/uploads\/urunler\/plastik\/LS-TI%CC%87PI%CC%87-BEYAZ-SPI%CC%87RALLI%CC%87-LAVABO-SI%CC%87FON-HORTUMU-ORTA-1.jpg?fit=640%2C480&ssl=1&resize=350%2C200","width":350,"height":200,"srcset":"https:\/\/i0.wp.com\/tuzlahortum.com.tr\/wp-content\/uploads\/urunler\/plastik\/LS-TI%CC%87PI%CC%87-BEYAZ-SPI%CC%87RALLI%CC%87-LAVABO-SI%CC%87FON-HORTUMU-ORTA-1.jpg?fit=640%2C480&ssl=1&resize=350%2C200 1x, https:\/\/i0.wp.com\/tuzlahortum.com.tr\/wp-content\/uploads\/urunler\/plastik\/LS-TI%CC%87PI%CC%87-BEYAZ-SPI%CC%87RALLI%CC%87-LAVABO-SI%CC%87FON-HORTUMU-ORTA-1.jpg?fit=640%2C480&ssl=1&resize=525%2C300 1.5x"},"classes":[]}],"jetpack_sharing_enabled":true,"jetpack_likes_enabled":true,"_links":{"self":[{"href":"https:\/\/tuzlahortum.com.tr\/en\/wp-json\/wp\/v2\/product\/8960","targetHints":{"allow":["GET"]}}],"collection":[{"href":"https:\/\/tuzlahortum.com.tr\/en\/wp-json\/wp\/v2\/product"}],"about":[{"href":"https:\/\/tuzlahortum.com.tr\/en\/wp-json\/wp\/v2\/types\/product"}],"replies":[{"embeddable":true,"href":"https:\/\/tuzlahortum.com.tr\/en\/wp-json\/wp\/v2\/comments?post=8960"}],"wp:featuredmedia":[{"embeddable":true,"href":"https:\/\/tuzlahortum.com.tr\/en\/wp-json\/wp\/v2\/media\/8979"}],"wp:attachment":[{"href":"https:\/\/tuzlahortum.com.tr\/en\/wp-json\/wp\/v2\/media?parent=8960"}],"wp:term":[{"taxonomy":"product_brand","embeddable":true,"href":"https:\/\/tuzlahortum.com.tr\/en\/wp-json\/wp\/v2\/product_brand?post=8960"},{"taxonomy":"product_cat","embeddable":true,"href":"https:\/\/tuzlahortum.com.tr\/en\/wp-json\/wp\/v2\/product_cat?post=8960"},{"taxonomy":"product_tag","embeddable":true,"href":"https:\/\/tuzlahortum.com.tr\/en\/wp-json\/wp\/v2\/product_tag?post=8960"}],"curies":[{"name":"wp","href":"https:\/\/api.w.org\/{rel}","templated":true}]}}