{"id":893,"date":"2019-02-06T23:55:25","date_gmt":"2019-02-06T20:55:25","guid":{"rendered":"http:\/\/hortum.com.tr\/product\/import-placeholder-for-559\/"},"modified":"2024-03-21T17:41:07","modified_gmt":"2024-03-21T14:41:07","slug":"silikon-hortum","status":"publish","type":"product","link":"https:\/\/tuzlahortum.com.tr\/en\/product\/silikon-hortum\/","title":{"rendered":"Silicone Hose"},"content":{"rendered":"<h2>Silicone Hose<\/h2>\n<p>Since the hoses are made of silicone, it does not cause breakage no matter how much we bend it or how much we bend it.<\/p>\n<p>It prevents the passage of liquid, gas or similar material in the hose. In this way, the most common areas of use<\/p>\n<p>In situations such as garden irrigation, gas flows or liquid transfers, the transitions do not break even if the silicone hoses are bent.<\/p>\n<p>it continues to flow. Silicone hoses, especially in construction and in areas such as garden irrigation<\/p>\n<p>It is frequently preferred and continues to become widespread in daily use. Silicone hoses are used both in open areas and<\/p>\n<p>However, it is ready for use in a way that it can pass underground.<\/p>\n<table width=\"493\">\n<tbody>\n<tr>\n<td colspan=\"2\" width=\"493\">PRODUCT FEATURES<\/td>\n<\/tr>\n<tr>\n<td>Tensile Strength<\/td>\n<td width=\"236\">105<\/td>\n<\/tr>\n<tr>\n<td><\/td>\n<td width=\"236\"><\/td>\n<\/tr>\n<tr>\n<td>Tear Resistance<\/td>\n<td width=\"236\">Bad<\/td>\n<\/tr>\n<tr>\n<td>Wear Resistance<\/td>\n<td width=\"236\">Bad<\/td>\n<\/tr>\n<tr>\n<td>Ozone Resistance<\/td>\n<td width=\"236\">Very good<\/td>\n<\/tr>\n<tr>\n<td>Alcohol Tolerance<\/td>\n<td width=\"236\">Middle<\/td>\n<\/tr>\n<tr>\n<td>Resistance to Dilute Acids<\/td>\n<td width=\"236\">Very good<\/td>\n<\/tr>\n<tr>\n<td>Resistance to Concentrated Acids<\/td>\n<td width=\"236\">Good<\/td>\n<\/tr>\n<tr>\n<td>Resistance to Animal and Vegetable Oils<\/td>\n<td width=\"236\">Good<\/td>\n<\/tr>\n<tr>\n<td>Operating temperature<\/td>\n<td width=\"236\">-60 C to 180 C<\/td>\n<\/tr>\n<\/tbody>\n<\/table>\n<div class=\"video video-fit mb\" style=\"padding-top:56.25%;\"><p><iframe loading=\"lazy\" title=\"Measurement Confusion (Inch, Finger, Haze, Millimeter)\" width=\"1020\" height=\"574\" src=\"https:\/\/www.youtube.com\/embed\/uKk6AG_AZls?feature=oembed\" frameborder=\"0\" allow=\"accelerometer; autoplay; clipboard-write; encrypted-media; gyroscope; picture-in-picture; web-share\" referrerpolicy=\"strict-origin-when-cross-origin\" allowfullscreen><\/iframe><\/p>\n<\/div>","protected":false},"excerpt":{"rendered":"<p>Silikon Hortum Hortumlar silikondan yap\u0131ld\u0131\u011f\u0131 i\u00e7in ne kadar k\u0131v\u0131r\u0131rsak ya da ne derecede b\u00fckersek b\u00fckelim k\u0131r\u0131lmaya sebep olmamaktad\u0131r. Hortum i\u00e7erisinde bulunan s\u0131v\u0131, gaz ya da benzeri maddenin ge\u00e7i\u015fini engellemektedir. Bu sayede en s\u0131k kullan\u0131m alanlar\u0131 olan bah\u00e7e sulama, gaz ak\u0131\u015flar\u0131 ya da s\u0131v\u0131 aktar\u0131mlar\u0131 gibi durumlarda ge\u00e7i\u015fler silikon hortumlar b\u00fck\u00fclse dahi k\u0131r\u0131lma olmamas\u0131ndan dolay\u0131 ak\u0131\u015f\u0131na [&#8230;]\n","protected":false},"featured_media":8167,"comment_status":"open","ping_status":"closed","template":"","meta":{"jetpack_post_was_ever_published":false},"product_brand":[],"product_cat":[171],"product_tag":[290,1167],"class_list":{"0":"post-893","1":"product","2":"type-product","3":"status-publish","4":"has-post-thumbnail","6":"product_cat-silikon-hortumlari","7":"product_tag-hortum","8":"product_tag-silikon","10":"first","11":"instock","12":"featured","13":"taxable","14":"shipping-taxable","15":"product-type-variable"},"jetpack-related-posts":[{"id":21728,"url":"https:\/\/tuzlahortum.com.tr\/en\/product\/sirocco\/","url_meta":{"origin":893,"position":0},"title":"SIROCCO","author":"admin","date":"11 August 2025","format":false,"excerpt":"\u00a0 \u00dcr\u00fcn Ad\u0131: SIROCCO \u00dcr\u00fcn Kodu: SD950 Silikon So\u011futma Kullanim Alan\u0131 : Deniz ara\u00e7lar\u0131n\u0131n so\u011futma sistemlerinde, y\u00fcksek performans ve ekstra esneklik gerektiren \u00e7ok y\u00fcksek s\u0131cakl\u0131ktaki egzoz gazlar\u0131n\u0131n ve deniz suyunun ta\u015f\u0131nmas\u0131 i\u00e7in. Alt Katman : Deniz Suyuna, Antifriz Kar\u0131\u015f\u0131ml\u0131 Suya, Mineral Ya\u011flara Dayan\u0131kl\u0131 D\u00fcz Silikon. Takviye Katman\u0131 : Y\u00fcksek Mukavemetli\u2026","rel":"","context":"Similar post","block_context":{"text":"Similar post","link":""},"img":{"alt_text":"","src":"https:\/\/i0.wp.com\/tuzlahortum.com.tr\/wp-content\/uploads\/2025\/08\/sirocco-p.png?fit=513%2C513&ssl=1&resize=350%2C200","width":350,"height":200},"classes":[]},{"id":21731,"url":"https:\/\/tuzlahortum.com.tr\/en\/product\/sirocco-sd\/","url_meta":{"origin":893,"position":1},"title":"SIROCCO - SD","author":"admin","date":"11 August 2025","format":false,"excerpt":"\u00a0 \u00dcr\u00fcn Ad\u0131: SIROCCO - SD \u00dcr\u00fcn Kodu: SDD961 Silikon So\u011futma Al\u0131c\u0131\/Verici Kullanim Alan\u0131 : Deniz ara\u00e7lar\u0131n\u0131n so\u011futma sistemlerinde, y\u00fcksek performans ve ekstra esneklik gerektiren durumlarda, \u00e7ok y\u00fcksek s\u0131cakl\u0131ktaki egzoz gazlar\u0131n\u0131n ve deniz suyunun emi\u015f ve transferi i\u00e7in kullan\u0131l\u0131r. Alt Katman : Deniz Suyuna, Antifriz Kar\u0131\u015f\u0131ml\u0131 Suya, Mineral Ya\u011flara Dayan\u0131kl\u0131\u2026","rel":"","context":"Similar post","block_context":{"text":"Similar post","link":""},"img":{"alt_text":"","src":"https:\/\/i0.wp.com\/tuzlahortum.com.tr\/wp-content\/uploads\/2025\/08\/siroccosd-p.png?fit=513%2C513&ssl=1&resize=350%2C200","width":350,"height":200},"classes":[]},{"id":13212,"url":"https:\/\/tuzlahortum.com.tr\/en\/product\/eko-1-2-plastik-mini-vana\/","url_meta":{"origin":893,"position":2},"title":"ECO 1\/2 PLASTIC MINI VALVE","author":"admin","date":"28 March 2024","format":false,"excerpt":"EKO 1\/2 PLAST\u0130K M\u0130N\u0130 VANA EKO 1\/2\" Plastik Mini Vana, bah\u00e7e sulama sistemlerinizde suyun ak\u0131\u015f\u0131n\u0131 kontrol etmek ve d\u00fczenlemek i\u00e7in tasarlanm\u0131\u015f kompakt bir vanad\u0131r. \u00d6zellikler: Dayan\u0131kl\u0131 Plastik Malzeme: Y\u00fcksek kaliteli plastikten \u00fcretilmi\u015ftir ve uzun s\u00fcreli kullan\u0131m i\u00e7in dayan\u0131kl\u0131d\u0131r. Paslanmaz \u00e7elik gibi malzemelerden yap\u0131lm\u0131\u015f olmas\u0131, uzun \u00f6m\u00fcrl\u00fc ve g\u00fcvenilir bir performans\u2026","rel":"","context":"Similar post","block_context":{"text":"Similar post","link":""},"img":{"alt_text":"","src":"https:\/\/i0.wp.com\/tuzlahortum.com.tr\/wp-content\/uploads\/2024\/03\/eko_plastik_vana_2.jpg?fit=800%2C800&ssl=1&resize=350%2C200","width":350,"height":200,"srcset":"https:\/\/i0.wp.com\/tuzlahortum.com.tr\/wp-content\/uploads\/2024\/03\/eko_plastik_vana_2.jpg?fit=800%2C800&ssl=1&resize=350%2C200 1x, https:\/\/i0.wp.com\/tuzlahortum.com.tr\/wp-content\/uploads\/2024\/03\/eko_plastik_vana_2.jpg?fit=800%2C800&ssl=1&resize=525%2C300 1.5x, https:\/\/i0.wp.com\/tuzlahortum.com.tr\/wp-content\/uploads\/2024\/03\/eko_plastik_vana_2.jpg?fit=800%2C800&ssl=1&resize=700%2C400 2x"},"classes":[]},{"id":13229,"url":"https:\/\/tuzlahortum.com.tr\/en\/product\/flow-luks-jak-3-4-hortum-govde\/","url_meta":{"origin":893,"position":3},"title":"FLOW LUXURY JACK 3\/4 HOSE BODY","author":"admin","date":"28 March 2024","format":false,"excerpt":"FLOW L\u00dcKS JAK 3\/4 HORTUM G\u00d6VDE FLOW L\u00dcKS JAK - 3\/4\" Hortum G\u00f6vdesi, bah\u00e7e sulama sistemlerinizde su ak\u0131\u015f\u0131n\u0131 y\u00f6nlendirmek ve g\u00fcvenilir bir ba\u011flant\u0131 sa\u011flamak i\u00e7in \u00f6zel olarak tasarlanm\u0131\u015ft\u0131r. \u00d6zellikler: Dayan\u0131kl\u0131 Malzeme: Y\u00fcksek kaliteli malzemeden \u00fcretilmi\u015ftir ve uzun s\u00fcreli kullan\u0131m i\u00e7in sa\u011flam bir yap\u0131ya sahiptir. Paslanmaz \u00e7elik veya sa\u011flam plastik gibi\u2026","rel":"","context":"Similar post","block_context":{"text":"Similar post","link":""},"img":{"alt_text":"","src":"https:\/\/i0.wp.com\/tuzlahortum.com.tr\/wp-content\/uploads\/2024\/03\/jak_luks_hortum_govde_1.jpg?fit=800%2C800&ssl=1&resize=350%2C200","width":350,"height":200,"srcset":"https:\/\/i0.wp.com\/tuzlahortum.com.tr\/wp-content\/uploads\/2024\/03\/jak_luks_hortum_govde_1.jpg?fit=800%2C800&ssl=1&resize=350%2C200 1x, https:\/\/i0.wp.com\/tuzlahortum.com.tr\/wp-content\/uploads\/2024\/03\/jak_luks_hortum_govde_1.jpg?fit=800%2C800&ssl=1&resize=525%2C300 1.5x, https:\/\/i0.wp.com\/tuzlahortum.com.tr\/wp-content\/uploads\/2024\/03\/jak_luks_hortum_govde_1.jpg?fit=800%2C800&ssl=1&resize=700%2C400 2x"},"classes":[]},{"id":13228,"url":"https:\/\/tuzlahortum.com.tr\/en\/product\/flow-luks-jak-1-2-hortum-ekleme\/","url_meta":{"origin":893,"position":4},"title":"FLOW LUXURY JACK \u2013 1\/2 HOSE ADDING","author":"admin","date":"28 March 2024","format":false,"excerpt":"FLOW L\u00dcKS JAK - 1\/2 HORTUM EKLEME FLOW L\u00dcKS JAK - 1\/2\" Hortum Eklemesi, bah\u00e7e sulama sistemlerinizdeki uyumluluk sorunlar\u0131n\u0131 \u00e7\u00f6zmek ve su ak\u0131\u015f\u0131n\u0131 daha etkili bir \u015fekilde y\u00f6nlendirmek i\u00e7in tasarlanm\u0131\u015ft\u0131r. \u00d6zellikler: 1. **Dayan\u0131kl\u0131 Malzeme**: Y\u00fcksek kaliteli malzemeden \u00fcretilmi\u015ftir ve uzun \u00f6m\u00fcrl\u00fc kullan\u0131m i\u00e7in dayan\u0131kl\u0131 bir yap\u0131ya sahiptir. Paslanmaz \u00e7elik veya\u2026","rel":"","context":"Similar post","block_context":{"text":"Similar post","link":""},"img":{"alt_text":"","src":"https:\/\/i0.wp.com\/tuzlahortum.com.tr\/wp-content\/uploads\/2024\/03\/jak_luks_hortum_ekleme_2.jpg?fit=800%2C800&ssl=1&resize=350%2C200","width":350,"height":200,"srcset":"https:\/\/i0.wp.com\/tuzlahortum.com.tr\/wp-content\/uploads\/2024\/03\/jak_luks_hortum_ekleme_2.jpg?fit=800%2C800&ssl=1&resize=350%2C200 1x, https:\/\/i0.wp.com\/tuzlahortum.com.tr\/wp-content\/uploads\/2024\/03\/jak_luks_hortum_ekleme_2.jpg?fit=800%2C800&ssl=1&resize=525%2C300 1.5x, https:\/\/i0.wp.com\/tuzlahortum.com.tr\/wp-content\/uploads\/2024\/03\/jak_luks_hortum_ekleme_2.jpg?fit=800%2C800&ssl=1&resize=700%2C400 2x"},"classes":[]},{"id":13246,"url":"https:\/\/tuzlahortum.com.tr\/en\/product\/flow-luks-jak-3-4-hortum-ekleme\/","url_meta":{"origin":893,"position":5},"title":"FLOW LUXURY JACK 3\/4 HOSE ADDING","author":"admin","date":"28 March 2024","format":false,"excerpt":"FLOW LUXE JACK 3\/4 HOSE CONNECTOR Designed to ensure compatibility among your garden irrigation equipment, the FLOW LUXE JACK 3\/4 Hose Connector makes your watering tasks easier and more efficient. Features: Universal Compatibility: This jack is compatible with 3\/4\" diameter hoses, allowing you to connect different irrigation equipment to each other. It ensures the smooth operation of your garden's irrigation systems...","rel":"","context":"Similar post","block_context":{"text":"Similar post","link":""},"img":{"alt_text":"","src":"https:\/\/i0.wp.com\/tuzlahortum.com.tr\/wp-content\/uploads\/2024\/03\/jak_luks_hortum_ekleme_2.jpg?fit=800%2C800&ssl=1&resize=350%2C200","width":350,"height":200,"srcset":"https:\/\/i0.wp.com\/tuzlahortum.com.tr\/wp-content\/uploads\/2024\/03\/jak_luks_hortum_ekleme_2.jpg?fit=800%2C800&ssl=1&resize=350%2C200 1x, https:\/\/i0.wp.com\/tuzlahortum.com.tr\/wp-content\/uploads\/2024\/03\/jak_luks_hortum_ekleme_2.jpg?fit=800%2C800&ssl=1&resize=525%2C300 1.5x, https:\/\/i0.wp.com\/tuzlahortum.com.tr\/wp-content\/uploads\/2024\/03\/jak_luks_hortum_ekleme_2.jpg?fit=800%2C800&ssl=1&resize=700%2C400 2x"},"classes":[]}],"jetpack_sharing_enabled":true,"jetpack_likes_enabled":true,"_links":{"self":[{"href":"https:\/\/tuzlahortum.com.tr\/en\/wp-json\/wp\/v2\/product\/893","targetHints":{"allow":["GET"]}}],"collection":[{"href":"https:\/\/tuzlahortum.com.tr\/en\/wp-json\/wp\/v2\/product"}],"about":[{"href":"https:\/\/tuzlahortum.com.tr\/en\/wp-json\/wp\/v2\/types\/product"}],"replies":[{"embeddable":true,"href":"https:\/\/tuzlahortum.com.tr\/en\/wp-json\/wp\/v2\/comments?post=893"}],"wp:featuredmedia":[{"embeddable":true,"href":"https:\/\/tuzlahortum.com.tr\/en\/wp-json\/wp\/v2\/media\/8167"}],"wp:attachment":[{"href":"https:\/\/tuzlahortum.com.tr\/en\/wp-json\/wp\/v2\/media?parent=893"}],"wp:term":[{"taxonomy":"product_brand","embeddable":true,"href":"https:\/\/tuzlahortum.com.tr\/en\/wp-json\/wp\/v2\/product_brand?post=893"},{"taxonomy":"product_cat","embeddable":true,"href":"https:\/\/tuzlahortum.com.tr\/en\/wp-json\/wp\/v2\/product_cat?post=893"},{"taxonomy":"product_tag","embeddable":true,"href":"https:\/\/tuzlahortum.com.tr\/en\/wp-json\/wp\/v2\/product_tag?post=893"}],"curies":[{"name":"wp","href":"https:\/\/api.w.org\/{rel}","templated":true}]}}