{"id":882,"date":"2019-02-06T23:55:22","date_gmt":"2019-02-06T20:55:22","guid":{"rendered":"http:\/\/hortum.com.tr\/product\/import-placeholder-for-406\/"},"modified":"2024-03-21T17:41:16","modified_gmt":"2024-03-21T14:41:16","slug":"sahra-tipi-yangin-dolabi-ts-en-671-2","status":"publish","type":"product","link":"https:\/\/tuzlahortum.com.tr\/en\/product\/sahra-tipi-yangin-dolabi-ts-en-671-2\/","title":{"rendered":"Field Type Fire Cabinet TS EN 671-2 (55\u00d765)"},"content":{"rendered":"<h2>Field Type Fire Cabinet TS EN 671-2 (55\u00d765)<\/h2>\n<h3>SIZE 55*65<\/h3>\n<ul class=\"list-style-2\">\n<li class=\"check-list\">Roof-Legged System<\/li>\n<li class=\"check-list\">2\u2033 cloth fire hose (50 ATU)<\/li>\n<li class=\"check-list\">2\u2033 Hydrant connection union (1 piece)<\/li>\n<li class=\"check-list\">2\u2033 lance (with coupling)<\/li>\n<\/ul>\n<div class=\"row\">\n<table class=\"table table-bordered span4\">\n<thead>\n<tr>\n<th>20 MT<\/th>\n<th>25 MT<\/th>\n<th>30 MT<\/th>\n<\/tr>\n<\/thead>\n<tbody>\n<tr>\n<td>PI-340<\/td>\n<td>PI-341<\/td>\n<td>PI-342<\/td>\n<\/tr>\n<\/tbody>\n<\/table>\n<\/div>","protected":false},"excerpt":{"rendered":"<p>Field Type Fire Cabinet TS EN 671-2(55\u00d765) DIMENSION 55*65 Roofed-Footed System 2\u2033 cloth fire hose (50 ATU) 2\u2033 Hydrant connection fitting (1 piece) 2\u2033 lance (with fitting) 20 MT 25 MT 30 MT P\u0130-340 P\u0130-341 P\u0130-342<\/p>","protected":false},"featured_media":7312,"comment_status":"open","ping_status":"closed","template":"","meta":{"jetpack_post_was_ever_published":false},"product_brand":[],"product_cat":[117],"product_tag":[1147,1146,1148,1150,1149,256,352,349],"class_list":{"0":"post-882","1":"product","2":"type-product","3":"status-publish","4":"has-post-thumbnail","6":"product_cat-sahra-tipi","7":"product_tag-ayakli-sistem","8":"product_tag-catili","9":"product_tag-hidrant-baglanti-rakoru","10":"product_tag-lans","11":"product_tag-sahra-tipi","12":"product_tag-yangin","13":"product_tag-yangin-dolabi","14":"product_tag-yangin-hortumu","16":"first","17":"instock","18":"taxable","19":"shipping-taxable","20":"product-type-variable"},"jetpack-related-posts":[{"id":959,"url":"https:\/\/tuzlahortum.com.tr\/en\/product\/sahra-tipi-yangin-dolabi-ts-en-671-2-cift-makarali\/","url_meta":{"origin":882,"position":0},"title":"Field Type Fire Cabinet TS EN 671-2 Double Roller (100\u00d760)","author":"admin","date":"6 February 2019","format":false,"excerpt":"Sahra Tipi Yang\u0131n Dolab\u0131 TS EN 671-2 \u00c7ift Makaral\u0131(100x60)\u00d6L\u00c7\u00dc 100*60 \u00c7at\u0131l\u0131-Ayakl\u0131 Sistem 2\" bez yang\u0131n hortumu (50 AT\u00dc) 2\" Hidrant ba\u011flant\u0131 rakoru (3 adet) 2\" lans (rakorlu-1 adet) 40 MT 50 MT 60 MT P\u0130-345 P\u0130-346 P\u0130-347","rel":"","context":"Similar post","block_context":{"text":"Similar post","link":""},"img":{"alt_text":"","src":"https:\/\/i0.wp.com\/tuzlahortum.com.tr\/wp-content\/uploads\/2019\/03\/Sahra-Tipi-Yang%C4%B1n-Dolab%C4%B1-TS-EN-671-2-%C3%87ift-Makaral%C4%B1.jpg?fit=356%2C633&ssl=1&resize=350%2C200","width":350,"height":200},"classes":[]},{"id":881,"url":"https:\/\/tuzlahortum.com.tr\/en\/product\/sahra-tipi-yangin-dolabi-ts-en-671-1\/","url_meta":{"origin":882,"position":1},"title":"Field Type Fire Cabinet TS EN 671-1 (70\u00d765)","author":"admin","date":"6 February 2019","format":false,"excerpt":"Sahra Tipi Yang\u0131n Dolab\u0131 TS EN 671-1(70x65)\u00d6L\u00c7\u00dc 70*65\u00c7at\u0131l\u0131-Ayakl\u0131 Sistem1\" TS EN 694 yar\u0131 sert kau\u00e7uk yang\u0131n hortumu2>1'e d\u00fc\u015f\u00fcr\u00fcc\u00fcl\u00fc hidrant ba\u011flant\u0131 rakoru1\" jet sprey lans20 MT25 MT30 MTP\u0130-335P\u0130-336P\u0130-337","rel":"","context":"Similar post","block_context":{"text":"Similar post","link":""},"img":{"alt_text":"","src":"https:\/\/i0.wp.com\/tuzlahortum.com.tr\/wp-content\/uploads\/2019\/03\/Sahra-Tipi-Yang%C4%B1n-Dolab%C4%B1-TS-EN-671-1.jpg?fit=472%2C659&ssl=1&resize=350%2C200","width":350,"height":200},"classes":[]},{"id":794,"url":"https:\/\/tuzlahortum.com.tr\/en\/product\/duvar-montaj-aparatli-makara-ts-en-671-1\/","url_meta":{"origin":882,"position":2},"title":"Reel with Wall Mounting Apparatus TS EN 671-1","author":"admin","date":"6 February 2019","format":false,"excerpt":"Duvar Montaj Aparatl\u0131 Makara TS EN 671-1\u00d6L\u00c7\u00dc ...\u015eaft Tipi Makara1\" TS EN 694 yar\u0131 sert,kau\u00e7uk yang\u0131n hortumu1\" Jet sprey lans\u00a020 MT25 MT30 MT1\" TSE K\u00fcresel Vanal\u0131 (rakorlu)P\u0130-350P\u0130-351P\u0130-3522\" Yang\u0131n Vanal\u0131 ( 2>1'e D\u00f6n\u00fc\u015ft\u00fcr\u00fcc\u00fcl\u00fc )P\u0130-355P\u0130-356P\u0130-357","rel":"","context":"Similar post","block_context":{"text":"Similar post","link":""},"img":{"alt_text":"","src":"https:\/\/i0.wp.com\/tuzlahortum.com.tr\/wp-content\/uploads\/2019\/03\/Duvar-Montaj-Aparatl%C4%B1-Makara-TS-EN-671-1.jpg?fit=453%2C546&ssl=1&resize=350%2C200","width":350,"height":200},"classes":[]},{"id":960,"url":"https:\/\/tuzlahortum.com.tr\/en\/product\/arabali-makara-ts-en-671-1\/","url_meta":{"origin":882,"position":3},"title":"Trolley Roller TS EN 671-1","author":"admin","date":"6 February 2019","format":false,"excerpt":"Arabal\u0131 Makara TS EN 671-1\u00d6L\u00c7\u00dc ...1\" TS EN 694 yar\u0131 sert kau\u00e7uk yang\u0131n hortumu1\" jet sprey lans\u00a040 MT50 MT60 MT1\" TSE K\u00fcresel Vanal\u0131(rakorlu)P\u0130-360P\u0130-361P\u0130-3622\" Yang\u0131n Vanal\u0131 ( 2>1'e D\u00f6n\u00fc\u015ft\u00fcr\u00fcc\u00fcl\u00fc )P\u0130-365P\u0130-366P\u0130-367","rel":"","context":"Similar post","block_context":{"text":"Similar post","link":""},"img":{"alt_text":"","src":"https:\/\/i0.wp.com\/tuzlahortum.com.tr\/wp-content\/uploads\/2019\/03\/Arabal%C4%B1-Makara-TS-EN-671-1.jpg?fit=419%2C481&ssl=1&resize=350%2C200","width":350,"height":200},"classes":[]},{"id":953,"url":"https:\/\/tuzlahortum.com.tr\/en\/product\/dik-tip-siva-ustu-sac-kapakli-sulu-sistem\/","url_meta":{"origin":882,"position":4},"title":"Vertical Type \u2013 Surface Mounted with Cover (Water System) (85\u00d765)","author":"admin","date":"6 February 2019","format":false,"excerpt":"Dik Tip - S\u0131va \u00dcst\u00fc Sa\u00e7 Kapakl\u0131 (Sulu Sistem)(85x65)\u00d6L\u00c7\u00dc 85*651\" TS EN 694 yar\u0131 sert kau\u00e7uk yang\u0131n hortumu1\" jet sprey lans\u00a020 MT25 MT30 MT1\" TSE K\u00fcresel Vanal\u0131P\u0130-150P\u0130-151P\u0130-1522\" Yang\u0131n Vanal\u0131 ( 2>1'e D\u00f6n\u00fc\u015ft\u00fcr\u00fcc\u00fcl\u00fc )P\u0130-250P\u0130-251P\u0130-252","rel":"","context":"Similar post","block_context":{"text":"Similar post","link":""},"img":{"alt_text":"","src":"https:\/\/i0.wp.com\/tuzlahortum.com.tr\/wp-content\/uploads\/2019\/03\/tek-kap%C4%B1-s%C4%B1va-%C3%BCst%C3%BC-sa%C3%A7-kapakl%C4%B1-sulu.jpg?fit=415%2C489&ssl=1&resize=350%2C200","width":350,"height":200},"classes":[]},{"id":954,"url":"https:\/\/tuzlahortum.com.tr\/en\/product\/dik-tip-siva-ustu-cam-kapakli-sulu-sistem\/","url_meta":{"origin":882,"position":5},"title":"Vertical Type \u2013 Surface Mounted with Glass Cover (Water System) (85\u00d765)","author":"admin","date":"6 February 2019","format":false,"excerpt":"Dik Tip - S\u0131va \u00dcst\u00fc Cam Kapakl\u0131 (Sulu Sistem)(85x65)\u00d6L\u00c7\u00dc 85*651\" TS EN 694 yar\u0131 sert kau\u00e7uk yang\u0131n hortumu1\" jet sprey lans\u00a020 MT25 MT30 MT1\" TSE K\u00fcresel Vanal\u0131P\u0130-155P\u0130-156P\u0130-1572\" Yang\u0131n Vanal\u0131 ( 2>1'e D\u00f6n\u00fc\u015ft\u00fcr\u00fcc\u00fcl\u00fc )P\u0130-255P\u0130-256P\u0130-257","rel":"","context":"Similar post","block_context":{"text":"Similar post","link":""},"img":{"alt_text":"","src":"https:\/\/i0.wp.com\/tuzlahortum.com.tr\/wp-content\/uploads\/2019\/03\/Dik-Tip-S%C4%B1va-%C3%9Cst%C3%BC-Cam-Kapakl%C4%B1-Sulu-Sistem.jpg?fit=388%2C480&ssl=1&resize=350%2C200","width":350,"height":200},"classes":[]}],"jetpack_sharing_enabled":true,"jetpack_likes_enabled":true,"_links":{"self":[{"href":"https:\/\/tuzlahortum.com.tr\/en\/wp-json\/wp\/v2\/product\/882","targetHints":{"allow":["GET"]}}],"collection":[{"href":"https:\/\/tuzlahortum.com.tr\/en\/wp-json\/wp\/v2\/product"}],"about":[{"href":"https:\/\/tuzlahortum.com.tr\/en\/wp-json\/wp\/v2\/types\/product"}],"replies":[{"embeddable":true,"href":"https:\/\/tuzlahortum.com.tr\/en\/wp-json\/wp\/v2\/comments?post=882"}],"wp:featuredmedia":[{"embeddable":true,"href":"https:\/\/tuzlahortum.com.tr\/en\/wp-json\/wp\/v2\/media\/7312"}],"wp:attachment":[{"href":"https:\/\/tuzlahortum.com.tr\/en\/wp-json\/wp\/v2\/media?parent=882"}],"wp:term":[{"taxonomy":"product_brand","embeddable":true,"href":"https:\/\/tuzlahortum.com.tr\/en\/wp-json\/wp\/v2\/product_brand?post=882"},{"taxonomy":"product_cat","embeddable":true,"href":"https:\/\/tuzlahortum.com.tr\/en\/wp-json\/wp\/v2\/product_cat?post=882"},{"taxonomy":"product_tag","embeddable":true,"href":"https:\/\/tuzlahortum.com.tr\/en\/wp-json\/wp\/v2\/product_tag?post=882"}],"curies":[{"name":"wp","href":"https:\/\/api.w.org\/{rel}","templated":true}]}}