{"id":879,"date":"2019-02-06T23:55:21","date_gmt":"2019-02-06T20:55:21","guid":{"rendered":"http:\/\/hortum.com.tr\/product\/import-placeholder-for-236\/"},"modified":"2024-03-21T17:41:20","modified_gmt":"2024-03-21T14:41:20","slug":"tc-24as","status":"publish","type":"product","link":"https:\/\/tuzlahortum.com.tr\/en\/product\/tc-24as\/","title":{"rendered":"TC 24AS"},"content":{"rendered":"<h2>TC 24AS<\/h2>\n<div>\n<div>MATERIEL:<\/div>\n<div>Fabric Wall: PTFE laminated glass Fiber fabric<\/div>\n<div>\u2022 Weight: 155-270 gr\/m2<\/div>\n<div>\u2022 Tensile Strength: 800 N\/5 cm 1200 N\/5 cm<\/div>\n<div>\u2022 Joint Thickness: 0.08 \u2013 0.25 mm<\/div>\n<div>\u2022 Color : Black<\/div>\n<div>Outer Spiral : Galvanized Steel<\/div>\n<\/div>\n<div><\/div>\n<div><div class=\"video video-fit mb\" style=\"padding-top:56.25%;\"><p><iframe loading=\"lazy\" title=\"Measurement Confusion (Inch, Finger, Haze, Millimeter)\" width=\"1020\" height=\"574\" src=\"https:\/\/www.youtube.com\/embed\/uKk6AG_AZls?feature=oembed\" frameborder=\"0\" allow=\"accelerometer; autoplay; clipboard-write; encrypted-media; gyroscope; picture-in-picture; web-share\" referrerpolicy=\"strict-origin-when-cross-origin\" allowfullscreen><\/iframe><\/p>\n<\/div><\/div>\n<div><\/div>\n<div>\n<div>APPS:<\/div>\n<div>\u2022 In paint shops<\/div>\n<div>\u2022 Pharmaceutical industry<\/div>\n<div>\u2022 In places where electric arc may occur<\/div>\n<div>\u2022 In low pressure applications<\/div>\n<div>\u2022 Discharge of solvents to outside environment<\/div>\n<div>\u2022 Explosive gases and vapors that can spark<\/div>\n<div>in transit<\/div>\n<div>\u2022 In Chemical Facilities<\/div>\n<div>\u2022 Paint, wood and paper industry<\/div>\n<div>FEATURES:<\/div>\n<div>\u2022 Extremely flexible<\/div>\n<div>\u2022 Excellent weather resistance<\/div>\n<div>\u2022 Hose inner wall has non-stick surface<\/div>\n<div>\u2022 Surface resistance Ro&lt;10 6Ohm<\/div>\n<div>\u2022 Low bending radius<\/div>\n<div>\u2022 Excellent chemical resistance<\/div>\n<div>\u2022 Resistant to low and high temperatures<\/div>\n<div>\u2022 Special joining method allows the hose to be spiral and<\/div>\n<div>lock the fabric firmly together<\/div>\n<div>guarantees.<\/div>\n<div>\u2022 Compressible 1:6<\/div>\n<div>\u2022 Hose outer wall material is quite durable<\/div>\n<div>\u2022 Fluid cannot be accommodated on the surface at the optimum level.<\/div>\n<div>\u2022 Outer spiral protects against wear<\/div>\n<\/div>","protected":false},"excerpt":{"rendered":"<p>TC 24AS MATERYAL: Kuma\u015f Duvar\u0131: PTFE lamine cam Elyaf kuma\u015f \u2022 A\u011f\u0131rl\u0131k : 155-270 gr\/m2 \u2022 \u00c7ekme Dayan\u0131m\u0131 : 800 N\/5 cm 1200 N\/5 cm \u2022 Ek Kal\u0131nl\u0131\u011f\u0131 : 0.08 &#8211; 0.25 mm \u2022 Renk : Siyah D\u0131\u015f Spiral : Galvaniz \u00c7elik UYGULAMALAR: \u2022 Boyahanelerde \u2022 \u0130la\u00e7 end\u00fcstrisi \u2022 Elektrik ark\u0131 olu\u015fabilecek yerlerde \u2022 D\u00fc\u015f\u00fck [&#8230;]\n","protected":false},"featured_media":6349,"comment_status":"open","ping_status":"closed","template":"","meta":{"jetpack_post_was_ever_published":false},"product_brand":[],"product_cat":[145,146],"product_tag":[1144,692,1141,1143,481,1142,498,632,1140,454],"class_list":{"0":"post-879","1":"product","2":"type-product","3":"status-publish","4":"has-post-thumbnail","6":"product_cat-isiya-dayanikli-hortumlar","7":"product_cat-kimyasal-hortumlar","8":"product_tag-ahsap-ve-kagit-endustrisinde","9":"product_tag-boya","10":"product_tag-boyahanelerde","11":"product_tag-elektrik-arki","12":"product_tag-galvaniz-celik-dis-spiral","13":"product_tag-ilac-endustrisi","14":"product_tag-isiya-dayanikli","15":"product_tag-kimyasal-tesislerde","16":"product_tag-lamine-cam-elyaf-kumas","17":"product_tag-siyah","19":"first","20":"instock","21":"taxable","22":"shipping-taxable","23":"product-type-variable"},"jetpack-related-posts":[{"id":616,"url":"https:\/\/tuzlahortum.com.tr\/en\/product\/tc-02as\/","url_meta":{"origin":879,"position":0},"title":"TC 02AS","author":"admin","date":"6 February 2019","format":false,"excerpt":"TC 02ASMATERYAL: Kuma\u015f Duvar : Antistatik \u2264 10^8Ohm \u2022 A\u011f\u0131rl\u0131k : 570 gr\/m2 DIN EN ISO 2286-2 \u2022 \u00c7ekme Dayan\u0131m\u0131 : 2200 \/ 2200 N\/5 cm \u2022 Y\u0131rt\u0131lma Dayan\u0131m\u0131 : 310 \/ 350 N \u2022 Ek Kal\u0131nl\u0131\u011f\u0131 : 0,55 mm \u2022 Renk : Siyah D\u0131\u015f Spiral : Galvaniz \u00c7elik UYGULAMALAR:\u2026","rel":"","context":"Similar post","block_context":{"text":"Similar post","link":""},"img":{"alt_text":"","src":"https:\/\/i0.wp.com\/tuzlahortum.com.tr\/wp-content\/uploads\/2019\/03\/TC-02AS.jpg?fit=600%2C450&ssl=1&resize=350%2C200","width":350,"height":200,"srcset":"https:\/\/i0.wp.com\/tuzlahortum.com.tr\/wp-content\/uploads\/2019\/03\/TC-02AS.jpg?fit=600%2C450&ssl=1&resize=350%2C200 1x, https:\/\/i0.wp.com\/tuzlahortum.com.tr\/wp-content\/uploads\/2019\/03\/TC-02AS.jpg?fit=600%2C450&ssl=1&resize=525%2C300 1.5x"},"classes":[]},{"id":688,"url":"https:\/\/tuzlahortum.com.tr\/en\/product\/tc-12\/","url_meta":{"origin":879,"position":1},"title":"TC 12","author":"admin","date":"6 February 2019","format":false,"excerpt":"TC 12MATERYAL: Kuma\u015f Duvar\u0131 : Hypalon kapl\u0131 cam elyaf kuma\u015f \u2022 A\u011f\u0131rl\u0131k : 400 gr\/m2 \u2022 \u00c7ekme Dayan\u0131m\u0131 : Warp : 180 daN\/5cm Weft : 150 daN\/5cm \u2022 Ek Kal\u0131nl\u0131\u011f\u0131 : 0,40 mm \u2022 Standart Uzunluk : 5 mt. - 10 mt. \u2022 Renk : Siyah D\u0131\u015f Spiral : Galvaniz\u2026","rel":"","context":"Similar post","block_context":{"text":"Similar post","link":""},"img":{"alt_text":"","src":"https:\/\/i0.wp.com\/tuzlahortum.com.tr\/wp-content\/uploads\/2019\/03\/TC-11-12.jpg?fit=600%2C450&ssl=1&resize=350%2C200","width":350,"height":200,"srcset":"https:\/\/i0.wp.com\/tuzlahortum.com.tr\/wp-content\/uploads\/2019\/03\/TC-11-12.jpg?fit=600%2C450&ssl=1&resize=350%2C200 1x, https:\/\/i0.wp.com\/tuzlahortum.com.tr\/wp-content\/uploads\/2019\/03\/TC-11-12.jpg?fit=600%2C450&ssl=1&resize=525%2C300 1.5x"},"classes":[]},{"id":665,"url":"https:\/\/tuzlahortum.com.tr\/en\/product\/tc-28\/","url_meta":{"origin":879,"position":2},"title":"TC 28","author":"admin","date":"6 February 2019","format":false,"excerpt":"TC 28MATERYAL: Hortum Cidar\u0131 : \u00d6zel kaplamal\u0131 E-Camelyaf \u2022 A\u011f\u0131rl\u0131k : 490 gr\/m2 \u2022 \u00c7ekme Dayan\u0131m\u0131: Warp 1100 N\/cm, Weft 700 N\/cm \u2022 Kal\u0131nl\u0131k : 0.45 mm \u2022 Renk : Gri \u2022 Kaplama : \u00c7ift taraf\u0131 30 gr\/m2 Gri poli\u00fcretan kaplama \u2022 Alev S\u0131n\u0131f\u0131 : DIN 66083 D\u0131\u015f Spiaral :\u2026","rel":"","context":"Similar post","block_context":{"text":"Similar post","link":""},"img":{"alt_text":"","src":"https:\/\/i0.wp.com\/tuzlahortum.com.tr\/wp-content\/uploads\/2019\/03\/TC-28.jpg?fit=600%2C450&ssl=1&resize=350%2C200","width":350,"height":200,"srcset":"https:\/\/i0.wp.com\/tuzlahortum.com.tr\/wp-content\/uploads\/2019\/03\/TC-28.jpg?fit=600%2C450&ssl=1&resize=350%2C200 1x, https:\/\/i0.wp.com\/tuzlahortum.com.tr\/wp-content\/uploads\/2019\/03\/TC-28.jpg?fit=600%2C450&ssl=1&resize=525%2C300 1.5x"},"classes":[]},{"id":689,"url":"https:\/\/tuzlahortum.com.tr\/en\/product\/tc-20\/","url_meta":{"origin":879,"position":3},"title":"TC 20","author":"admin","date":"6 February 2019","format":false,"excerpt":"TC 20MATERYAL: Hortum Duvar\u0131 : Silisyum oksit ve poli\u00fcretan kapl\u0131 E-Camelyaf kuma\u015f \u2022 A\u011f\u0131rl\u0131k : 1250 gr\/m2 \u2022 \u00c7ekme dayan\u0131m\u0131 : Warp: 35 daN\/cm, Weft: 25 daN\/cm \u2022 Kal\u0131nl\u0131k : Yakla\u015f\u0131k 2 mm \u2022 Renk : Gri D\u0131\u015f Spiral : Galvaniz veya Cr-Ni \u00e7elik UYGULAMALAR: \u2022 S\u0131cak hava transferi \u2022\u2026","rel":"","context":"Similar post","block_context":{"text":"Similar post","link":""},"img":{"alt_text":"","src":"https:\/\/i0.wp.com\/tuzlahortum.com.tr\/wp-content\/uploads\/2019\/03\/TC-21-20.jpg?fit=600%2C450&ssl=1&resize=350%2C200","width":350,"height":200,"srcset":"https:\/\/i0.wp.com\/tuzlahortum.com.tr\/wp-content\/uploads\/2019\/03\/TC-21-20.jpg?fit=600%2C450&ssl=1&resize=350%2C200 1x, https:\/\/i0.wp.com\/tuzlahortum.com.tr\/wp-content\/uploads\/2019\/03\/TC-21-20.jpg?fit=600%2C450&ssl=1&resize=525%2C300 1.5x"},"classes":[]},{"id":691,"url":"https:\/\/tuzlahortum.com.tr\/en\/product\/tc-24\/","url_meta":{"origin":879,"position":4},"title":"TC 24","author":"admin","date":"6 February 2019","format":false,"excerpt":"TC 24MATERYAL: Hortum Cidar\u0131 : PTFE (Teflon) Kapl\u0131 kuma\u015f \u2022 A\u011f\u0131rl\u0131k : 155 - 270 gr\/m2 \u00c7apa g\u00f6re de\u011fi\u015fmektedir \u2022 \u00c7ekme dayan\u0131m\u0131 : Warp: 800 N\/5cm, Weft: 1200 N\/5cm \u2022 Renk : Gri D\u0131\u015f Spiaral : Galvaniz \u00e7elik UYGULAMALAR: \u2022 S\u0131cak hava transferi \u2022 Egzoz transferi \u2022 Savunma sanayi \u0131s\u0131\u2026","rel":"","context":"Similar post","block_context":{"text":"Similar post","link":""},"img":{"alt_text":"","src":"https:\/\/i0.wp.com\/tuzlahortum.com.tr\/wp-content\/uploads\/2019\/03\/TC-24.jpg?fit=600%2C450&ssl=1&resize=350%2C200","width":350,"height":200,"srcset":"https:\/\/i0.wp.com\/tuzlahortum.com.tr\/wp-content\/uploads\/2019\/03\/TC-24.jpg?fit=600%2C450&ssl=1&resize=350%2C200 1x, https:\/\/i0.wp.com\/tuzlahortum.com.tr\/wp-content\/uploads\/2019\/03\/TC-24.jpg?fit=600%2C450&ssl=1&resize=525%2C300 1.5x"},"classes":[]},{"id":690,"url":"https:\/\/tuzlahortum.com.tr\/en\/product\/tc-21\/","url_meta":{"origin":879,"position":5},"title":"TC 21","author":"admin","date":"6 February 2019","format":false,"excerpt":"TC 21MATERYAL: Kuma\u015f Duvar\u0131 : 3 katl\u0131 \u00f6zel kapl\u0131 \u0131s\u0131 bariyerli y\u00fcksek \u0131s\u0131 kuma\u015f\u0131 \u2022 A\u011f\u0131rl\u0131k : 1250 gr\/m2 \u2022 \u00c7ekme Dayan\u0131m\u0131 : 35 \/ 25 daN\/cm \u2022 Renk : Gri D\u0131\u015f Spiral : Galvanizli veya paslanmaz \u00e7elik Cr-Ni UYGULAMALAR: \u2022 S\u0131cak hava transferi \u2022 Savunma sanayinde \u2022 Cam elyaf\u2026","rel":"","context":"Similar post","block_context":{"text":"Similar post","link":""},"img":{"alt_text":"","src":"https:\/\/i0.wp.com\/tuzlahortum.com.tr\/wp-content\/uploads\/2019\/03\/TC-21-20.jpg?fit=600%2C450&ssl=1&resize=350%2C200","width":350,"height":200,"srcset":"https:\/\/i0.wp.com\/tuzlahortum.com.tr\/wp-content\/uploads\/2019\/03\/TC-21-20.jpg?fit=600%2C450&ssl=1&resize=350%2C200 1x, https:\/\/i0.wp.com\/tuzlahortum.com.tr\/wp-content\/uploads\/2019\/03\/TC-21-20.jpg?fit=600%2C450&ssl=1&resize=525%2C300 1.5x"},"classes":[]}],"jetpack_sharing_enabled":true,"jetpack_likes_enabled":true,"_links":{"self":[{"href":"https:\/\/tuzlahortum.com.tr\/en\/wp-json\/wp\/v2\/product\/879","targetHints":{"allow":["GET"]}}],"collection":[{"href":"https:\/\/tuzlahortum.com.tr\/en\/wp-json\/wp\/v2\/product"}],"about":[{"href":"https:\/\/tuzlahortum.com.tr\/en\/wp-json\/wp\/v2\/types\/product"}],"replies":[{"embeddable":true,"href":"https:\/\/tuzlahortum.com.tr\/en\/wp-json\/wp\/v2\/comments?post=879"}],"wp:featuredmedia":[{"embeddable":true,"href":"https:\/\/tuzlahortum.com.tr\/en\/wp-json\/wp\/v2\/media\/6349"}],"wp:attachment":[{"href":"https:\/\/tuzlahortum.com.tr\/en\/wp-json\/wp\/v2\/media?parent=879"}],"wp:term":[{"taxonomy":"product_brand","embeddable":true,"href":"https:\/\/tuzlahortum.com.tr\/en\/wp-json\/wp\/v2\/product_brand?post=879"},{"taxonomy":"product_cat","embeddable":true,"href":"https:\/\/tuzlahortum.com.tr\/en\/wp-json\/wp\/v2\/product_cat?post=879"},{"taxonomy":"product_tag","embeddable":true,"href":"https:\/\/tuzlahortum.com.tr\/en\/wp-json\/wp\/v2\/product_tag?post=879"}],"curies":[{"name":"wp","href":"https:\/\/api.w.org\/{rel}","templated":true}]}}