{"id":8757,"date":"2019-03-26T13:30:44","date_gmt":"2019-03-26T10:30:44","guid":{"rendered":"https:\/\/tuzlahortum.com.tr\/?post_type=product&#038;p=8757"},"modified":"2024-03-21T17:38:42","modified_gmt":"2024-03-21T14:38:42","slug":"trellflex-roof-drain","status":"publish","type":"product","link":"https:\/\/tuzlahortum.com.tr\/en\/product\/trellflex-roof-drain\/","title":{"rendered":"TRELLFLEX ROOF DRAIN"},"content":{"rendered":"<h2>TRELLFLEX ROOF DRAIN<\/h2>\n<p>Composite hoses\/Roof drain<br \/>\nRemoval of rainwater from the roof of an external roof top tank.<br \/>\nAdvantages<br \/>\n%100&#8217;e kadar aromatik i\u00e7eren hidrokarbonlar i\u00e7in uygundur.<br \/>\nNatural negative buoyancy.<br \/>\nIt has been field tested and approved for years.<br \/>\nIt is easy to transport and install.<br \/>\nLong service life (up to 10 years).<br \/>\nLow maintenance.<br \/>\ntechnical description<br \/>\nInner spring: stainless steel 304L (stainless steel 316L on request)<br \/>\nInner tube: polypropylene film.<br \/>\nReinforcement: polypropylene\/polyester layers.<br \/>\nCoating : polyamide, white, corrugated.<br \/>\nOuter spring: stainless steel 304L (stainless steel 316L on request)<br \/>\nTemperature range: -30\u00b0C to +100\u00b0C.<br \/>\nElectrical properties : electrical conductivity of the outer helix in contact with the fittings<br \/>\nprovides.<br \/>\nStandard\/Approval :<br \/>\nBS 5842.<br \/>\nUnions\/Fittings<br \/>\nAll press fitting types :<br \/>\n\u2013 Guillemin (aluminium, metal gun, stainless steel);<br \/>\n\u2013 gear, male and female;<br \/>\n\u2013 Easy-to-fit fittings with cam mechanism (Camlock type).<br \/>\nFixed or rotating flange ISO PN10\/16, PN20 (ASA150).<\/p>\n<p><img data-recalc-dims=\"1\" loading=\"lazy\" decoding=\"async\" class=\"alignnone size-full wp-image-8758\" src=\"https:\/\/i0.wp.com\/tuzlahortum.com.tr\/wp-content\/uploads\/2019\/03\/TRELLFLEX-ROOF-DRAIN.jpg?resize=918%2C199&#038;ssl=1\" alt=\"\" width=\"918\" height=\"199\" title=\"\" srcset=\"https:\/\/i0.wp.com\/tuzlahortum.com.tr\/wp-content\/uploads\/2019\/03\/TRELLFLEX-ROOF-DRAIN.jpg?w=918&amp;ssl=1 918w, https:\/\/i0.wp.com\/tuzlahortum.com.tr\/wp-content\/uploads\/2019\/03\/TRELLFLEX-ROOF-DRAIN.jpg?resize=800%2C173&amp;ssl=1 800w, https:\/\/i0.wp.com\/tuzlahortum.com.tr\/wp-content\/uploads\/2019\/03\/TRELLFLEX-ROOF-DRAIN.jpg?resize=768%2C166&amp;ssl=1 768w, https:\/\/i0.wp.com\/tuzlahortum.com.tr\/wp-content\/uploads\/2019\/03\/TRELLFLEX-ROOF-DRAIN.jpg?resize=600%2C130&amp;ssl=1 600w\" sizes=\"auto, (max-width: 918px) 100vw, 918px\" \/><\/p>\n<div class=\"video video-fit mb\" style=\"padding-top:56.25%;\"><p><iframe loading=\"lazy\" title=\"Measurement Confusion (Inch, Finger, Haze, Millimeter)\" width=\"1020\" height=\"574\" src=\"https:\/\/www.youtube.com\/embed\/uKk6AG_AZls?feature=oembed\" frameborder=\"0\" allow=\"accelerometer; autoplay; clipboard-write; encrypted-media; gyroscope; picture-in-picture; web-share\" referrerpolicy=\"strict-origin-when-cross-origin\" allowfullscreen><\/iframe><\/p>\n<\/div>\n<div class=\"video video-fit mb\" style=\"padding-top:56.25%;\"><p>https:\/\/www.youtube.com\/watch?v=O8ZlzKEjfEQ%20<\/p>\n<\/div>","protected":false},"excerpt":{"rendered":"<p>TRELLFLEX ROOF DRAIN Kompozit hortumlar\/\u00c7at\u0131 drenaj\u0131 Harici bir \u00e7at\u0131 \u00fcst\u00fc tank\u0131n \u00e7at\u0131s\u0131ndan ya\u011fmur suyunun uzakla\u015ft\u0131r\u0131lmas\u0131. Avantajlar %100&#8217;e kadar aromatik i\u00e7eren hidrokarbonlar i\u00e7in uygundur. Do\u011fal negatif batmazl\u0131k. Y\u0131llarca sahada test edilmi\u015f ve onaylanm\u0131\u015ft\u0131r. Ta\u015f\u0131nmas\u0131 ve kurulumu kolayd\u0131r. Uzun hizmet \u00f6mr\u00fc (10 y\u0131la kadar). D\u00fc\u015f\u00fck bak\u0131m. Teknik a\u00e7\u0131klama \u0130\u00e7 yay: paslanmaz \u00e7elik 304L (talep \u00fczerine paslanmaz \u00e7elik [&#8230;]\n","protected":false},"featured_media":8947,"comment_status":"open","ping_status":"closed","template":"","meta":{"jetpack_post_was_ever_published":false},"product_brand":[],"product_cat":[2208],"product_tag":[2213,2215,2164,290,904,905,2214],"class_list":{"0":"post-8757","1":"product","2":"type-product","3":"status-publish","4":"has-post-thumbnail","6":"product_cat-kompozit-hortumlar-akaryakit","7":"product_tag-cati","8":"product_tag-cati-drenaji","9":"product_tag-drenaj","10":"product_tag-hortum","11":"product_tag-kompozit","12":"product_tag-kompozit-hortum","13":"product_tag-yagmur-suyu","15":"first","16":"instock","17":"taxable","18":"shipping-taxable","19":"product-type-variable"},"jetpack-related-posts":[],"jetpack_sharing_enabled":true,"jetpack_likes_enabled":true,"_links":{"self":[{"href":"https:\/\/tuzlahortum.com.tr\/en\/wp-json\/wp\/v2\/product\/8757","targetHints":{"allow":["GET"]}}],"collection":[{"href":"https:\/\/tuzlahortum.com.tr\/en\/wp-json\/wp\/v2\/product"}],"about":[{"href":"https:\/\/tuzlahortum.com.tr\/en\/wp-json\/wp\/v2\/types\/product"}],"replies":[{"embeddable":true,"href":"https:\/\/tuzlahortum.com.tr\/en\/wp-json\/wp\/v2\/comments?post=8757"}],"wp:featuredmedia":[{"embeddable":true,"href":"https:\/\/tuzlahortum.com.tr\/en\/wp-json\/wp\/v2\/media\/8947"}],"wp:attachment":[{"href":"https:\/\/tuzlahortum.com.tr\/en\/wp-json\/wp\/v2\/media?parent=8757"}],"wp:term":[{"taxonomy":"product_brand","embeddable":true,"href":"https:\/\/tuzlahortum.com.tr\/en\/wp-json\/wp\/v2\/product_brand?post=8757"},{"taxonomy":"product_cat","embeddable":true,"href":"https:\/\/tuzlahortum.com.tr\/en\/wp-json\/wp\/v2\/product_cat?post=8757"},{"taxonomy":"product_tag","embeddable":true,"href":"https:\/\/tuzlahortum.com.tr\/en\/wp-json\/wp\/v2\/product_tag?post=8757"}],"curies":[{"name":"wp","href":"https:\/\/api.w.org\/{rel}","templated":true}]}}