{"id":8753,"date":"2019-03-26T12:51:17","date_gmt":"2019-03-26T09:51:17","guid":{"rendered":"https:\/\/tuzlahortum.com.tr\/?post_type=product&#038;p=8753"},"modified":"2024-03-21T17:38:44","modified_gmt":"2024-03-21T14:38:44","slug":"trellflex-biofuel","status":"publish","type":"product","link":"https:\/\/tuzlahortum.com.tr\/en\/product\/trellflex-biofuel\/","title":{"rendered":"TRELLFLEX BIOFUEL"},"content":{"rendered":"<h2>TRELLFLEX BIOFUEL<\/h2>\n<p>Composite hoses\/Biofuel<br \/>\n\u00d6zellikle kerosen, JET, AVGAS, biyoyak\u0131t ve etanol olmak \u00fczere aromatik i\u00e7eri\u011fi %50&#8217;ye kadar<br \/>\nextraction and discharge of light or heavy petroleum products and derivatives.<br \/>\nRoad or rail vehicles or fixed equipment.<br \/>\nAdvantages<br \/>\nSolvents are portable.<br \/>\nThe hose is easy to transport due to its flexibility (low bend radius).<br \/>\nElectrical conductivity is provided by two helices connected to the connection parts.<br \/>\ntechnical description<br \/>\nInner spring: stainless steel 304L (stainless steel 316L on request)<br \/>\nInner tube: PTFE film.<br \/>\nReinforcement: PP fabrics, PP and PET layers.<br \/>\nCoating: PVC coated fabric, green, corrugated.<br \/>\nOuter spring: stainless steel 304L (stainless steel 316L on request)<br \/>\nTemperature range: -30\u00b0C to +100\u00b0C.<br \/>\nElectrical properties : \u22642.5\u03a9\/m for ID&lt;50mm.<br \/>\n\u22641.0\u03a9\/m for INS\u226550mm.<br \/>\nStandard\/Approval :<br \/>\nEN 13765 and ADR.<br \/>\nUnions\/Fittings<br \/>\nAll press fitting types :<br \/>\n\u2013 Guillemin (aluminium, metal gun, stainless steel);<br \/>\n\u2013 gear, male and female;<br \/>\n\u2013 Easy-to-fit fittings with cam mechanism (Camlock type).<br \/>\nFixed or rotating flange ISO PN10\/16, PN20 (ASA150).<\/p>\n<p><img data-recalc-dims=\"1\" loading=\"lazy\" decoding=\"async\" class=\"alignnone size-full wp-image-8754\" src=\"https:\/\/i0.wp.com\/tuzlahortum.com.tr\/wp-content\/uploads\/2019\/03\/TRELLFLEX-BIOFUEL.jpg?resize=921%2C271&#038;ssl=1\" alt=\"\" width=\"921\" height=\"271\" title=\"\" srcset=\"https:\/\/i0.wp.com\/tuzlahortum.com.tr\/wp-content\/uploads\/2019\/03\/TRELLFLEX-BIOFUEL.jpg?w=921&amp;ssl=1 921w, https:\/\/i0.wp.com\/tuzlahortum.com.tr\/wp-content\/uploads\/2019\/03\/TRELLFLEX-BIOFUEL.jpg?resize=800%2C235&amp;ssl=1 800w, https:\/\/i0.wp.com\/tuzlahortum.com.tr\/wp-content\/uploads\/2019\/03\/TRELLFLEX-BIOFUEL.jpg?resize=768%2C226&amp;ssl=1 768w, https:\/\/i0.wp.com\/tuzlahortum.com.tr\/wp-content\/uploads\/2019\/03\/TRELLFLEX-BIOFUEL.jpg?resize=600%2C177&amp;ssl=1 600w\" sizes=\"auto, (max-width: 921px) 100vw, 921px\" \/><\/p>\n<div class=\"video video-fit mb\" style=\"padding-top:56.25%;\"><p><iframe loading=\"lazy\" title=\"Measurement Confusion (Inch, Finger, Haze, Millimeter)\" width=\"1020\" height=\"574\" src=\"https:\/\/www.youtube.com\/embed\/uKk6AG_AZls?feature=oembed\" frameborder=\"0\" allow=\"accelerometer; autoplay; clipboard-write; encrypted-media; gyroscope; picture-in-picture; web-share\" referrerpolicy=\"strict-origin-when-cross-origin\" allowfullscreen><\/iframe><\/p>\n<\/div>\n<div class=\"video video-fit mb\" style=\"padding-top:56.25%;\"><p>https:\/\/www.youtube.com\/watch?v=O8ZlzKEjfEQ%20<\/p>\n<\/div>","protected":false},"excerpt":{"rendered":"<p>TRELLFLEX BIOFUEL Kompozit hortumlar\/Biyoyak\u0131t \u00d6zellikle kerosen, JET, AVGAS, biyoyak\u0131t ve etanol olmak \u00fczere aromatik i\u00e7eri\u011fi %50&#8217;ye kadar olan hafif veya a\u011f\u0131r petrol \u00fcr\u00fcnleri ve t\u00fcrevlerinin \u00e7ekilmesi ve tahliyesi. Karayolu veya demiryolu ta\u015f\u0131tlar\u0131 veya sabit donan\u0131mlar. Avantajlar Solventler ta\u015f\u0131nabilir. Hortumun esnekli\u011finden (d\u00fc\u015f\u00fck k\u0131vr\u0131lma yar\u0131\u00e7ap\u0131) dolay\u0131 ta\u015f\u0131mas\u0131 kolayd\u0131r. Ba\u011flant\u0131 par\u00e7alar\u0131na ba\u011flanan iki helis ile elektriksel iletkenlik sa\u011flan\u0131r. [&#8230;]\n","protected":false},"featured_media":8944,"comment_status":"open","ping_status":"closed","template":"","meta":{"jetpack_post_was_ever_published":false},"product_brand":[],"product_cat":[2208],"product_tag":[2219,2217,2220,290,1258,2218,904,905,732],"class_list":{"0":"post-8753","1":"product","2":"type-product","3":"status-publish","4":"has-post-thumbnail","6":"product_cat-kompozit-hortumlar-akaryakit","7":"product_tag-avgas","8":"product_tag-biyoyakit","9":"product_tag-etanol","10":"product_tag-hortum","11":"product_tag-jet","12":"product_tag-kerosen","13":"product_tag-kompozit","14":"product_tag-kompozit-hortum","15":"product_tag-petrol","17":"first","18":"instock","19":"taxable","20":"shipping-taxable","21":"product-type-variable"},"jetpack-related-posts":[],"jetpack_sharing_enabled":true,"jetpack_likes_enabled":true,"_links":{"self":[{"href":"https:\/\/tuzlahortum.com.tr\/en\/wp-json\/wp\/v2\/product\/8753","targetHints":{"allow":["GET"]}}],"collection":[{"href":"https:\/\/tuzlahortum.com.tr\/en\/wp-json\/wp\/v2\/product"}],"about":[{"href":"https:\/\/tuzlahortum.com.tr\/en\/wp-json\/wp\/v2\/types\/product"}],"replies":[{"embeddable":true,"href":"https:\/\/tuzlahortum.com.tr\/en\/wp-json\/wp\/v2\/comments?post=8753"}],"wp:featuredmedia":[{"embeddable":true,"href":"https:\/\/tuzlahortum.com.tr\/en\/wp-json\/wp\/v2\/media\/8944"}],"wp:attachment":[{"href":"https:\/\/tuzlahortum.com.tr\/en\/wp-json\/wp\/v2\/media?parent=8753"}],"wp:term":[{"taxonomy":"product_brand","embeddable":true,"href":"https:\/\/tuzlahortum.com.tr\/en\/wp-json\/wp\/v2\/product_brand?post=8753"},{"taxonomy":"product_cat","embeddable":true,"href":"https:\/\/tuzlahortum.com.tr\/en\/wp-json\/wp\/v2\/product_cat?post=8753"},{"taxonomy":"product_tag","embeddable":true,"href":"https:\/\/tuzlahortum.com.tr\/en\/wp-json\/wp\/v2\/product_tag?post=8753"}],"curies":[{"name":"wp","href":"https:\/\/api.w.org\/{rel}","templated":true}]}}