{"id":8750,"date":"2019-03-26T12:39:22","date_gmt":"2019-03-26T09:39:22","guid":{"rendered":"https:\/\/tuzlahortum.com.tr\/?post_type=product&#038;p=8750"},"modified":"2024-03-21T17:38:45","modified_gmt":"2024-03-21T14:38:45","slug":"trellflex-oil-14-gg","status":"publish","type":"product","link":"https:\/\/tuzlahortum.com.tr\/en\/product\/trellflex-oil-14-gg\/","title":{"rendered":"TRELLFLEX OIL 14 GG"},"content":{"rendered":"<h2>TRELLFLEX OIL 14 GG<\/h2>\n<p>Composite hoses\/Oil and oil<br \/>\nAromatik i\u00e7eri\u011fi %50&#8217;ye kadar olan hafif veya a\u011f\u0131r petrol \u00fcr\u00fcnleri ve t\u00fcrevlerinin \u00e7ekilmesi ve<br \/>\nevacuation.<br \/>\nRoad or rail vehicles or fixed equipment.<br \/>\nAdvantages<br \/>\nBoth black and white oil can be transported.<br \/>\nLow bend radius.<br \/>\ntechnical description<br \/>\nInner spring: galvanized steel<br \/>\nInner tube: polypropylene film.<br \/>\nReinforcement: polypropylene layers.<br \/>\nCoating: PVC coated fabric, black, corrugated.<br \/>\nOuter spring: galvanized steel<br \/>\nTemperature range: -30\u00b0C to +100\u00b0C.<br \/>\nElectrical properties: \u22642.5\u03a9\/m for OD&lt;50mm.<br \/>\nOD\u226550mm. for \u22641.0\u03a9\/m.<br \/>\nStandard\/Approval :<br \/>\nEN 13765 and TMD.<br \/>\nUnions\/Fittings<br \/>\nGuillemin (aluminum, metal gun, stainless steel);<br \/>\nArticulated gear swivel, male and female: aluminum or ball alloy Easy attachment with cam mechanism<br \/>\nfittings (Camlock type).<br \/>\nFixed or rotary ISO PN10\/16, PN20 (ASA150).<\/p>\n<p><img data-recalc-dims=\"1\" loading=\"lazy\" decoding=\"async\" class=\"alignnone size-full wp-image-8752\" src=\"https:\/\/i0.wp.com\/tuzlahortum.com.tr\/wp-content\/uploads\/2019\/03\/TRELLFLEX-OIL-14-GG.jpg?resize=895%2C269&#038;ssl=1\" alt=\"\" width=\"895\" height=\"269\" title=\"\" srcset=\"https:\/\/i0.wp.com\/tuzlahortum.com.tr\/wp-content\/uploads\/2019\/03\/TRELLFLEX-OIL-14-GG.jpg?w=895&amp;ssl=1 895w, https:\/\/i0.wp.com\/tuzlahortum.com.tr\/wp-content\/uploads\/2019\/03\/TRELLFLEX-OIL-14-GG.jpg?resize=800%2C240&amp;ssl=1 800w, https:\/\/i0.wp.com\/tuzlahortum.com.tr\/wp-content\/uploads\/2019\/03\/TRELLFLEX-OIL-14-GG.jpg?resize=768%2C231&amp;ssl=1 768w, https:\/\/i0.wp.com\/tuzlahortum.com.tr\/wp-content\/uploads\/2019\/03\/TRELLFLEX-OIL-14-GG.jpg?resize=600%2C180&amp;ssl=1 600w\" sizes=\"auto, (max-width: 895px) 100vw, 895px\" \/><\/p>\n<div class=\"video video-fit mb\" style=\"padding-top:56.25%;\"><p><iframe loading=\"lazy\" title=\"Measurement Confusion (Inch, Finger, Haze, Millimeter)\" width=\"1020\" height=\"574\" src=\"https:\/\/www.youtube.com\/embed\/uKk6AG_AZls?feature=oembed\" frameborder=\"0\" allow=\"accelerometer; autoplay; clipboard-write; encrypted-media; gyroscope; picture-in-picture; web-share\" referrerpolicy=\"strict-origin-when-cross-origin\" allowfullscreen><\/iframe><\/p>\n<\/div>\n<div class=\"video video-fit mb\" style=\"padding-top:56.25%;\"><p>https:\/\/www.youtube.com\/watch?v=O8ZlzKEjfEQ%20<\/p>\n<\/div>","protected":false},"excerpt":{"rendered":"<p>TRELLFLEX OIL 14 GG Kompozit hortumlar\/Ya\u011f ve petrol Aromatik i\u00e7eri\u011fi %50&#8217;ye kadar olan hafif veya a\u011f\u0131r petrol \u00fcr\u00fcnleri ve t\u00fcrevlerinin \u00e7ekilmesi ve tahliyesi. Karayolu veya demiryolu ta\u015f\u0131tlar\u0131 veya sabit donan\u0131mlar. Avantajlar Hem siyah hem de beyaz ya\u011f ta\u015f\u0131nabilir. D\u00fc\u015f\u00fck k\u0131vr\u0131lma yar\u0131\u00e7ap\u0131. Teknik a\u00e7\u0131klama \u0130\u00e7 yay: galvanize \u00e7elik \u0130\u00e7 t\u00fcp : polipropilen film. Takviye : polipropilen [&#8230;]\n","protected":false},"featured_media":8946,"comment_status":"open","ping_status":"closed","template":"","meta":{"jetpack_post_was_ever_published":false},"product_brand":[],"product_cat":[2208],"product_tag":[2222,290,2221,904,905,732,343,548],"class_list":{"0":"post-8750","1":"product","2":"type-product","3":"status-publish","4":"has-post-thumbnail","6":"product_cat-kompozit-hortumlar-akaryakit","7":"product_tag-demiryolu","8":"product_tag-hortum","9":"product_tag-karayolu","10":"product_tag-kompozit","11":"product_tag-kompozit-hortum","12":"product_tag-petrol","13":"product_tag-tahliye","14":"product_tag-yag","16":"first","17":"instock","18":"taxable","19":"shipping-taxable","20":"product-type-variable"},"jetpack-related-posts":[],"jetpack_sharing_enabled":true,"jetpack_likes_enabled":true,"_links":{"self":[{"href":"https:\/\/tuzlahortum.com.tr\/en\/wp-json\/wp\/v2\/product\/8750","targetHints":{"allow":["GET"]}}],"collection":[{"href":"https:\/\/tuzlahortum.com.tr\/en\/wp-json\/wp\/v2\/product"}],"about":[{"href":"https:\/\/tuzlahortum.com.tr\/en\/wp-json\/wp\/v2\/types\/product"}],"replies":[{"embeddable":true,"href":"https:\/\/tuzlahortum.com.tr\/en\/wp-json\/wp\/v2\/comments?post=8750"}],"wp:featuredmedia":[{"embeddable":true,"href":"https:\/\/tuzlahortum.com.tr\/en\/wp-json\/wp\/v2\/media\/8946"}],"wp:attachment":[{"href":"https:\/\/tuzlahortum.com.tr\/en\/wp-json\/wp\/v2\/media?parent=8750"}],"wp:term":[{"taxonomy":"product_brand","embeddable":true,"href":"https:\/\/tuzlahortum.com.tr\/en\/wp-json\/wp\/v2\/product_brand?post=8750"},{"taxonomy":"product_cat","embeddable":true,"href":"https:\/\/tuzlahortum.com.tr\/en\/wp-json\/wp\/v2\/product_cat?post=8750"},{"taxonomy":"product_tag","embeddable":true,"href":"https:\/\/tuzlahortum.com.tr\/en\/wp-json\/wp\/v2\/product_tag?post=8750"}],"curies":[{"name":"wp","href":"https:\/\/api.w.org\/{rel}","templated":true}]}}