{"id":874,"date":"2019-02-06T23:54:59","date_gmt":"2019-02-06T20:54:59","guid":{"rendered":"http:\/\/hortum.com.tr\/product\/import-placeholder-for-309\/"},"modified":"2024-03-21T17:41:23","modified_gmt":"2024-03-21T14:41:23","slug":"hidrolik-otomatik-rekor","status":"publish","type":"product","link":"https:\/\/tuzlahortum.com.tr\/en\/product\/hidrolik-otomatik-rekor\/","title":{"rendered":"Hydraulic Automatic Record"},"content":{"rendered":"<h2>Hydraulic Automatic Record<\/h2>\n<p>QC Series Hydraulic Automatic Couplings are hydraulic quick-release couplings in many agricultural and industrial areas.\u00a0<br \/>are used as connectors.<br \/>In the QC Series, the male ends are hardened by heat treatment.<\/p>\n<p><img data-recalc-dims=\"1\" loading=\"lazy\" decoding=\"async\" class=\"alignnone size-full wp-image-2881\" src=\"https:\/\/i0.wp.com\/hortum.com.tr\/wp-content\/uploads\/2019\/02\/Hidrolik-Otomatik-Rekor2.jpg?resize=449%2C197\" alt=\"\" width=\"449\" height=\"197\" title=\"\"><\/p>\n<table border=\"0\" width=\"100%\">\n<tbody>\n<tr>\n<td width=\"172\" data-sheets-value=\"{&quot;1&quot;:2,&quot;2&quot;:&quot;Uyumluluk&quot;}\">Compatibility<\/td>\n<td width=\"252\" data-sheets-value=\"{&quot;1&quot;:2,&quot;2&quot;:&quot;ISO 7241-A&quot;}\">ISO 7241-A<\/td>\n<\/tr>\n<tr>\n<td width=\"172\" data-sheets-value=\"{&quot;1&quot;:2,&quot;2&quot;:&quot;Valf Sistemi&quot;}\">Valve System<\/td>\n<td width=\"252\" data-sheets-value=\"{&quot;1&quot;:2,&quot;2&quot;:&quot;Pimli&quot;}\">pinned<\/td>\n<\/tr>\n<tr>\n<td width=\"172\" data-sheets-value=\"{&quot;1&quot;:2,&quot;2&quot;:&quot;Malzeme&quot;}\">Material<\/td>\n<td width=\"252\" data-sheets-value=\"{&quot;1&quot;:2,&quot;2&quot;:&quot;Otomat \u00c7eli\u011fi&quot;}\">Free Cutting Steel<\/td>\n<\/tr>\n<tr>\n<td width=\"172\" data-sheets-value=\"{&quot;1&quot;:2,&quot;2&quot;:&quot;Vida \u00d6l\u00e7\u00fcs\u00fc&quot;}\">Screw Size<\/td>\n<td width=\"252\" data-sheets-value=\"{&quot;1&quot;:2,&quot;2&quot;:&quot;BSP (\u0130ste\u011fe Ba\u011fl\u0131: Metrik)&quot;}\">BSP (Optional: Metric)<\/td>\n<\/tr>\n<tr>\n<td width=\"172\" data-sheets-value=\"{&quot;1&quot;:2,&quot;2&quot;:&quot;S\u0131zd\u0131rmazl\u0131k&quot;}\">Sealing<\/td>\n<td width=\"252\" data-sheets-value=\"{&quot;1&quot;:2,&quot;2&quot;:&quot;Nitril O-ring (NBR)&quot;}\">Nitrile O-ring (NBR)<\/td>\n<\/tr>\n<tr>\n<td width=\"172\" data-sheets-value=\"{&quot;1&quot;:2,&quot;2&quot;:&quot;\u00c7al\u0131\u015fma S\u0131cakl\u0131\u011f\u0131&quot;}\">Operating temperature<\/td>\n<td width=\"252\" data-sheets-value=\"{&quot;1&quot;:2,&quot;2&quot;:&quot;-30 \u00b0C ile +110 \u00b0C&quot;}\">-30 \u00b0C to +110 \u00b0C<\/td>\n<\/tr>\n<tr>\n<td width=\"172\" data-sheets-value=\"{&quot;1&quot;:2,&quot;2&quot;:&quot;Kaplama&quot;}\">Covering<\/td>\n<td width=\"252\" data-sheets-value=\"{&quot;1&quot;:2,&quot;2&quot;:&quot;Galvaniz (Chrome III pasivasyon)&quot;}\">Galvanized (Chrome III passivation)<\/td>\n<\/tr>\n<tr>\n<td width=\"172\" data-sheets-value=\"{&quot;1&quot;:2,&quot;2&quot;:&quot;Is\u0131l \u0130\u015flem&quot;}\">Heat Treatment<\/td>\n<td width=\"252\" data-sheets-value=\"{&quot;1&quot;:2,&quot;2&quot;:&quot;Otomatik Erkek Rekor&quot;}\">Automatic Male Record<\/td>\n<\/tr>\n<tr>\n<td width=\"172\" data-sheets-value=\"{&quot;1&quot;:2,&quot;2&quot;:&quot;Takma Sistemi&quot;}\">Docking System<\/td>\n<td width=\"252\" data-sheets-value=\"{&quot;1&quot;:2,&quot;2&quot;:&quot;Y\u00fcz\u00fck geri \u00e7ekilerek&quot;}\">The ring is pulled back<\/td>\n<\/tr>\n<tr>\n<td width=\"172\" data-sheets-value=\"{&quot;1&quot;:2,&quot;2&quot;:&quot;\u00c7\u0131karma Sistemi&quot;}\">Extraction System<\/td>\n<td width=\"252\" data-sheets-value=\"{&quot;1&quot;:2,&quot;2&quot;:&quot;Y\u00fcz\u00fck geri \u00e7ekilerek&quot;}\">The ring is pulled back<\/td>\n<\/tr>\n<tr>\n<td width=\"172\" data-sheets-value=\"{&quot;1&quot;:2,&quot;2&quot;:&quot;Bas\u0131n\u00e7 Alt\u0131nda Tak\u0131labilme&quot;}\">Pluggable Under Pressure<\/td>\n<td width=\"252\" data-sheets-value=\"{&quot;1&quot;:2,&quot;2&quot;:&quot;Yap\u0131lamaz&quot;}\">can&#039;t be done<\/td>\n<\/tr>\n<tr>\n<td width=\"172\" data-sheets-value=\"{&quot;1&quot;:2,&quot;2&quot;:&quot;Bas\u0131n\u00e7 Alt\u0131nda \u00c7\u0131kar\u0131labilme&quot;}\">Removable Under Pressure<\/td>\n<td width=\"252\" data-sheets-value=\"{&quot;1&quot;:2,&quot;2&quot;:&quot;Yap\u0131lamaz&quot;}\">can&#039;t be done<\/td>\n<\/tr>\n<tr>\n<td width=\"172\" data-sheets-value=\"{&quot;1&quot;:2,&quot;2&quot;:&quot;\u00d6zel Hallerde&quot;}\">In Special Circumstances<\/td>\n<td width=\"252\" data-sheets-value=\"{&quot;1&quot;:2,&quot;2&quot;:&quot;V\u0130TON &amp; Is\u0131ya dayan\u0131kl\u0131 \u00f6zel yay (-30 \u00b0C ile +225 \u00b0C), Poli\u00fcretan (PU)&quot;}\">VITON &amp; Heat resistant special spring (-30 \u00b0C to +225 \u00b0C), Polyurethane (PU)<\/td>\n<\/tr>\n<tr>\n<td width=\"172\" data-sheets-value=\"{&quot;1&quot;:2,&quot;2&quot;:&quot;Kullan\u0131m Alan\u0131&quot;}\">Usage Area<\/td>\n<td width=\"252\" data-sheets-value=\"{&quot;1&quot;:2,&quot;2&quot;:&quot;Tar\u0131m, havac\u0131l\u0131k, in\u015faat, \u00fcretim, savunma, mobil hidrolik, TIR Dorseler&quot;}\">Agriculture, aerospace, construction, production, defense, mobile hydraulics, TIR Trailers<\/td>\n<\/tr>\n<\/tbody>\n<\/table>","protected":false},"excerpt":{"rendered":"<p>Hidrolik Otomatik Rekor QC Serisi Hidrolik Otomatik Rekorlar pek \u00e7ok tar\u0131msal ve end\u00fcstriyel alanda hidrolik \u00e7abuk\u00a0ba\u011flant\u0131 eleman\u0131 olarak kullan\u0131lmaktad\u0131rlar.QC Serisi&#8217;nde erkek u\u00e7lar \u0131s\u0131l i\u015flem uygulanarak sertle\u015ftirilmi\u015ftir. Uyumluluk ISO 7241-A Valf Sistemi Pimli Malzeme Otomat \u00c7eli\u011fi Vida \u00d6l\u00e7\u00fcs\u00fc BSP (\u0130ste\u011fe Ba\u011fl\u0131: Metrik) S\u0131zd\u0131rmazl\u0131k Nitril O-ring (NBR) \u00c7al\u0131\u015fma S\u0131cakl\u0131\u011f\u0131 -30 \u00b0C ile +110 \u00b0C Kaplama Galvaniz (Chrome [&#8230;]\n","protected":false},"featured_media":2880,"comment_status":"open","ping_status":"closed","template":"","meta":[],"product_brand":[],"product_cat":[91],"product_tag":[650,1126,646,649,653,647,655,648,296,652,656,1127,654],"class_list":{"0":"post-874","1":"product","2":"type-product","3":"status-publish","4":"has-post-thumbnail","6":"product_cat-hidrolik-baglanti-elemanlari","7":"product_tag-30-c","8":"product_tag-225-c","9":"product_tag-celik","10":"product_tag-galvaniz-kaplama","11":"product_tag-havacilik","12":"product_tag-hidrolik","13":"product_tag-makine","14":"product_tag-otomatik-rekor","15":"product_tag-otomotiv","16":"product_tag-tarim","17":"product_tag-techizat","18":"product_tag-tir-dorselerde","19":"product_tag-yapi-ve-savunma","21":"first","22":"instock","23":"taxable","24":"shipping-taxable","25":"product-type-variable"},"jetpack-related-posts":[{"id":669,"url":"https:\/\/tuzlahortum.com.tr\/en\/product\/hidrolik-bilya-gobekli-otomatik-rekor\/","url_meta":{"origin":874,"position":0},"title":"Hydraulic Ball-Center Automatic Union","author":"admin","date":"6 February 2019","format":false,"excerpt":"Hidrolik Bilya G\u00f6bekli Otomatik RekorBT Serisi Hidrolik Bilya G\u00f6bekli Otomatik Rekorlar pek\u00e7ok end\u00fcstriyel alanda hidrolik \u00e7abuk ba\u011flant\u0131 eleman\u0131 olarak kullan\u0131lmaktad\u0131rlar.\u00a0BT Serisi'nde erkek u\u00e7lar \u0131s\u0131l i\u015flem uygulanarak sertle\u015ftirilmi\u015ftir.Valf SistemiBilyal\u0131Malzeme\u00a0Otomat \u00c7eli\u011fiVida \u00d6l\u00e7\u00fcs\u00fc\u00a0BSP (\u0130ste\u011fe Ba\u011fl\u0131: NPT, Metrik)S\u0131zd\u0131rmazl\u0131k\u00a0Nitril O-ring (NBR)\u00c7al\u0131\u015fma S\u0131cakl\u0131\u011f\u0131\u00a0-30 \u00b0C ile +110 \u00b0CKaplama\u00a0Galvaniz (Chrome III pasivasyon)Is\u0131l \u0130\u015flemOtomatik Erkek RekorTakma SistemiY\u00fcz\u00fck geri \u00e7ekilerek\u00c7\u0131karma\u2026","rel":"","context":"Similar post","block_context":{"text":"Similar post","link":""},"img":{"alt_text":"","src":"https:\/\/i0.wp.com\/tuzlahortum.com.tr\/wp-content\/uploads\/2019\/02\/Hidrolik-Bilya-G%C3%B6bekli-Otomatik-Rekor.jpg?fit=400%2C400&ssl=1&resize=350%2C200","width":350,"height":200},"classes":[]},{"id":672,"url":"https:\/\/tuzlahortum.com.tr\/en\/product\/paslanmaz-hidrolik-otomatik-rekor\/","url_meta":{"origin":874,"position":1},"title":"Stainless Hydraulic Automatic Union","author":"admin","date":"6 February 2019","format":false,"excerpt":"Paslanmaz Hidrolik Otomatik RekorKomple olarak AISI 316-L kalite paslanmaz \u00e7elikten imal edilen QCSS Serisi Otomatik Rekorlar her t\u00fcrl\u00fc kimyasal ve korozyona kar\u015f\u0131 m\u00fckemmel dirence sahiptir.Standart olarak V\u0130TON s\u0131zd\u0131rmazl\u0131k kullan\u0131lan QCSS serisinde y\u00fcksek \u0131s\u0131ya dayan\u0131kl\u0131 \u00f6zel yaylar kullan\u0131lmaktad\u0131r.\u00a0UyumlulukISO 7241-AValf SistemiPimliMalzeme\u00a0316-L kalite paslanmaz \u00e7elikVida \u00d6l\u00e7\u00fcs\u00fc\u00a0BSP (\u0130ste\u011fe Ba\u011fl\u0131: NPT, Metrik)S\u0131zd\u0131rmazl\u0131k\u00a0V\u0130TON\u00c7al\u0131\u015fma S\u0131cakl\u0131\u011f\u0131\u00a0-30 \u00b0C ile\u2026","rel":"","context":"Similar post","block_context":{"text":"Similar post","link":""},"img":{"alt_text":"","src":"https:\/\/i0.wp.com\/tuzlahortum.com.tr\/wp-content\/uploads\/2019\/02\/Paslanmaz-Hidrolik-Otomatik-Rekor.jpg?fit=400%2C400&ssl=1&resize=350%2C200","width":350,"height":200},"classes":[]},{"id":875,"url":"https:\/\/tuzlahortum.com.tr\/en\/product\/hava-jak-cesitleri-erkek-disigovde-uc\/","url_meta":{"origin":874,"position":2},"title":"Air Jack Types (Male-Female,Body-Tip)","author":"admin","date":"6 February 2019","format":false,"excerpt":"Air Jack Types (Male-Female, Body-End)PN25 Series Pneumatic Automatic Connectors can be disassembled and assembled with one hand under pressure. PN25 series springs are chrome nickel.  Pn25 Series Pneumatic Automatic Connectors are used safely in compressed air lines in all industries thanks to their robust and durable structures, high air flow capacities and ease of use. Compatibility Rectus 26 (European Standard)...","rel":"","context":"Similar post","block_context":{"text":"Similar post","link":""},"img":{"alt_text":"","src":"https:\/\/i0.wp.com\/tuzlahortum.com.tr\/wp-content\/uploads\/2019\/03\/hava-jak-%C3%A7e%C5%9Fitleri.jpg?fit=502%2C570&ssl=1&resize=350%2C200","width":350,"height":200},"classes":[]},{"id":7222,"url":"https:\/\/tuzlahortum.com.tr\/en\/product\/hava-jak-cesitleri-hortumgovde-uc\/","url_meta":{"origin":874,"position":3},"title":"Air Jack Types (Hose, Body-End)","author":"\u0130smail \u00c7elik","date":"8 March 2019","format":false,"excerpt":"Air Jack Types (Hose, Body-End)PN25 Series Pneumatic Automatic Connectors can be disassembled and assembled with one hand under pressure. PN25 series springs are chrome nickel.  Pn25 Series Pneumatic Automatic Connectors are used safely in compressed air lines in all industries thanks to their robust and durable structures, high air flow capacities and ease of use. Compatibility Rectus 26 (European Standard)...","rel":"","context":"Similar post","block_context":{"text":"Similar post","link":""},"img":{"alt_text":"","src":"https:\/\/i0.wp.com\/tuzlahortum.com.tr\/wp-content\/uploads\/2019\/03\/hava-jak-%C3%A7e%C5%9Fitleri.jpg?fit=502%2C570&ssl=1&resize=350%2C200","width":350,"height":200},"classes":[]},{"id":13060,"url":"https:\/\/tuzlahortum.com.tr\/en\/product\/11a-otomatik-akaryakit-tabancasi-3-4\/","url_meta":{"origin":874,"position":4},"title":"11A Automatic Fuel Gun \u2013 3\/4 Thick","author":"admin","date":"16 March 2024","format":false,"excerpt":"11A Otomatik Akaryak\u0131t Tabancas\u0131 - 3\/4 Kal\u0131n 11A Otomatik Akaryak\u0131t","rel":"","context":"Similar post","block_context":{"text":"Similar post","link":""},"img":{"alt_text":"","src":"https:\/\/i0.wp.com\/tuzlahortum.com.tr\/wp-content\/uploads\/2024\/03\/11A_Ince_Akaryakit_Tabanca_1.jpg?fit=1200%2C1200&ssl=1&resize=350%2C200","width":350,"height":200,"srcset":"https:\/\/i0.wp.com\/tuzlahortum.com.tr\/wp-content\/uploads\/2024\/03\/11A_Ince_Akaryakit_Tabanca_1.jpg?fit=1200%2C1200&ssl=1&resize=350%2C200 1x, https:\/\/i0.wp.com\/tuzlahortum.com.tr\/wp-content\/uploads\/2024\/03\/11A_Ince_Akaryakit_Tabanca_1.jpg?fit=1200%2C1200&ssl=1&resize=525%2C300 1.5x, https:\/\/i0.wp.com\/tuzlahortum.com.tr\/wp-content\/uploads\/2024\/03\/11A_Ince_Akaryakit_Tabanca_1.jpg?fit=1200%2C1200&ssl=1&resize=700%2C400 2x, https:\/\/i0.wp.com\/tuzlahortum.com.tr\/wp-content\/uploads\/2024\/03\/11A_Ince_Akaryakit_Tabanca_1.jpg?fit=1200%2C1200&ssl=1&resize=1050%2C600 3x"},"classes":[]},{"id":673,"url":"https:\/\/tuzlahortum.com.tr\/en\/product\/r6-hidrolik-hortumu\/","url_meta":{"origin":874,"position":5},"title":"R6 Hydraulic Hose","author":"admin","date":"6 February 2019","format":false,"excerpt":"R6 Hidrolik Hortumu Alt Kat : H\u0130DROL\u0130K YA\u011eLARA DAYANIKLI \u00d6ZEL SENTET\u0130K KAU\u00c7UK. Takviye : Y\u00dcKSEK MUKAVEMETL\u0130 TEK KAT SENTET\u0130K TEKST\u0130L \u00d6RG\u00dc. \u00dcst Kat : YA\u011eLARA, OZONA, A\u015eINMAYA VE HER T\u00dcRL\u00dc HAVA \u015eARTLARINA DAYANIKLI SENTET\u0130K \u00dcST KAT. Kullan\u0131m Yeri : H\u0130DROL\u0130K KONTROLL\u00dc \u00dcN\u0130TELERDE Y\u00dcKSEK BASIN\u00c7LI H\u0130DROL\u0130K YA\u011e, FUEL-OIL, GRES YA\u011eI, SU\u2026","rel":"","context":"Similar post","block_context":{"text":"Similar post","link":""},"img":{"alt_text":"","src":"https:\/\/i0.wp.com\/tuzlahortum.com.tr\/wp-content\/uploads\/2019\/03\/seltex-r6-hortum.png?fit=512%2C512&ssl=1&resize=350%2C200","width":350,"height":200},"classes":[]}],"jetpack_sharing_enabled":true,"jetpack_likes_enabled":true,"_links":{"self":[{"href":"https:\/\/tuzlahortum.com.tr\/en\/wp-json\/wp\/v2\/product\/874","targetHints":{"allow":["GET"]}}],"collection":[{"href":"https:\/\/tuzlahortum.com.tr\/en\/wp-json\/wp\/v2\/product"}],"about":[{"href":"https:\/\/tuzlahortum.com.tr\/en\/wp-json\/wp\/v2\/types\/product"}],"replies":[{"embeddable":true,"href":"https:\/\/tuzlahortum.com.tr\/en\/wp-json\/wp\/v2\/comments?post=874"}],"wp:featuredmedia":[{"embeddable":true,"href":"https:\/\/tuzlahortum.com.tr\/en\/wp-json\/wp\/v2\/media\/2880"}],"wp:attachment":[{"href":"https:\/\/tuzlahortum.com.tr\/en\/wp-json\/wp\/v2\/media?parent=874"}],"wp:term":[{"taxonomy":"product_brand","embeddable":true,"href":"https:\/\/tuzlahortum.com.tr\/en\/wp-json\/wp\/v2\/product_brand?post=874"},{"taxonomy":"product_cat","embeddable":true,"href":"https:\/\/tuzlahortum.com.tr\/en\/wp-json\/wp\/v2\/product_cat?post=874"},{"taxonomy":"product_tag","embeddable":true,"href":"https:\/\/tuzlahortum.com.tr\/en\/wp-json\/wp\/v2\/product_tag?post=874"}],"curies":[{"name":"wp","href":"https:\/\/api.w.org\/{rel}","templated":true}]}}