{"id":870,"date":"2019-02-06T23:54:58","date_gmt":"2019-02-06T20:54:58","guid":{"rendered":"http:\/\/hortum.com.tr\/product\/import-placeholder-for-121\/"},"modified":"2024-03-21T17:41:28","modified_gmt":"2024-03-21T14:41:28","slug":"e-tipi-yesil-emici-hortum-standart","status":"publish","type":"product","link":"https:\/\/tuzlahortum.com.tr\/en\/product\/e-tipi-yesil-emici-hortum-standart\/","title":{"rendered":"E Type Green Suction Hose (STANDARD)"},"content":{"rendered":"<h2>E Type Green Suction Hose (STANDARD)<\/h2>\n<p>Features Can be used as heavy duty absorber and transmitter. Flexible transparent PVC, high strength,<\/p>\n<p>It is produced with a rigid PVC reinforcement that is maximum resistant to breakage. The inner and outer surfaces are smooth.<\/p>\n<p>Operating Temperature between -5\u00b0C and +60\u00b0C Usage Areas All kinds of agriculture, industry and construction sectors<\/p>\n<p>It can be used in heavy duty, pump suction, liquid and other material transportation.<\/p>\n<div class=\"video video-fit mb\" style=\"padding-top:56.25%;\"><p><iframe loading=\"lazy\" title=\"Measurement Confusion (Inch, Finger, Haze, Millimeter)\" width=\"1020\" height=\"574\" src=\"https:\/\/www.youtube.com\/embed\/uKk6AG_AZls?feature=oembed\" frameborder=\"0\" allow=\"accelerometer; autoplay; clipboard-write; encrypted-media; gyroscope; picture-in-picture\" allowfullscreen><\/iframe><\/p>\n<\/div>\n<div class=\"video video-fit mb\" style=\"padding-top:56.25%;\"><p>https:\/\/www.youtube.com\/watch?v=O8ZlzKEjfEQ%20<\/p>\n<\/div>\n<p><img data-recalc-dims=\"1\" loading=\"lazy\" decoding=\"async\" class=\"alignnone size-full wp-image-2022\" src=\"https:\/\/i0.wp.com\/hortum.com.tr\/wp-content\/uploads\/urunler\/plastik\/E-TI%CC%87PI%CC%87-YES%CC%A7I%CC%87L-EMI%CC%87CI%CC%87-SPI%CC%87RAL-HORTUM-STANDART.jpg?resize=510%2C267\" alt=\"\" width=\"510\" height=\"267\" title=\"\"><\/p>","protected":false},"excerpt":{"rendered":"<p>E Tipi Ye\u015fil Emici Hortum (STANDART) \u00d6zellikler A\u011f\u0131r hizmet emici ve verici olarak kullan\u0131labilir. Esnek \u015feffaf PVC, y\u00fcksek mukavemetli, k\u0131r\u0131lmaya kar\u015f\u0131 maksimum dayan\u0131kl\u0131 sert PVC takviyesiyle \u00fcretilmektedir. \u0130\u00e7 ve d\u0131\u015f y\u00fczey d\u00fczd\u00fcr. \u00c7al\u0131\u015fma S\u0131cakl\u0131\u011f\u0131 -5\u00b0C ile +60\u00b0C aras\u0131 Kullan\u0131m Alanlar\u0131 Tar\u0131m, sanayi ve in\u015faat sekt\u00f6r\u00fcnde her t\u00fcrl\u00fc a\u011f\u0131r hizmetlerde, pompa emi\u015flerinde, likit ve sair malzeme [&#8230;]\n","protected":false},"featured_media":2032,"comment_status":"open","ping_status":"closed","template":"","meta":{"jetpack_post_was_ever_published":false},"product_brand":[],"product_cat":[168],"product_tag":[1054,1061,1060,1059,1055,953,1058,1057,1122],"class_list":{"0":"post-870","1":"product","2":"type-product","3":"status-publish","4":"has-post-thumbnail","6":"product_cat-pvc-spiralli-hortumlari","7":"product_tag-emis-hortumu","8":"product_tag-insaat-hortumlari","9":"product_tag-sanayi-hortumlari","10":"product_tag-tarim-hortumlari","11":"product_tag-tekne-hortumu","12":"product_tag-vakum-hortumu","13":"product_tag-vidanjor-hortumu","14":"product_tag-yat-hortumu","15":"product_tag-yesil-emici-hortum","17":"first","18":"instock","19":"taxable","20":"shipping-taxable","21":"product-type-variable"},"jetpack-related-posts":[],"jetpack_sharing_enabled":true,"jetpack_likes_enabled":true,"_links":{"self":[{"href":"https:\/\/tuzlahortum.com.tr\/en\/wp-json\/wp\/v2\/product\/870","targetHints":{"allow":["GET"]}}],"collection":[{"href":"https:\/\/tuzlahortum.com.tr\/en\/wp-json\/wp\/v2\/product"}],"about":[{"href":"https:\/\/tuzlahortum.com.tr\/en\/wp-json\/wp\/v2\/types\/product"}],"replies":[{"embeddable":true,"href":"https:\/\/tuzlahortum.com.tr\/en\/wp-json\/wp\/v2\/comments?post=870"}],"wp:featuredmedia":[{"embeddable":true,"href":"https:\/\/tuzlahortum.com.tr\/en\/wp-json\/wp\/v2\/media\/2032"}],"wp:attachment":[{"href":"https:\/\/tuzlahortum.com.tr\/en\/wp-json\/wp\/v2\/media?parent=870"}],"wp:term":[{"taxonomy":"product_brand","embeddable":true,"href":"https:\/\/tuzlahortum.com.tr\/en\/wp-json\/wp\/v2\/product_brand?post=870"},{"taxonomy":"product_cat","embeddable":true,"href":"https:\/\/tuzlahortum.com.tr\/en\/wp-json\/wp\/v2\/product_cat?post=870"},{"taxonomy":"product_tag","embeddable":true,"href":"https:\/\/tuzlahortum.com.tr\/en\/wp-json\/wp\/v2\/product_tag?post=870"}],"curies":[{"name":"wp","href":"https:\/\/api.w.org\/{rel}","templated":true}]}}