{"id":868,"date":"2019-02-06T23:54:57","date_gmt":"2019-02-06T20:54:57","guid":{"rendered":"http:\/\/hortum.com.tr\/product\/import-placeholder-for-617\/"},"modified":"2024-03-21T17:41:29","modified_gmt":"2024-03-21T14:41:29","slug":"hv-tipi-kirmizi-verici-hortum-orta-hizmet","status":"publish","type":"product","link":"https:\/\/tuzlahortum.com.tr\/en\/product\/hv-tipi-kirmizi-verici-hortum-orta-hizmet\/","title":{"rendered":"HV Type Red Transmitter Hose (MEDIUM DUTY)"},"content":{"rendered":"<h2>HV Type Red Transmitter Hose (MEDIUM DUTY)<\/h2>\n<p>Features Can be used as a transmitter. Flexible clear PVC, high strength, shatterproof<\/p>\n<p>It is produced with maximum durable rigid PVC reinforcement. Operating Temperature -5\u00b0C to +60\u00b0C<\/p>\n<p>Areas of Usage: In the evacuation works of all kinds of water and light chemicals in agriculture and industry.<\/p>\n<p>It is used in every sector, due to the light pressure resistance properties of the transmitter hoses.<\/p>\n<p>used as a service provider.<\/p>\n<div class=\"video video-fit mb\" style=\"padding-top:56.25%;\"><p><iframe loading=\"lazy\" title=\"Measurement Confusion (Inch, Finger, Haze, Millimeter)\" width=\"1020\" height=\"574\" src=\"https:\/\/www.youtube.com\/embed\/uKk6AG_AZls?feature=oembed\" frameborder=\"0\" allow=\"accelerometer; autoplay; clipboard-write; encrypted-media; gyroscope; picture-in-picture\" allowfullscreen><\/iframe><\/p>\n<\/div>\n<div class=\"video video-fit mb\" style=\"padding-top:56.25%;\"><p>https:\/\/www.youtube.com\/watch?v=O8ZlzKEjfEQ%20<\/p>\n<\/div>\n<p><img data-recalc-dims=\"1\" loading=\"lazy\" decoding=\"async\" class=\"alignnone size-full wp-image-2019\" src=\"https:\/\/i0.wp.com\/hortum.com.tr\/wp-content\/uploads\/urunler\/plastik\/HV-TI%CC%87PI%CC%87-KIRMIZI-VERI%CC%87CI%CC%87-SPI%CC%87RAL-HORTUM-ORTA-HI%CC%87ZMET.jpg?resize=465%2C240\" alt=\"\" width=\"465\" height=\"240\" title=\"\"><\/p>","protected":false},"excerpt":{"rendered":"<p>HV Tipi K\u0131rm\u0131z\u0131 Verici Hortum (ORTA H\u0130ZMET) \u00d6zellikler Verici olarak kullan\u0131labilir. Esnek \u015feffaf PVC, y\u00fcksek mukavemetli, k\u0131r\u0131lmaya kar\u015f\u0131 maksimum dayan\u0131kl\u0131 sert PVC takviyesiyle \u00fcretilmektedir. \u00c7al\u0131\u015fma S\u0131cakl\u0131\u011f\u0131 -5\u00b0C ile +60\u00b0C aras\u0131 Kullan\u0131m Alanlar\u0131 Tar\u0131m ve sanayide her t\u00fcrl\u00fc su ve hafif kimyasallar\u0131n tahliye i\u015flerinde kullan\u0131l\u0131r, Verici hortumlar hafif bas\u0131nca mukavemet \u00f6zelliklerinden dolay\u0131 her sekt\u00f6rde orta hizmet [&#8230;]\n","protected":false},"featured_media":2033,"comment_status":"open","ping_status":"closed","template":"","meta":[],"product_brand":[],"product_cat":[168],"product_tag":[1111,1066,1110,1107,1109,1108,794,1114,1113,1112],"class_list":{"0":"post-868","1":"product","2":"type-product","3":"status-publish","4":"has-post-thumbnail","6":"product_cat-pvc-spiralli-hortumlari","7":"product_tag-bogumlu-hortum","8":"product_tag-esnek-hortum","9":"product_tag-hafif-hortum","10":"product_tag-hv-tipi-kirmizi-verici-horum","11":"product_tag-kirmizi-spiral-hortum","12":"product_tag-spiralli-hortum","13":"product_tag-su-bosaltma-hortumu","14":"product_tag-sulama-hortumu","15":"product_tag-tanker-hortumu","16":"product_tag-vidanjor-hortum","18":"first","19":"instock","20":"featured","21":"taxable","22":"shipping-taxable","23":"product-type-variable"},"jetpack-related-posts":[{"id":867,"url":"https:\/\/tuzlahortum.com.tr\/en\/product\/hv-tipi-kirmizi-verici-hortum-standart\/","url_meta":{"origin":868,"position":0},"title":"HV Type Red Transmitter Hose (STANDARD)","author":"admin","date":"6 February 2019","format":false,"excerpt":"HV Tipi K\u0131rm\u0131z\u0131 Verici Hortum (STANDART)\u00d6zellikler Verici olarak kullan\u0131labilir. Esnek \u015feffaf PVC, y\u00fcksek mukavemetli, k\u0131r\u0131lmaya kar\u015f\u0131 maksimum dayan\u0131kl\u0131 sert PVC takviyesiyle \u00fcretilmektedir. \u0130\u00e7 y\u00fczey d\u00fcz, d\u0131\u015f y\u00fczey bo\u011fumludur. \u00c7al\u0131\u015fma S\u0131cakl\u0131\u011f\u0131 -5\u00b0C ile +60\u00b0C aras\u0131 Kullan\u0131m Alanlar\u0131 Tar\u0131m ve sanayide her t\u00fcrl\u00fc su ve hafif kimyasallar\u0131n tahliye i\u015flerinde kullan\u0131l\u0131r, Verici hortumlar\u2026","rel":"","context":"Similar post","block_context":{"text":"Similar post","link":""},"img":{"alt_text":"","src":"https:\/\/i0.wp.com\/tuzlahortum.com.tr\/wp-content\/uploads\/urunler\/plastik\/25.jpg?fit=583%2C324&ssl=1&resize=350%2C200","width":350,"height":200,"srcset":"https:\/\/i0.wp.com\/tuzlahortum.com.tr\/wp-content\/uploads\/urunler\/plastik\/25.jpg?fit=583%2C324&ssl=1&resize=350%2C200 1x, https:\/\/i0.wp.com\/tuzlahortum.com.tr\/wp-content\/uploads\/urunler\/plastik\/25.jpg?fit=583%2C324&ssl=1&resize=525%2C300 1.5x"},"classes":[]},{"id":865,"url":"https:\/\/tuzlahortum.com.tr\/en\/product\/v-tipi-sari-verici-hortum-orta-hizmet\/","url_meta":{"origin":868,"position":1},"title":"V Type Yellow Transmitter Hose (MEDIUM DUTY)","author":"admin","date":"6 February 2019","format":false,"excerpt":"V Tipi Sar\u0131 Verici Hortum (ORTA H\u0130ZMET)\u00d6zellikler Verici olarak kullan\u0131labilir. Esnek \u015feffaf PVC, y\u00fcksek mukavemetli, k\u0131r\u0131lmaya kar\u015f\u0131 maksimum dayan\u0131kl\u0131 sert PVC takviyesiyle \u00fcretilmektedir. \u0130\u00e7 ve d\u0131\u015f y\u00fczeyler d\u00fczd\u00fcr. \u00c7al\u0131\u015fma S\u0131cakl\u0131\u011f\u0131 -5\u00b0C ile +60\u00b0C aras\u0131 Kullan\u0131m Alanlar\u0131 Tar\u0131m, sanayi ve in\u015faat sekt\u00f6r\u00fcnde her t\u00fcrl\u00fc orta hizmetlerde, pompa emi\u015flerinde, likit ve sair\u2026","rel":"","context":"Similar post","block_context":{"text":"Similar post","link":""},"img":{"alt_text":"","src":"https:\/\/i0.wp.com\/tuzlahortum.com.tr\/wp-content\/uploads\/urunler\/plastik\/39.jpg?fit=456%2C232&ssl=1&resize=350%2C200","width":350,"height":200},"classes":[]},{"id":866,"url":"https:\/\/tuzlahortum.com.tr\/en\/product\/te-tipi-gri-toz-emis-hortumu-orta-hizmet\/","url_meta":{"origin":868,"position":2},"title":"TE Type Gray Dust Suction Hose (MEDIUM DUTY)","author":"admin","date":"6 February 2019","format":false,"excerpt":"TE Tipi Gri Toz Emi\u015f Hortumu (ORTA H\u0130ZMET)\u00d6zellikler Verici olarak kullan\u0131labilir. Esnek \u015feffaf PVC, y\u00fcksek mukavemetli, k\u0131r\u0131lmaya kar\u015f\u0131 maksimum dayan\u0131kl\u0131 sert PVC takviyesiyle \u00fcretilmektedir. \u0130\u00e7 y\u00fczey d\u00fcz, d\u0131\u015f y\u00fczey bo\u011fumludur. \u00c7al\u0131\u015fma S\u0131cakl\u0131\u011f\u0131 -5\u00b0C ile +60\u00b0C aras\u0131 Kullan\u0131m Alanlar\u0131 Her t\u00fcrl\u00fc hava, duman, gaz, tala\u015f vb. emme i\u015flerinde \u00f6zellikle tekstil ve\u2026","rel":"","context":"Similar post","block_context":{"text":"Similar post","link":""},"img":{"alt_text":"","src":"https:\/\/i0.wp.com\/tuzlahortum.com.tr\/wp-content\/uploads\/urunler\/plastik\/19.jpg?fit=588%2C373&ssl=1&resize=350%2C200","width":350,"height":200,"srcset":"https:\/\/i0.wp.com\/tuzlahortum.com.tr\/wp-content\/uploads\/urunler\/plastik\/19.jpg?fit=588%2C373&ssl=1&resize=350%2C200 1x, https:\/\/i0.wp.com\/tuzlahortum.com.tr\/wp-content\/uploads\/urunler\/plastik\/19.jpg?fit=588%2C373&ssl=1&resize=525%2C300 1.5x"},"classes":[]},{"id":871,"url":"https:\/\/tuzlahortum.com.tr\/en\/product\/e-tipi-yesil-emici-hortum-orta-hizmet\/","url_meta":{"origin":868,"position":3},"title":"E Type Green Suction Hose (MEDIUM DUTY)","author":"admin","date":"6 February 2019","format":false,"excerpt":"E Tipi Ye\u015fil Emici Hortum (ORTA H\u0130ZMET)\u00d6zellikler Orta\u00a0hizmet emici ve verici olarak kullan\u0131labilir. Esnek \u015feffaf PVC, y\u00fcksek mukavemetli, k\u0131r\u0131lmaya kar\u015f\u0131 maksimum dayan\u0131kl\u0131 sert PVC takviyesiyle \u00fcretilmektedir. \u0130\u00e7 ve d\u0131\u015f y\u00fczeyler d\u00fczd\u00fcr. \u00c7al\u0131\u015fma S\u0131cakl\u0131\u011f\u0131 -5\u00b0C ile +60\u00b0C aras\u0131 Kullan\u0131m Alanlar\u0131 Tar\u0131m, sanayi ve in\u015faat sekt\u00f6r\u00fcnde her t\u00fcrl\u00fc a\u011f\u0131r hizmetlerde, pompa emi\u015flerinde,\u2026","rel":"","context":"Similar post","block_context":{"text":"Similar post","link":""},"img":{"alt_text":"","src":"https:\/\/i0.wp.com\/tuzlahortum.com.tr\/wp-content\/uploads\/urunler\/plastik\/33.jpg?fit=487%2C276&ssl=1&resize=350%2C200","width":350,"height":200},"classes":[]},{"id":872,"url":"https:\/\/tuzlahortum.com.tr\/en\/product\/duz-yassi-verici-m\/","url_meta":{"origin":868,"position":4},"title":"Flat Flat Emitter M","author":"admin","date":"6 February 2019","format":false,"excerpt":"Flat Flat Transmitter M FLEXIBLE PVC\/NBR BOTTOM LAYER HIGH STRENGTH SYNTHETIC TEXTILE. PVC TOP LAYER RESISTANT TO LIGHT CHEMICALS AND ALL WEATHER CONDITIONS. MEDIUM SERVICE IN AGRICULTURE AND INDUSTRY ALL TYPES OF WATER, LIGHT CHEMICALS, etc. EVACUATION WORKS","rel":"","context":"Similar post","block_context":{"text":"Similar post","link":""},"img":{"alt_text":"","src":"https:\/\/i0.wp.com\/hortum.com.tr\/wp-content\/uploads\/urunler\/plastik\/Orta-Hizmet-Yass%C4%B1-Verici-bar-568x400.jpg?resize=350%2C200","width":350,"height":200,"srcset":"https:\/\/i0.wp.com\/hortum.com.tr\/wp-content\/uploads\/urunler\/plastik\/Orta-Hizmet-Yass%C4%B1-Verici-bar-568x400.jpg?resize=350%2C200 1x, https:\/\/i0.wp.com\/hortum.com.tr\/wp-content\/uploads\/urunler\/plastik\/Orta-Hizmet-Yass%C4%B1-Verici-bar-568x400.jpg?resize=525%2C300 1.5x"},"classes":[]},{"id":732,"url":"https:\/\/tuzlahortum.com.tr\/en\/product\/gida-icme-suyu-verici-hortum\/","url_meta":{"origin":868,"position":5},"title":"Food Drinking Water Dispenser Hose","author":"admin","date":"6 February 2019","format":false,"excerpt":"G\u0131da \u0130\u00e7me Suyu Verici HortumKULLANIM ALANLARI : \u0130\u00e7me suyunun ta\u015f\u0131nma ve nakillerinde kullan\u0131l\u0131r. FDA (G\u0131da) Normlar\u0131na Uygun Olarak \u00dcretilmektedir KONTR\u00dcKS\u0130YON Alt : NR\/NBR, beyaz, d\u00fcz, g\u0131da t\u00fcz\u00fc\u011f\u00fcne uygun Takviye : Y\u00fcksek mukavemetli kord bezi \u00dcst : NR\/EPDM, NBR\/PVC\/SBR k\u0131rm\u0131z\u0131 veya mavi, a\u015f\u0131nmaya ve her t\u00fcrl\u00fc iklim \u015fartlar\u0131na dayan\u0131kl\u0131","rel":"","context":"Similar post","block_context":{"text":"Similar post","link":""},"img":{"alt_text":"","src":"https:\/\/i0.wp.com\/tuzlahortum.com.tr\/wp-content\/uploads\/urunler\/kaucuk\/superlas-sut-yagli-gida-verici-hortum.jpg?fit=360%2C270&ssl=1&resize=350%2C200","width":350,"height":200},"classes":[]}],"jetpack_sharing_enabled":true,"jetpack_likes_enabled":true,"_links":{"self":[{"href":"https:\/\/tuzlahortum.com.tr\/en\/wp-json\/wp\/v2\/product\/868","targetHints":{"allow":["GET"]}}],"collection":[{"href":"https:\/\/tuzlahortum.com.tr\/en\/wp-json\/wp\/v2\/product"}],"about":[{"href":"https:\/\/tuzlahortum.com.tr\/en\/wp-json\/wp\/v2\/types\/product"}],"replies":[{"embeddable":true,"href":"https:\/\/tuzlahortum.com.tr\/en\/wp-json\/wp\/v2\/comments?post=868"}],"wp:featuredmedia":[{"embeddable":true,"href":"https:\/\/tuzlahortum.com.tr\/en\/wp-json\/wp\/v2\/media\/2033"}],"wp:attachment":[{"href":"https:\/\/tuzlahortum.com.tr\/en\/wp-json\/wp\/v2\/media?parent=868"}],"wp:term":[{"taxonomy":"product_brand","embeddable":true,"href":"https:\/\/tuzlahortum.com.tr\/en\/wp-json\/wp\/v2\/product_brand?post=868"},{"taxonomy":"product_cat","embeddable":true,"href":"https:\/\/tuzlahortum.com.tr\/en\/wp-json\/wp\/v2\/product_cat?post=868"},{"taxonomy":"product_tag","embeddable":true,"href":"https:\/\/tuzlahortum.com.tr\/en\/wp-json\/wp\/v2\/product_tag?post=868"}],"curies":[{"name":"wp","href":"https:\/\/api.w.org\/{rel}","templated":true}]}}