{"id":866,"date":"2019-02-06T23:54:57","date_gmt":"2019-02-06T20:54:57","guid":{"rendered":"http:\/\/hortum.com.tr\/product\/import-placeholder-for-618\/"},"modified":"2024-03-21T17:41:30","modified_gmt":"2024-03-21T14:41:30","slug":"te-tipi-gri-toz-emis-hortumu-orta-hizmet","status":"publish","type":"product","link":"https:\/\/tuzlahortum.com.tr\/en\/product\/te-tipi-gri-toz-emis-hortumu-orta-hizmet\/","title":{"rendered":"TE Type Gray Dust Suction Hose (MEDIUM DUTY)"},"content":{"rendered":"<h2>TE Type Gray Dust Suction Hose (MEDIUM DUTY)<\/h2>\n<p>Features<\/p>\n<p>It can be used as a transmitter. Flexible transparent PVC, high strength, maximum break resistant<\/p>\n<p>It is produced with rigid PVC reinforcement. The inner surface is smooth, the outer surface is knotty.<br \/>\nOperating temperature<\/p>\n<p>-5\u00b0C to +60\u00b0C<\/p>\n<p>Usage areas<\/p>\n<p>All kinds of air, smoke, gas, sawdust, etc. It is used in suction works, especially in the textile and furniture industry.<\/p>\n<div class=\"video video-fit mb\" style=\"padding-top:56.25%;\"><p><iframe loading=\"lazy\" title=\"Measurement Confusion (Inch, Finger, Haze, Millimeter)\" width=\"1020\" height=\"574\" src=\"https:\/\/www.youtube.com\/embed\/uKk6AG_AZls?feature=oembed\" frameborder=\"0\" allow=\"accelerometer; autoplay; clipboard-write; encrypted-media; gyroscope; picture-in-picture; web-share\" referrerpolicy=\"strict-origin-when-cross-origin\" allowfullscreen><\/iframe><\/p>\n<\/div>\n<div class=\"video video-fit mb\" style=\"padding-top:56.25%;\"><p>https:\/\/www.youtube.com\/watch?v=O8ZlzKEjfEQ%20<\/p>\n<\/div>\n<p><img data-recalc-dims=\"1\" loading=\"lazy\" decoding=\"async\" class=\"alignnone size-full wp-image-1992\" src=\"https:\/\/i0.wp.com\/hortum.com.tr\/wp-content\/uploads\/urunler\/plastik\/TE-TI%CC%87PI%CC%87-TOZ-EMI%CC%87CI%CC%87-SPI%CC%87RAL-HORTUM-ORTA.jpg?resize=329%2C307\" alt=\"\" width=\"329\" height=\"307\" title=\"\"><\/p>","protected":false},"excerpt":{"rendered":"<p>TE Type Gray Powder Suction Hose (MEDIUM DUTY) Specifications Can be used as a transmitter. Flexible transparent PVC is manufactured with high strength, rigid PVC reinforcement with maximum resistance to breakage. Inner surface is smooth, outer surface is knuckled. Operating Temperature -5\u00b0C to +60\u00b0C Areas of Use All kinds of air, smoke, gas, sawdust, etc. used in suction works, especially in textile and furniture industry.<\/p>","protected":false},"featured_media":2034,"comment_status":"open","ping_status":"closed","template":"","meta":{"jetpack_post_was_ever_published":false},"product_brand":[],"product_cat":[168],"product_tag":[1016,1070,969,1071,1069,625,629,723,1068],"class_list":{"0":"post-866","1":"product","2":"type-product","3":"status-publish","4":"has-post-thumbnail","6":"product_cat-pvc-spiralli-hortumlari","7":"product_tag-bogumlu","8":"product_tag-cok-esnek-hortum","9":"product_tag-ekonomik","10":"product_tag-hafif","11":"product_tag-havalandirma-hortumu","12":"product_tag-insaat","13":"product_tag-maden-ocaklari","14":"product_tag-sanayi","15":"product_tag-te-tipi-gri-toz-emis-hortumu","17":"first","18":"instock","19":"featured","20":"taxable","21":"shipping-taxable","22":"product-type-variable"},"jetpack-related-posts":[{"id":828,"url":"https:\/\/tuzlahortum.com.tr\/en\/product\/te-tipi-gri-toz-emis-hortumu-standart\/","url_meta":{"origin":866,"position":0},"title":"TE Type Gray Dust Suction Hose (STANDARD)","author":"admin","date":"6 February 2019","format":false,"excerpt":"TE Tipi Gri Toz Emi\u015f Hortumu (STANDART)\u00d6zellikler Verici olarak kullan\u0131labilir. Esnek \u015feffaf PVC, y\u00fcksek mukavemetli, k\u0131r\u0131lmaya kar\u015f\u0131 maksimum dayan\u0131kl\u0131 sert PVC takviyesiyle \u00fcretilmektedir. \u0130\u00e7 y\u00fczey d\u00fcz, d\u0131\u015f y\u00fczey bo\u011fumludur. \u00c7al\u0131\u015fma S\u0131cakl\u0131\u011f\u0131 -5\u00b0C ile +60\u00b0C aras\u0131 Kullan\u0131m Alanlar\u0131 Her t\u00fcrl\u00fc hava, duman, gaz, tala\u015f vb. emme i\u015flerinde \u00f6zellikle tekstil ve mobilya\u2026","rel":"","context":"Similar post","block_context":{"text":"Similar post","link":""},"img":{"alt_text":"","src":"https:\/\/i0.wp.com\/tuzlahortum.com.tr\/wp-content\/uploads\/urunler\/plastik\/19.jpg?fit=588%2C373&ssl=1&resize=350%2C200","width":350,"height":200,"srcset":"https:\/\/i0.wp.com\/tuzlahortum.com.tr\/wp-content\/uploads\/urunler\/plastik\/19.jpg?fit=588%2C373&ssl=1&resize=350%2C200 1x, https:\/\/i0.wp.com\/tuzlahortum.com.tr\/wp-content\/uploads\/urunler\/plastik\/19.jpg?fit=588%2C373&ssl=1&resize=525%2C300 1.5x"},"classes":[]},{"id":865,"url":"https:\/\/tuzlahortum.com.tr\/en\/product\/v-tipi-sari-verici-hortum-orta-hizmet\/","url_meta":{"origin":866,"position":1},"title":"V Type Yellow Transmitter Hose (MEDIUM DUTY)","author":"admin","date":"6 February 2019","format":false,"excerpt":"V Tipi Sar\u0131 Verici Hortum (ORTA H\u0130ZMET)\u00d6zellikler Verici olarak kullan\u0131labilir. Esnek \u015feffaf PVC, y\u00fcksek mukavemetli, k\u0131r\u0131lmaya kar\u015f\u0131 maksimum dayan\u0131kl\u0131 sert PVC takviyesiyle \u00fcretilmektedir. \u0130\u00e7 ve d\u0131\u015f y\u00fczeyler d\u00fczd\u00fcr. \u00c7al\u0131\u015fma S\u0131cakl\u0131\u011f\u0131 -5\u00b0C ile +60\u00b0C aras\u0131 Kullan\u0131m Alanlar\u0131 Tar\u0131m, sanayi ve in\u015faat sekt\u00f6r\u00fcnde her t\u00fcrl\u00fc orta hizmetlerde, pompa emi\u015flerinde, likit ve sair\u2026","rel":"","context":"Similar post","block_context":{"text":"Similar post","link":""},"img":{"alt_text":"","src":"https:\/\/i0.wp.com\/tuzlahortum.com.tr\/wp-content\/uploads\/urunler\/plastik\/39.jpg?fit=456%2C232&ssl=1&resize=350%2C200","width":350,"height":200},"classes":[]},{"id":871,"url":"https:\/\/tuzlahortum.com.tr\/en\/product\/e-tipi-yesil-emici-hortum-orta-hizmet\/","url_meta":{"origin":866,"position":2},"title":"E Type Green Suction Hose (MEDIUM DUTY)","author":"admin","date":"6 February 2019","format":false,"excerpt":"E Tipi Ye\u015fil Emici Hortum (ORTA H\u0130ZMET)\u00d6zellikler Orta\u00a0hizmet emici ve verici olarak kullan\u0131labilir. Esnek \u015feffaf PVC, y\u00fcksek mukavemetli, k\u0131r\u0131lmaya kar\u015f\u0131 maksimum dayan\u0131kl\u0131 sert PVC takviyesiyle \u00fcretilmektedir. \u0130\u00e7 ve d\u0131\u015f y\u00fczeyler d\u00fczd\u00fcr. \u00c7al\u0131\u015fma S\u0131cakl\u0131\u011f\u0131 -5\u00b0C ile +60\u00b0C aras\u0131 Kullan\u0131m Alanlar\u0131 Tar\u0131m, sanayi ve in\u015faat sekt\u00f6r\u00fcnde her t\u00fcrl\u00fc a\u011f\u0131r hizmetlerde, pompa emi\u015flerinde,\u2026","rel":"","context":"Similar post","block_context":{"text":"Similar post","link":""},"img":{"alt_text":"","src":"https:\/\/i0.wp.com\/tuzlahortum.com.tr\/wp-content\/uploads\/urunler\/plastik\/33.jpg?fit=487%2C276&ssl=1&resize=350%2C200","width":350,"height":200},"classes":[]},{"id":821,"url":"https:\/\/tuzlahortum.com.tr\/en\/product\/ls-tipi-beyaz-spiralli-lavabo-sifon-hortumu-orta-hizmet\/","url_meta":{"origin":866,"position":3},"title":"LS Type White Spiral Sink Siphon Hose (MEDIUM DUTY)","author":"admin","date":"6 February 2019","format":false,"excerpt":"LS Tipi Beyaz Spiralli Lavabo Sifon Hortumu (ORTA H\u0130ZMET)LS ve LLS Tipi hortumlar\u0131n i\u00e7 y\u00fczeyinin d\u00fczg\u00fcn olu\u015fu su ak\u0131\u015f\u0131n\u0131 kolayla\u015ft\u0131ran en \u00f6nemli \u00f6zelli\u011fidir. \u00d6zellikler Verici olarak kullan\u0131labilir. Esnek \u015feffaf PVC, y\u00fcksek mukavemetli, k\u0131r\u0131lmaya kar\u015f\u0131 maksimum dayan\u0131kl\u0131 sert PVC takviyesiyle \u00fcretilmektedir. \u0130\u00e7 y\u00fczey d\u00fcz, d\u0131\u015f y\u00fczey bo\u011fumludur. \u00c7al\u0131\u015fma S\u0131cakl\u0131\u011f\u0131 -5\u00b0C ile\u2026","rel":"","context":"Similar post","block_context":{"text":"Similar post","link":""},"img":{"alt_text":"","src":"https:\/\/i0.wp.com\/tuzlahortum.com.tr\/wp-content\/uploads\/urunler\/plastik\/LS-TI%CC%87PI%CC%87-BEYAZ-SPI%CC%87RALLI%CC%87-LAVABO-SI%CC%87FON-HORTUMU-ORTA-1.jpg?fit=640%2C480&ssl=1&resize=350%2C200","width":350,"height":200,"srcset":"https:\/\/i0.wp.com\/tuzlahortum.com.tr\/wp-content\/uploads\/urunler\/plastik\/LS-TI%CC%87PI%CC%87-BEYAZ-SPI%CC%87RALLI%CC%87-LAVABO-SI%CC%87FON-HORTUMU-ORTA-1.jpg?fit=640%2C480&ssl=1&resize=350%2C200 1x, https:\/\/i0.wp.com\/tuzlahortum.com.tr\/wp-content\/uploads\/urunler\/plastik\/LS-TI%CC%87PI%CC%87-BEYAZ-SPI%CC%87RALLI%CC%87-LAVABO-SI%CC%87FON-HORTUMU-ORTA-1.jpg?fit=640%2C480&ssl=1&resize=525%2C300 1.5x"},"classes":[]},{"id":863,"url":"https:\/\/tuzlahortum.com.tr\/en\/product\/lls-tipi-seffaf-spiralli-lavabo-sifon-hortumu-orta-hizmet\/","url_meta":{"origin":866,"position":4},"title":"LLS Type Transparent Spiral Sink Siphon Hose (MEDIUM DUTY)","author":"admin","date":"6 February 2019","format":false,"excerpt":"LLS Tipi \u015eeffaf Spiralli Lavabo Sifon Hortumu (ORTA H\u0130ZMET)LS ve LLS Tipi hortumlar\u0131n i\u00e7 y\u00fczeyinin d\u00fczg\u00fcn olu\u015fu su ak\u0131\u015f\u0131n\u0131 kolayla\u015ft\u0131ran en \u00f6nemli \u00f6zelli\u011fidir. \u00d6zellikler Verici olarak kullan\u0131labilir. Esnek \u015feffaf PVC, y\u00fcksek mukavemetli, k\u0131r\u0131lmaya kar\u015f\u0131 maksimum dayan\u0131kl\u0131 sert PVC takviyesiyle \u00fcretilmektedir. \u0130\u00e7 y\u00fczey d\u00fcz, d\u0131\u015f y\u00fczey bo\u011fumludur. \u00c7al\u0131\u015fma S\u0131cakl\u0131\u011f\u0131 -5\u00b0C ile\u2026","rel":"","context":"Similar post","block_context":{"text":"Similar post","link":""},"img":{"alt_text":"","src":"https:\/\/i0.wp.com\/tuzlahortum.com.tr\/wp-content\/uploads\/urunler\/plastik\/LLS-TI%CC%87PI%CC%87-S%CC%A7EFFAF-SPI%CC%87RALLI%CC%87-LAVABO-SI%CC%87FON-HORTUMU-ORTA-1.jpg?fit=640%2C480&ssl=1&resize=350%2C200","width":350,"height":200,"srcset":"https:\/\/i0.wp.com\/tuzlahortum.com.tr\/wp-content\/uploads\/urunler\/plastik\/LLS-TI%CC%87PI%CC%87-S%CC%A7EFFAF-SPI%CC%87RALLI%CC%87-LAVABO-SI%CC%87FON-HORTUMU-ORTA-1.jpg?fit=640%2C480&ssl=1&resize=350%2C200 1x, https:\/\/i0.wp.com\/tuzlahortum.com.tr\/wp-content\/uploads\/urunler\/plastik\/LLS-TI%CC%87PI%CC%87-S%CC%A7EFFAF-SPI%CC%87RALLI%CC%87-LAVABO-SI%CC%87FON-HORTUMU-ORTA-1.jpg?fit=640%2C480&ssl=1&resize=525%2C300 1.5x"},"classes":[]},{"id":870,"url":"https:\/\/tuzlahortum.com.tr\/en\/product\/e-tipi-yesil-emici-hortum-standart\/","url_meta":{"origin":866,"position":5},"title":"E Type Green Suction Hose (STANDARD)","author":"admin","date":"6 February 2019","format":false,"excerpt":"E Tipi Ye\u015fil Emici Hortum (STANDART)\u00d6zellikler A\u011f\u0131r hizmet emici ve verici olarak kullan\u0131labilir. Esnek \u015feffaf PVC, y\u00fcksek mukavemetli, k\u0131r\u0131lmaya kar\u015f\u0131 maksimum dayan\u0131kl\u0131 sert PVC takviyesiyle \u00fcretilmektedir. \u0130\u00e7 ve d\u0131\u015f y\u00fczey d\u00fczd\u00fcr. \u00c7al\u0131\u015fma S\u0131cakl\u0131\u011f\u0131 -5\u00b0C ile +60\u00b0C aras\u0131 Kullan\u0131m Alanlar\u0131 Tar\u0131m, sanayi ve in\u015faat sekt\u00f6r\u00fcnde her t\u00fcrl\u00fc a\u011f\u0131r hizmetlerde, pompa emi\u015flerinde,\u2026","rel":"","context":"Similar post","block_context":{"text":"Similar post","link":""},"img":{"alt_text":"","src":"https:\/\/i0.wp.com\/tuzlahortum.com.tr\/wp-content\/uploads\/urunler\/plastik\/33.jpg?fit=487%2C276&ssl=1&resize=350%2C200","width":350,"height":200},"classes":[]}],"jetpack_sharing_enabled":true,"jetpack_likes_enabled":true,"_links":{"self":[{"href":"https:\/\/tuzlahortum.com.tr\/en\/wp-json\/wp\/v2\/product\/866","targetHints":{"allow":["GET"]}}],"collection":[{"href":"https:\/\/tuzlahortum.com.tr\/en\/wp-json\/wp\/v2\/product"}],"about":[{"href":"https:\/\/tuzlahortum.com.tr\/en\/wp-json\/wp\/v2\/types\/product"}],"replies":[{"embeddable":true,"href":"https:\/\/tuzlahortum.com.tr\/en\/wp-json\/wp\/v2\/comments?post=866"}],"wp:featuredmedia":[{"embeddable":true,"href":"https:\/\/tuzlahortum.com.tr\/en\/wp-json\/wp\/v2\/media\/2034"}],"wp:attachment":[{"href":"https:\/\/tuzlahortum.com.tr\/en\/wp-json\/wp\/v2\/media?parent=866"}],"wp:term":[{"taxonomy":"product_brand","embeddable":true,"href":"https:\/\/tuzlahortum.com.tr\/en\/wp-json\/wp\/v2\/product_brand?post=866"},{"taxonomy":"product_cat","embeddable":true,"href":"https:\/\/tuzlahortum.com.tr\/en\/wp-json\/wp\/v2\/product_cat?post=866"},{"taxonomy":"product_tag","embeddable":true,"href":"https:\/\/tuzlahortum.com.tr\/en\/wp-json\/wp\/v2\/product_tag?post=866"}],"curies":[{"name":"wp","href":"https:\/\/api.w.org\/{rel}","templated":true}]}}