{"id":860,"date":"2019-02-06T23:54:55","date_gmt":"2019-02-06T20:54:55","guid":{"rendered":"http:\/\/hortum.com.tr\/product\/import-placeholder-for-572\/"},"modified":"2024-03-21T17:41:35","modified_gmt":"2024-03-21T14:41:35","slug":"jakuzi-ve-havuz-hortumlari","status":"publish","type":"product","link":"https:\/\/tuzlahortum.com.tr\/en\/product\/jakuzi-ve-havuz-hortumlari\/","title":{"rendered":"JACUZZI AND POOL HOSES"},"content":{"rendered":"<h2>JACUZZI AND POOL HOSES<\/h2>\n<p>Features<\/p>\n<p>It can be used as absorber and emitter, it is produced with high strength, maximum resistant to breakage rigid PVC reinforcement.<br \/>\nOperating temperature<\/p>\n<p>-5\u00b0C to +60\u00b0C<\/p>\n<p>Usage areas<\/p>\n<p>It can be used in swimming pool water circulation and jacuzzi tub systems.<\/p>\n<div class=\"video video-fit mb\" style=\"padding-top:56.25%;\"><p><iframe loading=\"lazy\" title=\"Measurement Confusion (Inch, Finger, Haze, Millimeter)\" width=\"1020\" height=\"574\" src=\"https:\/\/www.youtube.com\/embed\/uKk6AG_AZls?feature=oembed\" frameborder=\"0\" allow=\"accelerometer; autoplay; clipboard-write; encrypted-media; gyroscope; picture-in-picture; web-share\" referrerpolicy=\"strict-origin-when-cross-origin\" allowfullscreen><\/iframe><\/p>\n<\/div>\n<p><img data-recalc-dims=\"1\" loading=\"lazy\" decoding=\"async\" class=\"alignnone size-full wp-image-2015\" src=\"https:\/\/i0.wp.com\/hortum.com.tr\/wp-content\/uploads\/urunler\/plastik\/JAKUZI%CC%87-VE-HAVUZ-HORTUMLARI.jpg?resize=486%2C142\" alt=\"\" width=\"486\" height=\"142\" title=\"\"><\/p>","protected":false},"excerpt":{"rendered":"<p>JAKUZ\u0130 VE HAVUZ HORTUMLARI \u00d6zellikler Emici ve verici olarak kullan\u0131labilir, y\u00fcksek mukavemetli, k\u0131r\u0131lmaya kar\u015f\u0131 maksimum dayan\u0131kl\u0131 sert PVC takviyesiyle \u00fcretilmektedir. \u00c7al\u0131\u015fma S\u0131cakl\u0131\u011f\u0131 -5\u00b0C ile +60\u00b0C aras\u0131 Kullan\u0131m Alanlar\u0131 Y\u00fczme havuzu su sirk\u00fclasyonu\u00a0,\u00a0jakuzi k\u00fcvet sistemlerinde kullan\u0131labilir.<\/p>","protected":false},"featured_media":2213,"comment_status":"open","ping_status":"closed","template":"","meta":[],"product_brand":[],"product_cat":[168],"product_tag":[1105,2298,1106,290,1104,2297,1064],"class_list":{"0":"post-860","1":"product","2":"type-product","3":"status-publish","4":"has-post-thumbnail","6":"product_cat-pvc-spiralli-hortumlari","7":"product_tag-havuz","8":"product_tag-havuz-hortumlari","9":"product_tag-havuz-hortumu","10":"product_tag-hortum","11":"product_tag-jakuzi","12":"product_tag-jakuzi-hortumlari","13":"product_tag-jakuzi-hortumu","15":"first","16":"instock","17":"taxable","18":"shipping-taxable","19":"product-type-variable"},"jetpack-related-posts":[{"id":861,"url":"https:\/\/tuzlahortum.com.tr\/en\/product\/jakuzi-ve-havuz-hortumlari-beyaz-orgulu-ve-seffaf\/","url_meta":{"origin":860,"position":0},"title":"JACUZZI AND POOL HOSES WHITE BRAIDED and TRANSPARENT","author":"admin","date":"6 February 2019","format":false,"excerpt":"JACUZUZI AND POOL HOSES WHITE BRIDGED and TRANSPARENT Features The bottom layer is produced with high quality transparent material, high strength, hard PVC reinforcement with maximum resistance to breakage. Operating Temperature -5\u00b0C to +60\u00b0C Areas of Use Can be used in swimming pool water circulation, jacuzzi bathtub systems.","rel":"","context":"Similar post","block_context":{"text":"Similar post","link":""},"img":{"alt_text":"","src":"https:\/\/i0.wp.com\/tuzlahortum.com.tr\/wp-content\/uploads\/urunler\/plastik\/JAKUZI%CC%87-VE-HAVUZ-HORTUMLARI-BEYAZ-O%CC%88RGU%CC%88LU%CC%88-ve-S%CC%A7EFFAF.jpg?fit=640%2C480&ssl=1&resize=350%2C200","width":350,"height":200,"srcset":"https:\/\/i0.wp.com\/tuzlahortum.com.tr\/wp-content\/uploads\/urunler\/plastik\/JAKUZI%CC%87-VE-HAVUZ-HORTUMLARI-BEYAZ-O%CC%88RGU%CC%88LU%CC%88-ve-S%CC%A7EFFAF.jpg?fit=640%2C480&ssl=1&resize=350%2C200 1x, https:\/\/i0.wp.com\/tuzlahortum.com.tr\/wp-content\/uploads\/urunler\/plastik\/JAKUZI%CC%87-VE-HAVUZ-HORTUMLARI-BEYAZ-O%CC%88RGU%CC%88LU%CC%88-ve-S%CC%A7EFFAF.jpg?fit=640%2C480&ssl=1&resize=525%2C300 1.5x"},"classes":[]},{"id":21818,"url":"https:\/\/tuzlahortum.com.tr\/en\/product\/termessos\/","url_meta":{"origin":860,"position":1},"title":"TERMESSOS","author":"admin","date":"11 August 2025","format":false,"excerpt":"\u00a0 \u00dcr\u00fcn Ad\u0131: TERMESSOS \u00dcr\u00fcn Kodu: TSG06 Spa - Banyo Kullanim Alan\u0131 : Y\u00fczme havuzlar\u0131, jakuziler vb. i\u00e7in y\u00fcksek bas\u0131n\u00e7ta s\u0131cak su ge\u00e7i\u015fi. Alt Katman : G\u00fc\u00e7l\u00fc, Esnek ve P\u00fcr\u00fczs\u00fcz Beyaz Plastikle\u015ftirilmi\u015f PVC. Takviye Katman\u0131 : Darbeye Dayan\u0131kl\u0131 Beyaz Spiral. \u00dcst Katman : Ezilmeye, A\u015f\u0131nmaya ve Hava Ko\u015fullar\u0131na Dayan\u0131kl\u0131, D\u0131\u015f\u2026","rel":"","context":"Similar post","block_context":{"text":"Similar post","link":""},"img":{"alt_text":"","src":"https:\/\/i0.wp.com\/tuzlahortum.com.tr\/wp-content\/uploads\/2025\/08\/PVC_22.png?fit=441%2C441&ssl=1&resize=350%2C200","width":350,"height":200},"classes":[]},{"id":827,"url":"https:\/\/tuzlahortum.com.tr\/en\/product\/e-tipi-beyaz-emici-hortum\/","url_meta":{"origin":860,"position":2},"title":"E Type White Suction Hose","author":"admin","date":"6 February 2019","format":false,"excerpt":"E Tipi Beyaz Emici Hortum\u00d6zellikler A\u011f\u0131r hizmet emici ve verici olarak kullan\u0131labilir. Esnek \u015feffaf PVC, y\u00fcksek mukavemetli, k\u0131r\u0131lmaya kar\u015f\u0131 maksimum dayan\u0131kl\u0131 sert PVC takviyesiyle \u00fcretilmektedir.\u0130\u00e7 ve d\u0131\u015f y\u00fczey d\u00fczd\u00fcr. \u00c7al\u0131\u015fma S\u0131cakl\u0131\u011f\u0131 -5\u00b0C ile +60\u00b0C aras\u0131 Kullan\u0131m Alanlar\u0131 Tar\u0131m, sanayi ve in\u015faat sekt\u00f6r\u00fcnde her t\u00fcrl\u00fc a\u011f\u0131r hizmetlerde, pompa emi\u015flerinde, likit ve\u2026","rel":"","context":"Similar post","block_context":{"text":"Similar post","link":""},"img":{"alt_text":"","src":"https:\/\/i0.wp.com\/tuzlahortum.com.tr\/wp-content\/uploads\/urunler\/plastik\/43.jpg?fit=500%2C255&ssl=1&resize=350%2C200","width":350,"height":200},"classes":[]},{"id":859,"url":"https:\/\/tuzlahortum.com.tr\/en\/product\/vidanjor-hortumu\/","url_meta":{"origin":860,"position":3},"title":"vacuum hose","author":"admin","date":"6 February 2019","format":false,"excerpt":"Vidanj\u00f6r hortumu\u00d6zellikler Emici ve verici olarak kullan\u0131labilir. Esnek \u015feffaf PVC, y\u00fcksek mukavemetli, k\u0131r\u0131lmaya kar\u015f\u0131 maksimum dayan\u0131kl\u0131 sert PVC takviyesiyle \u00fcretilmektedir. \u00c7al\u0131\u015fma S\u0131cakl\u0131\u011f\u0131 -5\u00b0C ile +60\u00b0C aras\u0131 Kullan\u0131m Alanlar\u0131 Vidanj\u00f6rlerde a\u011f\u0131r hizmetlerde her t\u00fcrl\u00fc \u00a0likit ve sair malzeme naklinde kullan\u0131labilir. \u00c7ap (inch) \u00c7ap (mm) Uzunluk (mt) 4\" 102 mm 15","rel":"","context":"Similar post","block_context":{"text":"Similar post","link":""},"img":{"alt_text":"","src":"https:\/\/i0.wp.com\/tuzlahortum.com.tr\/wp-content\/uploads\/urunler\/plastik\/VI%CC%87DANJO%CC%88R-HORTUMU.jpg?fit=640%2C480&ssl=1&resize=350%2C200","width":350,"height":200,"srcset":"https:\/\/i0.wp.com\/tuzlahortum.com.tr\/wp-content\/uploads\/urunler\/plastik\/VI%CC%87DANJO%CC%88R-HORTUMU.jpg?fit=640%2C480&ssl=1&resize=350%2C200 1x, https:\/\/i0.wp.com\/tuzlahortum.com.tr\/wp-content\/uploads\/urunler\/plastik\/VI%CC%87DANJO%CC%88R-HORTUMU.jpg?fit=640%2C480&ssl=1&resize=525%2C300 1.5x"},"classes":[]},{"id":825,"url":"https:\/\/tuzlahortum.com.tr\/en\/product\/v-tipi-sari-verici-hortum-standart\/","url_meta":{"origin":860,"position":4},"title":"V Type Yellow Transmitter Hose (STANDARD)","author":"admin","date":"6 February 2019","format":false,"excerpt":"V Tipi Sar\u0131 Verici Hortum (STANDART)\u00d6zellikler Emici ve verici olarak kullan\u0131labilir. Esnek \u015feffaf PVC, y\u00fcksek mukavemetli, k\u0131r\u0131lmaya kar\u015f\u0131 maksimum dayan\u0131kl\u0131 sert PVC takviyesiyle \u00fcretilmektedir. \u0130\u00e7 ve d\u0131\u015f y\u00fczey d\u00fczd\u00fcr. \u00c7al\u0131\u015fma S\u0131cakl\u0131\u011f\u0131 -5\u00b0C ile +60\u00b0C aras\u0131 Kullan\u0131m Alanlar\u0131 Tar\u0131m, sanayi ve in\u015faat sekt\u00f6r\u00fcnde , pompa emi\u015flerinde, likit ve sair malzeme naklinde\u00a0\u2026","rel":"","context":"Similar post","block_context":{"text":"Similar post","link":""},"img":{"alt_text":"","src":"https:\/\/i0.wp.com\/tuzlahortum.com.tr\/wp-content\/uploads\/urunler\/plastik\/39.jpg?fit=456%2C232&ssl=1&resize=350%2C200","width":350,"height":200},"classes":[]},{"id":870,"url":"https:\/\/tuzlahortum.com.tr\/en\/product\/e-tipi-yesil-emici-hortum-standart\/","url_meta":{"origin":860,"position":5},"title":"E Type Green Suction Hose (STANDARD)","author":"admin","date":"6 February 2019","format":false,"excerpt":"E Tipi Ye\u015fil Emici Hortum (STANDART)\u00d6zellikler A\u011f\u0131r hizmet emici ve verici olarak kullan\u0131labilir. Esnek \u015feffaf PVC, y\u00fcksek mukavemetli, k\u0131r\u0131lmaya kar\u015f\u0131 maksimum dayan\u0131kl\u0131 sert PVC takviyesiyle \u00fcretilmektedir. \u0130\u00e7 ve d\u0131\u015f y\u00fczey d\u00fczd\u00fcr. \u00c7al\u0131\u015fma S\u0131cakl\u0131\u011f\u0131 -5\u00b0C ile +60\u00b0C aras\u0131 Kullan\u0131m Alanlar\u0131 Tar\u0131m, sanayi ve in\u015faat sekt\u00f6r\u00fcnde her t\u00fcrl\u00fc a\u011f\u0131r hizmetlerde, pompa emi\u015flerinde,\u2026","rel":"","context":"Similar post","block_context":{"text":"Similar post","link":""},"img":{"alt_text":"","src":"https:\/\/i0.wp.com\/tuzlahortum.com.tr\/wp-content\/uploads\/urunler\/plastik\/33.jpg?fit=487%2C276&ssl=1&resize=350%2C200","width":350,"height":200},"classes":[]}],"jetpack_sharing_enabled":true,"jetpack_likes_enabled":true,"_links":{"self":[{"href":"https:\/\/tuzlahortum.com.tr\/en\/wp-json\/wp\/v2\/product\/860","targetHints":{"allow":["GET"]}}],"collection":[{"href":"https:\/\/tuzlahortum.com.tr\/en\/wp-json\/wp\/v2\/product"}],"about":[{"href":"https:\/\/tuzlahortum.com.tr\/en\/wp-json\/wp\/v2\/types\/product"}],"replies":[{"embeddable":true,"href":"https:\/\/tuzlahortum.com.tr\/en\/wp-json\/wp\/v2\/comments?post=860"}],"wp:featuredmedia":[{"embeddable":true,"href":"https:\/\/tuzlahortum.com.tr\/en\/wp-json\/wp\/v2\/media\/2213"}],"wp:attachment":[{"href":"https:\/\/tuzlahortum.com.tr\/en\/wp-json\/wp\/v2\/media?parent=860"}],"wp:term":[{"taxonomy":"product_brand","embeddable":true,"href":"https:\/\/tuzlahortum.com.tr\/en\/wp-json\/wp\/v2\/product_brand?post=860"},{"taxonomy":"product_cat","embeddable":true,"href":"https:\/\/tuzlahortum.com.tr\/en\/wp-json\/wp\/v2\/product_cat?post=860"},{"taxonomy":"product_tag","embeddable":true,"href":"https:\/\/tuzlahortum.com.tr\/en\/wp-json\/wp\/v2\/product_tag?post=860"}],"curies":[{"name":"wp","href":"https:\/\/api.w.org\/{rel}","templated":true}]}}