{"id":857,"date":"2019-02-06T23:54:54","date_gmt":"2019-02-06T20:54:54","guid":{"rendered":"http:\/\/hortum.com.tr\/product\/import-placeholder-for-589\/"},"modified":"2024-03-21T17:41:37","modified_gmt":"2024-03-21T14:41:37","slug":"seffaf-burflex-flexible-hortum","status":"publish","type":"product","link":"https:\/\/tuzlahortum.com.tr\/en\/product\/seffaf-burflex-flexible-hortum\/","title":{"rendered":"Transparent Burflex Flexible Hose"},"content":{"rendered":"<h2>Transparent Burflex Flexible Hose<\/h2>\n<table class=\"table table-striped\">\n<tbody>\n<tr>\n<td>MATERIEL: <strong>PVC<\/strong><\/td>\n<\/tr>\n<tr>\n<td>WIRE TYPE: <strong>PVC COVERED STEEL WIRE<\/strong><\/td>\n<\/tr>\n<tr>\n<td>COLOUR: <strong>TRANSPARENT<\/strong><\/td>\n<\/tr>\n<tr>\n<td>MEAT THICKNESS: <strong>0.60MM<\/strong><\/td>\n<\/tr>\n<\/tbody>\n<\/table>\n<p><strong>WHY PVC TRANSPARENT FLEX ?<\/strong><br \/>\n&gt; TRANSPARENT PVC INSIDE<br \/>\n&gt; HARD<br \/>\n&gt; SHOCK RESISTANT<br \/>\n&gt; LOW COST<\/p>\n<div class=\"video video-fit mb\" style=\"padding-top:56.25%;\"><p><iframe loading=\"lazy\" title=\"Measurement Confusion (Inch, Finger, Haze, Millimeter)\" width=\"1020\" height=\"574\" src=\"https:\/\/www.youtube.com\/embed\/uKk6AG_AZls?feature=oembed\" frameborder=\"0\" allow=\"accelerometer; autoplay; clipboard-write; encrypted-media; gyroscope; picture-in-picture; web-share\" referrerpolicy=\"strict-origin-when-cross-origin\" allowfullscreen><\/iframe><\/p>\n<\/div>\n<p><strong>AREA OF USE<\/strong><\/p>\n<ul class=\"links\">\n<li>FOR LOW MOVEMENT ENVIRONMENTS<\/li>\n<li>IN CAREER AND TEXTILE MACHINES<\/li>\n<li>IN DUST SUCTION SYSTEMS<\/li>\n<li>IN AGRICULTURE, INDUSTRY AND CONSTRUCTION<\/li>\n<li>IN GAS, POWDER, FIBER, CHIP TRANSFER<\/li>\n<\/ul>","protected":false},"excerpt":{"rendered":"<p>\u015eeffaf Burflex Flexible Hortum MATERYAL: P.V.C TEL C\u0130NS\u0130: P.V.C KAPLI \u00c7EL\u0130K TEL RENK: \u015eEFFAF ET KALINLI\u011eI: 0,60 MM NEDEN P.V.C \u015eEFFAF FLEX ? &gt; \u015eEFFAF PVC \u0130\u00c7 Y\u00dcZEY &gt; SERT &gt; \u015eOKA DAYANIKLI &gt; D\u00dc\u015e\u00dcK MAL\u0130YET KULLANIM ALANI AZ HARAKETL\u0130 ORTAMLAR \u0130\u00c7\u0130N MARANGOZ VE TEKST\u0130L MAK\u0130NELER\u0130NDE TOZ EMME S\u0130STEMLER\u0130NDE TARIM , SANAY\u0130 VE \u0130N\u015eAATLARDA GAZ, [&#8230;]\n","protected":false},"featured_media":6316,"comment_status":"open","ping_status":"closed","template":"","meta":[],"product_brand":[],"product_cat":[148],"product_tag":[294,225,1102,338,625,1100,723,1019,1099,362,652,908,361,1101],"class_list":{"0":"post-857","1":"product","2":"type-product","3":"status-publish","4":"has-post-thumbnail","6":"product_cat-pvc-ozellikli-flex-hortumlar","7":"product_tag-dayanikli","8":"product_tag-dusuk-maliyet","9":"product_tag-elyaf","10":"product_tag-gaz","11":"product_tag-insaat","12":"product_tag-marangoz","13":"product_tag-sanayi","14":"product_tag-seffaf","15":"product_tag-sert","16":"product_tag-talas","17":"product_tag-tarim","18":"product_tag-tekstil","19":"product_tag-toz","20":"product_tag-toz-emme","22":"first","23":"instock","24":"taxable","25":"shipping-taxable","26":"product-type-variable"},"jetpack-related-posts":[{"id":12156,"url":"https:\/\/tuzlahortum.com.tr\/en\/product\/telli-seffaf-hortumlar-kopya\/","url_meta":{"origin":857,"position":0},"title":"Wire Transparent Hose Olive Oil","author":"\u0130smail \u00c7elik","date":"7 October 2020","format":false,"excerpt":"Steel Wire Reinforced Transparent Hose for Olive Oil\nPU hose with steel wire spiral for suction and transfer of food liquids and vegetable oils. Complies with European Union EU 10\/2011 A, B, C, D2 standards. Used for suction and transfer of vegetable oils and industrial oils, and is odorless. Suitable for transfer of light chemicals.","rel":"","context":"Similar post","block_context":{"text":"Similar post","link":""},"img":{"alt_text":"","src":"https:\/\/i0.wp.com\/tuzlahortum.com.tr\/wp-content\/uploads\/2020\/10\/TELLI-SEFFAF-ZEYTINYAGI-HORTUMU-5.jpeg?fit=1200%2C900&ssl=1&resize=350%2C200","width":350,"height":200,"srcset":"https:\/\/i0.wp.com\/tuzlahortum.com.tr\/wp-content\/uploads\/2020\/10\/TELLI-SEFFAF-ZEYTINYAGI-HORTUMU-5.jpeg?fit=1200%2C900&ssl=1&resize=350%2C200 1x, https:\/\/i0.wp.com\/tuzlahortum.com.tr\/wp-content\/uploads\/2020\/10\/TELLI-SEFFAF-ZEYTINYAGI-HORTUMU-5.jpeg?fit=1200%2C900&ssl=1&resize=525%2C300 1.5x, https:\/\/i0.wp.com\/tuzlahortum.com.tr\/wp-content\/uploads\/2020\/10\/TELLI-SEFFAF-ZEYTINYAGI-HORTUMU-5.jpeg?fit=1200%2C900&ssl=1&resize=700%2C400 2x, https:\/\/i0.wp.com\/tuzlahortum.com.tr\/wp-content\/uploads\/2020\/10\/TELLI-SEFFAF-ZEYTINYAGI-HORTUMU-5.jpeg?fit=1200%2C900&ssl=1&resize=1050%2C600 3x"},"classes":[]},{"id":813,"url":"https:\/\/tuzlahortum.com.tr\/en\/product\/orgulu-seffaf-hortum-ekonomik\/","url_meta":{"origin":857,"position":1},"title":"Braided Transparent Hose (ECONOMIC)","author":"admin","date":"6 February 2019","format":false,"excerpt":"Braided Transparent Hose (ECONOMIC) Features Manufactured with transparent PVC and high strength polyester yarn on the bottom layer and abrasion resistant transparent PVC on the top layer. Operating Temperature -10\u00b0C to +50\u00b0C Areas of Use Used for irrigation and drainage works in home, garden, field, industry and construction sector.","rel":"","context":"Similar post","block_context":{"text":"Similar post","link":""},"img":{"alt_text":"","src":"https:\/\/i0.wp.com\/tuzlahortum.com.tr\/wp-content\/uploads\/kategoriler\/orguluseffaf.png?fit=498%2C335&ssl=1&resize=350%2C200","width":350,"height":200},"classes":[]},{"id":814,"url":"https:\/\/tuzlahortum.com.tr\/en\/product\/orgulu-seffaf-hortum-standart\/","url_meta":{"origin":857,"position":2},"title":"Braided Transparent Hose (STANDARD)","author":"admin","date":"6 February 2019","format":false,"excerpt":"Braided Transparent Hose (STANDARD) Features Manufactured with transparent PVC and high strength polyester yarn on the bottom layer and abrasion resistant transparent PVC on the top layer. Operating Temperature -10\u00b0C to +50\u00b0C Areas of Use Used for irrigation and drainage works in home, garden, field, industry and construction sector.","rel":"","context":"Similar post","block_context":{"text":"Similar post","link":""},"img":{"alt_text":"","src":"https:\/\/i0.wp.com\/tuzlahortum.com.tr\/wp-content\/uploads\/kategoriler\/orguluseffaf.png?fit=498%2C335&ssl=1&resize=350%2C200","width":350,"height":200},"classes":[]},{"id":817,"url":"https:\/\/tuzlahortum.com.tr\/en\/product\/super-orgulu-seffaf-hortum\/","url_meta":{"origin":857,"position":3},"title":"Super Braided Transparent Hose","author":"admin","date":"6 February 2019","format":false,"excerpt":"Super Braided Transparent Hose\nFeatures\nLower layer made of transparent PVC and high-strength polyester yarn, upper layer made of abrasion-resistant transparent PVC.\nOperating Temperature: -10\u00b0C to +50\u00b0C\nUsage Areas: Used in homes, gardens, fields, and in the industrial and construction sectors for irrigation and drainage, and for transporting light chemicals.","rel":"","context":"Similar post","block_context":{"text":"Similar post","link":""},"img":{"alt_text":"","src":"https:\/\/i0.wp.com\/tuzlahortum.com.tr\/wp-content\/uploads\/2019\/02\/S%C3%BCper-%C3%96rg%C3%BCl%C3%BC-%C5%9Eeffaf-Hortum.jpg?fit=640%2C480&ssl=1&resize=350%2C200","width":350,"height":200,"srcset":"https:\/\/i0.wp.com\/tuzlahortum.com.tr\/wp-content\/uploads\/2019\/02\/S%C3%BCper-%C3%96rg%C3%BCl%C3%BC-%C5%9Eeffaf-Hortum.jpg?fit=640%2C480&ssl=1&resize=350%2C200 1x, https:\/\/i0.wp.com\/tuzlahortum.com.tr\/wp-content\/uploads\/2019\/02\/S%C3%BCper-%C3%96rg%C3%BCl%C3%BC-%C5%9Eeffaf-Hortum.jpg?fit=640%2C480&ssl=1&resize=525%2C300 1.5x"},"classes":[]},{"id":930,"url":"https:\/\/tuzlahortum.com.tr\/en\/product\/telli-seffaf-hortumlar\/","url_meta":{"origin":857,"position":4},"title":"Wire Transparent Hoses","author":"admin","date":"6 February 2019","format":false,"excerpt":"Clear Hose\nFeatures:\n\u2022 Can be used as suction and discharge hose\n\u2022 Maximum flexibility and highly resistant to kinking.\n\u2022 -20\u00b0C and +65\u00b0C Static\n\u2022 -5\u00b0C and +43\u00b0C In Motion\n\nApplications:\n\u2022 For all kinds of liquid food transfer in suction and discharge operations, in suction pumps, in the food and agricultural industry, etc.","rel":"","context":"Similar post","block_context":{"text":"Similar post","link":""},"img":{"alt_text":"Telli \u015eeffaf Hortumlar","src":"https:\/\/i0.wp.com\/tuzlahortum.com.tr\/wp-content\/uploads\/2019\/02\/pvcflex.jpg?fit=510%2C433&ssl=1&resize=350%2C200","width":350,"height":200},"classes":[]},{"id":8132,"url":"https:\/\/tuzlahortum.com.tr\/en\/product\/super-extra-orgulu-seffaf-hortum\/","url_meta":{"origin":857,"position":5},"title":"Super Extra Braided Transparent Hose","author":"\u0130smail \u00c7elik","date":"14 March 2019","format":false,"excerpt":"Super Extra Braided Transparent HoseFeatures: - Made of 1st class PVC. - High quality polyester reinforcement - Abrasion resistant. - Resistant to temperatures between -20\u00b0C and +65\u00b0C. Areas of Use : - Used in industry, petroleum-petroleum derivatives, discharge of light chemical substances and pressurized irrigation processes.","rel":"","context":"Similar post","block_context":{"text":"Similar post","link":""},"img":{"alt_text":"","src":"https:\/\/i0.wp.com\/hortum.com.tr\/wp-content\/uploads\/2019\/03\/S%C3%BCper-Extra-%C3%96rg%C3%BCl%C3%BC-%C5%9Eeffaf-Hortum-2.jpg?resize=350%2C200","width":350,"height":200,"srcset":"https:\/\/i0.wp.com\/hortum.com.tr\/wp-content\/uploads\/2019\/03\/S%C3%BCper-Extra-%C3%96rg%C3%BCl%C3%BC-%C5%9Eeffaf-Hortum-2.jpg?resize=350%2C200 1x, https:\/\/i0.wp.com\/hortum.com.tr\/wp-content\/uploads\/2019\/03\/S%C3%BCper-Extra-%C3%96rg%C3%BCl%C3%BC-%C5%9Eeffaf-Hortum-2.jpg?resize=525%2C300 1.5x"},"classes":[]}],"jetpack_sharing_enabled":true,"jetpack_likes_enabled":true,"_links":{"self":[{"href":"https:\/\/tuzlahortum.com.tr\/en\/wp-json\/wp\/v2\/product\/857","targetHints":{"allow":["GET"]}}],"collection":[{"href":"https:\/\/tuzlahortum.com.tr\/en\/wp-json\/wp\/v2\/product"}],"about":[{"href":"https:\/\/tuzlahortum.com.tr\/en\/wp-json\/wp\/v2\/types\/product"}],"replies":[{"embeddable":true,"href":"https:\/\/tuzlahortum.com.tr\/en\/wp-json\/wp\/v2\/comments?post=857"}],"wp:featuredmedia":[{"embeddable":true,"href":"https:\/\/tuzlahortum.com.tr\/en\/wp-json\/wp\/v2\/media\/6316"}],"wp:attachment":[{"href":"https:\/\/tuzlahortum.com.tr\/en\/wp-json\/wp\/v2\/media?parent=857"}],"wp:term":[{"taxonomy":"product_brand","embeddable":true,"href":"https:\/\/tuzlahortum.com.tr\/en\/wp-json\/wp\/v2\/product_brand?post=857"},{"taxonomy":"product_cat","embeddable":true,"href":"https:\/\/tuzlahortum.com.tr\/en\/wp-json\/wp\/v2\/product_cat?post=857"},{"taxonomy":"product_tag","embeddable":true,"href":"https:\/\/tuzlahortum.com.tr\/en\/wp-json\/wp\/v2\/product_tag?post=857"}],"curies":[{"name":"wp","href":"https:\/\/api.w.org\/{rel}","templated":true}]}}