{"id":848,"date":"2019-02-06T23:54:52","date_gmt":"2019-02-06T20:54:52","guid":{"rendered":"http:\/\/hortum.com.tr\/product\/import-placeholder-for-367\/"},"modified":"2024-03-21T17:41:40","modified_gmt":"2024-03-21T14:41:40","slug":"pvcafs","status":"publish","type":"product","link":"https:\/\/tuzlahortum.com.tr\/en\/product\/pvcafs\/","title":{"rendered":"PVCAFS"},"content":{"rendered":"<h2>PVCAFS<\/h2>\n<div>Non-insulated, reinforced PVC flexible air ducts<\/div>\n<div>\n<h4>General features<\/h4>\n<div class=\"txt\">\n<p>PVCAFS non-insulated reinforced PVC flexible air ducts are a multi-purpose non-insulated (non-insulated) flexible air duct specially designed for heating, cooling, ventilation, air conditioning, waste gas and dust transfer systems operating at low and medium pressure.<\/p>\n<p>It can be used in systems that require excessive vibration and\/or continuous mobility.<\/p>\n<p>It is produced by reinforcing extremely durable reinforced PVC strips with high tensile spiral steel wire.<\/p>\n<p>PVCAFS flexible air ducts are impermeable.<\/p>\n<p>PVCAFS has extremely high flexibility, bending and compressibility. It is easy to assemble in oval, round and corner joints.<\/p>\n<p>Dimensions, tolerances and mechanical strength properties of PVCAFS flexible air ducts are tested, classified and certified according to EN 13180 standard.<\/p>\n<\/div>\n<\/div>\n<div class=\"video video-fit mb\" style=\"padding-top:56.25%;\"><p><iframe loading=\"lazy\" title=\"Measurement Confusion (Inch, Finger, Haze, Millimeter)\" width=\"1020\" height=\"574\" src=\"https:\/\/www.youtube.com\/embed\/uKk6AG_AZls?feature=oembed\" frameborder=\"0\" allow=\"accelerometer; autoplay; clipboard-write; encrypted-media; gyroscope; picture-in-picture; web-share\" referrerpolicy=\"strict-origin-when-cross-origin\" allowfullscreen><\/iframe><\/p>\n<\/div>\n<div>\n<h4>Features and Benefits<\/h4>\n<div class=\"wrp clearfix\">\n<div class=\"tripleContent\">\n<p><b>REINFORCED PVC CONSTRUCTION<\/b><\/p>\n<div class=\"txt\">\n<ul>\n<li>Resistance to excessive vibration<\/li>\n<li>Dust and\/or particle transfer<\/li>\n<li>Does not pass UV rays<\/li>\n<li>chemical resistance<\/li>\n<\/ul>\n<\/div>\n<\/div>\n<div class=\"tripleContent\">\n<p><b>FLEXIBLE and CONTINUOUS STRUCTURE<\/b><\/p>\n<div class=\"txt\">\n<ul>\n<li>Ease of storage<\/li>\n<li>Ease of transport<\/li>\n<li>Low labor costs<\/li>\n<li>High resistance to tearing and impacts<\/li>\n<li>air tightness<\/li>\n<li>Energy efficiency<\/li>\n<li>Low operating and maintenance costs<\/li>\n<\/ul>\n<\/div>\n<\/div>\n<div class=\"tripleContent\">\n<p><b>SMOOTH INSIDE WALL<\/b><\/p>\n<div class=\"txt\">\n<ul>\n<li>Low pressure loss<\/li>\n<li>Low operating expenses<\/li>\n<\/ul>\n<\/div>\n<\/div>\n<\/div>\n<div class=\"wrp clearfix\">\n<div class=\"tripleContent\">\n<p><b>HIGH TENSILE STEEL WIRE<\/b><\/p>\n<div class=\"txt\">\n<ul>\n<li>High strength<\/li>\n<li>Not deformed<\/li>\n<li>Easy montage<\/li>\n<\/ul>\n<\/div>\n<\/div>\n<\/div>\n<\/div>","protected":false},"excerpt":{"rendered":"<p>PVCAFS \u0130zolesiz, takviyeli PVC flexible hava kanallar\u0131 Genel \u00d6zellikler PVCAFS izolesiz takviyeli PVC flexible hava kanallar\u0131, d\u00fc\u015f\u00fck ve orta bas\u0131n\u00e7ta \u00e7al\u0131\u015fan \u0131s\u0131tma, so\u011futma, havaland\u0131rma, iklimlendirme, at\u0131k gaz ve toz aktarma sistemleri i\u00e7in \u00f6zel olarak dizayn edilmi\u015f, \u00e7ok ama\u00e7l\u0131 bir izolesiz (yal\u0131t\u0131ms\u0131z) flexible hava kanal\u0131d\u0131r. A\u015f\u0131r\u0131 titre\u015fimli ve\/veya s\u00fcrekli hareketlilik gerektiren sistemlerde kullan\u0131labilir. Son derece mukavim [&#8230;]\n","protected":false},"featured_media":6854,"comment_status":"open","ping_status":"closed","template":"","meta":{"jetpack_post_was_ever_published":false},"product_brand":[],"product_cat":[139],"product_tag":[265,264,260,261,258,266,262,259,267,263],"class_list":{"0":"post-848","1":"product","2":"type-product","3":"status-publish","4":"has-post-thumbnail","6":"product_cat-pvc-esnek-hava-kanali","7":"product_tag-bukulme","8":"product_tag-esneme","9":"product_tag-havalandirma-ve-iklimlendirme-sistemleri","10":"product_tag-helezon-celik","11":"product_tag-isitma","12":"product_tag-sikistirilabilme","13":"product_tag-sizdirmaz","14":"product_tag-sogutma","15":"product_tag-tasima-kolayligi","16":"product_tag-yogusmayi-engelleme","18":"first","19":"instock","20":"taxable","21":"shipping-taxable","22":"product-type-variable"},"jetpack-related-posts":[],"jetpack_sharing_enabled":true,"jetpack_likes_enabled":true,"_links":{"self":[{"href":"https:\/\/tuzlahortum.com.tr\/en\/wp-json\/wp\/v2\/product\/848","targetHints":{"allow":["GET"]}}],"collection":[{"href":"https:\/\/tuzlahortum.com.tr\/en\/wp-json\/wp\/v2\/product"}],"about":[{"href":"https:\/\/tuzlahortum.com.tr\/en\/wp-json\/wp\/v2\/types\/product"}],"replies":[{"embeddable":true,"href":"https:\/\/tuzlahortum.com.tr\/en\/wp-json\/wp\/v2\/comments?post=848"}],"wp:featuredmedia":[{"embeddable":true,"href":"https:\/\/tuzlahortum.com.tr\/en\/wp-json\/wp\/v2\/media\/6854"}],"wp:attachment":[{"href":"https:\/\/tuzlahortum.com.tr\/en\/wp-json\/wp\/v2\/media?parent=848"}],"wp:term":[{"taxonomy":"product_brand","embeddable":true,"href":"https:\/\/tuzlahortum.com.tr\/en\/wp-json\/wp\/v2\/product_brand?post=848"},{"taxonomy":"product_cat","embeddable":true,"href":"https:\/\/tuzlahortum.com.tr\/en\/wp-json\/wp\/v2\/product_cat?post=848"},{"taxonomy":"product_tag","embeddable":true,"href":"https:\/\/tuzlahortum.com.tr\/en\/wp-json\/wp\/v2\/product_tag?post=848"}],"curies":[{"name":"wp","href":"https:\/\/api.w.org\/{rel}","templated":true}]}}