{"id":847,"date":"2019-02-06T23:54:35","date_gmt":"2019-02-06T20:54:35","guid":{"rendered":"http:\/\/hortum.com.tr\/product\/import-placeholder-for-375\/"},"modified":"2024-03-21T17:41:41","modified_gmt":"2024-03-21T14:41:41","slug":"isoafs-pvc-m","status":"publish","type":"product","link":"https:\/\/tuzlahortum.com.tr\/en\/product\/isoafs-pvc-m\/","title":{"rendered":"ISOAFS-PVC.M"},"content":{"rendered":"<h2>ISOAFS-PVC.M<\/h2>\n<div id=\"collapseThree\" class=\"panel-collapse collapse in\" role=\"tabpanel\" aria-labelledby=\"headingThree\" aria-expanded=\"true\">\n<div class=\"panel-body\">\n<div>\n<table class=\"table table-hover table-bordered\">\n<tbody>\n<tr>\n<th class=\"urunDetayth\">Wall<\/th>\n<td>PVC Coated Polyester Net<\/td>\n<\/tr>\n<tr>\n<th class=\"urunDetayth\">Wall Thickness<\/th>\n<td>220 micron<\/td>\n<\/tr>\n<tr>\n<th class=\"urunDetayth\">Air Flow Rate<\/th>\n<td>30 m\/s (maximum)<\/td>\n<\/tr>\n<tr>\n<th class=\"urunDetayth\">Packaging<\/th>\n<td>single cardboard box<\/td>\n<\/tr>\n<\/tbody>\n<\/table>\n<\/div>\n<div class=\"video video-fit mb\" style=\"padding-top:56.25%;\"><p><iframe loading=\"lazy\" title=\"Measurement Confusion (Inch, Finger, Haze, Millimeter)\" width=\"1020\" height=\"574\" src=\"https:\/\/www.youtube.com\/embed\/uKk6AG_AZls?feature=oembed\" frameborder=\"0\" allow=\"accelerometer; autoplay; clipboard-write; encrypted-media; gyroscope; picture-in-picture; web-share\" referrerpolicy=\"strict-origin-when-cross-origin\" allowfullscreen><\/iframe><\/p>\n<\/div>\n<div><\/div>\n<div>ISOAFS-PVC.M heat insulated reinforced PVC flexible air ducts are a multi-purpose heat insulated (insulated) flexible air duct specially designed for low and medium pressure heating, cooling, ventilation and air conditioning systems.<\/div>\n<div><\/div>\n<div>It is produced by insulating the PVCAFS.M product, which is produced by reinforcing the PVC coated polyester structure with high tensile spiral steel wire, with glass wool. A polyethylene jacket, that is, a moisture barrier, is dressed on the insulation material.<\/div>\n<div><\/div>\n<div>ISOAFS-PVC.M has extremely high flexibility, bending and compressibility. It is easy to assemble in oval, round and corner joints.<\/div>\n<div><\/div>\n<div>Dimensions, tolerances and mechanical strength properties of ISOAFS-PVC.M flexible air ducts are tested, classified and certified according to EN 13180 standard.<\/div>\n<\/div>\n<\/div>","protected":false},"excerpt":{"rendered":"<p>ISOAFS-PVC.M Duvar PVC Kapl\u0131 Polyester A\u011f Duvar Kal\u0131nl\u0131\u011f\u0131 220 mikron Hava Ak\u0131\u015f H\u0131z\u0131 30 m\/s (maksimum) Paketleme Tekli karton kutu ISOAFS-PVC.M \u0131s\u0131 izoleli takviyeli PVC flexible hava kanallar\u0131, d\u00fc\u015f\u00fck ve orta bas\u0131n\u00e7ta \u00e7al\u0131\u015fan \u0131s\u0131tma, so\u011futma, havaland\u0131rma, iklimlendirme sistemleri i\u00e7in \u00f6zel olarak dizayn edilmi\u015f, \u00e7ok ama\u00e7l\u0131 bir \u0131s\u0131 izoleli (yal\u0131t\u0131ml\u0131) flexible hava kanal\u0131d\u0131r. PVC kapl\u0131 polyester [&#8230;]\n","protected":false},"featured_media":6747,"comment_status":"open","ping_status":"closed","template":"","meta":{"jetpack_post_was_ever_published":false},"product_brand":[],"product_cat":[139],"product_tag":[265,264,260,261,258,266,262,259,267,263],"class_list":{"0":"post-847","1":"product","2":"type-product","3":"status-publish","4":"has-post-thumbnail","6":"product_cat-pvc-esnek-hava-kanali","7":"product_tag-bukulme","8":"product_tag-esneme","9":"product_tag-havalandirma-ve-iklimlendirme-sistemleri","10":"product_tag-helezon-celik","11":"product_tag-isitma","12":"product_tag-sikistirilabilme","13":"product_tag-sizdirmaz","14":"product_tag-sogutma","15":"product_tag-tasima-kolayligi","16":"product_tag-yogusmayi-engelleme","18":"first","19":"instock","20":"taxable","21":"shipping-taxable","22":"product-type-variable"},"jetpack-related-posts":[],"jetpack_sharing_enabled":true,"jetpack_likes_enabled":true,"_links":{"self":[{"href":"https:\/\/tuzlahortum.com.tr\/en\/wp-json\/wp\/v2\/product\/847","targetHints":{"allow":["GET"]}}],"collection":[{"href":"https:\/\/tuzlahortum.com.tr\/en\/wp-json\/wp\/v2\/product"}],"about":[{"href":"https:\/\/tuzlahortum.com.tr\/en\/wp-json\/wp\/v2\/types\/product"}],"replies":[{"embeddable":true,"href":"https:\/\/tuzlahortum.com.tr\/en\/wp-json\/wp\/v2\/comments?post=847"}],"wp:featuredmedia":[{"embeddable":true,"href":"https:\/\/tuzlahortum.com.tr\/en\/wp-json\/wp\/v2\/media\/6747"}],"wp:attachment":[{"href":"https:\/\/tuzlahortum.com.tr\/en\/wp-json\/wp\/v2\/media?parent=847"}],"wp:term":[{"taxonomy":"product_brand","embeddable":true,"href":"https:\/\/tuzlahortum.com.tr\/en\/wp-json\/wp\/v2\/product_brand?post=847"},{"taxonomy":"product_cat","embeddable":true,"href":"https:\/\/tuzlahortum.com.tr\/en\/wp-json\/wp\/v2\/product_cat?post=847"},{"taxonomy":"product_tag","embeddable":true,"href":"https:\/\/tuzlahortum.com.tr\/en\/wp-json\/wp\/v2\/product_tag?post=847"}],"curies":[{"name":"wp","href":"https:\/\/api.w.org\/{rel}","templated":true}]}}