{"id":846,"date":"2019-02-06T23:54:35","date_gmt":"2019-02-06T20:54:35","guid":{"rendered":"http:\/\/hortum.com.tr\/product\/import-placeholder-for-223\/"},"modified":"2024-03-21T17:41:42","modified_gmt":"2024-03-21T14:41:42","slug":"polyafs","status":"publish","type":"product","link":"https:\/\/tuzlahortum.com.tr\/en\/product\/polyafs\/","title":{"rendered":"POLYAFS"},"content":{"rendered":"<h2>POLYAFS<\/h2>\n<p>Non-insulated polyester flexible air ducts<\/p>\n<h4>General features<\/h4>\n<table class=\"table table-hover table-bordered\">\n<tbody>\n<tr>\n<th class=\"urunDetayth\">Flexible Channel Construction<\/th>\n<td>2 ply Polyester<\/td>\n<\/tr>\n<tr>\n<th class=\"urunDetayth\">Flexible Duct Nominal Thickness<\/th>\n<td>30 micron<\/td>\n<\/tr>\n<tr>\n<th class=\"urunDetayth\">Diameter Range<\/th>\n<td>82mm \u2013 800mm<\/td>\n<\/tr>\n<tr>\n<th class=\"urunDetayth\">Operating Temperature Range<\/th>\n<td>-30 \u00b0C \/ +120 \u00b0C<\/td>\n<\/tr>\n<tr>\n<th class=\"urunDetayth\">Air Flow Rate<\/th>\n<td>30 m\/s (maximum)<\/td>\n<\/tr>\n<tr>\n<th class=\"urunDetayth\">Operating pressure<\/th>\n<td>3000 Pa (maximum)<\/td>\n<\/tr>\n<tr>\n<th class=\"urunDetayth\">Standard Length<\/th>\n<td>7.6m<\/td>\n<\/tr>\n<tr>\n<th class=\"urunDetayth\">Packaging<\/th>\n<td>single cardboard box<\/td>\n<\/tr>\n<\/tbody>\n<\/table>\n<div><\/div>\n<div><div class=\"video video-fit mb\" style=\"padding-top:56.25%;\"><p><iframe loading=\"lazy\" title=\"Measurement Confusion (Inch, Finger, Haze, Millimeter)\" width=\"1020\" height=\"574\" src=\"https:\/\/www.youtube.com\/embed\/uKk6AG_AZls?feature=oembed\" frameborder=\"0\" allow=\"accelerometer; autoplay; clipboard-write; encrypted-media; gyroscope; picture-in-picture\" allowfullscreen><\/iframe><\/p>\n<\/div><\/div>\n<div><\/div>\n<div class=\"txt\">POLYAFS non-insulated polyester flexible flexible air ducts, heating operating at low and medium pressure,<\/div>\n<div class=\"txt\">A multi-purpose non-insulated specially designed for refrigeration, ventilation and air conditioning systems.<\/div>\n<div class=\"txt\">(non-insulated) flexible air duct. High tensile helix of multi-layer laminated polyester material<\/div>\n<div class=\"txt\">Produced by reinforcement with steel wire. POLYAFS flexible air ducts are impermeable. POLYAFS is extremely<\/div>\n<div class=\"txt\">It has high flexibility, bending and compressibility properties. Oval, round and corner joints<\/div>\n<div class=\"txt\">easy to install. Dimensions, tolerances and mechanical strength properties of POLYAFS flexible air ducts<\/div>\n<div class=\"txt\">It is tested, classified and certified according to the EN 13180 standard.<\/div>\n<h4>Features and Benefits<\/h4>\n<div class=\"wrp clearfix\">\n<div class=\"tripleContent\">\n<p><b>POLYESTER LAMINATED CONSTRUCTION<\/b><\/p>\n<div class=\"txt\">\n<ul>\n<li>High resistance to UV rays<\/li>\n<li>chemical resistance<\/li>\n<li>Economic<\/li>\n<\/ul>\n<\/div>\n<\/div>\n<div class=\"tripleContent\">\n<p><b>FLEXIBLE and CONTINUOUS STRUCTURE<\/b><\/p>\n<div class=\"txt\">\n<ul>\n<li>Ease of storage<\/li>\n<li>Ease of transport<\/li>\n<li>Low labor costs<\/li>\n<li>High resistance to tearing and impacts<\/li>\n<li>air tightness<\/li>\n<li>Energy efficiency<\/li>\n<li>Low operating and maintenance costs<\/li>\n<\/ul>\n<\/div>\n<\/div>\n<div class=\"tripleContent\">\n<p><b>SMOOTH INSIDE WALL<\/b><\/p>\n<div class=\"txt\">\n<ul>\n<li>Low pressure loss<\/li>\n<li>Low operating expenses<\/li>\n<\/ul>\n<\/div>\n<\/div>\n<\/div>\n<div class=\"wrp clearfix\">\n<div class=\"tripleContent\">\n<p><b>HIGH TENSILE STEEL WIRE<\/b><\/p>\n<div class=\"txt\">\n<ul>\n<li>High strength<\/li>\n<li>Not deformed<\/li>\n<li>Easy montage<\/li>\n<\/ul>\n<\/div>\n<\/div>\n<\/div>","protected":false},"excerpt":{"rendered":"<p>POLYAFS \u0130zolesiz polyester flexible flexible hava kanallar\u0131 Genel \u00d6zellikler Flexible Kanal Konstr\u00fcksiyonu 2 kat Polyester Flexible Kanal Nominal Kal\u0131nl\u0131\u011f\u0131 30 mikron \u00c7ap Aral\u0131\u011f\u0131 82 mm &#8211; 800 mm \u00c7al\u0131\u015fma S\u0131cakl\u0131\u011f\u0131 Aral\u0131\u011f\u0131 -30 \u00b0C \/ +120 \u00b0C Hava Ak\u0131\u015f H\u0131z\u0131 30 m\/s (maksimum) \u00c7al\u0131\u015fma Bas\u0131nc\u0131 3000 Pa (maksimum) Standart Uzunluk 7.6 m Paketleme Tekli karton kutu [&#8230;]\n","protected":false},"featured_media":6971,"comment_status":"open","ping_status":"closed","template":"","meta":{"jetpack_post_was_ever_published":false},"product_brand":[],"product_cat":[138],"product_tag":[265,264,260,261,258,266,262,259,267,263],"class_list":{"0":"post-846","1":"product","2":"type-product","3":"status-publish","4":"has-post-thumbnail","6":"product_cat-polyester-esnek-havalandirma-kanali","7":"product_tag-bukulme","8":"product_tag-esneme","9":"product_tag-havalandirma-ve-iklimlendirme-sistemleri","10":"product_tag-helezon-celik","11":"product_tag-isitma","12":"product_tag-sikistirilabilme","13":"product_tag-sizdirmaz","14":"product_tag-sogutma","15":"product_tag-tasima-kolayligi","16":"product_tag-yogusmayi-engelleme","18":"first","19":"instock","20":"taxable","21":"shipping-taxable","22":"product-type-variable"},"jetpack-related-posts":[],"jetpack_sharing_enabled":true,"jetpack_likes_enabled":true,"_links":{"self":[{"href":"https:\/\/tuzlahortum.com.tr\/en\/wp-json\/wp\/v2\/product\/846","targetHints":{"allow":["GET"]}}],"collection":[{"href":"https:\/\/tuzlahortum.com.tr\/en\/wp-json\/wp\/v2\/product"}],"about":[{"href":"https:\/\/tuzlahortum.com.tr\/en\/wp-json\/wp\/v2\/types\/product"}],"replies":[{"embeddable":true,"href":"https:\/\/tuzlahortum.com.tr\/en\/wp-json\/wp\/v2\/comments?post=846"}],"wp:featuredmedia":[{"embeddable":true,"href":"https:\/\/tuzlahortum.com.tr\/en\/wp-json\/wp\/v2\/media\/6971"}],"wp:attachment":[{"href":"https:\/\/tuzlahortum.com.tr\/en\/wp-json\/wp\/v2\/media?parent=846"}],"wp:term":[{"taxonomy":"product_brand","embeddable":true,"href":"https:\/\/tuzlahortum.com.tr\/en\/wp-json\/wp\/v2\/product_brand?post=846"},{"taxonomy":"product_cat","embeddable":true,"href":"https:\/\/tuzlahortum.com.tr\/en\/wp-json\/wp\/v2\/product_cat?post=846"},{"taxonomy":"product_tag","embeddable":true,"href":"https:\/\/tuzlahortum.com.tr\/en\/wp-json\/wp\/v2\/product_tag?post=846"}],"curies":[{"name":"wp","href":"https:\/\/api.w.org\/{rel}","templated":true}]}}