{"id":839,"date":"2019-02-06T23:54:33","date_gmt":"2019-02-06T20:54:33","guid":{"rendered":"http:\/\/hortum.com.tr\/product\/import-placeholder-for-142\/"},"modified":"2024-03-21T17:41:47","modified_gmt":"2024-03-21T14:41:47","slug":"alcak-yogunluk-1-kalite-polietilen-su-borulari","status":"publish","type":"product","link":"https:\/\/tuzlahortum.com.tr\/en\/product\/alcak-yogunluk-1-kalite-polietilen-su-borulari\/","title":{"rendered":"Low Density 1st Quality Polyethylene Water Pipes"},"content":{"rendered":"<h2>Low Density 1st Quality Polyethylene Water Pipes<\/h2>\n<p><strong>Features<\/strong> It is produced from 1st quality polyethylene raw material. Being soft and flexible provides ease of assembly. It is produced according to TS 418-2 norm.<\/p>\n<p><strong>Operating temperature<\/strong> -5\u00b0C to +60\u00b0C<\/p>\n<p><strong>Usage areas<\/strong> It is used in city mains water distribution and landscaping works. It is produced in light blue and white colors.<\/p>\n<div class=\"video video-fit mb\" style=\"padding-top:56.25%;\"><p><iframe loading=\"lazy\" title=\"Measurement Confusion (Inch, Finger, Haze, Millimeter)\" width=\"1020\" height=\"574\" src=\"https:\/\/www.youtube.com\/embed\/uKk6AG_AZls?feature=oembed\" frameborder=\"0\" allow=\"accelerometer; autoplay; clipboard-write; encrypted-media; gyroscope; picture-in-picture; web-share\" referrerpolicy=\"strict-origin-when-cross-origin\" allowfullscreen><\/iframe><\/p>\n<\/div>\n<table class=\"table table-bordered\">\n<thead>\n<tr>\n<th><\/th>\n<th>Diameter(inch)<\/th>\n<th>Outer Diameter (mm)<\/th>\n<th>\u00a0 D.Pressure (bar)<\/th>\n<th>Length(mt)<\/th>\n<\/tr>\n<\/thead>\n<tbody>\n<tr>\n<th scope=\"row\"><\/th>\n<td>1\/2\u2033<\/td>\n<td>20<\/td>\n<td>10<\/td>\n<td>100<\/td>\n<\/tr>\n<tr>\n<th scope=\"row\"><\/th>\n<td>3,4\u2033<\/td>\n<td>25<\/td>\n<td>10<\/td>\n<td>100<\/td>\n<\/tr>\n<tr>\n<th scope=\"row\"><\/th>\n<td>1\u2033<\/td>\n<td>32<\/td>\n<td>10<\/td>\n<td>100<\/td>\n<\/tr>\n<tr>\n<th scope=\"row\"><\/th>\n<td>1 1\/4\u2033<\/td>\n<td>40<\/td>\n<td>10<\/td>\n<td>100<\/td>\n<\/tr>\n<tr>\n<th scope=\"row\"><\/th>\n<td>1 1\/2\u2033<\/td>\n<td>50<\/td>\n<td>10<\/td>\n<td>100<\/td>\n<\/tr>\n<tr>\n<th scope=\"row\"><\/th>\n<td>2\u2033<\/td>\n<td>63<\/td>\n<td>10<\/td>\n<td>100<\/td>\n<\/tr>\n<tr>\n<th scope=\"row\"><\/th>\n<td>1\/2\u2033<\/td>\n<td>20<\/td>\n<td>6<\/td>\n<td>100<\/td>\n<\/tr>\n<tr>\n<th scope=\"row\"><\/th>\n<td>3,4\u2033<\/td>\n<td>25<\/td>\n<td>6<\/td>\n<td>100<\/td>\n<\/tr>\n<tr>\n<th scope=\"row\"><\/th>\n<td>1\u2033<\/td>\n<td>32<\/td>\n<td>6<\/td>\n<td>100<\/td>\n<\/tr>\n<tr>\n<th scope=\"row\"><\/th>\n<td>1 1\/4\u2033<\/td>\n<td>40<\/td>\n<td>6<\/td>\n<td>100<\/td>\n<\/tr>\n<tr>\n<th scope=\"row\"><\/th>\n<td>1 1\/2\u2033<\/td>\n<td>50<\/td>\n<td>6<\/td>\n<td>100<\/td>\n<\/tr>\n<tr>\n<th scope=\"row\"><\/th>\n<td>2\u2033<\/td>\n<td>63<\/td>\n<td>6<\/td>\n<td>100<\/td>\n<\/tr>\n<\/tbody>\n<\/table>","protected":false},"excerpt":{"rendered":"<p>Al\u00e7ak Yo\u011funluk 1. Kalite Polietilen Su Borular\u0131 \u00d6zellikler 1. kalite polietilen hammaddeden \u00fcretilmi\u015ftir. Yumu\u015fak ve esnek olmas\u0131 montaj kolayl\u0131\u011f\u0131 sa\u011flar. TS 418-2 normuna g\u00f6re \u00fcretilmi\u015ftir. \u00c7al\u0131\u015fma S\u0131cakl\u0131\u011f\u0131 -5\u00b0C ile +60\u00b0C aras\u0131 Kullan\u0131m Alanlar\u0131 \u015eehir \u015febeke suyu da\u011f\u0131t\u0131m\u0131nda ve peysaj d\u00fczenleme i\u015flerinde kullan\u0131l\u0131r. A\u00e7\u0131k mavi ve beyaz renkte \u00fcretilir. \u00c7ap(inch) D\u0131\u015f \u00c7ap (mm) \u00a0 \u00c7.Bas\u0131nc\u0131 \u00a0 [&#8230;]\n","protected":false},"featured_media":1450,"comment_status":"open","ping_status":"closed","template":"","meta":{"jetpack_post_was_ever_published":false},"product_brand":[],"product_cat":[167],"product_tag":[1096,1098,1095,1094,1097],"class_list":{"0":"post-839","1":"product","2":"type-product","3":"status-publish","4":"has-post-thumbnail","6":"product_cat-polietilen-su-borulari","7":"product_tag-beyaz","8":"product_tag-kangal","9":"product_tag-sebeke","10":"product_tag-sehir","11":"product_tag-toprak-alti","13":"first","14":"instock","15":"taxable","16":"shipping-taxable","17":"product-type-variable"},"jetpack-related-posts":[{"id":5473,"url":"https:\/\/tuzlahortum.com.tr\/en\/product\/alcak-yogunluk-2-kalite-polietilen-su-borulari\/","url_meta":{"origin":839,"position":0},"title":"Low Density 2nd Quality Polyethylene Water Pipes","author":"\u0130smail \u00c7elik","date":"28 February 2019","format":false,"excerpt":"Al\u00e7ak Yo\u011funluk 2. Kalite Polietilen Su Borular\u0131 \u00d6zellikler 2. kalite polietilen hammaddeden \u00fcretilmi\u015ftir. Yumu\u015fak ve esnek olmas\u0131 montaj kolayl\u0131\u011f\u0131 sa\u011flar. TS 418-2 normuna g\u00f6re \u00fcretilmi\u015ftir. \u00c7al\u0131\u015fma S\u0131cakl\u0131\u011f\u0131 -5\u00b0C ile +60\u00b0C aras\u0131 Kullan\u0131m Alanlar\u0131 \u015eehir \u015febeke suyu da\u011f\u0131t\u0131m\u0131nda ve peysaj d\u00fczenleme i\u015flerinde kullan\u0131l\u0131r. A\u00e7\u0131k mavi ve beyaz renkte \u00fcretilir. \u00c7ap(inch) D\u0131\u015f\u2026","rel":"","context":"Similar post","block_context":{"text":"Similar post","link":""},"img":{"alt_text":"","src":"https:\/\/i0.wp.com\/tuzlahortum.com.tr\/wp-content\/uploads\/2019\/02\/AL%C3%87AK-YO%C4%9EUNLUK-2.-KAL%C4%B0TE-P.E.-SU-BORULARI.jpg?fit=640%2C480&ssl=1&resize=350%2C200","width":350,"height":200,"srcset":"https:\/\/i0.wp.com\/tuzlahortum.com.tr\/wp-content\/uploads\/2019\/02\/AL%C3%87AK-YO%C4%9EUNLUK-2.-KAL%C4%B0TE-P.E.-SU-BORULARI.jpg?fit=640%2C480&ssl=1&resize=350%2C200 1x, https:\/\/i0.wp.com\/tuzlahortum.com.tr\/wp-content\/uploads\/2019\/02\/AL%C3%87AK-YO%C4%9EUNLUK-2.-KAL%C4%B0TE-P.E.-SU-BORULARI.jpg?fit=640%2C480&ssl=1&resize=525%2C300 1.5x"},"classes":[]},{"id":831,"url":"https:\/\/tuzlahortum.com.tr\/en\/product\/pnomatik-polietilen-hortum\/","url_meta":{"origin":839,"position":1},"title":"Pneumatic Polyethylene Hose","author":"admin","date":"6 February 2019","format":false,"excerpt":"Pnomatik Polietilen Hortum TEKN\u0130K B\u0130LG\u0130LER Fiziksel \u00d6zellikleri D\u00fc\u015f\u00fck yo\u011funluk, d\u00fc\u015f\u00fck a\u011f\u0131rl\u0131k Gerilim alt\u0131nda \u00e7atlamaya kar\u015f\u0131 mukavemet Kolay i\u015fleme D\u0131\u015f etkenlerden , nemden etkilenmeme Sa\u011fl\u0131\u011fa uygunluluk Bask\u0131 ve renklendirmeye uygunluk Kolay \u015fekil verilebilme Hidroliz dayan\u0131m\u0131 Otomatik rakorlar ile kolay kullan\u0131m Y\u00fcksek kimyasal ak\u0131\u015fkan dayan\u0131m\u0131 Hammadde \u00d6zellikleri Yo\u011funluk: 0.921 g\/cm3 Sertlik: 47\u2026","rel":"","context":"Similar post","block_context":{"text":"Similar post","link":""},"img":{"alt_text":"","src":"https:\/\/i0.wp.com\/tuzlahortum.com.tr\/wp-content\/uploads\/urunler\/Pnomatik\/pno.polietilen-hortum.jpg?fit=700%2C421&ssl=1&resize=350%2C200","width":350,"height":200,"srcset":"https:\/\/i0.wp.com\/tuzlahortum.com.tr\/wp-content\/uploads\/urunler\/Pnomatik\/pno.polietilen-hortum.jpg?fit=700%2C421&ssl=1&resize=350%2C200 1x, https:\/\/i0.wp.com\/tuzlahortum.com.tr\/wp-content\/uploads\/urunler\/Pnomatik\/pno.polietilen-hortum.jpg?fit=700%2C421&ssl=1&resize=525%2C300 1.5x, https:\/\/i0.wp.com\/tuzlahortum.com.tr\/wp-content\/uploads\/urunler\/Pnomatik\/pno.polietilen-hortum.jpg?fit=700%2C421&ssl=1&resize=700%2C400 2x"},"classes":[]},{"id":824,"url":"https:\/\/tuzlahortum.com.tr\/en\/product\/meteor-orgulu-hortumlar-standart\/","url_meta":{"origin":839,"position":2},"title":"Meteor Braided Hoses (STANDARD)","author":"admin","date":"6 February 2019","format":false,"excerpt":"Meteor \u00d6rg\u00fcl\u00fc Hortumlar (STANDART)\u00d6zellikler Alt kat y\u00fcksek kaliteli kau\u00e7uk takviyeli PVC malzeme, takviye, y\u00fcksek mukavemetli polyester iplik, \u00fcst katta a\u015f\u0131nmaya ve hava \u015fartlar\u0131nadayan\u0131kl\u0131 PVC ile \u00fcretilmi\u015ftir. \u00c7al\u0131\u015fma S\u0131cakl\u0131\u011f\u0131 -10\u00b0C ile +50\u00b0C aras\u0131 Kullan\u0131m Alanlar\u0131 Ev, bah\u00e7e, tarla, sanayi ve in\u015faat sekt\u00f6r\u00fcnde sulama ve tahliye i\u015flerinde ve hafif kimyasal maddelerin nakliyesinde\u2026","rel":"","context":"Similar post","block_context":{"text":"Similar post","link":""},"img":{"alt_text":"","src":"https:\/\/i0.wp.com\/tuzlahortum.com.tr\/wp-content\/uploads\/2019\/03\/Meteor-%C3%96rg%C3%BCl%C3%BC-HortumlarSTANDART.jpg?fit=640%2C480&ssl=1&resize=350%2C200","width":350,"height":200,"srcset":"https:\/\/i0.wp.com\/tuzlahortum.com.tr\/wp-content\/uploads\/2019\/03\/Meteor-%C3%96rg%C3%BCl%C3%BC-HortumlarSTANDART.jpg?fit=640%2C480&ssl=1&resize=350%2C200 1x, https:\/\/i0.wp.com\/tuzlahortum.com.tr\/wp-content\/uploads\/2019\/03\/Meteor-%C3%96rg%C3%BCl%C3%BC-HortumlarSTANDART.jpg?fit=640%2C480&ssl=1&resize=525%2C300 1.5x"},"classes":[]},{"id":5392,"url":"https:\/\/tuzlahortum.com.tr\/en\/product\/meteor-orgulu-hortumlar-super\/","url_meta":{"origin":839,"position":3},"title":"Meteor Braided Hoses (SUPER)","author":"\u0130smail \u00c7elik","date":"28 February 2019","format":false,"excerpt":"Meteor Braided Hoses (SUPER) Features Manufactured with high quality rubber reinforced PVC material on the bottom layer, reinforcement, high strength polyester yarn, abrasion and weather resistant PVC on the top layer. Operating Temperature -10\u00b0C to +50\u00b0C Application Areas Irrigation and drainage works in home, garden, field, industry and construction sectors, and the use of light chemical...","rel":"","context":"Similar post","block_context":{"text":"Similar post","link":""},"img":{"alt_text":"","src":"https:\/\/i0.wp.com\/tuzlahortum.com.tr\/wp-content\/uploads\/2019\/03\/Meteor-%C3%96rg%C3%BCl%C3%BC-HortumlarSTANDART.jpg?fit=640%2C480&ssl=1&resize=350%2C200","width":350,"height":200,"srcset":"https:\/\/i0.wp.com\/tuzlahortum.com.tr\/wp-content\/uploads\/2019\/03\/Meteor-%C3%96rg%C3%BCl%C3%BC-HortumlarSTANDART.jpg?fit=640%2C480&ssl=1&resize=350%2C200 1x, https:\/\/i0.wp.com\/tuzlahortum.com.tr\/wp-content\/uploads\/2019\/03\/Meteor-%C3%96rg%C3%BCl%C3%BC-HortumlarSTANDART.jpg?fit=640%2C480&ssl=1&resize=525%2C300 1.5x"},"classes":[]},{"id":833,"url":"https:\/\/tuzlahortum.com.tr\/en\/product\/polietilen-spiral-hortum\/","url_meta":{"origin":839,"position":4},"title":"Polyethylene Spiral Hose","author":"admin","date":"6 February 2019","format":false,"excerpt":"Polyethylene Spiral Hose Shrink Shrink Shrink Hose with 1\/4 Fitting at both ends and springs at both ends","rel":"","context":"Similar post","block_context":{"text":"Similar post","link":""},"img":{"alt_text":"","src":"https:\/\/i0.wp.com\/tuzlahortum.com.tr\/wp-content\/uploads\/urunler\/Pnomatik\/0001950_5x8-polietilen-damper-hortumu-takim-45-metre_550.jpeg?fit=550%2C550&ssl=1&resize=350%2C200","width":350,"height":200,"srcset":"https:\/\/i0.wp.com\/tuzlahortum.com.tr\/wp-content\/uploads\/urunler\/Pnomatik\/0001950_5x8-polietilen-damper-hortumu-takim-45-metre_550.jpeg?fit=550%2C550&ssl=1&resize=350%2C200 1x, https:\/\/i0.wp.com\/tuzlahortum.com.tr\/wp-content\/uploads\/urunler\/Pnomatik\/0001950_5x8-polietilen-damper-hortumu-takim-45-metre_550.jpeg?fit=550%2C550&ssl=1&resize=525%2C300 1.5x"},"classes":[]},{"id":22720,"url":"https:\/\/tuzlahortum.com.tr\/en\/product\/selwater\/","url_meta":{"origin":839,"position":5},"title":"SELWATER","author":"admin","date":"11 August 2025","format":false,"excerpt":"\u00a0 \u00dcr\u00fcn Ad\u0131: SELWATER \u00dcr\u00fcn Kodu: WAT510 Tekstil \u00d6rg\u00fcl\u00fc Orta Bas\u0131n\u00e7 Su Kullanim Alan\u0131 : Orta Bas\u0131n\u00e7ta Ya\u011flama Tabancalar\u0131 \u0130\u00e7in Su ve Ya\u011f \u0130\u00e7in. Alt Katman : Ya\u011f, gres ve su bazl\u0131 s\u0131v\u0131lara dayan\u0131kl\u0131 polietilen. Takviye Katman\u0131 : Y\u00fcksek Mukavemetli Polyester Fiber \u00d6rg\u00fc. \u00dcst Katman : Hava Ko\u015fullar\u0131na Dayan\u0131kl\u0131 Termorub\u00ae.\u2026","rel":"","context":"Similar post","block_context":{"text":"Similar post","link":""},"img":{"alt_text":"","src":"https:\/\/i0.wp.com\/tuzlahortum.com.tr\/wp-content\/uploads\/2025\/08\/THERMO_32.png?fit=592%2C592&ssl=1&resize=350%2C200","width":350,"height":200,"srcset":"https:\/\/i0.wp.com\/tuzlahortum.com.tr\/wp-content\/uploads\/2025\/08\/THERMO_32.png?fit=592%2C592&ssl=1&resize=350%2C200 1x, https:\/\/i0.wp.com\/tuzlahortum.com.tr\/wp-content\/uploads\/2025\/08\/THERMO_32.png?fit=592%2C592&ssl=1&resize=525%2C300 1.5x"},"classes":[]}],"jetpack_sharing_enabled":true,"jetpack_likes_enabled":true,"_links":{"self":[{"href":"https:\/\/tuzlahortum.com.tr\/en\/wp-json\/wp\/v2\/product\/839","targetHints":{"allow":["GET"]}}],"collection":[{"href":"https:\/\/tuzlahortum.com.tr\/en\/wp-json\/wp\/v2\/product"}],"about":[{"href":"https:\/\/tuzlahortum.com.tr\/en\/wp-json\/wp\/v2\/types\/product"}],"replies":[{"embeddable":true,"href":"https:\/\/tuzlahortum.com.tr\/en\/wp-json\/wp\/v2\/comments?post=839"}],"wp:featuredmedia":[{"embeddable":true,"href":"https:\/\/tuzlahortum.com.tr\/en\/wp-json\/wp\/v2\/media\/1450"}],"wp:attachment":[{"href":"https:\/\/tuzlahortum.com.tr\/en\/wp-json\/wp\/v2\/media?parent=839"}],"wp:term":[{"taxonomy":"product_brand","embeddable":true,"href":"https:\/\/tuzlahortum.com.tr\/en\/wp-json\/wp\/v2\/product_brand?post=839"},{"taxonomy":"product_cat","embeddable":true,"href":"https:\/\/tuzlahortum.com.tr\/en\/wp-json\/wp\/v2\/product_cat?post=839"},{"taxonomy":"product_tag","embeddable":true,"href":"https:\/\/tuzlahortum.com.tr\/en\/wp-json\/wp\/v2\/product_tag?post=839"}],"curies":[{"name":"wp","href":"https:\/\/api.w.org\/{rel}","templated":true}]}}