{"id":830,"date":"2019-02-06T23:54:31","date_gmt":"2019-02-06T20:54:31","guid":{"rendered":"http:\/\/hortum.com.tr\/product\/import-placeholder-for-610\/"},"modified":"2025-08-20T11:44:59","modified_gmt":"2025-08-20T08:44:59","slug":"pnomatik-polyamid-hortum","status":"publish","type":"product","link":"https:\/\/tuzlahortum.com.tr\/en\/product\/pnomatik-polyamid-hortum\/","title":{"rendered":"Pneumatic Polyamide Hose"},"content":{"rendered":"<h2>Pneumatic Polyamide Hose<\/h2>\n<div class=\"productsTechnical\"><span class=\"head\">TECHNICAL INFORMATION<\/span><\/div>\n<div><\/div>\n<div class=\"productsTechnical\">\n<p><span class=\"technical\">Physical characteristics<\/span><\/p>\n<ul>\n<li>High impact resistance at low temperature<\/li>\n<li>UV and temperature resistance<\/li>\n<li>High compressive strength<\/li>\n<li>Outdoor wear resistance<\/li>\n<li>Easy to use with automatic coupling<\/li>\n<li>Hydrolysis resistance<\/li>\n<li>High measurement accuracy<\/li>\n<li>Zinc chloride resistance<\/li>\n<li>High resistance to fuel, oil and chemicals<\/li>\n<\/ul>\n<div class=\"video video-fit mb\" style=\"padding-top:56.25%;\"><p><iframe loading=\"lazy\" title=\"Measurement Confusion (Inch, Finger, Haze, Millimeter)\" width=\"1020\" height=\"574\" src=\"https:\/\/www.youtube.com\/embed\/uKk6AG_AZls?feature=oembed\" frameborder=\"0\" allow=\"accelerometer; autoplay; clipboard-write; encrypted-media; gyroscope; picture-in-picture; web-share\" referrerpolicy=\"strict-origin-when-cross-origin\" allowfullscreen><\/iframe><\/p>\n<\/div>\n<p><span class=\"technical\">Raw Material Properties<\/span><\/p>\n<ul>\n<li>Density: 1.02 g\/cm3<\/li>\n<li>Hardness 67 D<\/li>\n<li>Melting temperature 173 \u00baC<\/li>\n<li>Water absorption 1.4 %<\/li>\n<li>Moisture absorption 0.7 %<\/li>\n<li>Working pressures are between 15 atm and 50 atm.<\/li>\n<li>Burst pressures are between 45 atm and 150 atm. These values are valid for 23\u00baC (73\u00baF), vary according to the diameters and margins of the hoses.<\/li>\n<li>Temperature limit -40\u00baC\/+90\u00baC (-40\u00baF\/+194\u00baF)<\/li>\n<\/ul>\n<\/div>","protected":false},"excerpt":{"rendered":"<p>Pnomatik Polyamid Hortum TEKN\u0130K B\u0130LG\u0130LER Fiziksel \u00d6zellikleri D\u00fc\u015f\u00fck s\u0131cakl\u0131kta y\u00fcksek darbe dayan\u0131m\u0131 UV ve s\u0131cakl\u0131k dayan\u0131m\u0131 Y\u00fcksek bas\u0131n\u00e7 dayan\u0131m\u0131 D\u0131\u015f ortam a\u015f\u0131nma direnci Otomatik rakor ile kolay kullan\u0131m Hidroliz dayan\u0131m\u0131 Y\u00fcksek \u00f6l\u00e7\u00fc hassasiyeti \u00c7inko klor\u00fcr dayan\u0131m\u0131 Akaryak\u0131t, ya\u011f ve kimyasallara kar\u015f\u0131 y\u00fcksek dayan\u0131m Hammadde \u00d6zellikleri Yo\u011funluk: 1,02 g\/cm3 Sertlik 67 D Erime s\u0131cakl\u0131\u011f\u0131 173 \u00baC [&#8230;]\n","protected":false},"featured_media":2052,"comment_status":"open","ping_status":"closed","template":"","meta":{"jetpack_post_was_ever_published":false},"product_brand":[],"product_cat":[166],"product_tag":[290,1080,1082,1081],"class_list":{"0":"post-830","1":"product","2":"type-product","3":"status-publish","4":"has-post-thumbnail","6":"product_cat-pnomatik-hortumlar","7":"product_tag-hortum","8":"product_tag-pnomatik","9":"product_tag-pnomatik-polyamid-hortum","10":"product_tag-polyamid","12":"first","13":"instock","14":"taxable","15":"shipping-taxable","16":"product-type-variable"},"jetpack-related-posts":[],"jetpack_sharing_enabled":true,"jetpack_likes_enabled":true,"_links":{"self":[{"href":"https:\/\/tuzlahortum.com.tr\/en\/wp-json\/wp\/v2\/product\/830","targetHints":{"allow":["GET"]}}],"collection":[{"href":"https:\/\/tuzlahortum.com.tr\/en\/wp-json\/wp\/v2\/product"}],"about":[{"href":"https:\/\/tuzlahortum.com.tr\/en\/wp-json\/wp\/v2\/types\/product"}],"replies":[{"embeddable":true,"href":"https:\/\/tuzlahortum.com.tr\/en\/wp-json\/wp\/v2\/comments?post=830"}],"wp:featuredmedia":[{"embeddable":true,"href":"https:\/\/tuzlahortum.com.tr\/en\/wp-json\/wp\/v2\/media\/2052"}],"wp:attachment":[{"href":"https:\/\/tuzlahortum.com.tr\/en\/wp-json\/wp\/v2\/media?parent=830"}],"wp:term":[{"taxonomy":"product_brand","embeddable":true,"href":"https:\/\/tuzlahortum.com.tr\/en\/wp-json\/wp\/v2\/product_brand?post=830"},{"taxonomy":"product_cat","embeddable":true,"href":"https:\/\/tuzlahortum.com.tr\/en\/wp-json\/wp\/v2\/product_cat?post=830"},{"taxonomy":"product_tag","embeddable":true,"href":"https:\/\/tuzlahortum.com.tr\/en\/wp-json\/wp\/v2\/product_tag?post=830"}],"curies":[{"name":"wp","href":"https:\/\/api.w.org\/{rel}","templated":true}]}}