{"id":828,"date":"2019-02-06T23:54:30","date_gmt":"2019-02-06T20:54:30","guid":{"rendered":"http:\/\/hortum.com.tr\/product\/import-placeholder-for-124\/"},"modified":"2024-03-21T17:41:54","modified_gmt":"2024-03-21T14:41:54","slug":"te-tipi-gri-toz-emis-hortumu-standart","status":"publish","type":"product","link":"https:\/\/tuzlahortum.com.tr\/en\/product\/te-tipi-gri-toz-emis-hortumu-standart\/","title":{"rendered":"TE Type Gray Dust Suction Hose (STANDARD)"},"content":{"rendered":"<h2>TE Type Gray Dust Suction Hose (STANDARD)<\/h2>\n<p>Features<\/p>\n<p>It can be used as a transmitter. Flexible transparent PVC, high strength, maximum break resistant<\/p>\n<p>It is produced with rigid PVC reinforcement. The inner surface is smooth, the outer surface is knotty.<br \/>\nOperating temperature<\/p>\n<p>-5\u00b0C to +60\u00b0C<\/p>\n<p>Usage areas<\/p>\n<p>All kinds of air, smoke, gas, sawdust, etc. It is used in suction works, especially in the textile and furniture industry.<\/p>\n<div class=\"video video-fit mb\" style=\"padding-top:56.25%;\"><p><iframe loading=\"lazy\" title=\"Measurement Confusion (Inch, Finger, Haze, Millimeter)\" width=\"1020\" height=\"574\" src=\"https:\/\/www.youtube.com\/embed\/uKk6AG_AZls?feature=oembed\" frameborder=\"0\" allow=\"accelerometer; autoplay; clipboard-write; encrypted-media; gyroscope; picture-in-picture; web-share\" referrerpolicy=\"strict-origin-when-cross-origin\" allowfullscreen><\/iframe><\/p>\n<\/div>\n<div class=\"video video-fit mb\" style=\"padding-top:56.25%;\"><p>https:\/\/www.youtube.com\/watch?v=O8ZlzKEjfEQ%20<\/p>\n<\/div>\n<p><img data-recalc-dims=\"1\" loading=\"lazy\" decoding=\"async\" class=\"alignnone size-full wp-image-1991\" src=\"https:\/\/i0.wp.com\/hortum.com.tr\/wp-content\/uploads\/urunler\/plastik\/TE-TI%CC%87PI%CC%87-TOZ-EMI%CC%87CI%CC%87-SPI%CC%87RAL-HORTUM-STANDART.jpg?resize=308%2C306\" alt=\"\" width=\"308\" height=\"306\" title=\"\" srcset=\"https:\/\/i0.wp.com\/tuzlahortum.com.tr\/wp-content\/uploads\/urunler\/plastik\/TE-TI%CC%87PI%CC%87-TOZ-EMI%CC%87CI%CC%87-SPI%CC%87RAL-HORTUM-STANDART.jpg?w=308&amp;ssl=1 308w, https:\/\/i0.wp.com\/tuzlahortum.com.tr\/wp-content\/uploads\/urunler\/plastik\/TE-TI%CC%87PI%CC%87-TOZ-EMI%CC%87CI%CC%87-SPI%CC%87RAL-HORTUM-STANDART.jpg?resize=100%2C100&amp;ssl=1 100w\" sizes=\"auto, (max-width: 308px) 100vw, 308px\" \/><\/p>","protected":false},"excerpt":{"rendered":"<p>TE Tipi Gri Toz Emi\u015f Hortumu (STANDART) \u00d6zellikler Verici olarak kullan\u0131labilir. Esnek \u015feffaf PVC, y\u00fcksek mukavemetli, k\u0131r\u0131lmaya kar\u015f\u0131 maksimum dayan\u0131kl\u0131 sert PVC takviyesiyle \u00fcretilmektedir. \u0130\u00e7 y\u00fczey d\u00fcz, d\u0131\u015f y\u00fczey bo\u011fumludur. \u00c7al\u0131\u015fma S\u0131cakl\u0131\u011f\u0131 -5\u00b0C ile +60\u00b0C aras\u0131 Kullan\u0131m Alanlar\u0131 Her t\u00fcrl\u00fc hava, duman, gaz, tala\u015f vb. emme i\u015flerinde \u00f6zellikle tekstil ve mobilya sekt\u00f6r\u00fcnde kullan\u0131l\u0131r.<\/p>","protected":false},"featured_media":2034,"comment_status":"open","ping_status":"closed","template":"","meta":{"jetpack_post_was_ever_published":false},"product_brand":[],"product_cat":[168],"product_tag":[1016,1070,969,1071,1069,625,629,723,1068],"class_list":{"0":"post-828","1":"product","2":"type-product","3":"status-publish","4":"has-post-thumbnail","6":"product_cat-pvc-spiralli-hortumlari","7":"product_tag-bogumlu","8":"product_tag-cok-esnek-hortum","9":"product_tag-ekonomik","10":"product_tag-hafif","11":"product_tag-havalandirma-hortumu","12":"product_tag-insaat","13":"product_tag-maden-ocaklari","14":"product_tag-sanayi","15":"product_tag-te-tipi-gri-toz-emis-hortumu","17":"first","18":"instock","19":"taxable","20":"shipping-taxable","21":"product-type-variable"},"jetpack-related-posts":[],"jetpack_sharing_enabled":true,"jetpack_likes_enabled":true,"_links":{"self":[{"href":"https:\/\/tuzlahortum.com.tr\/en\/wp-json\/wp\/v2\/product\/828","targetHints":{"allow":["GET"]}}],"collection":[{"href":"https:\/\/tuzlahortum.com.tr\/en\/wp-json\/wp\/v2\/product"}],"about":[{"href":"https:\/\/tuzlahortum.com.tr\/en\/wp-json\/wp\/v2\/types\/product"}],"replies":[{"embeddable":true,"href":"https:\/\/tuzlahortum.com.tr\/en\/wp-json\/wp\/v2\/comments?post=828"}],"wp:featuredmedia":[{"embeddable":true,"href":"https:\/\/tuzlahortum.com.tr\/en\/wp-json\/wp\/v2\/media\/2034"}],"wp:attachment":[{"href":"https:\/\/tuzlahortum.com.tr\/en\/wp-json\/wp\/v2\/media?parent=828"}],"wp:term":[{"taxonomy":"product_brand","embeddable":true,"href":"https:\/\/tuzlahortum.com.tr\/en\/wp-json\/wp\/v2\/product_brand?post=828"},{"taxonomy":"product_cat","embeddable":true,"href":"https:\/\/tuzlahortum.com.tr\/en\/wp-json\/wp\/v2\/product_cat?post=828"},{"taxonomy":"product_tag","embeddable":true,"href":"https:\/\/tuzlahortum.com.tr\/en\/wp-json\/wp\/v2\/product_tag?post=828"}],"curies":[{"name":"wp","href":"https:\/\/api.w.org\/{rel}","templated":true}]}}