{"id":827,"date":"2019-02-06T23:54:30","date_gmt":"2019-02-06T20:54:30","guid":{"rendered":"http:\/\/hortum.com.tr\/product\/import-placeholder-for-120\/"},"modified":"2024-03-21T17:41:55","modified_gmt":"2024-03-21T14:41:55","slug":"e-tipi-beyaz-emici-hortum","status":"publish","type":"product","link":"https:\/\/tuzlahortum.com.tr\/en\/product\/e-tipi-beyaz-emici-hortum\/","title":{"rendered":"E Type White Suction Hose"},"content":{"rendered":"<h2>E Type White Suction Hose<\/h2>\n<p>Features<\/p>\n<p>It can be used as a heavy-duty absorber and emitter. Flexible transparent PVC, high strength,<\/p>\n<p>It is produced with a rigid PVC reinforcement that is maximum resistant to breakage. Inner and outer surfaces are smooth.<\/p>\n<p>Operating temperature<\/p>\n<p>-5\u00b0C to +60\u00b0C<\/p>\n<div class=\"video video-fit mb\" style=\"padding-top:56.25%;\"><p><iframe loading=\"lazy\" title=\"Measurement Confusion (Inch, Finger, Haze, Millimeter)\" width=\"1020\" height=\"574\" src=\"https:\/\/www.youtube.com\/embed\/uKk6AG_AZls?feature=oembed\" frameborder=\"0\" allow=\"accelerometer; autoplay; clipboard-write; encrypted-media; gyroscope; picture-in-picture; web-share\" referrerpolicy=\"strict-origin-when-cross-origin\" allowfullscreen><\/iframe><\/p>\n<\/div>\n<div class=\"video video-fit mb\" style=\"padding-top:56.25%;\"><p>https:\/\/www.youtube.com\/watch?v=O8ZlzKEjfEQ%20<\/p>\n<\/div>\n<p>Usage areas<\/p>\n<p>In all kinds of heavy services, pump suctions in agriculture, industry and construction sectors,<\/p>\n<p>It can be used to transport liquid and other materials. In the interior installations of boats and yachts,<\/p>\n<p>It is used in suction and discharge works in vacuum trucks.<\/p>\n<p><img data-recalc-dims=\"1\" loading=\"lazy\" decoding=\"async\" class=\"alignnone size-full wp-image-2023\" src=\"https:\/\/i0.wp.com\/hortum.com.tr\/wp-content\/uploads\/urunler\/plastik\/E-TI%CC%87PI%CC%87-BEYAZ-EMI%CC%87CI%CC%87-SPI%CC%87RAL-HORTUM.jpg?resize=479%2C260\" alt=\"\" width=\"479\" height=\"260\" title=\"\"><\/p>","protected":false},"excerpt":{"rendered":"<p>E Tipi Beyaz Emici Hortum \u00d6zellikler A\u011f\u0131r hizmet emici ve verici olarak kullan\u0131labilir. Esnek \u015feffaf PVC, y\u00fcksek mukavemetli, k\u0131r\u0131lmaya kar\u015f\u0131 maksimum dayan\u0131kl\u0131 sert PVC takviyesiyle \u00fcretilmektedir.\u0130\u00e7 ve d\u0131\u015f y\u00fczey d\u00fczd\u00fcr. \u00c7al\u0131\u015fma S\u0131cakl\u0131\u011f\u0131 -5\u00b0C ile +60\u00b0C aras\u0131 Kullan\u0131m Alanlar\u0131 Tar\u0131m, sanayi ve in\u015faat sekt\u00f6r\u00fcnde her t\u00fcrl\u00fc a\u011f\u0131r hizmetlerde, pompa emi\u015flerinde, likit ve sair malzeme naklinde kullan\u0131labilir. [&#8230;]\n","protected":false},"featured_media":2030,"comment_status":"open","ping_status":"closed","template":"","meta":{"jetpack_post_was_ever_published":false},"product_brand":[],"product_cat":[2327,168],"product_tag":[1063,1054,1066,1064,1067,1055,953,1058,1057,1065],"class_list":{"0":"post-827","1":"product","2":"type-product","3":"status-publish","4":"has-post-thumbnail","6":"product_cat-kanal-acma-hortumlari","7":"product_cat-pvc-spiralli-hortumlari","8":"product_tag-beyaz-emici-hortum","9":"product_tag-emis-hortumu","10":"product_tag-esnek-hortum","11":"product_tag-jakuzi-hortumu","12":"product_tag-supurge-hortumu","13":"product_tag-tekne-hortumu","14":"product_tag-vakum-hortumu","15":"product_tag-vidanjor-hortumu","16":"product_tag-yat-hortumu","17":"product_tag-yumusak-spiral-hortum","19":"first","20":"instock","21":"taxable","22":"shipping-taxable","23":"product-type-variable"},"jetpack-related-posts":[],"jetpack_sharing_enabled":true,"jetpack_likes_enabled":true,"_links":{"self":[{"href":"https:\/\/tuzlahortum.com.tr\/en\/wp-json\/wp\/v2\/product\/827","targetHints":{"allow":["GET"]}}],"collection":[{"href":"https:\/\/tuzlahortum.com.tr\/en\/wp-json\/wp\/v2\/product"}],"about":[{"href":"https:\/\/tuzlahortum.com.tr\/en\/wp-json\/wp\/v2\/types\/product"}],"replies":[{"embeddable":true,"href":"https:\/\/tuzlahortum.com.tr\/en\/wp-json\/wp\/v2\/comments?post=827"}],"wp:featuredmedia":[{"embeddable":true,"href":"https:\/\/tuzlahortum.com.tr\/en\/wp-json\/wp\/v2\/media\/2030"}],"wp:attachment":[{"href":"https:\/\/tuzlahortum.com.tr\/en\/wp-json\/wp\/v2\/media?parent=827"}],"wp:term":[{"taxonomy":"product_brand","embeddable":true,"href":"https:\/\/tuzlahortum.com.tr\/en\/wp-json\/wp\/v2\/product_brand?post=827"},{"taxonomy":"product_cat","embeddable":true,"href":"https:\/\/tuzlahortum.com.tr\/en\/wp-json\/wp\/v2\/product_cat?post=827"},{"taxonomy":"product_tag","embeddable":true,"href":"https:\/\/tuzlahortum.com.tr\/en\/wp-json\/wp\/v2\/product_tag?post=827"}],"curies":[{"name":"wp","href":"https:\/\/api.w.org\/{rel}","templated":true}]}}