{"id":815,"date":"2019-02-06T23:54:08","date_gmt":"2019-02-06T20:54:08","guid":{"rendered":"http:\/\/hortum.com.tr\/product\/import-placeholder-for-575\/"},"modified":"2024-03-21T17:42:05","modified_gmt":"2024-03-21T14:42:05","slug":"seraluks-silikonlu-orgulu-hortum","status":"publish","type":"product","link":"https:\/\/tuzlahortum.com.tr\/en\/product\/seraluks-silikonlu-orgulu-hortum\/","title":{"rendered":"Seral\u00fcks Silicone Braided Hose"},"content":{"rendered":"<h2>Seral\u00fcks Silicone Braided Hose<\/h2>\n<p>Features<\/p>\n<p>The bottom layer is made of transparent PVC and high-strength polyester yarn, the upper layer is made of abrasion-resistant special blend PVC.<br \/>\nOperating temperature<\/p>\n<p>-10\u00b0C to +50\u00b0C<\/p>\n<p>Usage areas<\/p>\n<p>It is used in irrigation and evacuation works in the home, garden, field, industry and construction sector.<\/p>\n<div class=\"video video-fit mb\" style=\"padding-top:56.25%;\"><p><iframe loading=\"lazy\" title=\"Measurement Confusion (Inch, Finger, Haze, Millimeter)\" width=\"1020\" height=\"574\" src=\"https:\/\/www.youtube.com\/embed\/uKk6AG_AZls?feature=oembed\" frameborder=\"0\" allow=\"accelerometer; autoplay; clipboard-write; encrypted-media; gyroscope; picture-in-picture; web-share\" referrerpolicy=\"strict-origin-when-cross-origin\" allowfullscreen><\/iframe><\/p>\n<\/div>\n<p><img data-recalc-dims=\"1\" loading=\"lazy\" decoding=\"async\" class=\"alignnone size-full wp-image-2048\" src=\"https:\/\/i0.wp.com\/hortum.com.tr\/wp-content\/uploads\/2019\/02\/SERAL%C3%9CKS-SILIKONLU-%C3%96RG%C3%9CL%C3%9C-HORTUM.jpg?resize=386%2C108\" alt=\"\" width=\"386\" height=\"108\" title=\"\"><\/p>","protected":false},"excerpt":{"rendered":"<p>Seral\u00fcks Silicone Braided Hose Features Manufactured with transparent PVC and high strength polyester yarn on the bottom layer and abrasion resistant special blend PVC on the top layer. Operating Temperature -10\u00b0C to +50\u00b0C Application Area Irrigation and drainage works in home, garden, field, industry and construction sector.<\/p>","protected":false},"featured_media":1999,"comment_status":"open","ping_status":"closed","template":"","meta":[],"product_brand":[],"product_cat":[165],"product_tag":[795,1024,1025,1027,358,723,962,343,1026],"class_list":{"0":"post-815","1":"product","2":"type-product","3":"status-publish","4":"has-post-thumbnail","6":"product_cat-plastik-bahce-hortumlari","7":"product_tag-bahce","8":"product_tag-elastik","9":"product_tag-ev","10":"product_tag-insaat-sektorunde","11":"product_tag-pvc","12":"product_tag-sanayi","13":"product_tag-sulama","14":"product_tag-tahliye","15":"product_tag-tarla","17":"first","18":"instock","19":"taxable","20":"shipping-taxable","21":"product-type-variable"},"jetpack-related-posts":[{"id":816,"url":"https:\/\/tuzlahortum.com.tr\/en\/product\/seraluks-silikonlu-hortum-standart\/","url_meta":{"origin":815,"position":0},"title":"Seralux Silicone Hose (STANDARD)","author":"admin","date":"6 February 2019","format":false,"excerpt":"Seral\u00fcks Silikonlu Hortum (STANDART)\u00d6zellikler A\u015f\u0131nmaya \u00a0dayan\u0131kl\u0131 \u00f6zel kar\u0131\u015f\u0131m PVC ile \u00fcretilmi\u015ftir. S\u00fcper elastiktir. \u00c7al\u0131\u015fma S\u0131cakl\u0131\u011f\u0131 -10\u00b0C ile +50\u00b0C aras\u0131 Kullan\u0131m Alanlar\u0131 Ev, bah\u00e7e, tarla, sanayi ve in\u015faat sekt\u00f6r\u00fcnde sulama ve tahliye i\u015flerinde kullan\u0131l\u0131r.","rel":"","context":"Similar post","block_context":{"text":"Similar post","link":""},"img":{"alt_text":"","src":"https:\/\/i0.wp.com\/tuzlahortum.com.tr\/wp-content\/uploads\/urunler\/plastik\/SERALU%CC%88KS-SI%CC%87LI%CC%87KONLU-HORTUM-STANDART.jpg?fit=640%2C480&ssl=1&resize=350%2C200","width":350,"height":200,"srcset":"https:\/\/i0.wp.com\/tuzlahortum.com.tr\/wp-content\/uploads\/urunler\/plastik\/SERALU%CC%88KS-SI%CC%87LI%CC%87KONLU-HORTUM-STANDART.jpg?fit=640%2C480&ssl=1&resize=350%2C200 1x, https:\/\/i0.wp.com\/tuzlahortum.com.tr\/wp-content\/uploads\/urunler\/plastik\/SERALU%CC%88KS-SI%CC%87LI%CC%87KONLU-HORTUM-STANDART.jpg?fit=640%2C480&ssl=1&resize=525%2C300 1.5x"},"classes":[]},{"id":2038,"url":"https:\/\/tuzlahortum.com.tr\/en\/product\/seraluks-silikonlu-hortum-super\/","url_meta":{"origin":815,"position":1},"title":"Seralux Silicone Hose (SUPER)","author":"\u0130smail \u00c7elik","date":"12 February 2019","format":false,"excerpt":"Seral\u00fcks Silikonlu Hortum (S\u00dcPER)\u00d6zellikler A\u015f\u0131nmaya \u00a0dayan\u0131kl\u0131 \u00f6zel kar\u0131\u015f\u0131m PVC ile \u00fcretilmi\u015ftir. S\u00fcper elastiktir. \u00c7al\u0131\u015fma S\u0131cakl\u0131\u011f\u0131 -10\u00b0C ile +50\u00b0C aras\u0131 Kullan\u0131m Alanlar\u0131 Ev, bah\u00e7e, tarla, sanayi ve in\u015faat sekt\u00f6r\u00fcnde sulama ve tahliye i\u015flerinde kullan\u0131l\u0131r.","rel":"","context":"Similar post","block_context":{"text":"Similar post","link":""},"img":{"alt_text":"","src":"https:\/\/i0.wp.com\/tuzlahortum.com.tr\/wp-content\/uploads\/urunler\/plastik\/SERALU%CC%88KS-SI%CC%87LI%CC%87KONLU-HORTUM-STANDART.jpg?fit=640%2C480&ssl=1&resize=350%2C200","width":350,"height":200,"srcset":"https:\/\/i0.wp.com\/tuzlahortum.com.tr\/wp-content\/uploads\/urunler\/plastik\/SERALU%CC%88KS-SI%CC%87LI%CC%87KONLU-HORTUM-STANDART.jpg?fit=640%2C480&ssl=1&resize=350%2C200 1x, https:\/\/i0.wp.com\/tuzlahortum.com.tr\/wp-content\/uploads\/urunler\/plastik\/SERALU%CC%88KS-SI%CC%87LI%CC%87KONLU-HORTUM-STANDART.jpg?fit=640%2C480&ssl=1&resize=525%2C300 1.5x"},"classes":[]},{"id":813,"url":"https:\/\/tuzlahortum.com.tr\/en\/product\/orgulu-seffaf-hortum-ekonomik\/","url_meta":{"origin":815,"position":2},"title":"Braided Transparent Hose (ECONOMIC)","author":"admin","date":"6 February 2019","format":false,"excerpt":"Braided Transparent Hose (ECONOMIC) Features Manufactured with transparent PVC and high strength polyester yarn on the bottom layer and abrasion resistant transparent PVC on the top layer. Operating Temperature -10\u00b0C to +50\u00b0C Areas of Use Used for irrigation and drainage works in home, garden, field, industry and construction sector.","rel":"","context":"Similar post","block_context":{"text":"Similar post","link":""},"img":{"alt_text":"","src":"https:\/\/i0.wp.com\/tuzlahortum.com.tr\/wp-content\/uploads\/kategoriler\/orguluseffaf.png?fit=498%2C335&ssl=1&resize=350%2C200","width":350,"height":200},"classes":[]},{"id":814,"url":"https:\/\/tuzlahortum.com.tr\/en\/product\/orgulu-seffaf-hortum-standart\/","url_meta":{"origin":815,"position":3},"title":"Braided Transparent Hose (STANDARD)","author":"admin","date":"6 February 2019","format":false,"excerpt":"Braided Transparent Hose (STANDARD) Features Manufactured with transparent PVC and high strength polyester yarn on the bottom layer and abrasion resistant transparent PVC on the top layer. Operating Temperature -10\u00b0C to +50\u00b0C Areas of Use Used for irrigation and drainage works in home, garden, field, industry and construction sector.","rel":"","context":"Similar post","block_context":{"text":"Similar post","link":""},"img":{"alt_text":"","src":"https:\/\/i0.wp.com\/tuzlahortum.com.tr\/wp-content\/uploads\/kategoriler\/orguluseffaf.png?fit=498%2C335&ssl=1&resize=350%2C200","width":350,"height":200},"classes":[]},{"id":817,"url":"https:\/\/tuzlahortum.com.tr\/en\/product\/super-orgulu-seffaf-hortum\/","url_meta":{"origin":815,"position":4},"title":"Super Braided Transparent Hose","author":"admin","date":"6 February 2019","format":false,"excerpt":"Super Braided Transparent Hose\nFeatures\nLower layer made of transparent PVC and high-strength polyester yarn, upper layer made of abrasion-resistant transparent PVC.\nOperating Temperature: -10\u00b0C to +50\u00b0C\nUsage Areas: Used in homes, gardens, fields, and in the industrial and construction sectors for irrigation and drainage, and for transporting light chemicals.","rel":"","context":"Similar post","block_context":{"text":"Similar post","link":""},"img":{"alt_text":"","src":"https:\/\/i0.wp.com\/tuzlahortum.com.tr\/wp-content\/uploads\/2019\/02\/S%C3%BCper-%C3%96rg%C3%BCl%C3%BC-%C5%9Eeffaf-Hortum.jpg?fit=640%2C480&ssl=1&resize=350%2C200","width":350,"height":200,"srcset":"https:\/\/i0.wp.com\/tuzlahortum.com.tr\/wp-content\/uploads\/2019\/02\/S%C3%BCper-%C3%96rg%C3%BCl%C3%BC-%C5%9Eeffaf-Hortum.jpg?fit=640%2C480&ssl=1&resize=350%2C200 1x, https:\/\/i0.wp.com\/tuzlahortum.com.tr\/wp-content\/uploads\/2019\/02\/S%C3%BCper-%C3%96rg%C3%BCl%C3%BC-%C5%9Eeffaf-Hortum.jpg?fit=640%2C480&ssl=1&resize=525%2C300 1.5x"},"classes":[]},{"id":824,"url":"https:\/\/tuzlahortum.com.tr\/en\/product\/meteor-orgulu-hortumlar-standart\/","url_meta":{"origin":815,"position":5},"title":"Meteor Braided Hoses (STANDARD)","author":"admin","date":"6 February 2019","format":false,"excerpt":"Meteor \u00d6rg\u00fcl\u00fc Hortumlar (STANDART)\u00d6zellikler Alt kat y\u00fcksek kaliteli kau\u00e7uk takviyeli PVC malzeme, takviye, y\u00fcksek mukavemetli polyester iplik, \u00fcst katta a\u015f\u0131nmaya ve hava \u015fartlar\u0131nadayan\u0131kl\u0131 PVC ile \u00fcretilmi\u015ftir. \u00c7al\u0131\u015fma S\u0131cakl\u0131\u011f\u0131 -10\u00b0C ile +50\u00b0C aras\u0131 Kullan\u0131m Alanlar\u0131 Ev, bah\u00e7e, tarla, sanayi ve in\u015faat sekt\u00f6r\u00fcnde sulama ve tahliye i\u015flerinde ve hafif kimyasal maddelerin nakliyesinde\u2026","rel":"","context":"Similar post","block_context":{"text":"Similar post","link":""},"img":{"alt_text":"","src":"https:\/\/i0.wp.com\/tuzlahortum.com.tr\/wp-content\/uploads\/2019\/03\/Meteor-%C3%96rg%C3%BCl%C3%BC-HortumlarSTANDART.jpg?fit=640%2C480&ssl=1&resize=350%2C200","width":350,"height":200,"srcset":"https:\/\/i0.wp.com\/tuzlahortum.com.tr\/wp-content\/uploads\/2019\/03\/Meteor-%C3%96rg%C3%BCl%C3%BC-HortumlarSTANDART.jpg?fit=640%2C480&ssl=1&resize=350%2C200 1x, https:\/\/i0.wp.com\/tuzlahortum.com.tr\/wp-content\/uploads\/2019\/03\/Meteor-%C3%96rg%C3%BCl%C3%BC-HortumlarSTANDART.jpg?fit=640%2C480&ssl=1&resize=525%2C300 1.5x"},"classes":[]}],"jetpack_sharing_enabled":true,"jetpack_likes_enabled":true,"_links":{"self":[{"href":"https:\/\/tuzlahortum.com.tr\/en\/wp-json\/wp\/v2\/product\/815","targetHints":{"allow":["GET"]}}],"collection":[{"href":"https:\/\/tuzlahortum.com.tr\/en\/wp-json\/wp\/v2\/product"}],"about":[{"href":"https:\/\/tuzlahortum.com.tr\/en\/wp-json\/wp\/v2\/types\/product"}],"replies":[{"embeddable":true,"href":"https:\/\/tuzlahortum.com.tr\/en\/wp-json\/wp\/v2\/comments?post=815"}],"wp:featuredmedia":[{"embeddable":true,"href":"https:\/\/tuzlahortum.com.tr\/en\/wp-json\/wp\/v2\/media\/1999"}],"wp:attachment":[{"href":"https:\/\/tuzlahortum.com.tr\/en\/wp-json\/wp\/v2\/media?parent=815"}],"wp:term":[{"taxonomy":"product_brand","embeddable":true,"href":"https:\/\/tuzlahortum.com.tr\/en\/wp-json\/wp\/v2\/product_brand?post=815"},{"taxonomy":"product_cat","embeddable":true,"href":"https:\/\/tuzlahortum.com.tr\/en\/wp-json\/wp\/v2\/product_cat?post=815"},{"taxonomy":"product_tag","embeddable":true,"href":"https:\/\/tuzlahortum.com.tr\/en\/wp-json\/wp\/v2\/product_tag?post=815"}],"curies":[{"name":"wp","href":"https:\/\/api.w.org\/{rel}","templated":true}]}}