{"id":814,"date":"2019-02-06T23:54:07","date_gmt":"2019-02-06T20:54:07","guid":{"rendered":"http:\/\/hortum.com.tr\/product\/import-placeholder-for-619\/"},"modified":"2024-03-21T17:42:06","modified_gmt":"2024-03-21T14:42:06","slug":"orgulu-seffaf-hortum-standart","status":"publish","type":"product","link":"https:\/\/tuzlahortum.com.tr\/en\/product\/orgulu-seffaf-hortum-standart\/","title":{"rendered":"Braided Transparent Hose (STANDARD)"},"content":{"rendered":"<h2>Braided Transparent Hose (STANDARD)<\/h2>\n<p>Features<\/p>\n<p>Made with transparent PVC and high-strength polyester yarn on the bottom layer, wear-resistant transparent PVC on the top layer.<br \/>\nOperating temperature<\/p>\n<p>-10\u00b0C to +50\u00b0C<\/p>\n<p>Usage areas<\/p>\n<p>It is used in irrigation and evacuation works in the home, garden, field, industry and construction sector.<\/p>\n<div class=\"video video-fit mb\" style=\"padding-top:56.25%;\"><p><iframe loading=\"lazy\" title=\"Measurement Confusion (Inch, Finger, Haze, Millimeter)\" width=\"1020\" height=\"574\" src=\"https:\/\/www.youtube.com\/embed\/uKk6AG_AZls?feature=oembed\" frameborder=\"0\" allow=\"accelerometer; autoplay; clipboard-write; encrypted-media; gyroscope; picture-in-picture; web-share\" referrerpolicy=\"strict-origin-when-cross-origin\" allowfullscreen><\/iframe><\/p>\n<\/div>\n<p><img data-recalc-dims=\"1\" loading=\"lazy\" decoding=\"async\" class=\"alignnone size-full wp-image-1958\" src=\"https:\/\/i0.wp.com\/hortum.com.tr\/wp-content\/uploads\/2019\/02\/rg%C3%BCl%C3%BC-%C5%9Feffafstandart-1.jpg?resize=385%2C134\" alt=\"\" width=\"385\" height=\"134\" title=\"\"><\/p>","protected":false},"excerpt":{"rendered":"<p>\u00d6rg\u00fcl\u00fc \u015eeffaf Hortum (STANDART) \u00d6zellikler Alt kat \u015feffaf PVC ve y\u00fcksek mukavemetli polyester iplik, \u00fcst katta a\u015f\u0131nmaya dayan\u0131kl\u0131 \u015feffaf PVC ile \u00fcretilmi\u015ftir. \u00c7al\u0131\u015fma S\u0131cakl\u0131\u011f\u0131 -10\u00b0C ile +50\u00b0C aras\u0131 Kullan\u0131m Alanlar\u0131 Ev, bah\u00e7e, tarla, sanayi ve in\u015faat sekt\u00f6r\u00fcnde sulama ve tahliye i\u015flerinde kullan\u0131l\u0131r.<\/p>","protected":false},"featured_media":1455,"comment_status":"open","ping_status":"closed","template":"","meta":{"jetpack_post_was_ever_published":false},"product_brand":[],"product_cat":[165],"product_tag":[358,1019,1023],"class_list":{"0":"post-814","1":"product","2":"type-product","3":"status-publish","4":"has-post-thumbnail","6":"product_cat-plastik-bahce-hortumlari","7":"product_tag-pvc","8":"product_tag-seffaf","9":"product_tag-yuksek-basinc","11":"first","12":"instock","13":"taxable","14":"shipping-taxable","15":"product-type-variable"},"jetpack-related-posts":[],"jetpack_sharing_enabled":true,"jetpack_likes_enabled":true,"_links":{"self":[{"href":"https:\/\/tuzlahortum.com.tr\/en\/wp-json\/wp\/v2\/product\/814","targetHints":{"allow":["GET"]}}],"collection":[{"href":"https:\/\/tuzlahortum.com.tr\/en\/wp-json\/wp\/v2\/product"}],"about":[{"href":"https:\/\/tuzlahortum.com.tr\/en\/wp-json\/wp\/v2\/types\/product"}],"replies":[{"embeddable":true,"href":"https:\/\/tuzlahortum.com.tr\/en\/wp-json\/wp\/v2\/comments?post=814"}],"wp:featuredmedia":[{"embeddable":true,"href":"https:\/\/tuzlahortum.com.tr\/en\/wp-json\/wp\/v2\/media\/1455"}],"wp:attachment":[{"href":"https:\/\/tuzlahortum.com.tr\/en\/wp-json\/wp\/v2\/media?parent=814"}],"wp:term":[{"taxonomy":"product_brand","embeddable":true,"href":"https:\/\/tuzlahortum.com.tr\/en\/wp-json\/wp\/v2\/product_brand?post=814"},{"taxonomy":"product_cat","embeddable":true,"href":"https:\/\/tuzlahortum.com.tr\/en\/wp-json\/wp\/v2\/product_cat?post=814"},{"taxonomy":"product_tag","embeddable":true,"href":"https:\/\/tuzlahortum.com.tr\/en\/wp-json\/wp\/v2\/product_tag?post=814"}],"curies":[{"name":"wp","href":"https:\/\/api.w.org\/{rel}","templated":true}]}}