{"id":813,"date":"2019-02-06T23:54:07","date_gmt":"2019-02-06T20:54:07","guid":{"rendered":"http:\/\/hortum.com.tr\/product\/import-placeholder-for-620\/"},"modified":"2024-03-21T17:42:07","modified_gmt":"2024-03-21T14:42:07","slug":"orgulu-seffaf-hortum-ekonomik","status":"publish","type":"product","link":"https:\/\/tuzlahortum.com.tr\/en\/product\/orgulu-seffaf-hortum-ekonomik\/","title":{"rendered":"Braided Transparent Hose (ECONOMIC)"},"content":{"rendered":"<h2>Braided Transparent Hose (ECONOMIC)<\/h2>\n<p>Features<\/p>\n<p>Made with transparent PVC and high-strength polyester yarn on the bottom layer, wear-resistant transparent PVC on the top layer.<br \/>\nOperating temperature<\/p>\n<p>-10\u00b0C to +50\u00b0C<\/p>\n<p>Usage areas<\/p>\n<p>It is used in irrigation and evacuation works in the home, garden, field, industry and construction sector.<\/p>\n<div class=\"video video-fit mb\" style=\"padding-top:56.25%;\"><p><iframe loading=\"lazy\" title=\"Measurement Confusion (Inch, Finger, Haze, Millimeter)\" width=\"1020\" height=\"574\" src=\"https:\/\/www.youtube.com\/embed\/uKk6AG_AZls?feature=oembed\" frameborder=\"0\" allow=\"accelerometer; autoplay; clipboard-write; encrypted-media; gyroscope; picture-in-picture; web-share\" referrerpolicy=\"strict-origin-when-cross-origin\" allowfullscreen><\/iframe><\/p>\n<\/div>\n<p>.<img data-recalc-dims=\"1\" loading=\"lazy\" decoding=\"async\" class=\"alignnone size-full wp-image-1935\" src=\"https:\/\/i0.wp.com\/hortum.com.tr\/wp-content\/uploads\/2019\/02\/rg%C3%BCl%C3%BC-%C5%9Feffafekonomik-1.jpg?resize=388%2C121\" alt=\"\" width=\"388\" height=\"121\" title=\"\"><\/p>","protected":false},"excerpt":{"rendered":"<p>\u00d6rg\u00fcl\u00fc \u015eeffaf Hortum (EKONOM\u0130K) \u00d6zellikler Alt kat \u015feffaf PVC ve y\u00fcksek mukavemetli polyester iplik, \u00fcst katta a\u015f\u0131nmaya dayan\u0131kl\u0131 \u015feffaf PVC ile \u00fcretilmi\u015ftir. \u00c7al\u0131\u015fma S\u0131cakl\u0131\u011f\u0131 -10\u00b0C ile +50\u00b0C aras\u0131 Kullan\u0131m Alanlar\u0131 Ev, bah\u00e7e, tarla, sanayi ve in\u015faat sekt\u00f6r\u00fcnde sulama ve tahliye i\u015flerinde kullan\u0131l\u0131r .<\/p>","protected":false},"featured_media":1455,"comment_status":"open","ping_status":"closed","template":"","meta":{"jetpack_post_was_ever_published":false},"product_brand":[],"product_cat":[165],"product_tag":[358,1019,1023],"class_list":{"0":"post-813","1":"product","2":"type-product","3":"status-publish","4":"has-post-thumbnail","6":"product_cat-plastik-bahce-hortumlari","7":"product_tag-pvc","8":"product_tag-seffaf","9":"product_tag-yuksek-basinc","11":"first","12":"instock","13":"taxable","14":"shipping-taxable","15":"product-type-variable"},"jetpack-related-posts":[{"id":814,"url":"https:\/\/tuzlahortum.com.tr\/en\/product\/orgulu-seffaf-hortum-standart\/","url_meta":{"origin":813,"position":0},"title":"Braided Transparent Hose (STANDARD)","author":"admin","date":"6 February 2019","format":false,"excerpt":"Braided Transparent Hose (STANDARD) Features Manufactured with transparent PVC and high strength polyester yarn on the bottom layer and abrasion resistant transparent PVC on the top layer. Operating Temperature -10\u00b0C to +50\u00b0C Areas of Use Used for irrigation and drainage works in home, garden, field, industry and construction sector.","rel":"","context":"Similar post","block_context":{"text":"Similar post","link":""},"img":{"alt_text":"","src":"https:\/\/i0.wp.com\/tuzlahortum.com.tr\/wp-content\/uploads\/kategoriler\/orguluseffaf.png?fit=498%2C335&ssl=1&resize=350%2C200","width":350,"height":200},"classes":[]},{"id":817,"url":"https:\/\/tuzlahortum.com.tr\/en\/product\/super-orgulu-seffaf-hortum\/","url_meta":{"origin":813,"position":1},"title":"Super Braided Transparent Hose","author":"admin","date":"6 February 2019","format":false,"excerpt":"S\u00fcper \u00d6rg\u00fcl\u00fc \u015eeffaf Hortum\u00d6zellikler Alt kat \u015feffaf PVC ve y\u00fcksek mukavemetli polyester iplik, \u00fcst katta a\u015f\u0131nmaya dayan\u0131kl\u0131 \u015feffaf PVC ile \u00fcretilmi\u015ftir. \u00c7al\u0131\u015fma S\u0131cakl\u0131\u011f\u0131 -10\u00b0C ile +50\u00b0C aras\u0131 Kullan\u0131m Alanlar\u0131 Ev, bah\u00e7e, tarla, sanayi ve in\u015faat sekt\u00f6r\u00fcnde sulama ve tahliye i\u015flerinde ve hafif kimyasal maddelerin naklinde kullan\u0131l\u0131r.","rel":"","context":"Similar post","block_context":{"text":"Similar post","link":""},"img":{"alt_text":"","src":"https:\/\/i0.wp.com\/tuzlahortum.com.tr\/wp-content\/uploads\/2019\/02\/S%C3%BCper-%C3%96rg%C3%BCl%C3%BC-%C5%9Eeffaf-Hortum.jpg?fit=640%2C480&ssl=1&resize=350%2C200","width":350,"height":200,"srcset":"https:\/\/i0.wp.com\/tuzlahortum.com.tr\/wp-content\/uploads\/2019\/02\/S%C3%BCper-%C3%96rg%C3%BCl%C3%BC-%C5%9Eeffaf-Hortum.jpg?fit=640%2C480&ssl=1&resize=350%2C200 1x, https:\/\/i0.wp.com\/tuzlahortum.com.tr\/wp-content\/uploads\/2019\/02\/S%C3%BCper-%C3%96rg%C3%BCl%C3%BC-%C5%9Eeffaf-Hortum.jpg?fit=640%2C480&ssl=1&resize=525%2C300 1.5x"},"classes":[]},{"id":815,"url":"https:\/\/tuzlahortum.com.tr\/en\/product\/seraluks-silikonlu-orgulu-hortum\/","url_meta":{"origin":813,"position":2},"title":"Seral\u00fcks Silicone Braided Hose","author":"admin","date":"6 February 2019","format":false,"excerpt":"Seral\u00fcks Silicone Braided HoseFeatures Manufactured with transparent PVC and high strength polyester yarn on the bottom layer and abrasion resistant special blend PVC on the top layer. Operating Temperature -10\u00b0C to +50\u00b0C Areas of Use Used for irrigation and drainage works in home, garden, field, industry and construction sector.","rel":"","context":"Similar post","block_context":{"text":"Similar post","link":""},"img":{"alt_text":"","src":"https:\/\/i0.wp.com\/tuzlahortum.com.tr\/wp-content\/uploads\/urunler\/plastik\/SERALU%CC%88KS-SLI%CC%87KONLU-O%CC%88RGU%CC%88LU%CC%88-HORTUM.jpg?fit=640%2C480&ssl=1&resize=350%2C200","width":350,"height":200,"srcset":"https:\/\/i0.wp.com\/tuzlahortum.com.tr\/wp-content\/uploads\/urunler\/plastik\/SERALU%CC%88KS-SLI%CC%87KONLU-O%CC%88RGU%CC%88LU%CC%88-HORTUM.jpg?fit=640%2C480&ssl=1&resize=350%2C200 1x, https:\/\/i0.wp.com\/tuzlahortum.com.tr\/wp-content\/uploads\/urunler\/plastik\/SERALU%CC%88KS-SLI%CC%87KONLU-O%CC%88RGU%CC%88LU%CC%88-HORTUM.jpg?fit=640%2C480&ssl=1&resize=525%2C300 1.5x"},"classes":[]},{"id":861,"url":"https:\/\/tuzlahortum.com.tr\/en\/product\/jakuzi-ve-havuz-hortumlari-beyaz-orgulu-ve-seffaf\/","url_meta":{"origin":813,"position":3},"title":"JACUZZI AND POOL HOSES WHITE BRAIDED and TRANSPARENT","author":"admin","date":"6 February 2019","format":false,"excerpt":"JACUZUZI AND POOL HOSES WHITE BRIDGED and TRANSPARENT Features The bottom layer is produced with high quality transparent material, high strength, hard PVC reinforcement with maximum resistance to breakage. Operating Temperature -5\u00b0C to +60\u00b0C Areas of Use Can be used in swimming pool water circulation, jacuzzi bathtub systems.","rel":"","context":"Similar post","block_context":{"text":"Similar post","link":""},"img":{"alt_text":"","src":"https:\/\/i0.wp.com\/tuzlahortum.com.tr\/wp-content\/uploads\/urunler\/plastik\/JAKUZI%CC%87-VE-HAVUZ-HORTUMLARI-BEYAZ-O%CC%88RGU%CC%88LU%CC%88-ve-S%CC%A7EFFAF.jpg?fit=640%2C480&ssl=1&resize=350%2C200","width":350,"height":200,"srcset":"https:\/\/i0.wp.com\/tuzlahortum.com.tr\/wp-content\/uploads\/urunler\/plastik\/JAKUZI%CC%87-VE-HAVUZ-HORTUMLARI-BEYAZ-O%CC%88RGU%CC%88LU%CC%88-ve-S%CC%A7EFFAF.jpg?fit=640%2C480&ssl=1&resize=350%2C200 1x, https:\/\/i0.wp.com\/tuzlahortum.com.tr\/wp-content\/uploads\/urunler\/plastik\/JAKUZI%CC%87-VE-HAVUZ-HORTUMLARI-BEYAZ-O%CC%88RGU%CC%88LU%CC%88-ve-S%CC%A7EFFAF.jpg?fit=640%2C480&ssl=1&resize=525%2C300 1.5x"},"classes":[]},{"id":824,"url":"https:\/\/tuzlahortum.com.tr\/en\/product\/meteor-orgulu-hortumlar-standart\/","url_meta":{"origin":813,"position":4},"title":"Meteor Braided Hoses (STANDARD)","author":"admin","date":"6 February 2019","format":false,"excerpt":"Meteor \u00d6rg\u00fcl\u00fc Hortumlar (STANDART)\u00d6zellikler Alt kat y\u00fcksek kaliteli kau\u00e7uk takviyeli PVC malzeme, takviye, y\u00fcksek mukavemetli polyester iplik, \u00fcst katta a\u015f\u0131nmaya ve hava \u015fartlar\u0131nadayan\u0131kl\u0131 PVC ile \u00fcretilmi\u015ftir. \u00c7al\u0131\u015fma S\u0131cakl\u0131\u011f\u0131 -10\u00b0C ile +50\u00b0C aras\u0131 Kullan\u0131m Alanlar\u0131 Ev, bah\u00e7e, tarla, sanayi ve in\u015faat sekt\u00f6r\u00fcnde sulama ve tahliye i\u015flerinde ve hafif kimyasal maddelerin nakliyesinde\u2026","rel":"","context":"Similar post","block_context":{"text":"Similar post","link":""},"img":{"alt_text":"","src":"https:\/\/i0.wp.com\/tuzlahortum.com.tr\/wp-content\/uploads\/2019\/03\/Meteor-%C3%96rg%C3%BCl%C3%BC-HortumlarSTANDART.jpg?fit=640%2C480&ssl=1&resize=350%2C200","width":350,"height":200,"srcset":"https:\/\/i0.wp.com\/tuzlahortum.com.tr\/wp-content\/uploads\/2019\/03\/Meteor-%C3%96rg%C3%BCl%C3%BC-HortumlarSTANDART.jpg?fit=640%2C480&ssl=1&resize=350%2C200 1x, https:\/\/i0.wp.com\/tuzlahortum.com.tr\/wp-content\/uploads\/2019\/03\/Meteor-%C3%96rg%C3%BCl%C3%BC-HortumlarSTANDART.jpg?fit=640%2C480&ssl=1&resize=525%2C300 1.5x"},"classes":[]},{"id":8132,"url":"https:\/\/tuzlahortum.com.tr\/en\/product\/super-extra-orgulu-seffaf-hortum\/","url_meta":{"origin":813,"position":5},"title":"Super Extra Braided Transparent Hose","author":"\u0130smail \u00c7elik","date":"14 March 2019","format":false,"excerpt":"Super Extra Braided Transparent HoseFeatures: - Made of 1st class PVC. - High quality polyester reinforcement - Abrasion resistant. - Resistant to temperatures between -20\u00b0C and +65\u00b0C. Areas of Use : - Used in industry, petroleum-petroleum derivatives, discharge of light chemical substances and pressurized irrigation processes.","rel":"","context":"Similar post","block_context":{"text":"Similar post","link":""},"img":{"alt_text":"","src":"https:\/\/i0.wp.com\/hortum.com.tr\/wp-content\/uploads\/2019\/03\/S%C3%BCper-Extra-%C3%96rg%C3%BCl%C3%BC-%C5%9Eeffaf-Hortum-2.jpg?resize=350%2C200","width":350,"height":200,"srcset":"https:\/\/i0.wp.com\/hortum.com.tr\/wp-content\/uploads\/2019\/03\/S%C3%BCper-Extra-%C3%96rg%C3%BCl%C3%BC-%C5%9Eeffaf-Hortum-2.jpg?resize=350%2C200 1x, https:\/\/i0.wp.com\/hortum.com.tr\/wp-content\/uploads\/2019\/03\/S%C3%BCper-Extra-%C3%96rg%C3%BCl%C3%BC-%C5%9Eeffaf-Hortum-2.jpg?resize=525%2C300 1.5x"},"classes":[]}],"jetpack_sharing_enabled":true,"jetpack_likes_enabled":true,"_links":{"self":[{"href":"https:\/\/tuzlahortum.com.tr\/en\/wp-json\/wp\/v2\/product\/813","targetHints":{"allow":["GET"]}}],"collection":[{"href":"https:\/\/tuzlahortum.com.tr\/en\/wp-json\/wp\/v2\/product"}],"about":[{"href":"https:\/\/tuzlahortum.com.tr\/en\/wp-json\/wp\/v2\/types\/product"}],"replies":[{"embeddable":true,"href":"https:\/\/tuzlahortum.com.tr\/en\/wp-json\/wp\/v2\/comments?post=813"}],"wp:featuredmedia":[{"embeddable":true,"href":"https:\/\/tuzlahortum.com.tr\/en\/wp-json\/wp\/v2\/media\/1455"}],"wp:attachment":[{"href":"https:\/\/tuzlahortum.com.tr\/en\/wp-json\/wp\/v2\/media?parent=813"}],"wp:term":[{"taxonomy":"product_brand","embeddable":true,"href":"https:\/\/tuzlahortum.com.tr\/en\/wp-json\/wp\/v2\/product_brand?post=813"},{"taxonomy":"product_cat","embeddable":true,"href":"https:\/\/tuzlahortum.com.tr\/en\/wp-json\/wp\/v2\/product_cat?post=813"},{"taxonomy":"product_tag","embeddable":true,"href":"https:\/\/tuzlahortum.com.tr\/en\/wp-json\/wp\/v2\/product_tag?post=813"}],"curies":[{"name":"wp","href":"https:\/\/api.w.org\/{rel}","templated":true}]}}