{"id":809,"date":"2019-02-06T23:54:06","date_gmt":"2019-02-06T20:54:06","guid":{"rendered":"http:\/\/hortum.com.tr\/product\/import-placeholder-for-272\/"},"modified":"2024-03-21T17:42:11","modified_gmt":"2024-03-21T14:42:11","slug":"paslanmaz-orgulu-bogumlu-teflon-hortum","status":"publish","type":"product","link":"https:\/\/tuzlahortum.com.tr\/en\/product\/paslanmaz-orgulu-bogumlu-teflon-hortum\/","title":{"rendered":"Stainless Braided Knotted Teflon Hose"},"content":{"rendered":"<h2>Stainless Braided Knotted Teflon Hose<\/h2>\n<p><strong>GENERAL FEATURES<\/strong><\/p>\n<ol>\n<li>Teflon (PTFE), wound inside, high mechanical resistance, dielectric, and fire resistant<\/li>\n<li>High tensile strength AISI 304 stainless steel wire braided<\/li>\n<li>It is used in compressors, gas, steam, water, air, fuel oil, chemistry, food, pharmaceutical industry, solvents, pigments and paint transfer lines.<\/li>\n<li style=\"font-weight: 400;\">Temperature range: -40\u00b0C to 260\u00b0C<\/li>\n<\/ol>\n<div class=\"video video-fit mb\" style=\"padding-top:56.25%;\"><p><iframe loading=\"lazy\" title=\"Measurement Confusion (Inch, Finger, Haze, Millimeter)\" width=\"1020\" height=\"574\" src=\"https:\/\/www.youtube.com\/embed\/uKk6AG_AZls?feature=oembed\" frameborder=\"0\" allow=\"accelerometer; autoplay; clipboard-write; encrypted-media; gyroscope; picture-in-picture; web-share\" referrerpolicy=\"strict-origin-when-cross-origin\" allowfullscreen><\/iframe><\/p>\n<\/div>","protected":false},"excerpt":{"rendered":"<p>Paslanmaz \u00d6rg\u00fcl\u00fc Bo\u011fumlu Teflon Hortum GENEL \u00d6ZELL\u0130KLER \u0130\u00e7 k\u0131sm\u0131 teflon (PTFE), sarg\u0131l\u0131, y\u00fcksek\u00a0mekanik diren\u00e7li, dielektriksel,ve\u00a0 ate\u015fe dayan\u0131kl\u0131 Y\u00fcksek gerilmeye mukavemetli\u00a0 AISI 304 paslanmaz \u00e7elik tel \u00f6rg\u00fcl\u00fc Kompres\u00f6rlerde, gaz, buhar, su, hava, fuel oil,kimya, g\u0131da,ila\u00e7 end\u00fcstrisinde, solventlerde, pigmentlerde, ve boya transfer hatlar\u0131nda\u00a0kullan\u0131lmaktad\u0131r. S\u0131cakl\u0131k aral\u0131\u011f\u0131 :-40\u00b0C ile260\u00b0C<\/p>","protected":false},"featured_media":9070,"comment_status":"open","ping_status":"closed","template":"","meta":[],"product_brand":[],"product_cat":[88],"product_tag":[2104,689,681,1016,683,680,669,338,402,424,290,685,684,682,679,675,666,678,687,686,555,677],"class_list":{"0":"post-809","1":"product","2":"type-product","3":"status-publish","4":"has-post-thumbnail","6":"product_cat-hidrolik-hortumlar","7":"product_tag-40c","8":"product_tag-260c","9":"product_tag-atese-dayanikli","10":"product_tag-bogumlu","11":"product_tag-buhar","12":"product_tag-dielektriksel","13":"product_tag-fuel-oil-2","14":"product_tag-gaz","15":"product_tag-gida","16":"product_tag-hava","17":"product_tag-hortum","18":"product_tag-ilac-endustrisinde","19":"product_tag-kimya","20":"product_tag-kompresorlerde","21":"product_tag-mekanik-direncli","22":"product_tag-orgulu","23":"product_tag-paslanmaz","24":"product_tag-paslanmaz-orgulu-duz-teflon-hortum","25":"product_tag-pigmentlerde","26":"product_tag-solventlerde","27":"product_tag-su","28":"product_tag-teflon","30":"first","31":"instock","32":"featured","33":"taxable","34":"shipping-taxable","35":"product-type-variable"},"jetpack-related-posts":[],"jetpack_sharing_enabled":true,"jetpack_likes_enabled":true,"_links":{"self":[{"href":"https:\/\/tuzlahortum.com.tr\/en\/wp-json\/wp\/v2\/product\/809","targetHints":{"allow":["GET"]}}],"collection":[{"href":"https:\/\/tuzlahortum.com.tr\/en\/wp-json\/wp\/v2\/product"}],"about":[{"href":"https:\/\/tuzlahortum.com.tr\/en\/wp-json\/wp\/v2\/types\/product"}],"replies":[{"embeddable":true,"href":"https:\/\/tuzlahortum.com.tr\/en\/wp-json\/wp\/v2\/comments?post=809"}],"wp:featuredmedia":[{"embeddable":true,"href":"https:\/\/tuzlahortum.com.tr\/en\/wp-json\/wp\/v2\/media\/9070"}],"wp:attachment":[{"href":"https:\/\/tuzlahortum.com.tr\/en\/wp-json\/wp\/v2\/media?parent=809"}],"wp:term":[{"taxonomy":"product_brand","embeddable":true,"href":"https:\/\/tuzlahortum.com.tr\/en\/wp-json\/wp\/v2\/product_brand?post=809"},{"taxonomy":"product_cat","embeddable":true,"href":"https:\/\/tuzlahortum.com.tr\/en\/wp-json\/wp\/v2\/product_cat?post=809"},{"taxonomy":"product_tag","embeddable":true,"href":"https:\/\/tuzlahortum.com.tr\/en\/wp-json\/wp\/v2\/product_tag?post=809"}],"curies":[{"name":"wp","href":"https:\/\/api.w.org\/{rel}","templated":true}]}}