{"id":8063,"date":"2019-03-13T13:41:14","date_gmt":"2019-03-13T10:41:14","guid":{"rendered":"http:\/\/hortum.com.tr\/?post_type=product&#038;p=8063"},"modified":"2024-03-21T17:38:53","modified_gmt":"2024-03-21T14:38:53","slug":"nozul-lamba-kafesi","status":"publish","type":"product","link":"https:\/\/tuzlahortum.com.tr\/en\/product\/nozul-lamba-kafesi\/","title":{"rendered":"Nozzle Lamp Cage"},"content":{"rendered":"<h2>Nozzle Lamp Cage<\/h2>","protected":false},"excerpt":{"rendered":"<p>Nozzle Lamp Cage<\/p>","protected":false},"featured_media":8065,"comment_status":"open","ping_status":"closed","template":"","meta":{"jetpack_post_was_ever_published":false},"product_brand":[],"product_cat":[76],"product_tag":[2148,911,2150,924,2147,2149],"class_list":{"0":"post-8063","1":"product","2":"type-product","3":"status-publish","4":"has-post-thumbnail","6":"product_cat-kumlama-ekipmanlari","7":"product_tag-kafes","8":"product_tag-kumlama","9":"product_tag-lamba-kafesi","10":"product_tag-nozul","11":"product_tag-nozul-kafesi","12":"product_tag-nozul-lamba-kafesi","14":"first","15":"instock","16":"taxable","17":"shipping-taxable","18":"product-type-simple"},"jetpack-related-posts":[{"id":974,"url":"https:\/\/tuzlahortum.com.tr\/en\/product\/yangin-jet-nozulu\/","url_meta":{"origin":8063,"position":0},"title":"Fire Jet Nozzle","author":"admin","date":"7 February 2019","format":false,"excerpt":"Fire Jet Nozzle","rel":"","context":"Similar post","block_context":{"text":"Similar post","link":""},"img":{"alt_text":"","src":"https:\/\/i0.wp.com\/tuzlahortum.com.tr\/wp-content\/uploads\/2019\/02\/Yang%C4%B1n-Jet-Nozulu.jpg?fit=300%2C300&ssl=1&resize=350%2C200","width":350,"height":200},"classes":[]},{"id":9251,"url":"https:\/\/tuzlahortum.com.tr\/en\/product\/kumlama-nozulu-gomme-kopya\/","url_meta":{"origin":8063,"position":1},"title":"Sandblasting Nozzle \u2013 Recessed (Kennametal)","author":"\u0130smail \u00c7elik","date":"21 January 2020","format":false,"excerpt":"Sandblasting Nozzle - Recessed (Kennametal)","rel":"","context":"Similar post","block_context":{"text":"Similar post","link":""},"img":{"alt_text":"","src":"https:\/\/i0.wp.com\/tuzlahortum.com.tr\/wp-content\/uploads\/2020\/01\/Kennametal-Nozul-5.jpeg?fit=900%2C1200&ssl=1&resize=350%2C200","width":350,"height":200,"srcset":"https:\/\/i0.wp.com\/tuzlahortum.com.tr\/wp-content\/uploads\/2020\/01\/Kennametal-Nozul-5.jpeg?fit=900%2C1200&ssl=1&resize=350%2C200 1x, https:\/\/i0.wp.com\/tuzlahortum.com.tr\/wp-content\/uploads\/2020\/01\/Kennametal-Nozul-5.jpeg?fit=900%2C1200&ssl=1&resize=525%2C300 1.5x, https:\/\/i0.wp.com\/tuzlahortum.com.tr\/wp-content\/uploads\/2020\/01\/Kennametal-Nozul-5.jpeg?fit=900%2C1200&ssl=1&resize=700%2C400 2x"},"classes":[]},{"id":973,"url":"https:\/\/tuzlahortum.com.tr\/en\/product\/plastik-sis-nozulu\/","url_meta":{"origin":8063,"position":2},"title":"Plastic Fog Nozzle (Yellow Union)","author":"admin","date":"7 February 2019","format":false,"excerpt":"Plastic Fog Nozzle (Yellow Union)","rel":"","context":"Similar post","block_context":{"text":"Similar post","link":""},"img":{"alt_text":"","src":"https:\/\/i0.wp.com\/tuzlahortum.com.tr\/wp-content\/uploads\/2019\/02\/Plastik-Sis-Nozulu.jpg?fit=300%2C300&ssl=1&resize=350%2C200","width":350,"height":200},"classes":[]},{"id":768,"url":"https:\/\/tuzlahortum.com.tr\/en\/product\/kumlama-nozulu-boron-carbide\/","url_meta":{"origin":8063,"position":3},"title":"Sandblasting Nozzle (Boron Carbide)","author":"admin","date":"6 February 2019","format":false,"excerpt":"Kumlama Nozulu (Boron Carbide)\u00a0Boron carbide \u00f6zelli\u011fine sahip 1000 saat \u00e7al\u0131\u015fma kapasiteli kumlama nozuludur. 6,5mm den 12,5mm delik \u00e7aplar\u0131na kadar kullan\u0131m alan\u0131n\u0131za g\u00f6re tercih edebilirsiniz. 130mm uzunlu\u011fundad\u0131r.","rel":"","context":"Similar post","block_context":{"text":"Similar post","link":""},"img":{"alt_text":"","src":"https:\/\/i0.wp.com\/tuzlahortum.com.tr\/wp-content\/uploads\/urunler\/Kumlama\/kumlama_nozulu.jpg?fit=380%2C298&ssl=1&resize=350%2C200","width":350,"height":200},"classes":[]},{"id":9054,"url":"https:\/\/tuzlahortum.com.tr\/en\/product\/kumlama-nozulu-performer-nozul-1000\/","url_meta":{"origin":8063,"position":4},"title":"Sandblasting Nozzle \u2013 Performer Nozzle 1000","author":"\u0130smail \u00c7elik","date":"9 April 2019","format":false,"excerpt":"Sandblasting Nozzle - Performer Nozzle 1000Performer is an advanced model with high performance. It is equipped with a high abrasion resistant liner and a robust, lightweight polyurethane sleeve. The Contracor Performer series of sandblasting nozzles is suitable for aluminum oxide, silicon carbide, steel grit or highly abrasive sandblasting. Available in five different sizes. It is easy to adjust the compressed air supply and...","rel":"","context":"Similar post","block_context":{"text":"Similar post","link":""},"img":{"alt_text":"","src":"https:\/\/i0.wp.com\/tuzlahortum.com.tr\/wp-content\/uploads\/2019\/04\/performer-1000.png?fit=650%2C325&ssl=1&resize=350%2C200","width":350,"height":200,"srcset":"https:\/\/i0.wp.com\/tuzlahortum.com.tr\/wp-content\/uploads\/2019\/04\/performer-1000.png?fit=650%2C325&ssl=1&resize=350%2C200 1x, https:\/\/i0.wp.com\/tuzlahortum.com.tr\/wp-content\/uploads\/2019\/04\/performer-1000.png?fit=650%2C325&ssl=1&resize=525%2C300 1.5x"},"classes":[]},{"id":9042,"url":"https:\/\/tuzlahortum.com.tr\/en\/product\/kumlama-nozulu-performer-nozul-400\/","url_meta":{"origin":8063,"position":5},"title":"Sandblasting Nozzle \u2013 Performer Nozzle 400","author":"\u0130smail \u00c7elik","date":"9 April 2019","format":false,"excerpt":"Sandblasting Nozzle - Performer Nozzle 400Performer is an advanced model with high performance. It is equipped with a high abrasion resistant liner and a robust, lightweight polyurethane cover. The Contracor Performer series of sandblasting nozzles is suitable for aluminum oxide, silicon carbide, steel grit or highly abrasive sandblasting. Available in five different sizes. It is easy to adjust the compressed air supply and...","rel":"","context":"Similar post","block_context":{"text":"Similar post","link":""},"img":{"alt_text":"","src":"https:\/\/i0.wp.com\/tuzlahortum.com.tr\/wp-content\/uploads\/2019\/04\/performer-400.png?fit=650%2C323&ssl=1&resize=350%2C200","width":350,"height":200,"srcset":"https:\/\/i0.wp.com\/tuzlahortum.com.tr\/wp-content\/uploads\/2019\/04\/performer-400.png?fit=650%2C323&ssl=1&resize=350%2C200 1x, https:\/\/i0.wp.com\/tuzlahortum.com.tr\/wp-content\/uploads\/2019\/04\/performer-400.png?fit=650%2C323&ssl=1&resize=525%2C300 1.5x"},"classes":[]}],"jetpack_sharing_enabled":true,"jetpack_likes_enabled":true,"_links":{"self":[{"href":"https:\/\/tuzlahortum.com.tr\/en\/wp-json\/wp\/v2\/product\/8063","targetHints":{"allow":["GET"]}}],"collection":[{"href":"https:\/\/tuzlahortum.com.tr\/en\/wp-json\/wp\/v2\/product"}],"about":[{"href":"https:\/\/tuzlahortum.com.tr\/en\/wp-json\/wp\/v2\/types\/product"}],"replies":[{"embeddable":true,"href":"https:\/\/tuzlahortum.com.tr\/en\/wp-json\/wp\/v2\/comments?post=8063"}],"wp:featuredmedia":[{"embeddable":true,"href":"https:\/\/tuzlahortum.com.tr\/en\/wp-json\/wp\/v2\/media\/8065"}],"wp:attachment":[{"href":"https:\/\/tuzlahortum.com.tr\/en\/wp-json\/wp\/v2\/media?parent=8063"}],"wp:term":[{"taxonomy":"product_brand","embeddable":true,"href":"https:\/\/tuzlahortum.com.tr\/en\/wp-json\/wp\/v2\/product_brand?post=8063"},{"taxonomy":"product_cat","embeddable":true,"href":"https:\/\/tuzlahortum.com.tr\/en\/wp-json\/wp\/v2\/product_cat?post=8063"},{"taxonomy":"product_tag","embeddable":true,"href":"https:\/\/tuzlahortum.com.tr\/en\/wp-json\/wp\/v2\/product_tag?post=8063"}],"curies":[{"name":"wp","href":"https:\/\/api.w.org\/{rel}","templated":true}]}}