{"id":801,"date":"2019-02-06T23:54:04","date_gmt":"2019-02-06T20:54:04","guid":{"rendered":"http:\/\/hortum.com.tr\/product\/import-placeholder-for-271\/"},"modified":"2024-03-21T17:42:18","modified_gmt":"2024-03-21T14:42:18","slug":"paslanmaz-flex-hortum","status":"publish","type":"product","link":"https:\/\/tuzlahortum.com.tr\/en\/product\/paslanmaz-flex-hortum\/","title":{"rendered":"Stainless Flex Hose"},"content":{"rendered":"<h2>Stainless Flex Hose<\/h2>\n<p><strong>SPECIAL ORDERS COUPLING AND FLANGE ARE MADE ON HOSE ENDS<\/strong><\/p>\n<p>1. Hose bellows: AISI 304, wire braided AISI 304 quality stainless steel.<\/p>\n<p>2. Temperature range: -250\u00b0C to +500\u00b0C<\/p>\n<p>3. High physical tensile and lightness<\/p>\n<p>4. Anti-corrosion<\/p>\n<p>5. Resistant to fire, moisture, abrasion and panetrating liquid<\/p>\n<p>6. Pump, Compressor, Motor etc. absorbs machine sounds and vibrations.<\/p>\n<p>7. Stabilizes fixed or intermittent movements. .<\/p>\n<p>8. It balances the states of thermal expansion or contraction pipes.<\/p>\n<p>9. Provides a fast and flexible solution where rigid pipes are forced.<\/p>\n<p>10. Mounting: Rotating flange, Fixed flange, Weld neck, Nipple or Union. In the joining process, optionally yellow and argon welding is done.<\/p>\n<p><strong>usage areas<\/strong><\/p>\n<p>Refineries, Power Plants, Steel Plants, Nuclear Power Plants, Pharmaceutical Industry, Chemical Industry, Boilers, Floor Industry, Oil Systems, Automotive Industry, Steam, Hot Water and Pneumatic Systems, Vacuum Systems, Defense Industry.<\/p>\n<p><img data-recalc-dims=\"1\" height=\"100\" width=\"100\" decoding=\"async\" src=\"https:\/\/i0.wp.com\/tuzlahortum.com.tr\/image\/cache\/data\/urunler\/FLAN%C5%9ELI%20PASLANMAZ%20HORTUM.-100x100.jpg?resize=100%2C100\" alt=\"\" title=\"\"><img data-recalc-dims=\"1\" height=\"100\" width=\"100\" decoding=\"async\" src=\"https:\/\/i0.wp.com\/tuzlahortum.com.tr\/image\/cache\/data\/urunler\/FLAN%C5%9ELI%20PASLANMAZ%20HORT.2.-100x100.jpg?resize=100%2C100\" alt=\"\" title=\"\"><img data-recalc-dims=\"1\" height=\"100\" width=\"100\" decoding=\"async\" src=\"https:\/\/i0.wp.com\/tuzlahortum.com.tr\/image\/cache\/data\/urunler\/paslanmaz_flex_hortum-100x100.jpg?resize=100%2C100\" alt=\"\" title=\"\"><img data-recalc-dims=\"1\" height=\"100\" width=\"100\" decoding=\"async\" src=\"https:\/\/i0.wp.com\/tuzlahortum.com.tr\/image\/cache\/data\/urunler\/FLAN%C5%9ELI%20REKORLU%20PASLANMAZ%20HORTUM.-100x100.jpg?resize=100%2C100\" alt=\"\" title=\"\"><div class=\"video video-fit mb\" style=\"padding-top:56.25%;\"><p><iframe loading=\"lazy\" title=\"Measurement Confusion (Inch, Finger, Haze, Millimeter)\" width=\"1020\" height=\"574\" src=\"https:\/\/www.youtube.com\/embed\/uKk6AG_AZls?feature=oembed\" frameborder=\"0\" allow=\"accelerometer; autoplay; clipboard-write; encrypted-media; gyroscope; picture-in-picture; web-share\" referrerpolicy=\"strict-origin-when-cross-origin\" allowfullscreen><\/iframe><\/p>\n<\/div>","protected":false},"excerpt":{"rendered":"<p>Paslanmaz Flex Hortum \u00d6ZEL S\u0130PAR\u0130\u015eLER HORTUM U\u00c7LARINA REKOR VE FLAN\u015e YAPILIR 1. Hortum k\u00f6r\u00fc\u011f\u00fc :AISI 304, tel \u00f6rg\u00fcs\u00fc AISI 304\u00a0kalite paslanmaz \u00e7elik. 2. S\u0131cakl\u0131k aral\u0131\u011f\u0131 : -250\u00b0C\u00a0\u00a0ile +500\u00b0C 3. Y\u00fcksek fiziksel gerilme ve hafiflik 4. Korozyon onleyici 5. Ate\u015fe, neme, a\u015f\u0131nmaya ve panetran s\u0131v\u0131ya dayan\u0131kl\u0131 6. Pompa, Kompres\u00f6r, Motor vb. makinelarin seslerini\u00a0ve titreimleri absorbe eder. [&#8230;]\n","protected":false},"featured_media":1025,"comment_status":"open","ping_status":"closed","template":"","meta":{"jetpack_post_was_ever_published":false},"product_brand":[],"product_cat":[88],"product_tag":[1004,683,1007,1006,685,1011,1010,1009,1003,1008,1013,856,1005,1014,1012],"class_list":{"0":"post-801","1":"product","2":"type-product","3":"status-publish","4":"has-post-thumbnail","6":"product_cat-hidrolik-hortumlar","7":"product_tag-absorbe","8":"product_tag-buhar","9":"product_tag-celik-tesislerinde","10":"product_tag-guc-tesislerinde","11":"product_tag-ilac-endustrisinde","12":"product_tag-kat-sanayisinde","13":"product_tag-kazanlarda","14":"product_tag-kimya-endustrisinde","15":"product_tag-korozyon","16":"product_tag-nukleer-santrallerinde","17":"product_tag-otomotiv-endustrisinde","18":"product_tag-paslanmaz-celik","19":"product_tag-rafinerilerde","20":"product_tag-sicak-su-v","21":"product_tag-yag-sistemlerinde","23":"first","24":"instock","25":"featured","26":"taxable","27":"shipping-taxable","28":"product-type-variable"},"jetpack-related-posts":[],"jetpack_sharing_enabled":true,"jetpack_likes_enabled":true,"_links":{"self":[{"href":"https:\/\/tuzlahortum.com.tr\/en\/wp-json\/wp\/v2\/product\/801","targetHints":{"allow":["GET"]}}],"collection":[{"href":"https:\/\/tuzlahortum.com.tr\/en\/wp-json\/wp\/v2\/product"}],"about":[{"href":"https:\/\/tuzlahortum.com.tr\/en\/wp-json\/wp\/v2\/types\/product"}],"replies":[{"embeddable":true,"href":"https:\/\/tuzlahortum.com.tr\/en\/wp-json\/wp\/v2\/comments?post=801"}],"wp:featuredmedia":[{"embeddable":true,"href":"https:\/\/tuzlahortum.com.tr\/en\/wp-json\/wp\/v2\/media\/1025"}],"wp:attachment":[{"href":"https:\/\/tuzlahortum.com.tr\/en\/wp-json\/wp\/v2\/media?parent=801"}],"wp:term":[{"taxonomy":"product_brand","embeddable":true,"href":"https:\/\/tuzlahortum.com.tr\/en\/wp-json\/wp\/v2\/product_brand?post=801"},{"taxonomy":"product_cat","embeddable":true,"href":"https:\/\/tuzlahortum.com.tr\/en\/wp-json\/wp\/v2\/product_cat?post=801"},{"taxonomy":"product_tag","embeddable":true,"href":"https:\/\/tuzlahortum.com.tr\/en\/wp-json\/wp\/v2\/product_tag?post=801"}],"curies":[{"name":"wp","href":"https:\/\/api.w.org\/{rel}","templated":true}]}}