{"id":796,"date":"2019-02-06T23:54:03","date_gmt":"2019-02-06T20:54:03","guid":{"rendered":"http:\/\/hortum.com.tr\/product\/import-placeholder-for-411\/"},"modified":"2024-03-21T17:42:22","modified_gmt":"2024-03-21T14:42:22","slug":"tup-dolabi","status":"publish","type":"product","link":"https:\/\/tuzlahortum.com.tr\/en\/product\/tup-dolabi\/","title":{"rendered":"Tube Cabinet(65\u00d721)"},"content":{"rendered":"<h2>Tube Cabinet(65\u00d721)<\/h2>\n<h3>SIZE 65*21<\/h3>\n<div class=\"row\">\n<table class=\"table table-bordered span2\">\n<thead>\n<tr>\n<th>SHEET METAL COVER<\/th>\n<th>FLUSH GLASS DOOR<\/th>\n<\/tr>\n<\/thead>\n<tbody>\n<tr>\n<td>PI-328<\/td>\n<td>PI-329<\/td>\n<\/tr>\n<\/tbody>\n<\/table>\n<\/div>","protected":false},"excerpt":{"rendered":"<p>T\u00fcp Dolab\u0131(65&#215;21) \u00d6L\u00c7\u00dc 65*21 SIVA \u00dcST\u00dc SAC KAPAK SIVA ALTI CAM KAPAK P\u0130-328 P\u0130-329<\/p>","protected":false},"featured_media":7309,"comment_status":"open","ping_status":"closed","template":"","meta":{"jetpack_post_was_ever_published":false},"product_brand":[],"product_cat":[116],"product_tag":[990,987,348,955,347,988,989,256,352],"class_list":{"0":"post-796","1":"product","2":"type-product","3":"status-publish","4":"has-post-thumbnail","6":"product_cat-makarali-modeller","7":"product_tag-cam-kapak","8":"product_tag-dolap","9":"product_tag-sac-kapak","10":"product_tag-siva-alti","11":"product_tag-siva-ustu","12":"product_tag-tup","13":"product_tag-tup-dolabi","14":"product_tag-yangin","15":"product_tag-yangin-dolabi","17":"first","18":"instock","19":"taxable","20":"shipping-taxable","21":"product-type-simple"},"jetpack-related-posts":[{"id":795,"url":"https:\/\/tuzlahortum.com.tr\/en\/product\/malzeme-dolabi\/","url_meta":{"origin":796,"position":0},"title":"Material Cabinet(125x75x40)","author":"admin","date":"6 February 2019","format":false,"excerpt":"Malzeme Dolab\u0131(125x75x40)\u00d6L\u00c7\u00dc 125*75*40SAC KAPAKCAM KAPAKP\u0130-334P\u0130-332","rel":"","context":"Similar post","block_context":{"text":"Similar post","link":""},"img":{"alt_text":"","src":"https:\/\/i0.wp.com\/tuzlahortum.com.tr\/wp-content\/uploads\/2019\/02\/malzeme_dolabi.jpg?fit=408%2C544&ssl=1&resize=350%2C200","width":350,"height":200},"classes":[]},{"id":7287,"url":"https:\/\/tuzlahortum.com.tr\/en\/product\/tek-kapi-siva-alti-cam-kapakli-ekonomik\/","url_meta":{"origin":796,"position":1},"title":"Single Door \u2013 Recessed Glass Cover (Economic) (50\u00d760)","author":"\u0130smail \u00c7elik","date":"11 March 2019","format":false,"excerpt":"Tek Kap\u0131 - S\u0131va Alt\u0131 Cam Kapakl\u0131 (Ekonomik)(50x60)\u00d6L\u00c7\u00dc 50*60 0,80 mm DKP Sa\u00e7 P\u0130-333","rel":"","context":"Similar post","block_context":{"text":"Similar post","link":""},"img":{"alt_text":"","src":"https:\/\/i0.wp.com\/tuzlahortum.com.tr\/wp-content\/uploads\/2019\/03\/s%C4%B1va-alt%C4%B1-cam-kapakl%C4%B1-ekonomik.jpg?fit=347%2C408&ssl=1&resize=350%2C200","width":350,"height":200},"classes":[]},{"id":560,"url":"https:\/\/tuzlahortum.com.tr\/en\/product\/tek-kapi-siva-ustu-sac-kapakli-ekonomik\/","url_meta":{"origin":796,"position":2},"title":"Single Door \u2013 Surface Mounted with Cover (Economic) (50\u00d760)","author":"admin","date":"6 February 2019","format":false,"excerpt":"Tek Kap\u0131 - S\u0131va \u00dcst\u00fc Sa\u00e7 Kapakl\u0131 (Ekonomik)(50x60)\u00d6L\u00c7\u00dc 50*600,80 mm DKP Sa\u00e72\" Ekonomik yang\u0131n hortumu2\" Ekonomik lans20 MT25 MT30 MTP\u0130-330P\u0130-331P\u0130-332","rel":"","context":"Similar post","block_context":{"text":"Similar post","link":""},"img":{"alt_text":"","src":"https:\/\/i0.wp.com\/tuzlahortum.com.tr\/wp-content\/uploads\/2019\/03\/s%C4%B1va-%C3%BCst%C3%BC-sa%C3%A7-kapakl%C4%B1-ekonomik.jpg?fit=350%2C381&ssl=1&resize=350%2C200","width":350,"height":200},"classes":[]},{"id":925,"url":"https:\/\/tuzlahortum.com.tr\/en\/product\/tek-kapi-siva-ustu-cam-kapakli-sulu-sistem\/","url_meta":{"origin":796,"position":3},"title":"Single Door \u2013 Surface Mounted with Glass Cover (Water System) (70\u00d765)","author":"admin","date":"6 February 2019","format":false,"excerpt":"Tek Kap\u0131 - S\u0131va \u00dcst\u00fc Cam Kapakl\u0131 (Sulu Sistem)(70x65)\u00d6L\u00c7\u00dc 70*651\" TS EN 694 yar\u0131 sert kau\u00e7uk yang\u0131n hortumu1\" jet sprey lans(nozul)\u00a020 MT25 MT30 MT1\" TSE K\u00fcresel Vanal\u0131P\u0130-115P\u0130-116P\u0130-1172\" Yang\u0131n Vanal\u0131 ( 2>1'e D\u00f6n\u00fc\u015ft\u00fcr\u00fcc\u00fcl\u00fc )P\u0130-215P\u0130-216P\u0130-217","rel":"","context":"Similar post","block_context":{"text":"Similar post","link":""},"img":{"alt_text":"","src":"https:\/\/i0.wp.com\/tuzlahortum.com.tr\/wp-content\/uploads\/2019\/03\/s%C4%B1va-alt%C4%B1-cam-kapakl%C4%B1-ekonomik-1.jpg?fit=347%2C408&ssl=1&resize=350%2C200","width":350,"height":200},"classes":[]},{"id":927,"url":"https:\/\/tuzlahortum.com.tr\/en\/product\/cift-kapakli-siva-ustu-cam-kapakli-sulu-sistem\/","url_meta":{"origin":796,"position":4},"title":"Double Door \u2013 Surface Mounted Glass Cover (Water System) (65\u00d785)","author":"admin","date":"6 February 2019","format":false,"excerpt":"\u00c7ift Kapakl\u0131 - S\u0131va \u00dcst\u00fc Cam Kapakl\u0131 (Sulu Sistem)(65x85)\u00d6L\u00c7\u00dc 65*851\" TS EN 694 yar\u0131 sert kau\u00e7uk yang\u0131n hortumu1\" jet sprey lans\u00a020 MT25 MT30 MT1\" TSE K\u00fcresel Vanal\u0131P\u0130-135P\u0130-136P\u0130-1372\" Yang\u0131n Vanal\u0131 ( 2>1'e D\u00f6n\u00fc\u015ft\u00fcr\u00fcc\u00fcl\u00fc )P\u0130-235P\u0130-236P\u0130-237","rel":"","context":"Similar post","block_context":{"text":"Similar post","link":""},"img":{"alt_text":"","src":"https:\/\/i0.wp.com\/tuzlahortum.com.tr\/wp-content\/uploads\/2019\/03\/%C3%87ift-Kapakl%C4%B1-S%C4%B1va-%C3%9Cst%C3%BC-Cam-Kapakl%C4%B1-Sulu-Sistem.jpg?fit=475%2C449&ssl=1&resize=350%2C200","width":350,"height":200},"classes":[]},{"id":954,"url":"https:\/\/tuzlahortum.com.tr\/en\/product\/dik-tip-siva-ustu-cam-kapakli-sulu-sistem\/","url_meta":{"origin":796,"position":5},"title":"Vertical Type \u2013 Surface Mounted with Glass Cover (Water System) (85\u00d765)","author":"admin","date":"6 February 2019","format":false,"excerpt":"Dik Tip - S\u0131va \u00dcst\u00fc Cam Kapakl\u0131 (Sulu Sistem)(85x65)\u00d6L\u00c7\u00dc 85*651\" TS EN 694 yar\u0131 sert kau\u00e7uk yang\u0131n hortumu1\" jet sprey lans\u00a020 MT25 MT30 MT1\" TSE K\u00fcresel Vanal\u0131P\u0130-155P\u0130-156P\u0130-1572\" Yang\u0131n Vanal\u0131 ( 2>1'e D\u00f6n\u00fc\u015ft\u00fcr\u00fcc\u00fcl\u00fc )P\u0130-255P\u0130-256P\u0130-257","rel":"","context":"Similar post","block_context":{"text":"Similar post","link":""},"img":{"alt_text":"","src":"https:\/\/i0.wp.com\/tuzlahortum.com.tr\/wp-content\/uploads\/2019\/03\/Dik-Tip-S%C4%B1va-%C3%9Cst%C3%BC-Cam-Kapakl%C4%B1-Sulu-Sistem.jpg?fit=388%2C480&ssl=1&resize=350%2C200","width":350,"height":200},"classes":[]}],"jetpack_sharing_enabled":true,"jetpack_likes_enabled":true,"_links":{"self":[{"href":"https:\/\/tuzlahortum.com.tr\/en\/wp-json\/wp\/v2\/product\/796","targetHints":{"allow":["GET"]}}],"collection":[{"href":"https:\/\/tuzlahortum.com.tr\/en\/wp-json\/wp\/v2\/product"}],"about":[{"href":"https:\/\/tuzlahortum.com.tr\/en\/wp-json\/wp\/v2\/types\/product"}],"replies":[{"embeddable":true,"href":"https:\/\/tuzlahortum.com.tr\/en\/wp-json\/wp\/v2\/comments?post=796"}],"wp:featuredmedia":[{"embeddable":true,"href":"https:\/\/tuzlahortum.com.tr\/en\/wp-json\/wp\/v2\/media\/7309"}],"wp:attachment":[{"href":"https:\/\/tuzlahortum.com.tr\/en\/wp-json\/wp\/v2\/media?parent=796"}],"wp:term":[{"taxonomy":"product_brand","embeddable":true,"href":"https:\/\/tuzlahortum.com.tr\/en\/wp-json\/wp\/v2\/product_brand?post=796"},{"taxonomy":"product_cat","embeddable":true,"href":"https:\/\/tuzlahortum.com.tr\/en\/wp-json\/wp\/v2\/product_cat?post=796"},{"taxonomy":"product_tag","embeddable":true,"href":"https:\/\/tuzlahortum.com.tr\/en\/wp-json\/wp\/v2\/product_tag?post=796"}],"curies":[{"name":"wp","href":"https:\/\/api.w.org\/{rel}","templated":true}]}}