{"id":793,"date":"2019-02-06T23:54:03","date_gmt":"2019-02-06T20:54:03","guid":{"rendered":"http:\/\/hortum.com.tr\/product\/import-placeholder-for-279\/"},"modified":"2024-03-21T17:42:27","modified_gmt":"2024-03-21T14:42:27","slug":"paslanmaz-loc-kelepce","status":"publish","type":"product","link":"https:\/\/tuzlahortum.com.tr\/en\/product\/paslanmaz-loc-kelepce\/","title":{"rendered":"Stainless Loc Clamp"},"content":{"rendered":"<h2>Stainless Loc Clamp<\/h2>","protected":false},"excerpt":{"rendered":"<p>Stainless Loc Clamp<\/p>","protected":false},"featured_media":12582,"comment_status":"open","ping_status":"closed","template":"","meta":{"jetpack_post_was_ever_published":false},"product_brand":[],"product_cat":[111],"product_tag":[852,855,666],"class_list":{"0":"post-793","1":"product","2":"type-product","3":"status-publish","4":"has-post-thumbnail","6":"product_cat-loc-kelepceler","7":"product_tag-kelepce","8":"product_tag-loc","9":"product_tag-paslanmaz","11":"first","12":"instock","13":"taxable","14":"shipping-taxable","15":"product-type-variable"},"jetpack-related-posts":[{"id":744,"url":"https:\/\/tuzlahortum.com.tr\/en\/product\/supra-paslanmaz-kelepce-w2-w4\/","url_meta":{"origin":793,"position":0},"title":"Supra Stainless Clamp (W2\/W4)","author":"admin","date":"6 February 2019","format":false,"excerpt":"Supra Paslanmaz Kelep\u00e7e (W2\/W4)Supra Paslanmaz Hortum Kelep\u00e7esi devrim niteli\u011findeki \u00fcst k\u00f6pr\u00fcs\u00fcnden dolay\u0131, hortumu \u00e7\u0131kartma gereksinimi olmadan en zorlu uygulamalara monte edilebilir. Supra Paslanmaz Hortum kelep\u00e7esi bir a\u011f\u0131r i\u015f kelep\u00e7esidir. Bu hortum kelep\u00e7esinin montaj\u0131 i\u00e7in hortumun yerinden \u00e7\u0131kar\u0131lmas\u0131na gerek kalmaz. Dolay\u0131s\u0131 ile montaj i\u015flemi \u00e7ok daha kolayla\u015fm\u0131\u015f olur. E\u011fimli kenarlar\u0131 sayesinde,\u2026","rel":"","context":"Similar post","block_context":{"text":"Similar post","link":""},"img":{"alt_text":"","src":"https:\/\/i0.wp.com\/tuzlahortum.com.tr\/wp-content\/uploads\/2019\/02\/SUPRA-KELEP%C3%87E.jpg?fit=764%2C704&ssl=1&resize=350%2C200","width":350,"height":200,"srcset":"https:\/\/i0.wp.com\/tuzlahortum.com.tr\/wp-content\/uploads\/2019\/02\/SUPRA-KELEP%C3%87E.jpg?fit=764%2C704&ssl=1&resize=350%2C200 1x, https:\/\/i0.wp.com\/tuzlahortum.com.tr\/wp-content\/uploads\/2019\/02\/SUPRA-KELEP%C3%87E.jpg?fit=764%2C704&ssl=1&resize=525%2C300 1.5x, https:\/\/i0.wp.com\/tuzlahortum.com.tr\/wp-content\/uploads\/2019\/02\/SUPRA-KELEP%C3%87E.jpg?fit=764%2C704&ssl=1&resize=700%2C400 2x"},"classes":[]},{"id":742,"url":"https:\/\/tuzlahortum.com.tr\/en\/product\/strip-steel-serit-kelepce\/","url_meta":{"origin":793,"position":1},"title":"Strip Steel \u2013 Strip Clamp","author":"admin","date":"6 February 2019","format":false,"excerpt":"Strip Steel - \u015eerit Kelep\u00e7eStrip-Steel Serbest Boy Paslanmaz kelep\u00e7eler 30 metrelik rulolar halindedir. Klipsleri sayesinde uygulama noktas\u0131nda istenilen \u00e7apta kullan\u0131ma olanak sa\u011flarlar. BANT MALZEMES\u0130 PASLANMAZ \u00c7EL\u0130K (W2- 430 KAL\u0130TE) BANT KALINLI\u011eI 0,60 mm BANT GEN\u0130\u015eL\u0130\u011e\u0130 9 mm BANT UZUNLU\u011eU 30 mt","rel":"","context":"Similar post","block_context":{"text":"Similar post","link":""},"img":{"alt_text":"","src":"https:\/\/i0.wp.com\/tuzlahortum.com.tr\/wp-content\/uploads\/urunler\/kelepceler\/st-strip-steel-kelepce.jpg?fit=500%2C300&ssl=1&resize=350%2C200","width":350,"height":200},"classes":[]},{"id":741,"url":"https:\/\/tuzlahortum.com.tr\/en\/product\/smooth-kelepceler\/","url_meta":{"origin":793,"position":2},"title":"Smooth Clamps","author":"admin","date":"6 February 2019","format":false,"excerpt":"Smooth Kelep\u00e7elerA\u011f\u0131r i\u015f tipi i\u00e7in tasarlanm\u0131\u015f olan bu paslanmaz \u00e7elik Smooth kelep\u00e7eler bir s\u0131kma aparat\u0131 ile montaj edilirler. Band\u0131n \u00e7ekerek s\u0131k\u0131\u015ft\u0131r\u0131lmas\u0131 prensibi ile montaj\u0131 ger\u00e7ekle\u015fen bu hortum kelep\u00e7esi modelleri maksimum s\u0131kma tork de\u011ferlerini rahatl\u0131kla sa\u011flamaktad\u0131rlar.","rel":"","context":"Similar post","block_context":{"text":"Similar post","link":""},"img":{"alt_text":"","src":"https:\/\/i0.wp.com\/tuzlahortum.com.tr\/wp-content\/uploads\/2019\/02\/BJR-SMOOTH-KELEP%C3%87E-3.jpg?fit=930%2C605&ssl=1&resize=350%2C200","width":350,"height":200,"srcset":"https:\/\/i0.wp.com\/tuzlahortum.com.tr\/wp-content\/uploads\/2019\/02\/BJR-SMOOTH-KELEP%C3%87E-3.jpg?fit=930%2C605&ssl=1&resize=350%2C200 1x, https:\/\/i0.wp.com\/tuzlahortum.com.tr\/wp-content\/uploads\/2019\/02\/BJR-SMOOTH-KELEP%C3%87E-3.jpg?fit=930%2C605&ssl=1&resize=525%2C300 1.5x, https:\/\/i0.wp.com\/tuzlahortum.com.tr\/wp-content\/uploads\/2019\/02\/BJR-SMOOTH-KELEP%C3%87E-3.jpg?fit=930%2C605&ssl=1&resize=700%2C400 2x"},"classes":[]},{"id":931,"url":"https:\/\/tuzlahortum.com.tr\/en\/product\/band-buckle-kelepce\/","url_meta":{"origin":793,"position":3},"title":"Band &amp; Buckle Clamp","author":"admin","date":"6 February 2019","format":false,"excerpt":"Band & Buckle Kelep\u00e7eBand & Buckle paslanmaz \u00e7elik serbest boy kelep\u00e7e modelleri standartlar\u0131n \u00fczerindeki \u00e7aplarda s\u0131zd\u0131rmazl\u0131k ve sabitleme ama\u00e7l\u0131 tasarlanm\u0131\u015flard\u0131r. Bu serbest boy kelep\u00e7elerin korozyon diren\u00e7leri y\u00fcksektir. DIN 1.4301 (AISI 304) malzemeden \u00fcretilmektedir. \u0130stenilen \u00e7ap i\u00e7in uygulanmas\u0131 olduk\u00e7a basit olan bu serbest boy paslanmaz hortum kelep\u00e7esi modelleri bir s\u0131kma aparat\u0131\u2026","rel":"","context":"Similar post","block_context":{"text":"Similar post","link":""},"img":{"alt_text":"","src":"https:\/\/i0.wp.com\/tuzlahortum.com.tr\/wp-content\/uploads\/urunler\/kelepceler\/bandbucklekelepce.jpg?fit=500%2C350&ssl=1&resize=350%2C200","width":350,"height":200},"classes":[]},{"id":747,"url":"https:\/\/tuzlahortum.com.tr\/en\/product\/se-kademesiz-kulakli-kelepceler\/","url_meta":{"origin":793,"position":4},"title":"SE \u2013 Stepless Ear Clamps","author":"admin","date":"6 February 2019","format":false,"excerpt":"SE - Kademesiz Kulakl\u0131 Kelep\u00e7elerSE - Kademesiz Kulakl\u0131 Kelep\u00e7eler bir\u00e7ok hortum ba\u011flant\u0131lar\u0131 montaj\u0131 i\u00e7in uygulamas\u0131 h\u0131zl\u0131, basit ve ekonomik bir kelep\u00e7edir. S\u0131kma esnas\u0131nda hortuma zarar vermez. Hava ve s\u0131v\u0131 ta\u015f\u0131y\u0131c\u0131 hortumlarda kullan\u0131labilir.","rel":"","context":"Similar post","block_context":{"text":"Similar post","link":""},"img":{"alt_text":"","src":"https:\/\/i0.wp.com\/tuzlahortum.com.tr\/wp-content\/uploads\/2019\/02\/SE-KADEMES%C4%B0Z-KELEP%C3%87ELER.jpg?fit=717%2C724&ssl=1&resize=350%2C200","width":350,"height":200,"srcset":"https:\/\/i0.wp.com\/tuzlahortum.com.tr\/wp-content\/uploads\/2019\/02\/SE-KADEMES%C4%B0Z-KELEP%C3%87ELER.jpg?fit=717%2C724&ssl=1&resize=350%2C200 1x, https:\/\/i0.wp.com\/tuzlahortum.com.tr\/wp-content\/uploads\/2019\/02\/SE-KADEMES%C4%B0Z-KELEP%C3%87ELER.jpg?fit=717%2C724&ssl=1&resize=525%2C300 1.5x, https:\/\/i0.wp.com\/tuzlahortum.com.tr\/wp-content\/uploads\/2019\/02\/SE-KADEMES%C4%B0Z-KELEP%C3%87ELER.jpg?fit=717%2C724&ssl=1&resize=700%2C400 2x"},"classes":[]},{"id":743,"url":"https:\/\/tuzlahortum.com.tr\/en\/product\/supra-kelepcew1\/","url_meta":{"origin":793,"position":5},"title":"Supra Clamp(W1)","author":"admin","date":"6 February 2019","format":false,"excerpt":"Supra Kelep\u00e7e(W1)Y\u00fcksek mukavemetli 8.8 s\u0131n\u0131f\u0131 \u00e7elik somun ve T-c\u0131vatas\u0131 Supra kelep\u00e7enin, konik kenarlar hortumu hasar g\u00f6rmekten korurken bir\u00e7ok farkl\u0131 \u00e7e\u015fit tak\u0131m kullan\u0131larak sert bir \u015fekilde s\u0131k\u0131labilece\u011fi anlam\u0131na gelmektedir. S\u00fcper kelep\u00e7e tar\u0131m uygulamalar\u0131nda, at\u0131k suyun \u00e7\u0131kart\u0131lmas\u0131nda, madencilikte, ta\u015f ocak\u00e7\u0131l\u0131\u011f\u0131nda yo\u011fun bir \u015fekilde kullan\u0131l\u0131rlar.Rekabet\u00e7i bir \u015fekilde fiyatland\u0131r\u0131lm\u0131\u015f\u00a0 sa\u011flam bir a\u011f\u0131r hizmet kelep\u00e7esinin\u2026","rel":"","context":"Similar post","block_context":{"text":"Similar post","link":""},"img":{"alt_text":"","src":"https:\/\/i0.wp.com\/tuzlahortum.com.tr\/wp-content\/uploads\/2019\/02\/SUPRA-KELEP%C3%87E.jpg?fit=764%2C704&ssl=1&resize=350%2C200","width":350,"height":200,"srcset":"https:\/\/i0.wp.com\/tuzlahortum.com.tr\/wp-content\/uploads\/2019\/02\/SUPRA-KELEP%C3%87E.jpg?fit=764%2C704&ssl=1&resize=350%2C200 1x, https:\/\/i0.wp.com\/tuzlahortum.com.tr\/wp-content\/uploads\/2019\/02\/SUPRA-KELEP%C3%87E.jpg?fit=764%2C704&ssl=1&resize=525%2C300 1.5x, https:\/\/i0.wp.com\/tuzlahortum.com.tr\/wp-content\/uploads\/2019\/02\/SUPRA-KELEP%C3%87E.jpg?fit=764%2C704&ssl=1&resize=700%2C400 2x"},"classes":[]}],"jetpack_sharing_enabled":true,"jetpack_likes_enabled":true,"_links":{"self":[{"href":"https:\/\/tuzlahortum.com.tr\/en\/wp-json\/wp\/v2\/product\/793","targetHints":{"allow":["GET"]}}],"collection":[{"href":"https:\/\/tuzlahortum.com.tr\/en\/wp-json\/wp\/v2\/product"}],"about":[{"href":"https:\/\/tuzlahortum.com.tr\/en\/wp-json\/wp\/v2\/types\/product"}],"replies":[{"embeddable":true,"href":"https:\/\/tuzlahortum.com.tr\/en\/wp-json\/wp\/v2\/comments?post=793"}],"wp:featuredmedia":[{"embeddable":true,"href":"https:\/\/tuzlahortum.com.tr\/en\/wp-json\/wp\/v2\/media\/12582"}],"wp:attachment":[{"href":"https:\/\/tuzlahortum.com.tr\/en\/wp-json\/wp\/v2\/media?parent=793"}],"wp:term":[{"taxonomy":"product_brand","embeddable":true,"href":"https:\/\/tuzlahortum.com.tr\/en\/wp-json\/wp\/v2\/product_brand?post=793"},{"taxonomy":"product_cat","embeddable":true,"href":"https:\/\/tuzlahortum.com.tr\/en\/wp-json\/wp\/v2\/product_cat?post=793"},{"taxonomy":"product_tag","embeddable":true,"href":"https:\/\/tuzlahortum.com.tr\/en\/wp-json\/wp\/v2\/product_tag?post=793"}],"curies":[{"name":"wp","href":"https:\/\/api.w.org\/{rel}","templated":true}]}}