{"id":791,"date":"2019-02-06T23:54:02","date_gmt":"2019-02-06T20:54:02","guid":{"rendered":"http:\/\/hortum.com.tr\/product\/import-placeholder-for-583\/"},"modified":"2024-03-21T17:42:29","modified_gmt":"2024-03-21T14:42:29","slug":"tam-gecisli-kuresel-vana-pn-16-2-parcali","status":"publish","type":"product","link":"https:\/\/tuzlahortum.com.tr\/en\/product\/tam-gecisli-kuresel-vana-pn-16-2-parcali\/","title":{"rendered":"Full Bore Ball Valve PN 16 \u2013 2 Pieces"},"content":{"rendered":"<h2>Full Bore Ball Valve PN 16 \u2013 2 Pieces<\/h2>\n<section id=\"genelozellikler\" class=\"content-current\">\n<div>TS CEN\/EN 3148 Turkish Standards Institute Approval.<\/div>\n<div>ISO 9001 Quality System Certificate.<\/div>\n<div>Full pass for maximum fluidity.<\/div>\n<div>Hot, Superheated and cold water systems<\/div>\n<div>Compressed air systems<\/div>\n<div>Fluids without acid and alkali properties<\/div>\n<div>Thick PVC coated steel handle.<\/div>\n<div>Temperature -10\u00b0C + 120\u00b0C<\/div>\n<\/section>","protected":false},"excerpt":{"rendered":"<p>Tam Ge\u00e7i\u015fli K\u00fcresel Vana PN 16 &#8211; 2 Par\u00e7al\u0131 TS CEN\/EN 3148 T\u00fcrk Standartlar\u0131 Enstit\u00fcs\u00fc Onay\u0131. ISO 9001 Kalite Sistem Sertfikas\u0131. Maksimum ak\u0131\u015fkanl\u0131k i\u00e7in tam ge\u00e7i\u015f. S\u0131cak, K\u0131zg\u0131n ve so\u011fuk su sistemleri Bas\u0131n\u00e7l\u0131 hava sistemleri Asit ve alkali \u00f6zelli\u011fi bulunmayan ak\u0131\u015fkanlar Kal\u0131n PVC kapl\u0131 \u00e7elik kol. S\u0131cakl\u0131k -10\u00b0C + 120\u00b0C<\/p>","protected":false},"featured_media":2869,"comment_status":"open","ping_status":"closed","template":"","meta":[],"product_brand":[],"product_cat":[203],"product_tag":[978,357,965,979,962,975,977,961],"class_list":{"0":"post-791","1":"product","2":"type-product","3":"status-publish","4":"has-post-thumbnail","6":"product_cat-kuresel-vanalar","7":"product_tag-2-parcali","8":"product_tag-endustriyel","9":"product_tag-kuresel-vana","10":"product_tag-pn-16","11":"product_tag-sulama","12":"product_tag-tam-gecisli","13":"product_tag-tam-gecisli-kuresel-vana","14":"product_tag-tesisat","16":"first","17":"instock","18":"taxable","19":"shipping-taxable","20":"product-type-variable"},"jetpack-related-posts":[],"jetpack_sharing_enabled":true,"jetpack_likes_enabled":true,"_links":{"self":[{"href":"https:\/\/tuzlahortum.com.tr\/en\/wp-json\/wp\/v2\/product\/791","targetHints":{"allow":["GET"]}}],"collection":[{"href":"https:\/\/tuzlahortum.com.tr\/en\/wp-json\/wp\/v2\/product"}],"about":[{"href":"https:\/\/tuzlahortum.com.tr\/en\/wp-json\/wp\/v2\/types\/product"}],"replies":[{"embeddable":true,"href":"https:\/\/tuzlahortum.com.tr\/en\/wp-json\/wp\/v2\/comments?post=791"}],"wp:featuredmedia":[{"embeddable":true,"href":"https:\/\/tuzlahortum.com.tr\/en\/wp-json\/wp\/v2\/media\/2869"}],"wp:attachment":[{"href":"https:\/\/tuzlahortum.com.tr\/en\/wp-json\/wp\/v2\/media?parent=791"}],"wp:term":[{"taxonomy":"product_brand","embeddable":true,"href":"https:\/\/tuzlahortum.com.tr\/en\/wp-json\/wp\/v2\/product_brand?post=791"},{"taxonomy":"product_cat","embeddable":true,"href":"https:\/\/tuzlahortum.com.tr\/en\/wp-json\/wp\/v2\/product_cat?post=791"},{"taxonomy":"product_tag","embeddable":true,"href":"https:\/\/tuzlahortum.com.tr\/en\/wp-json\/wp\/v2\/product_tag?post=791"}],"curies":[{"name":"wp","href":"https:\/\/api.w.org\/{rel}","templated":true}]}}