{"id":790,"date":"2019-02-06T23:54:02","date_gmt":"2019-02-06T20:54:02","guid":{"rendered":"http:\/\/hortum.com.tr\/product\/import-placeholder-for-348\/"},"modified":"2024-03-21T17:42:30","modified_gmt":"2024-03-21T14:42:30","slug":"tam-gecisli-kuresel-vana-dis-disli","status":"publish","type":"product","link":"https:\/\/tuzlahortum.com.tr\/en\/product\/tam-gecisli-kuresel-vana-dis-disli\/","title":{"rendered":"Full Bore Ball Valve External Thread"},"content":{"rendered":"<h2>Full Bore Ball Valve External Thread<\/h2>\n<p>TS CEN\/EN 13547 Turkish Standards Institute Approval.<\/p>\n<p>ISO 9001 Quality System Certificate.<\/p>\n<p>Soot coated sphere for longer life.<\/p>\n<p>PTFE gasket and EPDM O-ring for maximum security.<\/p>\n<p>Thick PVC coated steel handle.<\/p>\n<p>Wide usage area for use in industrial, plumbing and irrigation systems.<\/p>\n<p>Temperature -10\u00b0C + 120\u00b0C<\/p>","protected":false},"excerpt":{"rendered":"<p>Tam Ge\u00e7i\u015fli K\u00fcresel Vana D\u0131\u015f Di\u015fli TS CEN\/EN 13547 T\u00fcrk Standartlar\u0131 Enstit\u00fcs\u00fc Onay\u0131. ISO 9001 Kalite Sistem Sertfikas\u0131. Daha uzun \u00f6m\u00fcr i\u00e7in kurum kaplama k\u00fcre. Maksimum g\u00fcvenlik i\u00e7in PTFE conta ve EPDM O-ring. Kal\u0131n PVC kapl\u0131 \u00e7elik kol. End\u00fcstriyel, Tesisat ve sulama sistemlerinde kullan\u0131lmak \u00fczere geni\u015f kullan\u0131m alan\u0131. S\u0131cakl\u0131k -10\u00b0C + 120\u00b0C<\/p>","protected":false},"featured_media":2868,"comment_status":"open","ping_status":"closed","template":"","meta":[],"product_brand":[],"product_cat":[203],"product_tag":[974,357,965,962,975,976,961,331],"class_list":{"0":"post-790","1":"product","2":"type-product","3":"status-publish","4":"has-post-thumbnail","6":"product_cat-kuresel-vanalar","7":"product_tag-dis-disli","8":"product_tag-endustriyel","9":"product_tag-kuresel-vana","10":"product_tag-sulama","11":"product_tag-tam-gecisli","12":"product_tag-tam-gecisli-kuresel-vana-dis-disli","13":"product_tag-tesisat","14":"product_tag-vana","16":"first","17":"instock","18":"taxable","19":"shipping-taxable","20":"product-type-variable"},"jetpack-related-posts":[{"id":791,"url":"https:\/\/tuzlahortum.com.tr\/en\/product\/tam-gecisli-kuresel-vana-pn-16-2-parcali\/","url_meta":{"origin":790,"position":0},"title":"Full Bore Ball Valve PN 16 \u2013 2 Pieces","author":"admin","date":"6 February 2019","format":false,"excerpt":"Tam Ge\u00e7i\u015fli K\u00fcresel Vana PN 16 - 2 Par\u00e7al\u0131TS CEN\/EN 3148 T\u00fcrk Standartlar\u0131 Enstit\u00fcs\u00fc Onay\u0131.ISO 9001 Kalite Sistem Sertfikas\u0131.Maksimum ak\u0131\u015fkanl\u0131k i\u00e7in tam ge\u00e7i\u015f.S\u0131cak, K\u0131zg\u0131n ve so\u011fuk su sistemleriBas\u0131n\u00e7l\u0131 hava sistemleriAsit ve alkali \u00f6zelli\u011fi bulunmayan ak\u0131\u015fkanlarKal\u0131n PVC kapl\u0131 \u00e7elik kol.S\u0131cakl\u0131k -10\u00b0C + 120\u00b0C","rel":"","context":"Similar post","block_context":{"text":"Similar post","link":""},"img":{"alt_text":"","src":"https:\/\/i0.wp.com\/tuzlahortum.com.tr\/wp-content\/uploads\/2019\/02\/Tam-Ge%C3%A7i%C5%9Fli-K%C3%BCresel-Vana-PN-16-2-Par%C3%A7al%C4%B1.jpg?fit=520%2C350&ssl=1&resize=350%2C200","width":350,"height":200},"classes":[]},{"id":792,"url":"https:\/\/tuzlahortum.com.tr\/en\/product\/kuresel-vana-pn40-tse\/","url_meta":{"origin":790,"position":1},"title":"Ball Valve PN40 TSE","author":"admin","date":"6 February 2019","format":false,"excerpt":"K\u00fcresel Vana PN40 TSETS CEN\/EN 13547 T\u00fcrk Standartlar\u0131 Enstit\u00fcs\u00fc Onay\u0131.ISO 9001 Kalite Sistem Sertfikas\u0131.Maksimum ak\u0131\u015fkanl\u0131k i\u00e7in tam ge\u00e7i\u015f.Daha uzun \u00f6m\u00fcr i\u00e7in kurum kaplama k\u00fcre.ISO 228 Di\u015fi X Di\u015fi ba\u011flant\u0131.Kol \u00fczerinde A\u00e7\u0131k-Kapal\u0131 i\u015fareti.Maksimum g\u00fcvenlik i\u00e7in PTFE conta ve EPDM O-ring.Kal\u0131n PVC kapl\u0131 \u00e7elik kol.End\u00fcstriyel, Tesisat ve sulama sistemlerinde kullan\u0131lmak \u00fczere geni\u015f\u2026","rel":"","context":"Similar post","block_context":{"text":"Similar post","link":""},"img":{"alt_text":"","src":"https:\/\/i0.wp.com\/tuzlahortum.com.tr\/wp-content\/uploads\/2019\/02\/K%C3%BCresel-Vana-PN16-PN25-PN40-TSE.jpg?fit=520%2C350&ssl=1&resize=350%2C200","width":350,"height":200},"classes":[]},{"id":797,"url":"https:\/\/tuzlahortum.com.tr\/en\/product\/mini-kuresel-vana\/","url_meta":{"origin":790,"position":2},"title":"Mini Ball Valve","author":"admin","date":"6 February 2019","format":false,"excerpt":"Mini K\u00fcresel VanaISO 9001 Kalite Sistem Sertfikas\u0131.Daha uzun \u00f6m\u00fcr i\u00e7in kurum kaplama k\u00fcre.Maksimum g\u00fcvenlik i\u00e7in PTFE conta ve EPDM O-ring.Plastik kol.End\u00fcstriyel, Tesisat ve sulama sistemlerinde kullan\u0131lmak\u00fczere geni\u015f kullan\u0131m alan\u0131.S\u0131cakl\u0131k -10\u00b0C + 120\u00b0C\u00a0","rel":"","context":"Similar post","block_context":{"text":"Similar post","link":""},"img":{"alt_text":"","src":"https:\/\/i0.wp.com\/tuzlahortum.com.tr\/wp-content\/uploads\/2019\/02\/Mini-K%C3%BCresel-Vana.jpg?fit=520%2C350&ssl=1&resize=350%2C200","width":350,"height":200},"classes":[]},{"id":788,"url":"https:\/\/tuzlahortum.com.tr\/en\/product\/kuresel-vana-pn16-tse\/","url_meta":{"origin":790,"position":3},"title":"Ball Valve PN16 TSE","author":"admin","date":"6 February 2019","format":false,"excerpt":"K\u00fcresel Vana PN16 TSETS CEN\/EN 13547 T\u00fcrk Standartlar\u0131 Enstit\u00fcs\u00fc Onay\u0131.ISO 9001 Kalite Sistem Sertfikas\u0131.Maksimum ak\u0131\u015fkanl\u0131k i\u00e7in tam ge\u00e7i\u015f.Daha uzun \u00f6m\u00fcr i\u00e7in kurum kaplama k\u00fcre.ISO 228 Di\u015fi X Di\u015fi ba\u011flant\u0131.Kol \u00fczerinde A\u00e7\u0131k-Kapal\u0131 i\u015fareti.Maksimum g\u00fcvenlik i\u00e7in PTFE conta ve EPDM O-ring.Kal\u0131n PVC kapl\u0131 \u00e7elik kol.End\u00fcstriyel, Tesisat ve sulama sistemlerinde kullan\u0131lmak \u00fczere geni\u015f\u2026","rel":"","context":"Similar post","block_context":{"text":"Similar post","link":""},"img":{"alt_text":"","src":"https:\/\/i0.wp.com\/tuzlahortum.com.tr\/wp-content\/uploads\/2019\/02\/K%C3%BCresel-Vana-PN16-PN25-PN40-TSE.jpg?fit=520%2C350&ssl=1&resize=350%2C200","width":350,"height":200},"classes":[]},{"id":789,"url":"https:\/\/tuzlahortum.com.tr\/en\/product\/kuresel-vana-pn25-tse\/","url_meta":{"origin":790,"position":4},"title":"Ball Valve PN25 TSE","author":"admin","date":"6 February 2019","format":false,"excerpt":"K\u00fcresel Vana PN25 TSETS CEN\/TS 13547 T\u00fcrk Standartlar\u0131 Enstit\u00fcs\u00fc Onay\u0131.ISO 9001 Kalite Sistem Sertfikas\u0131.Maksimum ak\u0131\u015fkanl\u0131k i\u00e7in tam ge\u00e7i\u015f.Daha uzun \u00f6m\u00fcr i\u00e7in kurum kaplama k\u00fcre.ISO 228 Di\u015fi X Di\u015fi ba\u011flant\u0131.Kol \u00fczerinde A\u00e7\u0131k-Kapal\u0131 i\u015fareti.Maksimum g\u00fcvenlik i\u00e7in PTFE conta ve EPDM O-ring.Kal\u0131n PVC kapl\u0131 \u00e7elik kol.End\u00fcstriyel, Tesisat ve sulama sistemlerinde kullan\u0131lmak \u00fczere geni\u015f\u2026","rel":"","context":"Similar post","block_context":{"text":"Similar post","link":""},"img":{"alt_text":"","src":"https:\/\/i0.wp.com\/tuzlahortum.com.tr\/wp-content\/uploads\/2019\/02\/K%C3%BCresel-Vana-PN16-PN25-PN40-TSE.jpg?fit=520%2C350&ssl=1&resize=350%2C200","width":350,"height":200},"classes":[]},{"id":787,"url":"https:\/\/tuzlahortum.com.tr\/en\/product\/kuresel-vana-pn10-tse\/","url_meta":{"origin":790,"position":5},"title":"Ball Valve PN10 TSE","author":"admin","date":"6 February 2019","format":false,"excerpt":"K\u00fcresel Vana PN10 TSETS CEN\/EN 13828 T\u00fcrk Standartlar\u0131 Enstit\u00fcs\u00fc Onay\u0131.ISO 9001 Kalite Sistem Sertfikas\u0131.Maksimum ak\u0131\u015fkanl\u0131k i\u00e7in tam ge\u00e7i\u015f.Daha uzun \u00f6m\u00fcr i\u00e7in kurum kaplama k\u00fcre.ISO 228 Di\u015fi X Di\u015fi ba\u011flant\u0131.Kol \u00fczerinde A\u00e7\u0131k-Kapal\u0131 i\u015fareti.Maksimum g\u00fcvenlik i\u00e7in PTFE conta ve EPDM O-ring.Kal\u0131n PVC kapl\u0131 \u00e7elik kol.\u0130\u00e7me suyu sistemlerinde kulan\u0131lmak \u00fczere geni\u015f kullan\u0131m alan\u0131.S\u0131cakl\u0131k\u2026","rel":"","context":"Similar post","block_context":{"text":"Similar post","link":""},"img":{"alt_text":"","src":"https:\/\/i0.wp.com\/tuzlahortum.com.tr\/wp-content\/uploads\/2019\/02\/K%C3%BCresel-Vana-PN10-TSE.jpg?fit=520%2C350&ssl=1&resize=350%2C200","width":350,"height":200},"classes":[]}],"jetpack_sharing_enabled":true,"jetpack_likes_enabled":true,"_links":{"self":[{"href":"https:\/\/tuzlahortum.com.tr\/en\/wp-json\/wp\/v2\/product\/790","targetHints":{"allow":["GET"]}}],"collection":[{"href":"https:\/\/tuzlahortum.com.tr\/en\/wp-json\/wp\/v2\/product"}],"about":[{"href":"https:\/\/tuzlahortum.com.tr\/en\/wp-json\/wp\/v2\/types\/product"}],"replies":[{"embeddable":true,"href":"https:\/\/tuzlahortum.com.tr\/en\/wp-json\/wp\/v2\/comments?post=790"}],"wp:featuredmedia":[{"embeddable":true,"href":"https:\/\/tuzlahortum.com.tr\/en\/wp-json\/wp\/v2\/media\/2868"}],"wp:attachment":[{"href":"https:\/\/tuzlahortum.com.tr\/en\/wp-json\/wp\/v2\/media?parent=790"}],"wp:term":[{"taxonomy":"product_brand","embeddable":true,"href":"https:\/\/tuzlahortum.com.tr\/en\/wp-json\/wp\/v2\/product_brand?post=790"},{"taxonomy":"product_cat","embeddable":true,"href":"https:\/\/tuzlahortum.com.tr\/en\/wp-json\/wp\/v2\/product_cat?post=790"},{"taxonomy":"product_tag","embeddable":true,"href":"https:\/\/tuzlahortum.com.tr\/en\/wp-json\/wp\/v2\/product_tag?post=790"}],"curies":[{"name":"wp","href":"https:\/\/api.w.org\/{rel}","templated":true}]}}