{"id":788,"date":"2019-02-06T23:53:43","date_gmt":"2019-02-06T20:53:43","guid":{"rendered":"http:\/\/hortum.com.tr\/product\/import-placeholder-for-204\/"},"modified":"2024-03-21T17:42:31","modified_gmt":"2024-03-21T14:42:31","slug":"kuresel-vana-pn16-tse","status":"publish","type":"product","link":"https:\/\/tuzlahortum.com.tr\/en\/product\/kuresel-vana-pn16-tse\/","title":{"rendered":"Ball Valve PN16 TSE"},"content":{"rendered":"<h2>Ball Valve PN16 TSE<\/h2>\n<p>TS CEN\/EN 13547 Turkish Standards Institute Approval.<\/p>\n<p>ISO 9001 Quality System Certificate.<\/p>\n<p>Full pass for maximum fluidity.<\/p>\n<p>Soot coated sphere for longer life.<\/p>\n<p>ISO 228 Female X Female connection.<\/p>\n<p>Open-Closed mark on sleeve.<\/p>\n<p>PTFE gasket and EPDM O-ring for maximum security.<\/p>\n<p>Thick PVC coated steel handle.<\/p>\n<p>Wide usage area for use in industrial, plumbing and irrigation systems.<\/p>\n<p>Temperature -10\u00b0C + 120\u00b0C<\/p>\n<table border=\"0\" cellspacing=\"0\" cellpadding=\"0\">\n<tbody>\n<tr bgcolor=\"#002f62\">\n<td>RATED SIZE<\/td>\n<td>DN<br \/>(G)<\/td>\n<td>d1<br \/>(mm)<\/td>\n<td>L<br \/>(mm)<\/td>\n<td>K<br \/>(mm)<\/td>\n<td>t<br \/>(mm)<\/td>\n<td>TO<br \/>(mm)<\/td>\n<\/tr>\n<tr>\n<td>1\/2\u2033<\/td>\n<td>15<\/td>\n<td>14-14<\/td>\n<td>54<\/td>\n<td>80<\/td>\n<td>15<\/td>\n<td>37<\/td>\n<\/tr>\n<tr>\n<td>3\/4\u2033<\/td>\n<td>20<\/td>\n<td>19-19<\/td>\n<td>61<\/td>\n<td>95<\/td>\n<td>16<\/td>\n<td>53<\/td>\n<\/tr>\n<tr>\n<td>1\u2033<\/td>\n<td>25<\/td>\n<td>24-24<\/td>\n<td>73<\/td>\n<td>115<\/td>\n<td>17<\/td>\n<td>55<\/td>\n<\/tr>\n<tr>\n<td>1 1\/4\u2033<\/td>\n<td>32<\/td>\n<td>30-30<\/td>\n<td>83<\/td>\n<td>115<\/td>\n<td>20<\/td>\n<td>59<\/td>\n<\/tr>\n<tr>\n<td>1 1\/2\u2033<\/td>\n<td>40<\/td>\n<td>38-38<\/td>\n<td>95<\/td>\n<td>125<\/td>\n<td>22<\/td>\n<td>77<\/td>\n<\/tr>\n<tr>\n<td>2\u2033<\/td>\n<td>50<\/td>\n<td>46-47<\/td>\n<td>113<\/td>\n<td>145<\/td>\n<td>26<\/td>\n<td>90<\/td>\n<\/tr>\n<tr>\n<td>2 1\/2\u2033<\/td>\n<td>65<\/td>\n<td>58-63<\/td>\n<td>132<\/td>\n<td>230<\/td>\n<td>28<\/td>\n<td>107<\/td>\n<\/tr>\n<tr>\n<td>3\u2033<\/td>\n<td>80<\/td>\n<td>70-80<\/td>\n<td>149<\/td>\n<td>250<\/td>\n<td>30<\/td>\n<td>120<\/td>\n<\/tr>\n<tr>\n<td>4\u2033<\/td>\n<td>100<\/td>\n<td>85-98<\/td>\n<td>174<\/td>\n<td>250<\/td>\n<td>35<\/td>\n<td>135<\/td>\n<\/tr>\n<\/tbody>\n<\/table>","protected":false},"excerpt":{"rendered":"<p>K\u00fcresel Vana PN16 TSE TS CEN\/EN 13547 T\u00fcrk Standartlar\u0131 Enstit\u00fcs\u00fc Onay\u0131. ISO 9001 Kalite Sistem Sertfikas\u0131. Maksimum ak\u0131\u015fkanl\u0131k i\u00e7in tam ge\u00e7i\u015f. Daha uzun \u00f6m\u00fcr i\u00e7in kurum kaplama k\u00fcre. ISO 228 Di\u015fi X Di\u015fi ba\u011flant\u0131. Kol \u00fczerinde A\u00e7\u0131k-Kapal\u0131 i\u015fareti. Maksimum g\u00fcvenlik i\u00e7in PTFE conta ve EPDM O-ring. Kal\u0131n PVC kapl\u0131 \u00e7elik kol. End\u00fcstriyel, Tesisat ve sulama [&#8230;]\n","protected":false},"featured_media":2867,"comment_status":"open","ping_status":"closed","template":"","meta":{"jetpack_post_was_ever_published":false},"product_brand":[],"product_cat":[203],"product_tag":[357,965,970,962,961,331],"class_list":{"0":"post-788","1":"product","2":"type-product","3":"status-publish","4":"has-post-thumbnail","6":"product_cat-kuresel-vanalar","7":"product_tag-endustriyel","8":"product_tag-kuresel-vana","9":"product_tag-pn16","10":"product_tag-sulama","11":"product_tag-tesisat","12":"product_tag-vana","14":"first","15":"instock","16":"taxable","17":"shipping-taxable","18":"product-type-variable"},"jetpack-related-posts":[],"jetpack_sharing_enabled":true,"jetpack_likes_enabled":true,"_links":{"self":[{"href":"https:\/\/tuzlahortum.com.tr\/en\/wp-json\/wp\/v2\/product\/788","targetHints":{"allow":["GET"]}}],"collection":[{"href":"https:\/\/tuzlahortum.com.tr\/en\/wp-json\/wp\/v2\/product"}],"about":[{"href":"https:\/\/tuzlahortum.com.tr\/en\/wp-json\/wp\/v2\/types\/product"}],"replies":[{"embeddable":true,"href":"https:\/\/tuzlahortum.com.tr\/en\/wp-json\/wp\/v2\/comments?post=788"}],"wp:featuredmedia":[{"embeddable":true,"href":"https:\/\/tuzlahortum.com.tr\/en\/wp-json\/wp\/v2\/media\/2867"}],"wp:attachment":[{"href":"https:\/\/tuzlahortum.com.tr\/en\/wp-json\/wp\/v2\/media?parent=788"}],"wp:term":[{"taxonomy":"product_brand","embeddable":true,"href":"https:\/\/tuzlahortum.com.tr\/en\/wp-json\/wp\/v2\/product_brand?post=788"},{"taxonomy":"product_cat","embeddable":true,"href":"https:\/\/tuzlahortum.com.tr\/en\/wp-json\/wp\/v2\/product_cat?post=788"},{"taxonomy":"product_tag","embeddable":true,"href":"https:\/\/tuzlahortum.com.tr\/en\/wp-json\/wp\/v2\/product_tag?post=788"}],"curies":[{"name":"wp","href":"https:\/\/api.w.org\/{rel}","templated":true}]}}