{"id":779,"date":"2019-02-06T23:53:41","date_gmt":"2019-02-06T20:53:41","guid":{"rendered":"http:\/\/hortum.com.tr\/product\/import-placeholder-for-402\/"},"modified":"2024-03-21T17:42:43","modified_gmt":"2024-03-21T14:42:43","slug":"cift-kapi-siva-alti-sac-kapakli-kuru-sistem","status":"publish","type":"product","link":"https:\/\/tuzlahortum.com.tr\/en\/product\/cift-kapi-siva-alti-sac-kapakli-kuru-sistem\/","title":{"rendered":"Double Door \u2013 Recessed Sheet Cover (Dry System) (65\u00d785)"},"content":{"rendered":"<h2>Double Door \u2013 Recessed Sheet Cover (Dry System) (65\u00d785)<\/h2>\n<h3>SIZE 65*85<\/h3>\n<ul class=\"list-style-2\">\n<li class=\"check-list\">2\u2033 cloth fire hose (30 ATU)<\/li>\n<li class=\"check-list\">2\u2033 fire valve (with union)<\/li>\n<li class=\"check-list\">2\u2033 jet lance (with coupling)<\/li>\n<\/ul>\n<div class=\"row\">\n<table class=\"table table-bordered span4\">\n<thead>\n<tr>\n<th>20 MT<\/th>\n<th>25 MT<\/th>\n<th>30 MT<\/th>\n<\/tr>\n<\/thead>\n<tbody>\n<tr>\n<td>PI-300<\/td>\n<td>PI-301<\/td>\n<td>PI-302<\/td>\n<\/tr>\n<\/tbody>\n<\/table>\n<\/div>","protected":false},"excerpt":{"rendered":"<p>\u00c7ift Kap\u0131 &#8211; S\u0131va Alt\u0131 Sa\u00e7 Kapakl\u0131 (Kuru Sistem)(65&#215;85) \u00d6L\u00c7\u00dc 65*85 2&#8243; bez yang\u0131n hortumu (30 AT\u00dc) 2&#8243; yang\u0131n vanas\u0131(rakorlu) 2&#8243; jet lans(rakorlu) 20 MT 25 MT 30 MT P\u0130-300 P\u0130-301 P\u0130-302<\/p>","protected":false},"featured_media":7303,"comment_status":"open","ping_status":"closed","template":"","meta":{"jetpack_post_was_ever_published":false},"product_brand":[],"product_cat":[115],"product_tag":[958,957,518,956,348,955,352,349,959],"class_list":{"0":"post-779","1":"product","2":"type-product","3":"status-publish","4":"has-post-thumbnail","6":"product_cat-kuru-sistem-ts-en-671-2","7":"product_tag-cift-kapakli","8":"product_tag-jet-sprey-lans","9":"product_tag-kaucuk","10":"product_tag-kuru-sistem","11":"product_tag-sac-kapak","12":"product_tag-siva-alti","13":"product_tag-yangin-dolabi","14":"product_tag-yangin-hortumu","15":"product_tag-yangin-vanasi","17":"first","18":"instock","19":"taxable","20":"shipping-taxable","21":"product-type-variable"},"jetpack-related-posts":[{"id":957,"url":"https:\/\/tuzlahortum.com.tr\/en\/product\/cift-kapi-siva-ustu-sac-kapakli-kuru-sistem\/","url_meta":{"origin":779,"position":0},"title":"Double Door \u2013 Surface Mounted with Sheet Cover (Dry System) (65\u00d785)","author":"admin","date":"6 February 2019","format":false,"excerpt":"\u00c7ift Kap\u0131 - S\u0131va \u00dcst\u00fc Sa\u00e7 Kapakl\u0131 (Kuru Sistem)(65x85)\u00d6L\u00c7\u00dc 65*85 2\" bez yang\u0131n hortumu (30 AT\u00dc) 2\" yang\u0131n vanas\u0131(rakorlu) 2\" jet lans(rakorlu) 20 MT 25 MT 30 MT P\u0130-290 P\u0130-291 P\u0130-292","rel":"","context":"Similar post","block_context":{"text":"Similar post","link":""},"img":{"alt_text":"","src":"https:\/\/i0.wp.com\/tuzlahortum.com.tr\/wp-content\/uploads\/2019\/03\/%C3%87ift-Kap%C4%B1-S%C4%B1va-%C3%9Cst%C3%BC-Sa%C3%A7-Kapakl%C4%B1-Kuru-Sistem.jpg?fit=382%2C360&ssl=1&resize=350%2C200","width":350,"height":200},"classes":[]},{"id":781,"url":"https:\/\/tuzlahortum.com.tr\/en\/product\/tek-kapi-siva-alti-sac-kapakli-kuru-sistem\/","url_meta":{"origin":779,"position":1},"title":"Single Door \u2013 Recessed Metal Cover (Dry System) (56\u00d758)","author":"admin","date":"6 February 2019","format":false,"excerpt":"Tek Kap\u0131 - S\u0131va Alt\u0131 Sa\u00e7 Kapakl\u0131 (Kuru Sistem)(56x58)\u00d6L\u00c7\u00dc 56*582\" bez yang\u0131n hortumu (30 AT\u00dc)2\" yang\u0131n vanas\u0131(rakorlu)2\" jet lans(rakorlu)20 MT25 MT30 MTP\u0130-280P\u0130-281P\u0130-282","rel":"","context":"Similar post","block_context":{"text":"Similar post","link":""},"img":{"alt_text":"","src":"https:\/\/i0.wp.com\/tuzlahortum.com.tr\/wp-content\/uploads\/2019\/03\/Tek-Kap%C4%B1-S%C4%B1va-Alt%C4%B1-Sa%C3%A7-Kapakl%C4%B1-Kuru-Sistem.jpg?fit=405%2C491&ssl=1&resize=350%2C200","width":350,"height":200},"classes":[]},{"id":962,"url":"https:\/\/tuzlahortum.com.tr\/en\/product\/cift-kapakli-siva-ustu-sac-kapakli-sulu-sistem\/","url_meta":{"origin":779,"position":2},"title":"Double Cover \u2013 Surface Mounted Cover (Water System) (65\u00d785)","author":"admin","date":"6 February 2019","format":false,"excerpt":"\u00c7ift Kapakl\u0131 - S\u0131va \u00dcst\u00fc Sa\u00e7 Kapakl\u0131 (Sulu Sistem)(65x85)\u00d6L\u00c7\u00dc 65*85 1\" TS EN 694 yar\u0131 sert kau\u00e7uk yang\u0131n hortumu 1\" jet sprey lans 20 MT 25 MT 30 MT 1\" TSE K\u00fcresel Vanal\u0131 P\u0130-130 P\u0130-131 P\u0130-132 2\" Yang\u0131n Vanal\u0131 ( 2>1'e D\u00f6n\u00fc\u015ft\u00fcr\u00fcc\u00fcl\u00fc ) P\u0130-230 P\u0130-231 P\u0130-232","rel":"","context":"Similar post","block_context":{"text":"Similar post","link":""},"img":{"alt_text":"","src":"https:\/\/i0.wp.com\/tuzlahortum.com.tr\/wp-content\/uploads\/2019\/03\/%C3%A7ift-kapakl%C4%B1-s%C4%B1va-%C3%BCst%C3%BC-sa%C3%A7-kapakl%C4%B1.jpg?fit=494%2C314&ssl=1&resize=350%2C200","width":350,"height":200},"classes":[]},{"id":927,"url":"https:\/\/tuzlahortum.com.tr\/en\/product\/cift-kapakli-siva-ustu-cam-kapakli-sulu-sistem\/","url_meta":{"origin":779,"position":3},"title":"Double Door \u2013 Surface Mounted Glass Cover (Water System) (65\u00d785)","author":"admin","date":"6 February 2019","format":false,"excerpt":"\u00c7ift Kapakl\u0131 - S\u0131va \u00dcst\u00fc Cam Kapakl\u0131 (Sulu Sistem)(65x85)\u00d6L\u00c7\u00dc 65*851\" TS EN 694 yar\u0131 sert kau\u00e7uk yang\u0131n hortumu1\" jet sprey lans\u00a020 MT25 MT30 MT1\" TSE K\u00fcresel Vanal\u0131P\u0130-135P\u0130-136P\u0130-1372\" Yang\u0131n Vanal\u0131 ( 2>1'e D\u00f6n\u00fc\u015ft\u00fcr\u00fcc\u00fcl\u00fc )P\u0130-235P\u0130-236P\u0130-237","rel":"","context":"Similar post","block_context":{"text":"Similar post","link":""},"img":{"alt_text":"","src":"https:\/\/i0.wp.com\/tuzlahortum.com.tr\/wp-content\/uploads\/2019\/03\/%C3%87ift-Kapakl%C4%B1-S%C4%B1va-%C3%9Cst%C3%BC-Cam-Kapakl%C4%B1-Sulu-Sistem.jpg?fit=475%2C449&ssl=1&resize=350%2C200","width":350,"height":200},"classes":[]},{"id":780,"url":"https:\/\/tuzlahortum.com.tr\/en\/product\/tek-kapi-siva-ustu-sac-kapakli-kuru-sistem\/","url_meta":{"origin":779,"position":4},"title":"Single Door \u2013 Surface Mounted with Sheet Cover (Dry System) (70\u00d765)","author":"admin","date":"6 February 2019","format":false,"excerpt":"Tek Kap\u0131 - S\u0131va \u00dcst\u00fc Sa\u00e7 Kapakl\u0131 (Kuru Sistem)(70x65)\u00d6L\u00c7\u00dc 70*65 1\" TS EN 694 yar\u0131 sert kau\u00e7uk yang\u0131n hortumu 1\" jet sprey lans(nozul) 20 MT 25 MT 30 MT 1\" TSE K\u00fcresel Vanal\u0131 P\u0130-110 P\u0130-111 P\u0130-112 2\" Yang\u0131n Vanal\u0131 ( 2>1'e D\u00f6n\u00fc\u015ft\u00fcr\u00fcc\u00fcl\u00fc ) P\u0130-210 P\u0130-211 P\u0130-212 \u00a0","rel":"","context":"Similar post","block_context":{"text":"Similar post","link":""},"img":{"alt_text":"","src":"https:\/\/i0.wp.com\/tuzlahortum.com.tr\/wp-content\/uploads\/2019\/03\/Tek-Kap%C4%B1-S%C4%B1va-%C3%9Cst%C3%BC-Sa%C3%A7-Kapakl%C4%B1-Kuru-Sistem.jpg?fit=417%2C486&ssl=1&resize=350%2C200","width":350,"height":200},"classes":[]},{"id":928,"url":"https:\/\/tuzlahortum.com.tr\/en\/product\/cift-kapakli-siva-alti-sac-kapakli-sulu-sistem\/","url_meta":{"origin":779,"position":5},"title":"Double Cover - Recessed Metal Cover (Water System) (60\u00d780)","author":"admin","date":"6 February 2019","format":false,"excerpt":"\u00c7ift Kapakl\u0131 - S\u0131va Alt\u0131 Sa\u00e7 Kapakl\u0131 (Sulu Sistem)(60x80)\u00d6L\u00c7\u00dc 60*801\" TS EN 694 yar\u0131 sert kau\u00e7uk yang\u0131n hortumu1\" jet sprey lans\u00a020 MT25 MT30 MT1\" TSE K\u00fcresel Vanal\u0131P\u0130-140P\u0130-141P\u0130-1422\" Yang\u0131n Vanal\u0131 ( 2>1'e D\u00f6n\u00fc\u015ft\u00fcr\u00fcc\u00fcl\u00fc )P\u0130-240P\u0130-241P\u0130-242","rel":"","context":"Similar post","block_context":{"text":"Similar post","link":""},"img":{"alt_text":"","src":"https:\/\/i0.wp.com\/tuzlahortum.com.tr\/wp-content\/uploads\/2019\/03\/%C3%87ift-Kapakl%C4%B1-S%C4%B1va-Alt%C4%B1-Sa%C3%A7-Kapakl%C4%B1-Sulu-Sistem.jpg?fit=467%2C422&ssl=1&resize=350%2C200","width":350,"height":200},"classes":[]}],"jetpack_sharing_enabled":true,"jetpack_likes_enabled":true,"_links":{"self":[{"href":"https:\/\/tuzlahortum.com.tr\/en\/wp-json\/wp\/v2\/product\/779","targetHints":{"allow":["GET"]}}],"collection":[{"href":"https:\/\/tuzlahortum.com.tr\/en\/wp-json\/wp\/v2\/product"}],"about":[{"href":"https:\/\/tuzlahortum.com.tr\/en\/wp-json\/wp\/v2\/types\/product"}],"replies":[{"embeddable":true,"href":"https:\/\/tuzlahortum.com.tr\/en\/wp-json\/wp\/v2\/comments?post=779"}],"wp:featuredmedia":[{"embeddable":true,"href":"https:\/\/tuzlahortum.com.tr\/en\/wp-json\/wp\/v2\/media\/7303"}],"wp:attachment":[{"href":"https:\/\/tuzlahortum.com.tr\/en\/wp-json\/wp\/v2\/media?parent=779"}],"wp:term":[{"taxonomy":"product_brand","embeddable":true,"href":"https:\/\/tuzlahortum.com.tr\/en\/wp-json\/wp\/v2\/product_brand?post=779"},{"taxonomy":"product_cat","embeddable":true,"href":"https:\/\/tuzlahortum.com.tr\/en\/wp-json\/wp\/v2\/product_cat?post=779"},{"taxonomy":"product_tag","embeddable":true,"href":"https:\/\/tuzlahortum.com.tr\/en\/wp-json\/wp\/v2\/product_tag?post=779"}],"curies":[{"name":"wp","href":"https:\/\/api.w.org\/{rel}","templated":true}]}}