{"id":775,"date":"2019-02-06T23:53:40","date_gmt":"2019-02-06T20:53:40","guid":{"rendered":"http:\/\/hortum.com.tr\/product\/import-placeholder-for-117\/"},"modified":"2024-03-21T17:42:47","modified_gmt":"2024-03-21T14:42:47","slug":"plastik-kumlama-nozul-tutucu","status":"publish","type":"product","link":"https:\/\/tuzlahortum.com.tr\/en\/product\/plastik-kumlama-nozul-tutucu\/","title":{"rendered":"Plastic Sandblasting Nozzle Holder"},"content":{"rendered":"<h2>Plastic Sandblasting Nozzle Holder<\/h2>\n<p>Grinding nozzle holder heads; sandblasting by holding the nozzle tightly with its flexible and screwed structure<\/p>\n<p>It provides an optimum connection with the hose. In the sandblasting process with its light structure that is not heavy<\/p>\n<p>It does not tire the operator with its weight and provides ergonomic use. Sandblasting from screw holes<\/p>\n<p>It can be easily mounted to the hose or sandblasting pipe.<\/p>","protected":false},"excerpt":{"rendered":"<p>Plastik Kumlama Nozul Tutucu Kumlama nozulu tutucu ba\u015fl\u0131klar; nozulu esnek ve vidal\u0131 yap\u0131s\u0131yla s\u0131k\u0131ca tutarak kumlama hortumuyla birlikte optimum ba\u011flant\u0131 sa\u011flar. A\u011f\u0131r olmayan hafif yap\u0131s\u0131yla kumlama i\u015fleminde operat\u00f6r\u00fc a\u011f\u0131rl\u0131\u011f\u0131yla yormaz ergonomik kullan\u0131m sa\u011flar. Vidalama deliklerinden kumlama hortumuna veya kumlama borusuna kolay monte edilebilir \u00f6zelliktedir.<\/p>","protected":false},"featured_media":1791,"comment_status":"open","ping_status":"closed","template":"","meta":{"jetpack_post_was_ever_published":false},"product_brand":[],"product_cat":[2326],"product_tag":[911,924,945,947,946],"class_list":{"0":"post-775","1":"product","2":"type-product","3":"status-publish","4":"has-post-thumbnail","6":"product_cat-kumlama-malzemeleri","7":"product_tag-kumlama","8":"product_tag-nozul","9":"product_tag-plastik","10":"product_tag-plastik-kumlama-nozul-tutucu","11":"product_tag-tutucu","13":"first","14":"instock","15":"taxable","16":"shipping-taxable","17":"product-type-variable"},"jetpack-related-posts":[{"id":770,"url":"https:\/\/tuzlahortum.com.tr\/en\/product\/kumlama-nozulu-gomme\/","url_meta":{"origin":775,"position":0},"title":"Sandblasting Nozzle \u2013 Recessed","author":"admin","date":"6 February 2019","format":false,"excerpt":"Kumlama Nozulu - G\u00f6mme400 saat \u00e7al\u0131\u015fma kapasitelidir. Manevra kabiliyeti sa\u011flayarak dar alanlar\u0131 kumlamada kullan\u0131l\u0131r. 6,5mm den 12,5mm \u00a0delik \u00e7aplar\u0131na kadar kullan\u0131m alan\u0131n\u0131za g\u00f6re tercih edebilirsiniz. 1 \u00bc\u201d hortumlarda HTC g\u00f6mme nozul i\u00e7 \u00e7ap\u0131 32mm kullan\u0131l\u0131r. 1\u201d hortumlarda GTC ise i\u00e7 \u00e7ap\u0131 25mm kullan\u0131l\u0131r.\u00a0\u00a0 120mm uzunlu\u011fundad\u0131r.","rel":"","context":"Similar post","block_context":{"text":"Similar post","link":""},"img":{"alt_text":"","src":"https:\/\/i0.wp.com\/tuzlahortum.com.tr\/wp-content\/uploads\/urunler\/Kumlama\/gomme_nozul.png?fit=665%2C309&ssl=1&resize=350%2C200","width":350,"height":200,"srcset":"https:\/\/i0.wp.com\/tuzlahortum.com.tr\/wp-content\/uploads\/urunler\/Kumlama\/gomme_nozul.png?fit=665%2C309&ssl=1&resize=350%2C200 1x, https:\/\/i0.wp.com\/tuzlahortum.com.tr\/wp-content\/uploads\/urunler\/Kumlama\/gomme_nozul.png?fit=665%2C309&ssl=1&resize=525%2C300 1.5x"},"classes":[]},{"id":9251,"url":"https:\/\/tuzlahortum.com.tr\/en\/product\/kumlama-nozulu-gomme-kopya\/","url_meta":{"origin":775,"position":1},"title":"Sandblasting Nozzle \u2013 Recessed (Kennametal)","author":"\u0130smail \u00c7elik","date":"21 January 2020","format":false,"excerpt":"Sandblasting Nozzle - Recessed (Kennametal)","rel":"","context":"Similar post","block_context":{"text":"Similar post","link":""},"img":{"alt_text":"","src":"https:\/\/i0.wp.com\/tuzlahortum.com.tr\/wp-content\/uploads\/2020\/01\/Kennametal-Nozul-5.jpeg?fit=900%2C1200&ssl=1&resize=350%2C200","width":350,"height":200,"srcset":"https:\/\/i0.wp.com\/tuzlahortum.com.tr\/wp-content\/uploads\/2020\/01\/Kennametal-Nozul-5.jpeg?fit=900%2C1200&ssl=1&resize=350%2C200 1x, https:\/\/i0.wp.com\/tuzlahortum.com.tr\/wp-content\/uploads\/2020\/01\/Kennametal-Nozul-5.jpeg?fit=900%2C1200&ssl=1&resize=525%2C300 1.5x, https:\/\/i0.wp.com\/tuzlahortum.com.tr\/wp-content\/uploads\/2020\/01\/Kennametal-Nozul-5.jpeg?fit=900%2C1200&ssl=1&resize=700%2C400 2x"},"classes":[]},{"id":768,"url":"https:\/\/tuzlahortum.com.tr\/en\/product\/kumlama-nozulu-boron-carbide\/","url_meta":{"origin":775,"position":2},"title":"Sandblasting Nozzle (Boron Carbide)","author":"admin","date":"6 February 2019","format":false,"excerpt":"Kumlama Nozulu (Boron Carbide)\u00a0Boron carbide \u00f6zelli\u011fine sahip 1000 saat \u00e7al\u0131\u015fma kapasiteli kumlama nozuludur. 6,5mm den 12,5mm delik \u00e7aplar\u0131na kadar kullan\u0131m alan\u0131n\u0131za g\u00f6re tercih edebilirsiniz. 130mm uzunlu\u011fundad\u0131r.","rel":"","context":"Similar post","block_context":{"text":"Similar post","link":""},"img":{"alt_text":"","src":"https:\/\/i0.wp.com\/tuzlahortum.com.tr\/wp-content\/uploads\/urunler\/Kumlama\/kumlama_nozulu.jpg?fit=380%2C298&ssl=1&resize=350%2C200","width":350,"height":200},"classes":[]},{"id":9054,"url":"https:\/\/tuzlahortum.com.tr\/en\/product\/kumlama-nozulu-performer-nozul-1000\/","url_meta":{"origin":775,"position":3},"title":"Sandblasting Nozzle \u2013 Performer Nozzle 1000","author":"\u0130smail \u00c7elik","date":"9 April 2019","format":false,"excerpt":"Sandblasting Nozzle - Performer Nozzle 1000Performer is an advanced model with high performance. It is equipped with a high abrasion resistant liner and a robust, lightweight polyurethane sleeve. The Contracor Performer series of sandblasting nozzles is suitable for aluminum oxide, silicon carbide, steel grit or highly abrasive sandblasting. Available in five different sizes. It is easy to adjust the compressed air supply and...","rel":"","context":"Similar post","block_context":{"text":"Similar post","link":""},"img":{"alt_text":"","src":"https:\/\/i0.wp.com\/tuzlahortum.com.tr\/wp-content\/uploads\/2019\/04\/performer-1000.png?fit=650%2C325&ssl=1&resize=350%2C200","width":350,"height":200,"srcset":"https:\/\/i0.wp.com\/tuzlahortum.com.tr\/wp-content\/uploads\/2019\/04\/performer-1000.png?fit=650%2C325&ssl=1&resize=350%2C200 1x, https:\/\/i0.wp.com\/tuzlahortum.com.tr\/wp-content\/uploads\/2019\/04\/performer-1000.png?fit=650%2C325&ssl=1&resize=525%2C300 1.5x"},"classes":[]},{"id":9042,"url":"https:\/\/tuzlahortum.com.tr\/en\/product\/kumlama-nozulu-performer-nozul-400\/","url_meta":{"origin":775,"position":4},"title":"Sandblasting Nozzle \u2013 Performer Nozzle 400","author":"\u0130smail \u00c7elik","date":"9 April 2019","format":false,"excerpt":"Sandblasting Nozzle - Performer Nozzle 400Performer is an advanced model with high performance. It is equipped with a high abrasion resistant liner and a robust, lightweight polyurethane cover. The Contracor Performer series of sandblasting nozzles is suitable for aluminum oxide, silicon carbide, steel grit or highly abrasive sandblasting. Available in five different sizes. It is easy to adjust the compressed air supply and...","rel":"","context":"Similar post","block_context":{"text":"Similar post","link":""},"img":{"alt_text":"","src":"https:\/\/i0.wp.com\/tuzlahortum.com.tr\/wp-content\/uploads\/2019\/04\/performer-400.png?fit=650%2C323&ssl=1&resize=350%2C200","width":350,"height":200,"srcset":"https:\/\/i0.wp.com\/tuzlahortum.com.tr\/wp-content\/uploads\/2019\/04\/performer-400.png?fit=650%2C323&ssl=1&resize=350%2C200 1x, https:\/\/i0.wp.com\/tuzlahortum.com.tr\/wp-content\/uploads\/2019\/04\/performer-400.png?fit=650%2C323&ssl=1&resize=525%2C300 1.5x"},"classes":[]},{"id":9048,"url":"https:\/\/tuzlahortum.com.tr\/en\/product\/kumlama-nozulu-performer-nozul-600\/","url_meta":{"origin":775,"position":5},"title":"Sandblasting Nozzle \u2013 Performer Nozzle 600","author":"\u0130smail \u00c7elik","date":"9 April 2019","format":false,"excerpt":"Sandblasting Nozzle - Performer Nozzle 600Performer is an advanced model with high performance. It is equipped with a high abrasion resistant liner and a robust, lightweight polyurethane cover. The Contracor Performer series of sandblasting nozzles is suitable for aluminum oxide, silicon carbide, steel grit or highly abrasive sandblasting. Available in five different sizes. To adjust the compressed air supply and...","rel":"","context":"Similar post","block_context":{"text":"Similar post","link":""},"img":{"alt_text":"","src":"https:\/\/i0.wp.com\/tuzlahortum.com.tr\/wp-content\/uploads\/2019\/04\/performer-600.png?fit=650%2C304&ssl=1&resize=350%2C200","width":350,"height":200,"srcset":"https:\/\/i0.wp.com\/tuzlahortum.com.tr\/wp-content\/uploads\/2019\/04\/performer-600.png?fit=650%2C304&ssl=1&resize=350%2C200 1x, https:\/\/i0.wp.com\/tuzlahortum.com.tr\/wp-content\/uploads\/2019\/04\/performer-600.png?fit=650%2C304&ssl=1&resize=525%2C300 1.5x"},"classes":[]}],"jetpack_sharing_enabled":true,"jetpack_likes_enabled":true,"_links":{"self":[{"href":"https:\/\/tuzlahortum.com.tr\/en\/wp-json\/wp\/v2\/product\/775","targetHints":{"allow":["GET"]}}],"collection":[{"href":"https:\/\/tuzlahortum.com.tr\/en\/wp-json\/wp\/v2\/product"}],"about":[{"href":"https:\/\/tuzlahortum.com.tr\/en\/wp-json\/wp\/v2\/types\/product"}],"replies":[{"embeddable":true,"href":"https:\/\/tuzlahortum.com.tr\/en\/wp-json\/wp\/v2\/comments?post=775"}],"wp:featuredmedia":[{"embeddable":true,"href":"https:\/\/tuzlahortum.com.tr\/en\/wp-json\/wp\/v2\/media\/1791"}],"wp:attachment":[{"href":"https:\/\/tuzlahortum.com.tr\/en\/wp-json\/wp\/v2\/media?parent=775"}],"wp:term":[{"taxonomy":"product_brand","embeddable":true,"href":"https:\/\/tuzlahortum.com.tr\/en\/wp-json\/wp\/v2\/product_brand?post=775"},{"taxonomy":"product_cat","embeddable":true,"href":"https:\/\/tuzlahortum.com.tr\/en\/wp-json\/wp\/v2\/product_cat?post=775"},{"taxonomy":"product_tag","embeddable":true,"href":"https:\/\/tuzlahortum.com.tr\/en\/wp-json\/wp\/v2\/product_tag?post=775"}],"curies":[{"name":"wp","href":"https:\/\/api.w.org\/{rel}","templated":true}]}}