{"id":772,"date":"2019-02-06T23:53:40","date_gmt":"2019-02-06T20:53:40","guid":{"rendered":"http:\/\/hortum.com.tr\/product\/import-placeholder-for-115\/"},"modified":"2024-03-21T17:42:50","modified_gmt":"2024-03-21T14:42:50","slug":"kumlama-tulumu","status":"publish","type":"product","link":"https:\/\/tuzlahortum.com.tr\/en\/product\/kumlama-tulumu\/","title":{"rendered":"Sandblasting Coverall(Fabric)"},"content":{"rendered":"<h2>Sandblasting Coverall(Fabric)<\/h2>\n<p>Our sandblasting coveralls are made of a dust-proof, tightly woven and durable fabric. If dust enters from the point where it is attached to the mask, it has a second neck to prevent dust from entering the overalls.<\/p>","protected":false},"excerpt":{"rendered":"<p>Kumlama Tulumu(Kuma\u015f) Kumlama tulumlar\u0131m\u0131z, toz ge\u00e7irmeyen, s\u0131k dokuma ve dayan\u0131kl\u0131 bir kuma\u015ftan imal edilmi\u015ftir. Maskeye ba\u011fland\u0131\u011f\u0131 noktadan toz girmesi halinde tozun, tulumun i\u00e7ine girmesine engel olacak ikinci bo\u011faz\u0131 mevcuttur.<\/p>","protected":false},"featured_media":1783,"comment_status":"open","ping_status":"closed","template":"","meta":{"jetpack_post_was_ever_published":false},"product_brand":[],"product_cat":[2326],"product_tag":[294,911,935,936,934],"class_list":{"0":"post-772","1":"product","2":"type-product","3":"status-publish","4":"has-post-thumbnail","6":"product_cat-kumlama-malzemeleri","7":"product_tag-dayanikli","8":"product_tag-kumlama","9":"product_tag-kumlama-tulumu","10":"product_tag-toz-gecirmez","11":"product_tag-tulum","13":"first","14":"instock","15":"taxable","16":"shipping-taxable","17":"product-type-simple"},"jetpack-related-posts":[{"id":9026,"url":"https:\/\/tuzlahortum.com.tr\/en\/product\/kumlama-tulumu-guderi\/","url_meta":{"origin":772,"position":0},"title":"Sandblasting Suit (Chamois)","author":"\u0130smail \u00c7elik","date":"2 April 2019","format":false,"excerpt":"Sandblasting Overalls (Chamois)As it is known, operators work under very difficult conditions due to the sprayed consumables and the dust released in sandblasting operations. For this reason, we sell sandblasting overalls specially manufactured for ease of movement and protection of operators. The sandblasting suit, which is produced in L-XL-XXL sizes and specially designed to be worn in the sandblasting process...","rel":"","context":"Similar post","block_context":{"text":"Similar post","link":""},"img":{"alt_text":"","src":"https:\/\/i0.wp.com\/tuzlahortum.com.tr\/wp-content\/uploads\/urunler\/Kumlama\/kumlama_tulumu_on.jpg?fit=250%2C275&ssl=1&resize=350%2C200","width":350,"height":200},"classes":[]},{"id":5256,"url":"https:\/\/tuzlahortum.com.tr\/en\/product\/telli-karbon-ufleme-hortumu\/","url_meta":{"origin":772,"position":1},"title":"Wired Carbon Blow Hose","author":"\u0130smail \u00c7elik","date":"27 February 2019","format":false,"excerpt":"Telli Karbon \u00dcfleme HortumuKULLANIM ALANLARI : Demir \u00c7elik Fabrikalar\u0131nda a\u015f\u0131nd\u0131r\u0131c\u0131 madde tozlar\u0131 ve k\u00f6m\u00fcr tozu emi\u015f ve bo\u015falt\u0131m\u0131nda kullan\u0131lan \u00f6zel hortumlard\u0131r. 10 BAR -30\u00b0C+85\u00b0C","rel":"","context":"Similar post","block_context":{"text":"Similar post","link":""},"img":{"alt_text":"","src":"https:\/\/i0.wp.com\/tuzlahortum.com.tr\/wp-content\/uploads\/urunler\/kaucuk\/superlas-telli-spiral-hortum.jpg?fit=360%2C270&ssl=1&resize=350%2C200","width":350,"height":200},"classes":[]},{"id":622,"url":"https:\/\/tuzlahortum.com.tr\/en\/product\/poliuretan-hortum\/","url_meta":{"origin":772,"position":2},"title":"Polyurethane Hose","author":"admin","date":"6 February 2019","format":false,"excerpt":"Poli\u00fcretan HortumMATERYAL: Kuma\u015f Duvar\u0131 : \u00d6zel Premium ester-poli\u00fcretan \u2022 \u00a0Duvar Kal\u0131nl\u0131\u011f\u0131 : \u00a00,7 mm \u2022 \u00a0Standart Uzunluk : 10 mt. \u2022 Renk : \u00a0Transparent D\u0131\u015f Spiral : Bak\u0131r Spiral Tel -20 C \/ +90 C\u00a0 UYGULAMALAR: \u2022 \u00a0 A\u015f\u0131nd\u0131r\u0131c\u0131 materyallerin emilmesi ve transferi \u2022 \u00a0 K\u00fc\u00e7\u00fck tanecikli par\u00e7alar\u0131n transferi \u2022\u2026","rel":"","context":"Similar post","block_context":{"text":"Similar post","link":""},"img":{"alt_text":"","src":"https:\/\/i0.wp.com\/tuzlahortum.com.tr\/wp-content\/uploads\/2019\/02\/POL%C4%B0%C3%9CRETAN-2.jpg?fit=505%2C502&ssl=1&resize=350%2C200","width":350,"height":200},"classes":[]},{"id":761,"url":"https:\/\/tuzlahortum.com.tr\/en\/product\/kumlama-maskesicontracor\/","url_meta":{"origin":772,"position":3},"title":"Sandblasting Mask (Contracor)","author":"admin","date":"6 February 2019","format":false,"excerpt":"Sandblasting Mask (Contracor)","rel":"","context":"Similar post","block_context":{"text":"Similar post","link":""},"img":{"alt_text":"","src":"https:\/\/i0.wp.com\/tuzlahortum.com.tr\/wp-content\/uploads\/urunler\/Kumlama\/contracor-comfort-kumlama-maskesi-2.jpg?fit=250%2C250&ssl=1&resize=350%2C200","width":350,"height":200},"classes":[]},{"id":767,"url":"https:\/\/tuzlahortum.com.tr\/en\/product\/kumlama-maskesi\/","url_meta":{"origin":772,"position":4},"title":"Sandblasting Mask(Plastic-Polyester)","author":"admin","date":"6 February 2019","format":false,"excerpt":"Sandblasting Mask(Plastic-Polyester)","rel":"","context":"Similar post","block_context":{"text":"Similar post","link":""},"img":{"alt_text":"","src":"https:\/\/i0.wp.com\/tuzlahortum.com.tr\/wp-content\/uploads\/2019\/03\/kumlama-maskesi-polyester11.jpg?fit=396%2C627&ssl=1&resize=350%2C200","width":350,"height":200},"classes":[]},{"id":775,"url":"https:\/\/tuzlahortum.com.tr\/en\/product\/plastik-kumlama-nozul-tutucu\/","url_meta":{"origin":772,"position":5},"title":"Plastic Sandblasting Nozzle Holder","author":"admin","date":"6 February 2019","format":false,"excerpt":"Plastic Sandblasting Nozzle HolderSandblasting nozzle holder heads; It provides optimum connection with the sandblasting hose by holding the nozzle tightly with its flexible and screw structure. With its non-heavy, lightweight structure, it does not tire the operator with its weight in the sandblasting process and provides ergonomic use. It can be easily mounted to the blast hose or blast pipe through screwing holes.","rel":"","context":"Similar post","block_context":{"text":"Similar post","link":""},"img":{"alt_text":"","src":"https:\/\/i0.wp.com\/tuzlahortum.com.tr\/wp-content\/uploads\/urunler\/Kumlama\/kumlama-nozul-tutucu.jpg?fit=233%2C216&ssl=1&resize=350%2C200","width":350,"height":200},"classes":[]}],"jetpack_sharing_enabled":true,"jetpack_likes_enabled":true,"_links":{"self":[{"href":"https:\/\/tuzlahortum.com.tr\/en\/wp-json\/wp\/v2\/product\/772","targetHints":{"allow":["GET"]}}],"collection":[{"href":"https:\/\/tuzlahortum.com.tr\/en\/wp-json\/wp\/v2\/product"}],"about":[{"href":"https:\/\/tuzlahortum.com.tr\/en\/wp-json\/wp\/v2\/types\/product"}],"replies":[{"embeddable":true,"href":"https:\/\/tuzlahortum.com.tr\/en\/wp-json\/wp\/v2\/comments?post=772"}],"wp:featuredmedia":[{"embeddable":true,"href":"https:\/\/tuzlahortum.com.tr\/en\/wp-json\/wp\/v2\/media\/1783"}],"wp:attachment":[{"href":"https:\/\/tuzlahortum.com.tr\/en\/wp-json\/wp\/v2\/media?parent=772"}],"wp:term":[{"taxonomy":"product_brand","embeddable":true,"href":"https:\/\/tuzlahortum.com.tr\/en\/wp-json\/wp\/v2\/product_brand?post=772"},{"taxonomy":"product_cat","embeddable":true,"href":"https:\/\/tuzlahortum.com.tr\/en\/wp-json\/wp\/v2\/product_cat?post=772"},{"taxonomy":"product_tag","embeddable":true,"href":"https:\/\/tuzlahortum.com.tr\/en\/wp-json\/wp\/v2\/product_tag?post=772"}],"curies":[{"name":"wp","href":"https:\/\/api.w.org\/{rel}","templated":true}]}}