{"id":769,"date":"2019-02-06T23:53:39","date_gmt":"2019-02-06T20:53:39","guid":{"rendered":"http:\/\/hortum.com.tr\/product\/import-placeholder-for-118\/"},"modified":"2024-03-21T17:42:52","modified_gmt":"2024-03-21T14:42:52","slug":"kisa-kumlama-nozulu-venturi","status":"publish","type":"product","link":"https:\/\/tuzlahortum.com.tr\/en\/product\/kisa-kumlama-nozulu-venturi\/","title":{"rendered":"Short Blasting Nozzle -Venturi"},"content":{"rendered":"<h2>Short Blasting Nozzle -Venturi<\/h2>\n<h5 style=\"font-weight: 400;\">STC TYPE NOZZLE<\/h5>\n<h5 style=\"font-weight: 400;\">Wear resistant Short Venturi blast nozzles are made of tungsten carbide (TC).<\/h5>\n<h5 style=\"font-weight: 400;\">Service life: 400 hours<\/h5>\n<h5 style=\"font-weight: 400;\">Sheath: Rubber<\/h5>\n<h5 style=\"font-weight: 400;\">Thread: Rubber, suitable for 50 mm NHP nozzle holder.<\/h5>\n<h5 style=\"font-weight: 400;\">Inlet size: 25 mm<\/h5>\n<table width=\"732\">\n<tbody>\n<tr>\n<td width=\"130\"><strong>Article No.<\/strong><\/td>\n<td colspan=\"2\" width=\"142\"><strong>Type<\/strong><\/td>\n<td width=\"461\"><strong>Description<\/strong><\/td>\n<\/tr>\n<tr>\n<td width=\"130\">10112570<\/td>\n<td width=\"130\">STC-5.0<\/td>\n<td colspan=\"2\" width=\"473\">Short Venturi nozzle, tungsten carbide, 5.0 mm x 80 mm<\/td>\n<\/tr>\n<tr>\n<td width=\"130\">10112571<\/td>\n<td width=\"130\">STC-6.5<\/td>\n<td colspan=\"2\" width=\"473\">Short Venturi nozzle, tungsten carbide, 6.5 mm x 80 mm<\/td>\n<\/tr>\n<tr>\n<td width=\"130\">10112572<\/td>\n<td width=\"130\">STC-8.0<\/td>\n<td colspan=\"2\" width=\"473\">Short Venturi nozzle, tungsten carbide, 8.0 mm x 80 mm<\/td>\n<\/tr>\n<tr>\n<td width=\"130\">10112573<\/td>\n<td width=\"130\">STC-9.5<\/td>\n<td colspan=\"2\" width=\"473\">Short Venturi nozzle, tungsten carbide, 9.5 mm x 80 mm<\/td>\n<\/tr>\n<tr>\n<td width=\"130\">10112574<\/td>\n<td width=\"130\">STC-11.0<\/td>\n<td colspan=\"2\" width=\"473\">Short Venturi nozzle, tungsten carbide, 11.0 mm x 80 mm<\/td>\n<\/tr>\n<tr>\n<td width=\"130\">10112575<\/td>\n<td width=\"130\">STC-12.5<\/td>\n<td colspan=\"2\" width=\"473\">Short Venturi nozzle, tungsten carbide, 12.5 mm x 80 mm<\/td>\n<\/tr>\n<\/tbody>\n<\/table>","protected":false},"excerpt":{"rendered":"<p>K\u0131sa Kumlama Nozulu -Venturi STC TIP NOZUL A\u015f\u0131nmaya dayan\u0131kl\u0131 K\u0131sa Venturi kumlama nozullar\u0131 tungsten karb\u00fcrden (TC) yap\u0131lm\u0131\u015ft\u0131r. Servis \u00f6mr\u00fc: 400 saat K\u0131l\u0131f: Kau\u00e7uk Di\u015fli: Kau\u00e7uk, 50 mm NHP nozul tutucusuna uygun. Giri\u015f \u00f6l\u00e7\u00fcs\u00fc: 25 mm Article No. Type Description 10112570 STC-5.0 Short Venturi nozzle, tungsten carbide, 5.0 mm x 80 mm 10112571 STC-6.5 Short Venturi [&#8230;]\n","protected":false},"featured_media":9041,"comment_status":"open","ping_status":"closed","template":"","meta":{"jetpack_post_was_ever_published":false},"product_brand":[],"product_cat":[2326],"product_tag":[930,911,928,924,932],"class_list":{"0":"post-769","1":"product","2":"type-product","3":"status-publish","4":"has-post-thumbnail","6":"product_cat-kumlama-malzemeleri","7":"product_tag-kisa","8":"product_tag-kumlama","9":"product_tag-kumlama-nozulu-kisa","10":"product_tag-nozul","11":"product_tag-venturi","13":"first","14":"instock","15":"taxable","16":"shipping-taxable","17":"product-type-variable"},"jetpack-related-posts":[],"jetpack_sharing_enabled":true,"jetpack_likes_enabled":true,"_links":{"self":[{"href":"https:\/\/tuzlahortum.com.tr\/en\/wp-json\/wp\/v2\/product\/769","targetHints":{"allow":["GET"]}}],"collection":[{"href":"https:\/\/tuzlahortum.com.tr\/en\/wp-json\/wp\/v2\/product"}],"about":[{"href":"https:\/\/tuzlahortum.com.tr\/en\/wp-json\/wp\/v2\/types\/product"}],"replies":[{"embeddable":true,"href":"https:\/\/tuzlahortum.com.tr\/en\/wp-json\/wp\/v2\/comments?post=769"}],"wp:featuredmedia":[{"embeddable":true,"href":"https:\/\/tuzlahortum.com.tr\/en\/wp-json\/wp\/v2\/media\/9041"}],"wp:attachment":[{"href":"https:\/\/tuzlahortum.com.tr\/en\/wp-json\/wp\/v2\/media?parent=769"}],"wp:term":[{"taxonomy":"product_brand","embeddable":true,"href":"https:\/\/tuzlahortum.com.tr\/en\/wp-json\/wp\/v2\/product_brand?post=769"},{"taxonomy":"product_cat","embeddable":true,"href":"https:\/\/tuzlahortum.com.tr\/en\/wp-json\/wp\/v2\/product_cat?post=769"},{"taxonomy":"product_tag","embeddable":true,"href":"https:\/\/tuzlahortum.com.tr\/en\/wp-json\/wp\/v2\/product_tag?post=769"}],"curies":[{"name":"wp","href":"https:\/\/api.w.org\/{rel}","templated":true}]}}